{"id":10730,"date":"2024-01-23T13:47:36","date_gmt":"2024-01-23T12:47:36","guid":{"rendered":"https:\/\/vrnjackabanja.co.rs\/?page_id=10730"},"modified":"2024-01-23T13:51:06","modified_gmt":"2024-01-23T12:51:06","slug":"gocki-ranc","status":"publish","type":"page","link":"https:\/\/vrnjackabanja.co.rs\/ru\/gocki-ranc\/","title":{"rendered":"Go\u010dki ran\u010d"},"content":{"rendered":"\n<p>Nova turisti\u010dka atrakcija &#8212; Go\u010dki ran\u010d, nalazi se na samo 15km od centra Vrnja\u010dke Banje, na planini Go\u010d. U okviru svog kompleksa Go\u010dki ran\u010d poseduje restoran, sme\u0161taj, i terensko jahanje konja.<br>Uobi\u010dajena podela konja obuhvata podelu na toplokrvne i hladnokrvne rase. Hladnokrvni konji su potomci \u0161umskih konja sa severa Evrope i to su te\u0161ke rase konja, mirnog temperamenta i upravo se takvi nalaze u okviru ovog ran\u010da.<br>Ovo je definitivno mesto gde mir po\u010dinje.<\/p>\n\n\n\n<figure class=\"wp-block-image size-full\"><img loading=\"lazy\" decoding=\"async\" width=\"750\" height=\"500\" src=\"https:\/\/vrnjackabanja.co.rs\/wp-content\/uploads\/2024\/01\/gockiranc03-1.jpg\" alt=\"\" class=\"wp-image-10709\" srcset=\"https:\/\/vrnjackabanja.co.rs\/wp-content\/uploads\/2024\/01\/gockiranc03-1.jpg 750w, https:\/\/vrnjackabanja.co.rs\/wp-content\/uploads\/2024\/01\/gockiranc03-1-300x200.jpg 300w\" sizes=\"auto, (max-width: 750px) 100vw, 750px\" \/><\/figure>\n\n\n\n<figure class=\"wp-block-image size-full\"><img loading=\"lazy\" decoding=\"async\" width=\"750\" height=\"500\" src=\"https:\/\/vrnjackabanja.co.rs\/wp-content\/uploads\/2024\/01\/gockiranc01.jpg\" alt=\"\" class=\"wp-image-10713\" srcset=\"https:\/\/vrnjackabanja.co.rs\/wp-content\/uploads\/2024\/01\/gockiranc01.jpg 750w, https:\/\/vrnjackabanja.co.rs\/wp-content\/uploads\/2024\/01\/gockiranc01-300x200.jpg 300w\" sizes=\"auto, (max-width: 750px) 100vw, 750px\" \/><\/figure>\n\n\n\n<figure class=\"wp-block-image size-full\"><img loading=\"lazy\" decoding=\"async\" width=\"750\" height=\"500\" src=\"https:\/\/vrnjackabanja.co.rs\/wp-content\/uploads\/2024\/01\/gockiranc04.jpg\" alt=\"\" class=\"wp-image-10717\" srcset=\"https:\/\/vrnjackabanja.co.rs\/wp-content\/uploads\/2024\/01\/gockiranc04.jpg 750w, https:\/\/vrnjackabanja.co.rs\/wp-content\/uploads\/2024\/01\/gockiranc04-300x200.jpg 300w\" sizes=\"auto, (max-width: 750px) 100vw, 750px\" \/><\/figure>\n\n\n\n<figure class=\"wp-block-image size-full\"><img loading=\"lazy\" decoding=\"async\" width=\"750\" height=\"500\" src=\"https:\/\/vrnjackabanja.co.rs\/wp-content\/uploads\/2024\/01\/gockiranc02.jpg\" alt=\"\" class=\"wp-image-10721\" srcset=\"https:\/\/vrnjackabanja.co.rs\/wp-content\/uploads\/2024\/01\/gockiranc02.jpg 750w, https:\/\/vrnjackabanja.co.rs\/wp-content\/uploads\/2024\/01\/gockiranc02-300x200.jpg 300w\" sizes=\"auto, (max-width: 750px) 100vw, 750px\" \/><\/figure>\n\n\n\n<p>Vi\u0161e o Go\u010dkom Ran\u010du mo\u017eete saznati na <a href=\"https:\/\/www.instagram.com\/gocki.ranc\/\">Instagram stranici<\/a><\/p>\n","protected":false},"excerpt":{"rendered":"<p>Nova turisti\u010dka atrakcija &#8212; Go\u010dki ran\u010d, nalazi se na samo 15km od centra Vrnja\u010dke Banje, na planini Go\u010d. U okviru svog kompleksa Go\u010dki ran\u010d poseduje restoran, sme\u0161taj, i terensko jahanje [&hellip;]<\/p>\n","protected":false},"author":2,"featured_media":11054,"parent":0,"menu_order":0,"comment_status":"closed","ping_status":"closed","template":"","meta":{"_acf_changed":false,"footnotes":""},"class_list":["post-10730","page","type-page","status-publish","has-post-thumbnail","hentry"],"acf":[],"_links":{"self":[{"href":"https:\/\/vrnjackabanja.co.rs\/ru\/wp-json\/wp\/v2\/pages\/10730","targetHints":{"allow":["GET"]}}],"collection":[{"href":"https:\/\/vrnjackabanja.co.rs\/ru\/wp-json\/wp\/v2\/pages"}],"about":[{"href":"https:\/\/vrnjackabanja.co.rs\/ru\/wp-json\/wp\/v2\/types\/page"}],"author":[{"embeddable":true,"href":"https:\/\/vrnjackabanja.co.rs\/ru\/wp-json\/wp\/v2\/users\/2"}],"replies":[{"embeddable":true,"href":"https:\/\/vrnjackabanja.co.rs\/ru\/wp-json\/wp\/v2\/comments?post=10730"}],"version-history":[{"count":1,"href":"https:\/\/vrnjackabanja.co.rs\/ru\/wp-json\/wp\/v2\/pages\/10730\/revisions"}],"predecessor-version":[{"id":10731,"href":"https:\/\/vrnjackabanja.co.rs\/ru\/wp-json\/wp\/v2\/pages\/10730\/revisions\/10731"}],"wp:featuredmedia":[{"embeddable":true,"href":"https:\/\/vrnjackabanja.co.rs\/ru\/wp-json\/wp\/v2\/media\/11054"}],"wp:attachment":[{"href":"https:\/\/vrnjackabanja.co.rs\/ru\/wp-json\/wp\/v2\/media?parent=10730"}],"curies":[{"name":"wp","href":"https:\/\/api.w.org\/{rel}","templated":true}]}}