{"id":4034,"date":"2021-12-08T10:40:00","date_gmt":"2021-12-08T09:40:00","guid":{"rendered":"http:\/\/vrnjackabanja.co.rs\/vrnjacki-karneval\/"},"modified":"2022-09-21T11:58:05","modified_gmt":"2022-09-21T09:58:05","slug":"en-carnival-of-vrnjci","status":"publish","type":"page","link":"https:\/\/vrnjackabanja.co.rs\/en\/en-carnival-of-vrnjci\/","title":{"rendered":"Carnival of Vrnjci"},"content":{"rendered":"\n<p><\/p>\n\n<figure class=\"wp-block-image size-full is-resized\"><img loading=\"lazy\" decoding=\"async\" src=\"http:\/\/vrnjackabanja.co.rs\/wp-content\/uploads\/2022\/04\/2603.jpg\" alt=\"\" class=\"wp-image-2768\" width=\"839\" height=\"559\" srcset=\"https:\/\/vrnjackabanja.co.rs\/wp-content\/uploads\/2022\/04\/2603.jpg 720w, https:\/\/vrnjackabanja.co.rs\/wp-content\/uploads\/2022\/04\/2603-300x200.jpg 300w\" sizes=\"auto, (max-width: 839px) 100vw, 839px\" \/><\/figure>\n\n<p><\/p>\n\n<p>Uz Gu\u010du i Exit, Vrnja\u010dki karneval je najve\u0107a manifestacija u Srbiji. Vrnja\u010dki karneval predstavlja krunu de\u0161avanja tokom sezone. Ova manifestacija okupi preko 200 000 posetilaca. Tokom nedelju dana u julu mesecu Vrnja\u010dka Banja je scena na kojoj se odr\u017eava veliki broj maskenbala, festivala, koncerata, predstava, sportskih de\u0161avanja&#8230;<\/p>\n\n<p>A svakako centralni doga\u0111aj karnevala je Velika me\u0111unarodna karnevalska povorka. Veliki broj karnevalskih grupa iz celog sveta garantuje dobru zabavu i provod tokom ovih dana. Tokom karnevalskih dana nai\u0107i cete na topao do\u010dek va\u0161ih doma\u0107ina i karnevalsko raspolo\u017eenje koje ce Vam omogu\u0107iti da sve probleme ostavite po strani.<\/p>\n\n<p><\/p>\n\n<figure class=\"wp-block-image size-large\"><img loading=\"lazy\" decoding=\"async\" width=\"1024\" height=\"683\" src=\"http:\/\/vrnjackabanja.co.rs\/wp-content\/uploads\/2022\/07\/294180671_5177334868989054_903026091302049077_n-1024x683.jpg\" alt=\"\" class=\"wp-image-7190\" srcset=\"https:\/\/vrnjackabanja.co.rs\/wp-content\/uploads\/2022\/07\/294180671_5177334868989054_903026091302049077_n-1024x683.jpg 1024w, https:\/\/vrnjackabanja.co.rs\/wp-content\/uploads\/2022\/07\/294180671_5177334868989054_903026091302049077_n-300x200.jpg 300w, https:\/\/vrnjackabanja.co.rs\/wp-content\/uploads\/2022\/07\/294180671_5177334868989054_903026091302049077_n-768x512.jpg 768w, https:\/\/vrnjackabanja.co.rs\/wp-content\/uploads\/2022\/07\/294180671_5177334868989054_903026091302049077_n-1536x1025.jpg 1536w, https:\/\/vrnjackabanja.co.rs\/wp-content\/uploads\/2022\/07\/294180671_5177334868989054_903026091302049077_n.jpg 2048w\" sizes=\"auto, (max-width: 1024px) 100vw, 1024px\" \/><\/figure>\n\n<p> Iz godine u godinu ova manifestacija okuplja sve veci broj u\u010desnika i posetilaca kako iz zemlje tako i iz celog sveta. Priznanje za dosada\u0161nji rad predstavlja \u201eTuristi\u010dki cvet&#8221; za najbolju turisti\u010dku manifestaciju. Ovu presti\u017enu nagradu dodeljuje Turisti\u010dka organizacija Srbije uz podr\u0161ku Ministarstva trgovine, turizma i usluga.<\/p>\n\n<figure class=\"wp-block-image size-large\"><img loading=\"lazy\" decoding=\"async\" width=\"1024\" height=\"683\" src=\"http:\/\/vrnjackabanja.co.rs\/wp-content\/uploads\/2022\/08\/293640222_5177336295655578_1823349337256176827_n-1024x683.jpg\" alt=\"\" class=\"wp-image-8465\" srcset=\"https:\/\/vrnjackabanja.co.rs\/wp-content\/uploads\/2022\/08\/293640222_5177336295655578_1823349337256176827_n-1024x683.jpg 1024w, https:\/\/vrnjackabanja.co.rs\/wp-content\/uploads\/2022\/08\/293640222_5177336295655578_1823349337256176827_n-300x200.jpg 300w, https:\/\/vrnjackabanja.co.rs\/wp-content\/uploads\/2022\/08\/293640222_5177336295655578_1823349337256176827_n-768x512.jpg 768w, https:\/\/vrnjackabanja.co.rs\/wp-content\/uploads\/2022\/08\/293640222_5177336295655578_1823349337256176827_n-1536x1025.jpg 1536w, https:\/\/vrnjackabanja.co.rs\/wp-content\/uploads\/2022\/08\/293640222_5177336295655578_1823349337256176827_n.jpg 2048w\" sizes=\"auto, (max-width: 1024px) 100vw, 1024px\" \/><\/figure>\n\n<p><\/p>\n\n<p>TRADICIJA &#8211; Od osnivanja moderne banje u Vrnjcima koje se vezuje za 1868. godinu vrnj\u010dani su pridavali veliki zna\u010daj balovima, maskenbalima, kermesima&#8230; Ovaj duh se zadr\u017eao i do dana\u0161njih dana. Datum osnivanja (14. jul) prve turisti\u010dke organizacije na balkanu (Osnovatelno fundatorsko dru\u0161tvo kiselo vru\u0107e vode u Vrnjcima) uzet je kao povod da se danas ustanovi manifestacija pod nazivom \u201eVrnja\u010dki Karneval\u201c. Karnevalska de\u0161avanja su raspore\u0111ena u nedelji koja je vezana za ovaj datum.<\/p>\n\n<p><\/p>\n\n<figure class=\"wp-block-gallery has-nested-images columns-default is-cropped wp-block-gallery-1 is-layout-flex wp-block-gallery-is-layout-flex\">\n<figure class=\"wp-block-image size-large\"><img loading=\"lazy\" decoding=\"async\" width=\"1707\" height=\"2560\" data-id=\"718\" src=\"http:\/\/vrnjackabanja.co.rs\/wp-content\/uploads\/2022\/02\/ROZANA-S-368-foto-VB-scaled.jpg\" alt=\"\" class=\"wp-image-718\" srcset=\"https:\/\/vrnjackabanja.co.rs\/wp-content\/uploads\/2022\/02\/ROZANA-S-368-foto-VB-scaled.jpg 1707w, https:\/\/vrnjackabanja.co.rs\/wp-content\/uploads\/2022\/02\/ROZANA-S-368-foto-VB-200x300.jpg 200w, https:\/\/vrnjackabanja.co.rs\/wp-content\/uploads\/2022\/02\/ROZANA-S-368-foto-VB-683x1024.jpg 683w, https:\/\/vrnjackabanja.co.rs\/wp-content\/uploads\/2022\/02\/ROZANA-S-368-foto-VB-768x1152.jpg 768w, https:\/\/vrnjackabanja.co.rs\/wp-content\/uploads\/2022\/02\/ROZANA-S-368-foto-VB-1024x1536.jpg 1024w, https:\/\/vrnjackabanja.co.rs\/wp-content\/uploads\/2022\/02\/ROZANA-S-368-foto-VB-1365x2048.jpg 1365w\" sizes=\"auto, (max-width: 1707px) 100vw, 1707px\" \/><\/figure>\n\n\n\n<figure class=\"wp-block-image size-large\"><img loading=\"lazy\" decoding=\"async\" width=\"683\" height=\"1024\" data-id=\"1215\" src=\"http:\/\/vrnjackabanja.co.rs\/wp-content\/uploads\/2022\/02\/IMG_1075-683x1024.jpg\" alt=\"\" class=\"wp-image-1215\" srcset=\"https:\/\/vrnjackabanja.co.rs\/wp-content\/uploads\/2022\/02\/IMG_1075-683x1024.jpg 683w, https:\/\/vrnjackabanja.co.rs\/wp-content\/uploads\/2022\/02\/IMG_1075-200x300.jpg 200w, https:\/\/vrnjackabanja.co.rs\/wp-content\/uploads\/2022\/02\/IMG_1075-768x1152.jpg 768w, https:\/\/vrnjackabanja.co.rs\/wp-content\/uploads\/2022\/02\/IMG_1075-1024x1536.jpg 1024w, https:\/\/vrnjackabanja.co.rs\/wp-content\/uploads\/2022\/02\/IMG_1075-1365x2048.jpg 1365w, https:\/\/vrnjackabanja.co.rs\/wp-content\/uploads\/2022\/02\/IMG_1075-scaled.jpg 1707w\" sizes=\"auto, (max-width: 683px) 100vw, 683px\" \/><\/figure>\n<\/figure>\n\n<p><\/p>\n\n<p>\u201ePri\u010de iz banjske pro\u0161losti\u201c \u2013 Branko Radosavljevi\u0107 &#8211; &#8230;Najveli\u010danstveniji kermesi priredivani su na velikoj terasi modernog banjskog kupatila. Za organizaciju kermesa bila je zainteresovana cela Banja, svi njeni \u017eitelji, pa i \u017eitelji okolnih sela, koji su imali svoj udeo u kermesnom slavlju. Za kermes su pozivani gosti iz drugih mesta, a Banja je na dan kermesa bila ugla\u0111ena, besprekorno \u010dista i sva u sve\u010danom ruhu. <\/p>\n\n<p>Cve\u0107a je bilo na svakom koraku, a muzika je dva puta dnevno u paradnom mar\u0161u prolazila kroz banjske ulice. Terase kupatila su bile oki\u0107ene mnogobrojnim lampionima i ukrasnim sijalicama, a pirotehni\u010dari su u\u017eurbano vr\u0161ili poslednje pripreme za nezaboravni vatromet. <\/p>\n\n<p><\/p>\n\n<figure class=\"wp-block-image size-large\"><img loading=\"lazy\" decoding=\"async\" width=\"1024\" height=\"683\" src=\"http:\/\/vrnjackabanja.co.rs\/wp-content\/uploads\/2022\/07\/293384171_5177334932322381_5621706253245426504_n-1024x683.jpg\" alt=\"\" class=\"wp-image-7204\" srcset=\"https:\/\/vrnjackabanja.co.rs\/wp-content\/uploads\/2022\/07\/293384171_5177334932322381_5621706253245426504_n-1024x683.jpg 1024w, https:\/\/vrnjackabanja.co.rs\/wp-content\/uploads\/2022\/07\/293384171_5177334932322381_5621706253245426504_n-300x200.jpg 300w, https:\/\/vrnjackabanja.co.rs\/wp-content\/uploads\/2022\/07\/293384171_5177334932322381_5621706253245426504_n-768x512.jpg 768w, https:\/\/vrnjackabanja.co.rs\/wp-content\/uploads\/2022\/07\/293384171_5177334932322381_5621706253245426504_n-1536x1025.jpg 1536w, https:\/\/vrnjackabanja.co.rs\/wp-content\/uploads\/2022\/07\/293384171_5177334932322381_5621706253245426504_n.jpg 2048w\" sizes=\"auto, (max-width: 1024px) 100vw, 1024px\" \/><\/figure>\n\n<p><\/p>\n\n<p>Kermes je po\u010dinjao oko devet sati uve\u010de, otvarao ga je prigodnim re\u010dima predsednik neke dobrotvorne organizacije, u \u010diju korist je odlazio celokupan prihod, a zatim su nastupali glumci, peva\u010di i umetnici. Vrnja\u010dke \u017eene su za to ve\u010de pripremale bezbroj torti, prosto su se utrkivale koja ce lep\u0161u tortu da umesi. Kola\u010di su deljeni besplatno, bio je to dar Vrnj\u010dana gostima, a pi\u0107e i druge \u0111akonije su slu\u017eili ugostitelji. Kroz igru, razne atrakcije, izbor lepotica i druge nagrade odvijala se najlep\u0161a i najromanti\u010dnija Vrnja\u010dka letnja no\u0107&#8230;<\/p>\n\n<p><\/p>\n\n<figure class=\"wp-block-gallery has-nested-images columns-2 is-cropped wp-block-gallery-2 is-layout-flex wp-block-gallery-is-layout-flex\">\n<figure class=\"wp-block-image size-large\"><a href=\"http:\/\/vrnjackabanja.co.rs\/wp-content\/uploads\/2022\/02\/MMP_1097-scaled.jpg\" data-rel=\"lightbox-image-0\" data-rl_title=\"MMP_1097\" data-rl_caption=\"\" title=\"MMP_1097\"><img loading=\"lazy\" decoding=\"async\" width=\"1024\" height=\"683\" data-id=\"715\" src=\"http:\/\/vrnjackabanja.co.rs\/wp-content\/uploads\/2022\/02\/MMP_1097-1024x683.jpg\" alt=\"\" class=\"wp-image-715\" srcset=\"https:\/\/vrnjackabanja.co.rs\/wp-content\/uploads\/2022\/02\/MMP_1097-1024x683.jpg 1024w, https:\/\/vrnjackabanja.co.rs\/wp-content\/uploads\/2022\/02\/MMP_1097-300x200.jpg 300w, https:\/\/vrnjackabanja.co.rs\/wp-content\/uploads\/2022\/02\/MMP_1097-768x513.jpg 768w, https:\/\/vrnjackabanja.co.rs\/wp-content\/uploads\/2022\/02\/MMP_1097-1536x1025.jpg 1536w, https:\/\/vrnjackabanja.co.rs\/wp-content\/uploads\/2022\/02\/MMP_1097-2048x1367.jpg 2048w\" sizes=\"auto, (max-width: 1024px) 100vw, 1024px\" \/><\/a><\/figure>\n<\/figure>\n\n<p><\/p>\n\n<p>Osim kermesa i drugih zabava maskenbali su svakako bili najpose\u0107enija de\u0161avanja tog doba. &#8217;50-ih i &#8217;60-ih godina pro\u0161log veka hoteli \u201eSloboda&#8221;,\u201eZvezda&#8221; i \u201eROPS&#8221; su bili organizatori ovih de\u0161avanja tokom kojih su progla\u0161avane najbolje maske. &#8217;80-ih tu ulogu je preuzeo kafe \u201eLipa&#8221; i uz par organizovanih maskenbala nastavio tradiciju maskenbala u Vrnja\u010dkoj Banji. &#8217;90-ih su maskenbali organizovani u kafeu \u201eElegant Dra\u0161kovic&#8221; uz brojne performanse, \u0161kole glume, muzi\u010dke radionice&#8230; 2002. godina predstavlja prvu godinu organizovanja maskenbala u kafeu \u201eSavka&#8221; i od tada se tradicionalno svake godine nastavljaju de\u0161avanja ove vrste.<\/p>\n\n<p><\/p>\n\n<figure class=\"wp-block-gallery has-nested-images columns-default is-cropped wp-block-gallery-3 is-layout-flex wp-block-gallery-is-layout-flex\">\n<figure class=\"wp-block-image size-full\"><img loading=\"lazy\" decoding=\"async\" width=\"1366\" height=\"2048\" data-id=\"8489\" src=\"http:\/\/vrnjackabanja.co.rs\/wp-content\/uploads\/2022\/08\/292299405_5165347323521142_4266131890653701798_n.jpg\" alt=\"\" class=\"wp-image-8489\" srcset=\"https:\/\/vrnjackabanja.co.rs\/wp-content\/uploads\/2022\/08\/292299405_5165347323521142_4266131890653701798_n.jpg 1366w, https:\/\/vrnjackabanja.co.rs\/wp-content\/uploads\/2022\/08\/292299405_5165347323521142_4266131890653701798_n-200x300.jpg 200w, https:\/\/vrnjackabanja.co.rs\/wp-content\/uploads\/2022\/08\/292299405_5165347323521142_4266131890653701798_n-683x1024.jpg 683w, https:\/\/vrnjackabanja.co.rs\/wp-content\/uploads\/2022\/08\/292299405_5165347323521142_4266131890653701798_n-768x1151.jpg 768w, https:\/\/vrnjackabanja.co.rs\/wp-content\/uploads\/2022\/08\/292299405_5165347323521142_4266131890653701798_n-1025x1536.jpg 1025w\" sizes=\"auto, (max-width: 1366px) 100vw, 1366px\" \/><\/figure>\n\n\n\n<figure class=\"wp-block-image size-full\"><img loading=\"lazy\" decoding=\"async\" width=\"1366\" height=\"2048\" data-id=\"8493\" src=\"http:\/\/vrnjackabanja.co.rs\/wp-content\/uploads\/2022\/08\/293057477_5165356120186929_9119432563895481613_n.jpg\" alt=\"\" class=\"wp-image-8493\" srcset=\"https:\/\/vrnjackabanja.co.rs\/wp-content\/uploads\/2022\/08\/293057477_5165356120186929_9119432563895481613_n.jpg 1366w, https:\/\/vrnjackabanja.co.rs\/wp-content\/uploads\/2022\/08\/293057477_5165356120186929_9119432563895481613_n-200x300.jpg 200w, https:\/\/vrnjackabanja.co.rs\/wp-content\/uploads\/2022\/08\/293057477_5165356120186929_9119432563895481613_n-683x1024.jpg 683w, https:\/\/vrnjackabanja.co.rs\/wp-content\/uploads\/2022\/08\/293057477_5165356120186929_9119432563895481613_n-768x1151.jpg 768w, https:\/\/vrnjackabanja.co.rs\/wp-content\/uploads\/2022\/08\/293057477_5165356120186929_9119432563895481613_n-1025x1536.jpg 1025w\" sizes=\"auto, (max-width: 1366px) 100vw, 1366px\" \/><\/figure>\n\n\n\n<figure class=\"wp-block-image size-full\"><img loading=\"lazy\" decoding=\"async\" width=\"668\" height=\"668\" data-id=\"8485\" src=\"http:\/\/vrnjackabanja.co.rs\/wp-content\/uploads\/2022\/08\/286880485_5081598468562695_709250894279181620_n.jpg\" alt=\"\" class=\"wp-image-8485\" srcset=\"https:\/\/vrnjackabanja.co.rs\/wp-content\/uploads\/2022\/08\/286880485_5081598468562695_709250894279181620_n.jpg 668w, https:\/\/vrnjackabanja.co.rs\/wp-content\/uploads\/2022\/08\/286880485_5081598468562695_709250894279181620_n-300x300.jpg 300w, https:\/\/vrnjackabanja.co.rs\/wp-content\/uploads\/2022\/08\/286880485_5081598468562695_709250894279181620_n-150x150.jpg 150w\" sizes=\"auto, (max-width: 668px) 100vw, 668px\" \/><\/figure>\n<\/figure>\n\n<p><\/p>\n\n<p>Po pri\u010di starih Vrnj\u010dana po\u010detkom &#8217;60-ih godina Vrnja\u010dka Banja postaje karnevalski grad. Tokom narednih godina organizovano je nekoliko karnevalskih povorki, ali na \u017ealost ova manifestacija ubrzo po\u010dinje da gubi na zna\u010daju i polako odlazi u zaborav, sve do trenutka kada Turisti\u010dko sportski centar \u201eVrnja\u010dka Banja&#8221; preuzima inicijativu i osniva \u201eMe\u0111unarodni Vrnja\u010dki karneval&#8221;. <\/p>\n\n<p><\/p>\n\n<figure class=\"wp-block-image size-large\"><img loading=\"lazy\" decoding=\"async\" width=\"1024\" height=\"683\" src=\"http:\/\/vrnjackabanja.co.rs\/wp-content\/uploads\/2022\/04\/MMP_8693-1024x683.jpg\" alt=\"\" class=\"wp-image-2759\" srcset=\"https:\/\/vrnjackabanja.co.rs\/wp-content\/uploads\/2022\/04\/MMP_8693-1024x683.jpg 1024w, https:\/\/vrnjackabanja.co.rs\/wp-content\/uploads\/2022\/04\/MMP_8693-300x200.jpg 300w, https:\/\/vrnjackabanja.co.rs\/wp-content\/uploads\/2022\/04\/MMP_8693-768x512.jpg 768w, https:\/\/vrnjackabanja.co.rs\/wp-content\/uploads\/2022\/04\/MMP_8693-1536x1024.jpg 1536w, https:\/\/vrnjackabanja.co.rs\/wp-content\/uploads\/2022\/04\/MMP_8693-2048x1365.jpg 2048w\" sizes=\"auto, (max-width: 1024px) 100vw, 1024px\" \/><\/figure>\n\n<p><\/p>\n\n<p>Prvi \u201eMe\u0111unarodni Vrnja\u010dki karneval&#8221; odr\u017ean je u periodu od 12.07. do 17.07.2005. godine i objedinio je preko 40 razli\u010ditih zabavnih, kulturnih i sportskih manifestacija. Centralno de\u0161avanje Vrnja\u010dkog karnevala, je velika ME\u00d0UNARODNA KARNEVALSKA POVORKA, koja je 2005. godine okupila 34 karnevalske grupe iz zemlje i inostranstva. Karnevalska povorka je brojala preko 1.500 u\u010desnika. <\/p>\n\n<p><\/p>\n\n<figure class=\"wp-block-image size-large\"><img loading=\"lazy\" decoding=\"async\" width=\"1024\" height=\"683\" src=\"http:\/\/vrnjackabanja.co.rs\/wp-content\/uploads\/2022\/07\/293629727_5177331668989374_8223086132020447787_n-1024x683.jpg\" alt=\"\" class=\"wp-image-7259\" srcset=\"https:\/\/vrnjackabanja.co.rs\/wp-content\/uploads\/2022\/07\/293629727_5177331668989374_8223086132020447787_n-1024x683.jpg 1024w, https:\/\/vrnjackabanja.co.rs\/wp-content\/uploads\/2022\/07\/293629727_5177331668989374_8223086132020447787_n-300x200.jpg 300w, https:\/\/vrnjackabanja.co.rs\/wp-content\/uploads\/2022\/07\/293629727_5177331668989374_8223086132020447787_n-768x512.jpg 768w, https:\/\/vrnjackabanja.co.rs\/wp-content\/uploads\/2022\/07\/293629727_5177331668989374_8223086132020447787_n-1536x1025.jpg 1536w, https:\/\/vrnjackabanja.co.rs\/wp-content\/uploads\/2022\/07\/293629727_5177331668989374_8223086132020447787_n.jpg 2048w\" sizes=\"auto, (max-width: 1024px) 100vw, 1024px\" \/><\/figure>\n\n<p><\/p>\n\n<p>Ve\u0107 tokom drugog karnevala formira se i de\u010dija karnevalska povorka, a Vrnja\u010dki karneval postaje \u010dlan Federacije evropskih karnevalskih gradova (FECC). Vrnja\u010dki karneval zauzima zna\u010dajno mesto u kalendaru svetskih karnevalskih de\u0161avanja.<\/p>\n\n<p><\/p>\n\n<figure class=\"wp-block-image size-large\"><img loading=\"lazy\" decoding=\"async\" width=\"1024\" height=\"683\" src=\"http:\/\/vrnjackabanja.co.rs\/wp-content\/uploads\/2022\/04\/Karneval-3-1024x683.jpg\" alt=\"\" class=\"wp-image-2766\" srcset=\"https:\/\/vrnjackabanja.co.rs\/wp-content\/uploads\/2022\/04\/Karneval-3-1024x683.jpg 1024w, https:\/\/vrnjackabanja.co.rs\/wp-content\/uploads\/2022\/04\/Karneval-3-300x200.jpg 300w, https:\/\/vrnjackabanja.co.rs\/wp-content\/uploads\/2022\/04\/Karneval-3-768x512.jpg 768w, https:\/\/vrnjackabanja.co.rs\/wp-content\/uploads\/2022\/04\/Karneval-3.jpg 1500w\" sizes=\"auto, (max-width: 1024px) 100vw, 1024px\" \/><\/figure>\n\n<div class=\"wp-block-columns is-layout-flex wp-container-core-columns-is-layout-9d6595d7 wp-block-columns-is-layout-flex\">\n<div class=\"wp-block-column is-layout-flow wp-block-column-is-layout-flow\" style=\"flex-basis:100%\">\n<div class=\"wp-block-group\"><div class=\"wp-block-group__inner-container is-layout-flow wp-block-group-is-layout-flow\"><\/div><\/div>\n<\/div>\n<\/div>\n","protected":false},"excerpt":{"rendered":"<p>Uz Gu\u010du i Exit, Vrnja\u010dki karneval je najve\u0107a manifestacija u Srbiji. Vrnja\u010dki karneval predstavlja krunu de\u0161avanja tokom sezone. Ova manifestacija okupi preko 200 000 posetilaca. Tokom nedelju dana u julu [&hellip;]<\/p>\n","protected":false},"author":1,"featured_media":9635,"parent":0,"menu_order":0,"comment_status":"closed","ping_status":"closed","template":"","meta":{"_acf_changed":false,"footnotes":""},"class_list":["post-4034","page","type-page","status-publish","has-post-thumbnail","hentry"],"acf":[],"_links":{"self":[{"href":"https:\/\/vrnjackabanja.co.rs\/en\/wp-json\/wp\/v2\/pages\/4034","targetHints":{"allow":["GET"]}}],"collection":[{"href":"https:\/\/vrnjackabanja.co.rs\/en\/wp-json\/wp\/v2\/pages"}],"about":[{"href":"https:\/\/vrnjackabanja.co.rs\/en\/wp-json\/wp\/v2\/types\/page"}],"author":[{"embeddable":true,"href":"https:\/\/vrnjackabanja.co.rs\/en\/wp-json\/wp\/v2\/users\/1"}],"replies":[{"embeddable":true,"href":"https:\/\/vrnjackabanja.co.rs\/en\/wp-json\/wp\/v2\/comments?post=4034"}],"version-history":[{"count":5,"href":"https:\/\/vrnjackabanja.co.rs\/en\/wp-json\/wp\/v2\/pages\/4034\/revisions"}],"predecessor-version":[{"id":9639,"href":"https:\/\/vrnjackabanja.co.rs\/en\/wp-json\/wp\/v2\/pages\/4034\/revisions\/9639"}],"wp:featuredmedia":[{"embeddable":true,"href":"https:\/\/vrnjackabanja.co.rs\/en\/wp-json\/wp\/v2\/media\/9635"}],"wp:attachment":[{"href":"https:\/\/vrnjackabanja.co.rs\/en\/wp-json\/wp\/v2\/media?parent=4034"}],"curies":[{"name":"wp","href":"https:\/\/api.w.org\/{rel}","templated":true}]}}