{"id":4009,"date":"2021-12-08T10:40:50","date_gmt":"2021-12-08T09:40:50","guid":{"rendered":"http:\/\/vrnjackabanja.co.rs\/geografski-polozaj\/"},"modified":"2025-03-04T09:02:07","modified_gmt":"2025-03-04T08:02:07","slug":"en-geographical-position","status":"publish","type":"page","link":"https:\/\/vrnjackabanja.co.rs\/en\/en-geographical-position\/","title":{"rendered":"Geographical position"},"content":{"rendered":"\n<p>Vrnja\u010dka Banja is the municipality&#8217;s economic, political and cultural center with a total of 14 settlements stretching over an area of \u200b\u200babout 240 km2. About 30,000 people live in the municipality, and the Spa itself has about 16,000 inhabitants. Vrnja\u010dka Banja is located in the central part of the Republic of Serbia, at 43 \u00b0 37 \u2032 north latitude and 20 \u00b0 54 \u2032 east longitude.<\/p>\n\n\n\n<p>Distance of Vrnja\u010dka Banja from the airports: Belgrade &#8211; 190km, Ni\u0161 &#8211; 120km, Kraljevo &#8211; 40km.<\/p>\n\n\n\n<p>From Belgrade, Vrnja\u010dka Banja can be reached from several directions:<\/p>\n\n\n\n<p>&#8211; Belgrade &#8211; Vrnja\u010dka Banja highway.<\/p>\n\n\n\n<p>&#8211; &#8220;Milo\u0161 Veliki&#8221; highway to Preljina, via Kraljevo.<\/p>\n\n\n\n<p>&#8211; Belgrade &#8211; Bato\u010dina highway, via Kragujevac and Kraljevo.<\/p>\n\n\n\n<p><\/p>\n\n\n\n<p><\/p>\n\n\n\n<figure class=\"wp-block-image size-large\"><img loading=\"lazy\" decoding=\"async\" width=\"1024\" height=\"619\" src=\"https:\/\/vrnjackabanja.co.rs\/wp-content\/uploads\/2022\/02\/polozajmapa-1024x619.jpg\" alt=\"\" class=\"wp-image-664\" srcset=\"https:\/\/vrnjackabanja.co.rs\/wp-content\/uploads\/2022\/02\/polozajmapa-1024x619.jpg 1024w, https:\/\/vrnjackabanja.co.rs\/wp-content\/uploads\/2022\/02\/polozajmapa-300x181.jpg 300w, https:\/\/vrnjackabanja.co.rs\/wp-content\/uploads\/2022\/02\/polozajmapa-768x464.jpg 768w, https:\/\/vrnjackabanja.co.rs\/wp-content\/uploads\/2022\/02\/polozajmapa-1536x928.jpg 1536w, https:\/\/vrnjackabanja.co.rs\/wp-content\/uploads\/2022\/02\/polozajmapa.jpg 1672w\" sizes=\"auto, (max-width: 1024px) 100vw, 1024px\" \/><\/figure>\n\n\n\n<p>The spa settlement is partly on the gentle slopes of the Go\u010d Mountain towards the West Morava and partly in the gentle valleys of the Vrnja\u010dka and Lipova\u010dka rivers. Depending on the position of certain parts of the settlement, the altitude ranges from 220 to over 300 meters. The spa is sheltered by the Go\u010d Mountain and its arms from the south, east and west, while from the north it is protected by the Gledi\u0107ke Mountain range. The narrower mountain area of \u200b\u200bVrnja\u010dka Banja, including Go\u010d Mountain, is part of the huge forest-mountain complex of Kopaonik, which is the hinterland of Vrnja\u010dka Banja and extends to the south. In addition to Go\u010d (1,147m) and Kopaonik (2,017m), there are also \u017deljin (1,785m), Jastrebac (1,492m) and Stolovi (1,375m) mountains. The entire wider mountain tourist area of \u200b\u200bVrnja\u010dka Banja is furrowed with green valleys accommodating fast-flowing mountain streams and rivers on their way to the West Morava.<\/p>\n\n\n\n<figure class=\"wp-block-image size-large\"><img loading=\"lazy\" decoding=\"async\" width=\"1024\" height=\"576\" src=\"https:\/\/vrnjackabanja.co.rs\/wp-content\/uploads\/2022\/02\/103177659_1662906487198390_2415761361327532109_n-1-1024x576.jpg\" alt=\"\" class=\"wp-image-662\" srcset=\"https:\/\/vrnjackabanja.co.rs\/wp-content\/uploads\/2022\/02\/103177659_1662906487198390_2415761361327532109_n-1-1024x576.jpg 1024w, https:\/\/vrnjackabanja.co.rs\/wp-content\/uploads\/2022\/02\/103177659_1662906487198390_2415761361327532109_n-1-300x169.jpg 300w, https:\/\/vrnjackabanja.co.rs\/wp-content\/uploads\/2022\/02\/103177659_1662906487198390_2415761361327532109_n-1-768x432.jpg 768w, https:\/\/vrnjackabanja.co.rs\/wp-content\/uploads\/2022\/02\/103177659_1662906487198390_2415761361327532109_n-1-1536x864.jpg 1536w, https:\/\/vrnjackabanja.co.rs\/wp-content\/uploads\/2022\/02\/103177659_1662906487198390_2415761361327532109_n-1.jpg 2048w\" sizes=\"auto, (max-width: 1024px) 100vw, 1024px\" \/><\/figure>\n","protected":false},"excerpt":{"rendered":"<p>Vrnja\u010dka Banja is the municipality&#8217;s economic, political and cultural center with a total of 14 settlements stretching over an area of \u200b\u200babout 240 km2. About 30,000 people live in the [&hellip;]<\/p>\n","protected":false},"author":1,"featured_media":4010,"parent":0,"menu_order":0,"comment_status":"closed","ping_status":"closed","template":"","meta":{"_acf_changed":false,"footnotes":""},"class_list":["post-4009","page","type-page","status-publish","has-post-thumbnail","hentry"],"acf":[],"_links":{"self":[{"href":"https:\/\/vrnjackabanja.co.rs\/en\/wp-json\/wp\/v2\/pages\/4009","targetHints":{"allow":["GET"]}}],"collection":[{"href":"https:\/\/vrnjackabanja.co.rs\/en\/wp-json\/wp\/v2\/pages"}],"about":[{"href":"https:\/\/vrnjackabanja.co.rs\/en\/wp-json\/wp\/v2\/types\/page"}],"author":[{"embeddable":true,"href":"https:\/\/vrnjackabanja.co.rs\/en\/wp-json\/wp\/v2\/users\/1"}],"replies":[{"embeddable":true,"href":"https:\/\/vrnjackabanja.co.rs\/en\/wp-json\/wp\/v2\/comments?post=4009"}],"version-history":[{"count":5,"href":"https:\/\/vrnjackabanja.co.rs\/en\/wp-json\/wp\/v2\/pages\/4009\/revisions"}],"predecessor-version":[{"id":11391,"href":"https:\/\/vrnjackabanja.co.rs\/en\/wp-json\/wp\/v2\/pages\/4009\/revisions\/11391"}],"wp:featuredmedia":[{"embeddable":true,"href":"https:\/\/vrnjackabanja.co.rs\/en\/wp-json\/wp\/v2\/media\/4010"}],"wp:attachment":[{"href":"https:\/\/vrnjackabanja.co.rs\/en\/wp-json\/wp\/v2\/media?parent=4009"}],"curies":[{"name":"wp","href":"https:\/\/api.w.org\/{rel}","templated":true}]}}