{"id":3986,"date":"2021-12-08T10:41:09","date_gmt":"2021-12-08T09:41:09","guid":{"rendered":"http:\/\/vrnjackabanja.co.rs\/planina-goc\/"},"modified":"2022-08-09T12:54:18","modified_gmt":"2022-08-09T10:54:18","slug":"en-mountain-goc","status":"publish","type":"page","link":"https:\/\/vrnjackabanja.co.rs\/en\/en-mountain-goc\/","title":{"rendered":"Mountain Go\u010d"},"content":{"rendered":"\n<p>Mountain Go\u010d raises above Vrnja\u010dka Banja. It belongs to the lower mountains with the highest peak Krnja jela (1127m). Go\u010d is the source of many streams and rivers that flow towards Zapadna Morava and Rasina and give a special charm to the landscape of Go\u010d. <\/p>\n\n\n\n<p>Mountain Go\u010d is 13 km away from Vrnja\u010dka Banja. It is the main excursion destination for residents and guests of Vrnja\u010dka Banja.<\/p>\n\n\n<div class=\"wp-block-image\">\n<figure class=\"aligncenter size-large is-resized\"><img loading=\"lazy\" decoding=\"async\" src=\"http:\/\/vrnjackabanja.co.rs\/wp-content\/uploads\/2022\/04\/Razglednica-005-1024x643.jpg\" alt=\"\" class=\"wp-image-2950\" width=\"840\" height=\"527\" srcset=\"https:\/\/vrnjackabanja.co.rs\/wp-content\/uploads\/2022\/04\/Razglednica-005-1024x643.jpg 1024w, https:\/\/vrnjackabanja.co.rs\/wp-content\/uploads\/2022\/04\/Razglednica-005-300x188.jpg 300w, https:\/\/vrnjackabanja.co.rs\/wp-content\/uploads\/2022\/04\/Razglednica-005-768x482.jpg 768w, https:\/\/vrnjackabanja.co.rs\/wp-content\/uploads\/2022\/04\/Razglednica-005.jpg 1105w\" sizes=\"auto, (max-width: 840px) 100vw, 840px\" \/><\/figure>\n<\/div>\n\n\n<p id=\"tw-target-text\">Untouched nature, a combination of an ideal climate, clean air and lush vegetation, has a favorable effect on anemia, strengthening immunity and the nervous system, and as such makes an ideal place for walking, hiking, picnics, sports tourism.<\/p>\n\n\n\n<figure class=\"wp-block-image size-full\"><img loading=\"lazy\" decoding=\"async\" width=\"960\" height=\"720\" src=\"http:\/\/vrnjackabanja.co.rs\/wp-content\/uploads\/2022\/02\/velika-livada-goc.jpg\" alt=\"\" class=\"wp-image-732\" srcset=\"https:\/\/vrnjackabanja.co.rs\/wp-content\/uploads\/2022\/02\/velika-livada-goc.jpg 960w, https:\/\/vrnjackabanja.co.rs\/wp-content\/uploads\/2022\/02\/velika-livada-goc-300x225.jpg 300w, https:\/\/vrnjackabanja.co.rs\/wp-content\/uploads\/2022\/02\/velika-livada-goc-768x576.jpg 768w\" sizes=\"auto, (max-width: 960px) 100vw, 960px\" \/><\/figure>\n\n\n\n<p id=\"tw-target-text\">There are several access roads (an old and a new road &#8211; the old road goes through Stani\u0161inci and is slightly longer than the road that goes directly to the ski slope on the spa side of Go\u010d, but is less steep and has no serpentines), which in many ways favors tourists to visit Go\u010d.<\/p>\n\n\n<div class=\"wp-block-image\">\n<figure class=\"aligncenter size-large\"><img loading=\"lazy\" decoding=\"async\" width=\"1910\" height=\"2547\" src=\"http:\/\/vrnjackabanja.co.rs\/wp-content\/uploads\/2022\/04\/Paradise-nc-edit-1-edited.jpg\" alt=\"\" class=\"wp-image-2954\" srcset=\"https:\/\/vrnjackabanja.co.rs\/wp-content\/uploads\/2022\/04\/Paradise-nc-edit-1-edited.jpg 1910w, https:\/\/vrnjackabanja.co.rs\/wp-content\/uploads\/2022\/04\/Paradise-nc-edit-1-edited-225x300.jpg 225w, https:\/\/vrnjackabanja.co.rs\/wp-content\/uploads\/2022\/04\/Paradise-nc-edit-1-edited-768x1024.jpg 768w, https:\/\/vrnjackabanja.co.rs\/wp-content\/uploads\/2022\/04\/Paradise-nc-edit-1-edited-1152x1536.jpg 1152w, https:\/\/vrnjackabanja.co.rs\/wp-content\/uploads\/2022\/04\/Paradise-nc-edit-1-edited-1536x2048.jpg 1536w\" sizes=\"auto, (max-width: 1910px) 100vw, 1910px\" \/><\/figure>\n<\/div>\n\n\n<p><\/p>\n","protected":false},"excerpt":{"rendered":"<p>Mountain Go\u010d raises above Vrnja\u010dka Banja. It belongs to the lower mountains with the highest peak Krnja jela (1127m). Go\u010d is the source of many streams and rivers that flow [&hellip;]<\/p>\n","protected":false},"author":1,"featured_media":3988,"parent":0,"menu_order":0,"comment_status":"closed","ping_status":"closed","template":"","meta":{"_acf_changed":false,"footnotes":""},"class_list":["post-3986","page","type-page","status-publish","has-post-thumbnail","hentry"],"acf":[],"_links":{"self":[{"href":"https:\/\/vrnjackabanja.co.rs\/en\/wp-json\/wp\/v2\/pages\/3986","targetHints":{"allow":["GET"]}}],"collection":[{"href":"https:\/\/vrnjackabanja.co.rs\/en\/wp-json\/wp\/v2\/pages"}],"about":[{"href":"https:\/\/vrnjackabanja.co.rs\/en\/wp-json\/wp\/v2\/types\/page"}],"author":[{"embeddable":true,"href":"https:\/\/vrnjackabanja.co.rs\/en\/wp-json\/wp\/v2\/users\/1"}],"replies":[{"embeddable":true,"href":"https:\/\/vrnjackabanja.co.rs\/en\/wp-json\/wp\/v2\/comments?post=3986"}],"version-history":[{"count":5,"href":"https:\/\/vrnjackabanja.co.rs\/en\/wp-json\/wp\/v2\/pages\/3986\/revisions"}],"predecessor-version":[{"id":7978,"href":"https:\/\/vrnjackabanja.co.rs\/en\/wp-json\/wp\/v2\/pages\/3986\/revisions\/7978"}],"wp:featuredmedia":[{"embeddable":true,"href":"https:\/\/vrnjackabanja.co.rs\/en\/wp-json\/wp\/v2\/media\/3988"}],"wp:attachment":[{"href":"https:\/\/vrnjackabanja.co.rs\/en\/wp-json\/wp\/v2\/media?parent=3986"}],"curies":[{"name":"wp","href":"https:\/\/api.w.org\/{rel}","templated":true}]}}