{"id":3903,"date":"2021-12-08T10:41:30","date_gmt":"2021-12-08T09:41:30","guid":{"rendered":"http:\/\/vrnjackabanja.co.rs\/parkovi-2\/"},"modified":"2026-04-17T11:44:20","modified_gmt":"2026-04-17T09:44:20","slug":"en-parks-2","status":"publish","type":"page","link":"https:\/\/vrnjackabanja.co.rs\/en\/en-parks-2\/","title":{"rendered":"Parks"},"content":{"rendered":"\n<p><\/p>\n\n\n\n<p>Almost all spas in Serbia had, and still have, a clearly defined dual structure rich in contrast. The area around the mineral springs and baths was arranged as a spa park, which hotels and private villas used as a benchmark. This therapeutic area continues with streets, residential building blocks of the spa settlement, and in some cases, a commercial center in the immediate vicinity. <\/p>\n\n\n\n<p><\/p>\n\n\n<div class=\"wp-block-image\">\n<figure class=\"aligncenter size-full is-resized\"><img loading=\"lazy\" decoding=\"async\" width=\"636\" height=\"409\" src=\"https:\/\/vrnjackabanja.co.rs\/wp-content\/uploads\/2022\/04\/stara-prastara-banja.jpg\" alt=\"\" class=\"wp-image-2620\" style=\"width:826px;height:531px\" srcset=\"https:\/\/vrnjackabanja.co.rs\/wp-content\/uploads\/2022\/04\/stara-prastara-banja.jpg 636w, https:\/\/vrnjackabanja.co.rs\/wp-content\/uploads\/2022\/04\/stara-prastara-banja-300x193.jpg 300w\" sizes=\"auto, (max-width: 636px) 100vw, 636px\" \/><\/figure>\n<\/div>\n\n\n<p><\/p>\n\n\n\n<p>This dual character of Serbian spas, in terms of their social and urban structure, everyday life manifestations, and very pronounced visible contrasts, gave them unique appeal. This urban symbiosis contributed to the spa losing its purely therapeutic, healing character, so a spa visitor can spend time in a diverse and interesting environment. <\/p>\n\n\n\n<p><\/p>\n\n\n\n<figure class=\"wp-block-image size-full is-resized\"><img loading=\"lazy\" decoding=\"async\" width=\"800\" height=\"537\" src=\"https:\/\/vrnjackabanja.co.rs\/wp-content\/uploads\/2022\/05\/11403502_102735660069188_170512139997889348_n.jpg\" alt=\"\" class=\"wp-image-3025\" style=\"width:838px;height:563px\" srcset=\"https:\/\/vrnjackabanja.co.rs\/wp-content\/uploads\/2022\/05\/11403502_102735660069188_170512139997889348_n.jpg 800w, https:\/\/vrnjackabanja.co.rs\/wp-content\/uploads\/2022\/05\/11403502_102735660069188_170512139997889348_n-300x201.jpg 300w, https:\/\/vrnjackabanja.co.rs\/wp-content\/uploads\/2022\/05\/11403502_102735660069188_170512139997889348_n-768x516.jpg 768w\" sizes=\"auto, (max-width: 800px) 100vw, 800px\" \/><\/figure>\n\n\n\n<p><\/p>\n\n\n\n<p>On the other hand, spa parks have gained a significant social, psycho-hygienic function in that symbiosis. The spa park was and remains that attractive, natural space where divisions arose between spa guests and permanent residents, where one forgot that he was there for treatment.<\/p>\n\n\n\n<p><\/p>\n\n\n\n<figure class=\"wp-block-image size-full\"><img loading=\"lazy\" decoding=\"async\" width=\"810\" height=\"523\" src=\"https:\/\/vrnjackabanja.co.rs\/wp-content\/uploads\/2022\/04\/527161_336854166404955_455137161_n.jpg\" alt=\"\" class=\"wp-image-2627\" srcset=\"https:\/\/vrnjackabanja.co.rs\/wp-content\/uploads\/2022\/04\/527161_336854166404955_455137161_n.jpg 810w, https:\/\/vrnjackabanja.co.rs\/wp-content\/uploads\/2022\/04\/527161_336854166404955_455137161_n-300x194.jpg 300w, https:\/\/vrnjackabanja.co.rs\/wp-content\/uploads\/2022\/04\/527161_336854166404955_455137161_n-768x496.jpg 768w\" sizes=\"auto, (max-width: 810px) 100vw, 810px\" \/><\/figure>\n\n\n\n<hr class=\"wp-block-separator has-css-opacity\"\/>\n\n\n\n<p>To get to know Vrnja\u010dka Banja &#8211; the queen of spas, it is best to take a walk through the vast and plant-rich Vrnja\u010dka Banja Park. Along the Vrnja\u010dka River, spa promenades are protected by linden trees along almost an entire 2-kilometer length. Desanka Maksimovi\u0107, Ivo Andri\u0107, Maksim Gorki, Danilo Bata Stojkovi\u0107 used to ride these trails, just like millions of tourists and visitors from the world and Serbia.<\/p>\n\n\n\n<p><\/p>\n\n\n\n<figure class=\"wp-block-image size-large\"><img loading=\"lazy\" decoding=\"async\" width=\"1024\" height=\"768\" src=\"https:\/\/vrnjackabanja.co.rs\/wp-content\/uploads\/2021\/12\/122084537_1791485091007195_91637315418917604_n-1024x768.jpg\" alt=\"\" class=\"wp-image-491\" srcset=\"https:\/\/vrnjackabanja.co.rs\/wp-content\/uploads\/2021\/12\/122084537_1791485091007195_91637315418917604_n-1024x768.jpg 1024w, https:\/\/vrnjackabanja.co.rs\/wp-content\/uploads\/2021\/12\/122084537_1791485091007195_91637315418917604_n-300x225.jpg 300w, https:\/\/vrnjackabanja.co.rs\/wp-content\/uploads\/2021\/12\/122084537_1791485091007195_91637315418917604_n-768x576.jpg 768w, https:\/\/vrnjackabanja.co.rs\/wp-content\/uploads\/2021\/12\/122084537_1791485091007195_91637315418917604_n-1536x1152.jpg 1536w, https:\/\/vrnjackabanja.co.rs\/wp-content\/uploads\/2021\/12\/122084537_1791485091007195_91637315418917604_n.jpg 1905w\" sizes=\"auto, (max-width: 1024px) 100vw, 1024px\" \/><\/figure>\n\n\n\n<p><\/p>\n\n\n\n<p>Everything is where it has to be, decorated with care and love, so if you have ever had any prejudices towards Vrnja\u010dka Banja, a couple of hour walk will be enough to see this place with completely different eyes. <\/p>\n\n\n\n<p>Only when you visit the area with your eyes wide open, enjoying the silence and the sounds of nature, will you assure yourself of every epithet that adorns Vrnja\u010dka Banja.<\/p>\n\n\n\n<p><\/p>\n\n\n\n<figure class=\"wp-block-gallery has-nested-images columns-default is-cropped wp-block-gallery-1 is-layout-flex wp-block-gallery-is-layout-flex\">\n<figure class=\"wp-block-image size-full\"><img loading=\"lazy\" decoding=\"async\" width=\"640\" height=\"960\" data-id=\"753\" src=\"https:\/\/vrnjackabanja.co.rs\/wp-content\/uploads\/2022\/02\/banja.jpg\" alt=\"\" class=\"wp-image-753\" srcset=\"https:\/\/vrnjackabanja.co.rs\/wp-content\/uploads\/2022\/02\/banja.jpg 640w, https:\/\/vrnjackabanja.co.rs\/wp-content\/uploads\/2022\/02\/banja-200x300.jpg 200w\" sizes=\"auto, (max-width: 640px) 100vw, 640px\" \/><\/figure>\n\n\n\n<figure class=\"wp-block-image size-large\"><img loading=\"lazy\" decoding=\"async\" width=\"1707\" height=\"2560\" data-id=\"844\" src=\"https:\/\/vrnjackabanja.co.rs\/wp-content\/uploads\/2022\/02\/MMP_4249-Copy-scaled.jpg\" alt=\"\" class=\"wp-image-844\" srcset=\"https:\/\/vrnjackabanja.co.rs\/wp-content\/uploads\/2022\/02\/MMP_4249-Copy-scaled.jpg 1707w, https:\/\/vrnjackabanja.co.rs\/wp-content\/uploads\/2022\/02\/MMP_4249-Copy-200x300.jpg 200w, https:\/\/vrnjackabanja.co.rs\/wp-content\/uploads\/2022\/02\/MMP_4249-Copy-683x1024.jpg 683w, https:\/\/vrnjackabanja.co.rs\/wp-content\/uploads\/2022\/02\/MMP_4249-Copy-768x1152.jpg 768w, https:\/\/vrnjackabanja.co.rs\/wp-content\/uploads\/2022\/02\/MMP_4249-Copy-1024x1536.jpg 1024w, https:\/\/vrnjackabanja.co.rs\/wp-content\/uploads\/2022\/02\/MMP_4249-Copy-1365x2048.jpg 1365w\" sizes=\"auto, (max-width: 1707px) 100vw, 1707px\" \/><\/figure>\n<\/figure>\n\n\n\n<p><\/p>\n\n\n\n<h4 class=\"wp-block-heading\">Vrnja\u010dka Banja Tree Lines<\/h4>\n\n\n\n<p><\/p>\n\n\n\n<p>The tree lines of Vrnja\u010dka Banja stretching from the &#8220;Sne\u017enik&#8221; mineral spring, next to the hot water, to the confluence of the Lipova\u010dka and Vrnja\u010dka River, with one arm separating towards the &#8220;Slatina&#8221; spring, are a special tourist offer attraction. They were phase-planted from 1892 to 1923. The main tree line is 1.5 km long and consists mainly of three linden species with 902 trees.<\/p>\n\n\n\n<p><\/p>\n\n\n\n<figure class=\"wp-block-image size-large\"><img loading=\"lazy\" decoding=\"async\" width=\"1024\" height=\"683\" src=\"https:\/\/vrnjackabanja.co.rs\/wp-content\/uploads\/2022\/02\/44495422_1164869057002138_3102536142424113152_n-1024x683.jpg\" alt=\"\" class=\"wp-image-786\" srcset=\"https:\/\/vrnjackabanja.co.rs\/wp-content\/uploads\/2022\/02\/44495422_1164869057002138_3102536142424113152_n-1024x683.jpg 1024w, https:\/\/vrnjackabanja.co.rs\/wp-content\/uploads\/2022\/02\/44495422_1164869057002138_3102536142424113152_n-300x200.jpg 300w, https:\/\/vrnjackabanja.co.rs\/wp-content\/uploads\/2022\/02\/44495422_1164869057002138_3102536142424113152_n-768x512.jpg 768w, https:\/\/vrnjackabanja.co.rs\/wp-content\/uploads\/2022\/02\/44495422_1164869057002138_3102536142424113152_n-1536x1024.jpg 1536w, https:\/\/vrnjackabanja.co.rs\/wp-content\/uploads\/2022\/02\/44495422_1164869057002138_3102536142424113152_n.jpg 2048w\" sizes=\"auto, (max-width: 1024px) 100vw, 1024px\" \/><\/figure>\n\n\n\n<p><\/p>\n\n\n\n<p>The park greenery comprises coniferous and deciduous trees: lindens, oaks, wild chestnuts, ash, plane trees, maples, firs, black pines; rare exotic tree species: Canadian and blue spruce, Yezo spruce, weeping willow, Japanese cherry, etc., as well as numerous coniferous and deciduous shrubs species. <\/p>\n\n\n\n<p>Lush vegetation fills the parks of Vrnja\u010dka Banja with intoxicating scents and shade, making it always pleasant for a walk, fresh during the summer months, and fabulously snowy in winter.<\/p>\n\n\n\n<p><\/p>\n\n\n\n<figure class=\"wp-block-gallery has-nested-images columns-default is-cropped wp-block-gallery-2 is-layout-flex wp-block-gallery-is-layout-flex\">\n<figure class=\"wp-block-image size-large\"><img loading=\"lazy\" decoding=\"async\" width=\"1840\" height=\"1228\" data-id=\"485\" src=\"https:\/\/vrnjackabanja.co.rs\/wp-content\/uploads\/2022\/02\/127169527_1825002644322106_4985922833651901668_n.jpg\" alt=\"\" class=\"wp-image-485\" srcset=\"https:\/\/vrnjackabanja.co.rs\/wp-content\/uploads\/2022\/02\/127169527_1825002644322106_4985922833651901668_n.jpg 1840w, https:\/\/vrnjackabanja.co.rs\/wp-content\/uploads\/2022\/02\/127169527_1825002644322106_4985922833651901668_n-300x200.jpg 300w, https:\/\/vrnjackabanja.co.rs\/wp-content\/uploads\/2022\/02\/127169527_1825002644322106_4985922833651901668_n-1024x683.jpg 1024w, https:\/\/vrnjackabanja.co.rs\/wp-content\/uploads\/2022\/02\/127169527_1825002644322106_4985922833651901668_n-768x513.jpg 768w, https:\/\/vrnjackabanja.co.rs\/wp-content\/uploads\/2022\/02\/127169527_1825002644322106_4985922833651901668_n-1536x1025.jpg 1536w\" sizes=\"auto, (max-width: 1840px) 100vw, 1840px\" \/><\/figure>\n<\/figure>\n\n\n\n<p><\/p>\n\n\n\n<h4 class=\"wp-block-heading\">Flower gardens<\/h4>\n\n\n\n<p><\/p>\n\n\n\n<figure class=\"wp-block-image size-full\"><img decoding=\"async\" src=\"https:\/\/vrnjackabanja.co.rs\/wp-content\/uploads\/2022\/08\/0V0A7082-min-1-scaled.jpg\" alt=\"\" class=\"wp-image-8708\"\/><\/figure>\n\n\n\n<p>A unique park feature is flower gardens, or flower carpets and mosaic flower beds with written messages. Various tropical grasses, geraniums, marigolds, begonias, etc., grow in the gardens on a total area under flowers of 1630 m<sup>2<\/sup>.<\/p>\n\n\n\n<p><\/p>\n\n\n\n<figure class=\"wp-block-image size-large\"><img loading=\"lazy\" decoding=\"async\" width=\"1024\" height=\"683\" src=\"https:\/\/vrnjackabanja.co.rs\/wp-content\/uploads\/2021\/12\/MMP_6357-Copy-1024x683.jpg\" alt=\"\" class=\"wp-image-497\" srcset=\"https:\/\/vrnjackabanja.co.rs\/wp-content\/uploads\/2021\/12\/MMP_6357-Copy-1024x683.jpg 1024w, https:\/\/vrnjackabanja.co.rs\/wp-content\/uploads\/2021\/12\/MMP_6357-Copy-300x200.jpg 300w, https:\/\/vrnjackabanja.co.rs\/wp-content\/uploads\/2021\/12\/MMP_6357-Copy-768x513.jpg 768w, https:\/\/vrnjackabanja.co.rs\/wp-content\/uploads\/2021\/12\/MMP_6357-Copy-1536x1025.jpg 1536w, https:\/\/vrnjackabanja.co.rs\/wp-content\/uploads\/2021\/12\/MMP_6357-Copy-2048x1367.jpg 2048w\" sizes=\"auto, (max-width: 1024px) 100vw, 1024px\" \/><\/figure>\n\n\n\n<p><\/p>\n\n\n\n<p>Within the park, there is also the Roman spring, the Music Pavilion, numerous fountains, as well as sculptures by our and foreign authors. <\/p>\n\n\n\n<p><\/p>\n\n\n<div class=\"wp-block-image\">\n<figure class=\"aligncenter size-large\"><img loading=\"lazy\" decoding=\"async\" width=\"683\" height=\"1024\" src=\"https:\/\/vrnjackabanja.co.rs\/wp-content\/uploads\/2026\/03\/MMP_0565-Copy-683x1024.jpg\" alt=\"\" class=\"wp-image-12166\" srcset=\"https:\/\/vrnjackabanja.co.rs\/wp-content\/uploads\/2026\/03\/MMP_0565-Copy-683x1024.jpg 683w, https:\/\/vrnjackabanja.co.rs\/wp-content\/uploads\/2026\/03\/MMP_0565-Copy-200x300.jpg 200w, https:\/\/vrnjackabanja.co.rs\/wp-content\/uploads\/2026\/03\/MMP_0565-Copy-768x1152.jpg 768w, https:\/\/vrnjackabanja.co.rs\/wp-content\/uploads\/2026\/03\/MMP_0565-Copy-1024x1536.jpg 1024w, https:\/\/vrnjackabanja.co.rs\/wp-content\/uploads\/2026\/03\/MMP_0565-Copy-1365x2048.jpg 1365w, https:\/\/vrnjackabanja.co.rs\/wp-content\/uploads\/2026\/03\/MMP_0565-Copy-scaled.jpg 1707w\" sizes=\"auto, (max-width: 683px) 100vw, 683px\" \/><\/figure>\n<\/div>\n\n\n<p>Forty-five sculptures along the Vrnja\u010dka riverbed are contemporary works by Yugoslav and world-famous sculptors created after the 1965 Open Air Sculpture Symposium.<\/p>\n\n\n\n<p><\/p>\n\n\n\n<figure class=\"wp-block-gallery has-nested-images columns-2 is-cropped wp-block-gallery-3 is-layout-flex wp-block-gallery-is-layout-flex\">\n<figure class=\"wp-block-image size-full\"><img loading=\"lazy\" decoding=\"async\" width=\"720\" height=\"480\" data-id=\"1563\" src=\"https:\/\/vrnjackabanja.co.rs\/wp-content\/uploads\/2022\/02\/2794.jpg\" alt=\"\" class=\"wp-image-1563\" srcset=\"https:\/\/vrnjackabanja.co.rs\/wp-content\/uploads\/2022\/02\/2794.jpg 720w, https:\/\/vrnjackabanja.co.rs\/wp-content\/uploads\/2022\/02\/2794-300x200.jpg 300w\" sizes=\"auto, (max-width: 720px) 100vw, 720px\" \/><figcaption class=\"wp-element-caption\">\u010cesma u parku i skluptura Kentaur Ernesta Neizvestnog<\/figcaption><\/figure>\n\n\n\n<figure class=\"wp-block-image size-large\"><img loading=\"lazy\" decoding=\"async\" width=\"683\" height=\"1024\" data-id=\"1566\" src=\"https:\/\/vrnjackabanja.co.rs\/wp-content\/uploads\/2022\/02\/MMP_6091-1-683x1024.jpg\" alt=\"\" class=\"wp-image-1566\" srcset=\"https:\/\/vrnjackabanja.co.rs\/wp-content\/uploads\/2022\/02\/MMP_6091-1-683x1024.jpg 683w, https:\/\/vrnjackabanja.co.rs\/wp-content\/uploads\/2022\/02\/MMP_6091-1-200x300.jpg 200w, https:\/\/vrnjackabanja.co.rs\/wp-content\/uploads\/2022\/02\/MMP_6091-1-768x1152.jpg 768w, https:\/\/vrnjackabanja.co.rs\/wp-content\/uploads\/2022\/02\/MMP_6091-1-1024x1536.jpg 1024w, https:\/\/vrnjackabanja.co.rs\/wp-content\/uploads\/2022\/02\/MMP_6091-1-1365x2048.jpg 1365w, https:\/\/vrnjackabanja.co.rs\/wp-content\/uploads\/2022\/02\/MMP_6091-1-scaled.jpg 1707w\" sizes=\"auto, (max-width: 683px) 100vw, 683px\" \/><figcaption class=\"wp-element-caption\">Skluptura Kupa\u010dica ili Labudova smrt Matije Vukovi\u0107a<\/figcaption><\/figure>\n<\/figure>\n\n\n\n<p><\/p>\n\n\n\n<p><\/p>\n\n\n\n<h4 class=\"wp-block-heading\">&#8220;Crni Bor&#8221; Natural Monument<\/h4>\n\n\n\n<p><\/p>\n\n\n\n<p>Crni Bor is located in the central park, on the right side of the Vrnja\u010dka River, across from the former Hotel Srbija. The tree is 35 m high, with a 17 m diameter crown. The tree is around 200 years old and relates to the Vrnja\u010dka Banja legend about the tragic fate of a Serbian man and a young Muslim girl who sacrificed their lives for love..<\/p>\n\n\n<div class=\"wp-block-image\">\n<figure class=\"aligncenter size-large\"><img loading=\"lazy\" decoding=\"async\" width=\"858\" height=\"1282\" src=\"https:\/\/vrnjackabanja.co.rs\/wp-content\/uploads\/2022\/03\/Copy-of-DSC_0919_15110-edited.jpg\" alt=\"\" class=\"wp-image-1926\" srcset=\"https:\/\/vrnjackabanja.co.rs\/wp-content\/uploads\/2022\/03\/Copy-of-DSC_0919_15110-edited.jpg 858w, https:\/\/vrnjackabanja.co.rs\/wp-content\/uploads\/2022\/03\/Copy-of-DSC_0919_15110-edited-201x300.jpg 201w, https:\/\/vrnjackabanja.co.rs\/wp-content\/uploads\/2022\/03\/Copy-of-DSC_0919_15110-edited-685x1024.jpg 685w, https:\/\/vrnjackabanja.co.rs\/wp-content\/uploads\/2022\/03\/Copy-of-DSC_0919_15110-edited-768x1148.jpg 768w\" sizes=\"auto, (max-width: 858px) 100vw, 858px\" \/><figcaption class=\"wp-element-caption\">Crni Bor <\/figcaption><\/figure>\n<\/div>\n\n\n<h4 class=\"wp-block-heading\"> Japanese Garden<\/h4>\n\n\n\n<p><\/p>\n\n\n\n<p>The Japanese Garden is also located within the Vrnja\u010dka Banja Park. The Japanese Garden was built in 2011 with a donation from Japan and local government funds.<\/p>\n\n\n\n<p><\/p>\n\n\n\n<figure class=\"wp-block-image size-large\"><img loading=\"lazy\" decoding=\"async\" width=\"1024\" height=\"682\" src=\"https:\/\/vrnjackabanja.co.rs\/wp-content\/uploads\/2026\/04\/Prol_mart_050-1024x682.jpg\" alt=\"\" class=\"wp-image-12225\" srcset=\"https:\/\/vrnjackabanja.co.rs\/wp-content\/uploads\/2026\/04\/Prol_mart_050-1024x682.jpg 1024w, https:\/\/vrnjackabanja.co.rs\/wp-content\/uploads\/2026\/04\/Prol_mart_050-300x200.jpg 300w, https:\/\/vrnjackabanja.co.rs\/wp-content\/uploads\/2026\/04\/Prol_mart_050-768x511.jpg 768w, https:\/\/vrnjackabanja.co.rs\/wp-content\/uploads\/2026\/04\/Prol_mart_050-1536x1022.jpg 1536w, https:\/\/vrnjackabanja.co.rs\/wp-content\/uploads\/2026\/04\/Prol_mart_050.jpg 1920w\" sizes=\"auto, (max-width: 1024px) 100vw, 1024px\" \/><\/figure>\n\n\n\n<p><\/p>\n\n\n\n<p>It spreads over 3,000 square meters. It enriched Vrnja\u010dka Banja Park with new cultural content. It conjures up the culture of Japanese people for the visitors and enriches the plant material of the spa park with plants arranged in different horticultural styles. The garden core is a small lake with an island, a gazebo, and a small cascading waterfall and a bridge on the hill. This is the second Japanese garden in Serbia; the first is in Belgrade.<\/p>\n\n\n<div class=\"wp-block-image\">\n<figure class=\"aligncenter size-full\"><img loading=\"lazy\" decoding=\"async\" width=\"639\" height=\"960\" src=\"https:\/\/vrnjackabanja.co.rs\/wp-content\/uploads\/2026\/03\/Prolece_22-1.jpg\" alt=\"\" class=\"wp-image-12191\" srcset=\"https:\/\/vrnjackabanja.co.rs\/wp-content\/uploads\/2026\/03\/Prolece_22-1.jpg 639w, https:\/\/vrnjackabanja.co.rs\/wp-content\/uploads\/2026\/03\/Prolece_22-1-200x300.jpg 200w\" sizes=\"auto, (max-width: 639px) 100vw, 639px\" \/><\/figure>\n<\/div>\n\n\n<hr class=\"wp-block-separator has-css-opacity\"\/>\n\n\n\n<p><\/p>\n\n\n\n<h4 class=\"wp-block-heading\">Alley of Vrnja\u010dka Banja Giants<\/h4>\n\n\n\n<p><\/p>\n\n\n\n<figure class=\"wp-block-image size-large\"><img loading=\"lazy\" decoding=\"async\" width=\"1024\" height=\"683\" src=\"https:\/\/vrnjackabanja.co.rs\/wp-content\/uploads\/2022\/04\/MMP_6925-Copy-1024x683.jpg\" alt=\"\" class=\"wp-image-2629\" srcset=\"https:\/\/vrnjackabanja.co.rs\/wp-content\/uploads\/2022\/04\/MMP_6925-Copy-1024x683.jpg 1024w, https:\/\/vrnjackabanja.co.rs\/wp-content\/uploads\/2022\/04\/MMP_6925-Copy-300x200.jpg 300w, https:\/\/vrnjackabanja.co.rs\/wp-content\/uploads\/2022\/04\/MMP_6925-Copy-768x512.jpg 768w, https:\/\/vrnjackabanja.co.rs\/wp-content\/uploads\/2022\/04\/MMP_6925-Copy-1536x1024.jpg 1536w, https:\/\/vrnjackabanja.co.rs\/wp-content\/uploads\/2022\/04\/MMP_6925-Copy-2048x1365.jpg 2048w\" sizes=\"auto, (max-width: 1024px) 100vw, 1024px\" \/><\/figure>\n\n\n\n<p><\/p>\n\n\n\n<p>In the Central Spa Park, in the area between the two fountains, there is the Alley of Vrnja\u010dka Banja Giants. It accommodates busts erected to the deserving citizens of Vrnja\u010dka Banja, including Dr. Du\u0161an Radi\u0107, Miodrag B. Proti\u0107, Vladeta Vukovi\u0107, Jovan Miodragovi\u0107\u2026<\/p>\n\n\n\n<p><\/p>\n\n\n\n<figure class=\"wp-block-gallery has-nested-images columns-2 is-cropped wp-block-gallery-4 is-layout-flex wp-block-gallery-is-layout-flex\">\n<figure class=\"wp-block-image size-full\"><img loading=\"lazy\" decoding=\"async\" width=\"720\" height=\"480\" data-id=\"1939\" src=\"https:\/\/vrnjackabanja.co.rs\/wp-content\/uploads\/2022\/03\/2129.jpg\" alt=\"\" class=\"wp-image-1939\" srcset=\"https:\/\/vrnjackabanja.co.rs\/wp-content\/uploads\/2022\/03\/2129.jpg 720w, https:\/\/vrnjackabanja.co.rs\/wp-content\/uploads\/2022\/03\/2129-300x200.jpg 300w\" sizes=\"auto, (max-width: 720px) 100vw, 720px\" \/><\/figure>\n\n\n\n<figure class=\"wp-block-image size-full\"><img loading=\"lazy\" decoding=\"async\" width=\"720\" height=\"480\" data-id=\"1940\" src=\"https:\/\/vrnjackabanja.co.rs\/wp-content\/uploads\/2022\/03\/2132.jpg\" alt=\"\" class=\"wp-image-1940\" srcset=\"https:\/\/vrnjackabanja.co.rs\/wp-content\/uploads\/2022\/03\/2132.jpg 720w, https:\/\/vrnjackabanja.co.rs\/wp-content\/uploads\/2022\/03\/2132-300x200.jpg 300w\" sizes=\"auto, (max-width: 720px) 100vw, 720px\" \/><\/figure>\n\n\n\n<figure class=\"wp-block-image size-large\"><img loading=\"lazy\" decoding=\"async\" width=\"1024\" height=\"768\" data-id=\"1938\" src=\"https:\/\/vrnjackabanja.co.rs\/wp-content\/uploads\/2022\/03\/DJI_0212-1024x768.jpg\" alt=\"\" class=\"wp-image-1938\" srcset=\"https:\/\/vrnjackabanja.co.rs\/wp-content\/uploads\/2022\/03\/DJI_0212-1024x768.jpg 1024w, https:\/\/vrnjackabanja.co.rs\/wp-content\/uploads\/2022\/03\/DJI_0212-300x225.jpg 300w, https:\/\/vrnjackabanja.co.rs\/wp-content\/uploads\/2022\/03\/DJI_0212-768x576.jpg 768w, https:\/\/vrnjackabanja.co.rs\/wp-content\/uploads\/2022\/03\/DJI_0212-1536x1152.jpg 1536w, https:\/\/vrnjackabanja.co.rs\/wp-content\/uploads\/2022\/03\/DJI_0212-2048x1536.jpg 2048w\" sizes=\"auto, (max-width: 1024px) 100vw, 1024px\" \/><\/figure>\n<\/figure>\n\n\n\n<hr class=\"wp-block-separator has-css-opacity\"\/>\n\n\n\n<h4 class=\"wp-block-heading\">Park of Remembrance<\/h4>\n\n\n\n<p><\/p>\n\n\n\n<p>Thanks to the association &#8220;Danilo Bata Stojkovi\u0107&#8221;, many Serbian actors who are no longer among us got a park in the center of Vrnja\u010dka Banja where various trees keep the memory of the doyens of acting who were adored by the audience. The park is located next to the Church of the Most Holy Mother of God of the Life-Giving Spring.<\/p>\n\n\n\n<figure class=\"wp-block-image size-full\"><img loading=\"lazy\" decoding=\"async\" width=\"906\" height=\"513\" src=\"https:\/\/vrnjackabanja.co.rs\/wp-content\/uploads\/2022\/03\/126719_vrnjacka-banja-dani-bate-stojkovica-011108-2021-foto-goran-sljivic_f.jpg\" alt=\"\" class=\"wp-image-1988\" srcset=\"https:\/\/vrnjackabanja.co.rs\/wp-content\/uploads\/2022\/03\/126719_vrnjacka-banja-dani-bate-stojkovica-011108-2021-foto-goran-sljivic_f.jpg 906w, https:\/\/vrnjackabanja.co.rs\/wp-content\/uploads\/2022\/03\/126719_vrnjacka-banja-dani-bate-stojkovica-011108-2021-foto-goran-sljivic_f-300x170.jpg 300w, https:\/\/vrnjackabanja.co.rs\/wp-content\/uploads\/2022\/03\/126719_vrnjacka-banja-dani-bate-stojkovica-011108-2021-foto-goran-sljivic_f-768x435.jpg 768w\" sizes=\"auto, (max-width: 906px) 100vw, 906px\" \/><\/figure>\n\n\n\n<hr class=\"wp-block-separator has-css-opacity\"\/>\n\n\n\n<h4 class=\"wp-block-heading\">Children&#8217;s park<\/h4>\n\n\n\n<p><\/p>\n\n\n\n<figure class=\"wp-block-image size-full\"><img loading=\"lazy\" decoding=\"async\" width=\"1024\" height=\"683\" src=\"https:\/\/vrnjackabanja.co.rs\/wp-content\/uploads\/2022\/04\/MMP_8221-1024x683-1.jpg\" alt=\"\" class=\"wp-image-2628\" srcset=\"https:\/\/vrnjackabanja.co.rs\/wp-content\/uploads\/2022\/04\/MMP_8221-1024x683-1.jpg 1024w, https:\/\/vrnjackabanja.co.rs\/wp-content\/uploads\/2022\/04\/MMP_8221-1024x683-1-300x200.jpg 300w, https:\/\/vrnjackabanja.co.rs\/wp-content\/uploads\/2022\/04\/MMP_8221-1024x683-1-768x512.jpg 768w\" sizes=\"auto, (max-width: 1024px) 100vw, 1024px\" \/><\/figure>\n\n\n\n<p><\/p>\n\n\n\n<p>Within the central park, there is also a children&#8217;s park with numerous props for play: climbers, swings, seesaws, and slides.<\/p>\n\n\n\n<p><\/p>\n\n\n\n<figure class=\"wp-block-image size-large\"><img loading=\"lazy\" decoding=\"async\" width=\"1024\" height=\"683\" src=\"https:\/\/vrnjackabanja.co.rs\/wp-content\/uploads\/2022\/03\/MMP_8319-1024x683.jpg\" alt=\"\" class=\"wp-image-1879\" srcset=\"https:\/\/vrnjackabanja.co.rs\/wp-content\/uploads\/2022\/03\/MMP_8319-1024x683.jpg 1024w, https:\/\/vrnjackabanja.co.rs\/wp-content\/uploads\/2022\/03\/MMP_8319-300x200.jpg 300w, https:\/\/vrnjackabanja.co.rs\/wp-content\/uploads\/2022\/03\/MMP_8319-768x512.jpg 768w, https:\/\/vrnjackabanja.co.rs\/wp-content\/uploads\/2022\/03\/MMP_8319-1536x1024.jpg 1536w, https:\/\/vrnjackabanja.co.rs\/wp-content\/uploads\/2022\/03\/MMP_8319-2048x1365.jpg 2048w\" sizes=\"auto, (max-width: 1024px) 100vw, 1024px\" \/><\/figure>\n\n\n\n<hr class=\"wp-block-separator has-css-opacity\"\/>\n\n\n\n<p><\/p>\n\n\n\n<h4 class=\"wp-block-heading\">Adventure park<\/h4>\n\n\n\n<p><\/p>\n\n\n\n<p>Experience an unforgettable adventure in our adventure park located near the Music Pavilion. The adventure park is fitted with nine interesting obstacles that will activate your body, increase concentration and entertain you. There are also professional equipment and certified operators to keep the experience safe.<\/p>\n\n\n\n<p>The adventure park can be used by anyone who wishes and is at least 115 cm tall. There is always the popular zip line for our little ones who do not meet the height requirements.<\/p>\n\n\n\n<figure class=\"wp-block-embed is-type-wp-embed is-provider-family-adventure wp-block-embed-family-adventure\"><div class=\"wp-block-embed__wrapper\">\n<blockquote class=\"wp-embedded-content\" data-secret=\"GgwJP3KQls\"><a href=\"https:\/\/www.avanturistickicentar.com\/avantura-park\/\">Avantura park<\/a><\/blockquote><iframe loading=\"lazy\" class=\"wp-embedded-content\" sandbox=\"allow-scripts\" security=\"restricted\" style=\"position: absolute; visibility: hidden;\" title=\"&#8220;Avantura park&#8221; &#8212; Family adventure\" src=\"https:\/\/www.avanturistickicentar.com\/avantura-park\/embed\/#?secret=31lKcRceDT#?secret=GgwJP3KQls\" data-secret=\"GgwJP3KQls\" width=\"500\" height=\"282\" frameborder=\"0\" marginwidth=\"0\" marginheight=\"0\" scrolling=\"no\"><\/iframe>\n<\/div><\/figure>\n","protected":false},"excerpt":{"rendered":"<p>Almost all spas in Serbia had, and still have, a clearly defined dual structure rich in contrast. The area around the mineral springs and baths was arranged as a spa [&hellip;]<\/p>\n","protected":false},"author":1,"featured_media":9340,"parent":0,"menu_order":0,"comment_status":"closed","ping_status":"closed","template":"","meta":{"_acf_changed":false,"footnotes":""},"class_list":["post-3903","page","type-page","status-publish","has-post-thumbnail","hentry"],"acf":[],"_links":{"self":[{"href":"https:\/\/vrnjackabanja.co.rs\/en\/wp-json\/wp\/v2\/pages\/3903","targetHints":{"allow":["GET"]}}],"collection":[{"href":"https:\/\/vrnjackabanja.co.rs\/en\/wp-json\/wp\/v2\/pages"}],"about":[{"href":"https:\/\/vrnjackabanja.co.rs\/en\/wp-json\/wp\/v2\/types\/page"}],"author":[{"embeddable":true,"href":"https:\/\/vrnjackabanja.co.rs\/en\/wp-json\/wp\/v2\/users\/1"}],"replies":[{"embeddable":true,"href":"https:\/\/vrnjackabanja.co.rs\/en\/wp-json\/wp\/v2\/comments?post=3903"}],"version-history":[{"count":5,"href":"https:\/\/vrnjackabanja.co.rs\/en\/wp-json\/wp\/v2\/pages\/3903\/revisions"}],"predecessor-version":[{"id":12264,"href":"https:\/\/vrnjackabanja.co.rs\/en\/wp-json\/wp\/v2\/pages\/3903\/revisions\/12264"}],"wp:featuredmedia":[{"embeddable":true,"href":"https:\/\/vrnjackabanja.co.rs\/en\/wp-json\/wp\/v2\/media\/9340"}],"wp:attachment":[{"href":"https:\/\/vrnjackabanja.co.rs\/en\/wp-json\/wp\/v2\/media?parent=3903"}],"curies":[{"name":"wp","href":"https:\/\/api.w.org\/{rel}","templated":true}]}}