{"id":3889,"date":"2021-12-08T21:37:28","date_gmt":"2021-12-08T20:37:28","guid":{"rendered":"http:\/\/vrnjackabanja.co.rs\/kultura\/"},"modified":"2022-08-17T10:00:48","modified_gmt":"2022-08-17T08:00:48","slug":"en-culture","status":"publish","type":"page","link":"https:\/\/vrnjackabanja.co.rs\/en\/en-culture\/","title":{"rendered":"Culture"},"content":{"rendered":"\n<p><\/p>\n\n\n\n<p>The Cultural Center of Vrnja\u010dka Banja is a public institution operating in the field of culture. It has a cinema-theater hall and a Castle of Culture with a gallery and museum space. All year round, it organizes top programs in the field of literature, theater, film, television, music, arts, publishing, and museology, namely:<\/p>\n\n\n\n<p><\/p>\n\n\n\n<ul class=\"wp-block-list\"><li>International Classical Music Festival &#8211; In addition to numerous concerts, the International Classical Music Festival includes an educational program with violin and chamber music courses.<\/li><li>Screenplay Festival &#8211; The Screenplay Festival is held on the Vrnja\u010dka Banja Summer Stage every August. A multitude of films has been shown for more than forty years. It all started in 1974 after a debate in the film public, which revealed the fact that screenwriting was the soft spot of domestic film and that the screenplay was not given deserving respect. At the time, there was a &#8220;Yugoslav Feature Film in Action&#8221; event in Banja, with its own expert panel participated by the authors and protagonists. It was, in a way, the cradle of the Festival. Those two facts &#8211; the crisis of screenplays in Yugoslav film and the existence of a film event in Vrnja\u010dka Banja &#8211; were decisive factors in creating a real festival, clearly society-oriented and unique in the world &#8211; the Screenplay Festival. Thus, in August 1977, the &#8220;Yugoslav Feature Film in Action&#8221; (as the first festival was named) grew into a festival event, the panel discussion into a symposium, awards were introduced, bodies were formed, and the Festival was born. The initiators of the Festival were the Cultural Center of Vrnjacka Banja, the Screenwriters Association, and the Film Actors Association. The immediate initiators were Bo\u0161ko Ru\u0111in\u010danin, Miomir Stamenkovi\u0107, Velimir-Bata \u017divojinovi\u0107, Vasiljka Bogi\u0107evi\u0107 and Du\u0161an Perkovi\u0107.<\/li><li>Other cultural events: Events on the Vrnja\u010dka Banja promenade, cultural events, museum exhibitions, theater performances, and film and music festival on the summer stage, are just part of the charm Vrnja\u010dka Banja showers each of its guests with.<\/li><\/ul>\n","protected":false},"excerpt":{"rendered":"<p>The Cultural Center of Vrnja\u010dka Banja is a public institution operating in the field of culture. It has a cinema-theater hall and a Castle of Culture with a gallery and [&hellip;]<\/p>\n","protected":false},"author":1,"featured_media":3890,"parent":0,"menu_order":0,"comment_status":"closed","ping_status":"closed","template":"","meta":{"_acf_changed":false,"footnotes":""},"class_list":["post-3889","page","type-page","status-publish","has-post-thumbnail","hentry"],"acf":[],"_links":{"self":[{"href":"https:\/\/vrnjackabanja.co.rs\/en\/wp-json\/wp\/v2\/pages\/3889","targetHints":{"allow":["GET"]}}],"collection":[{"href":"https:\/\/vrnjackabanja.co.rs\/en\/wp-json\/wp\/v2\/pages"}],"about":[{"href":"https:\/\/vrnjackabanja.co.rs\/en\/wp-json\/wp\/v2\/types\/page"}],"author":[{"embeddable":true,"href":"https:\/\/vrnjackabanja.co.rs\/en\/wp-json\/wp\/v2\/users\/1"}],"replies":[{"embeddable":true,"href":"https:\/\/vrnjackabanja.co.rs\/en\/wp-json\/wp\/v2\/comments?post=3889"}],"version-history":[{"count":5,"href":"https:\/\/vrnjackabanja.co.rs\/en\/wp-json\/wp\/v2\/pages\/3889\/revisions"}],"predecessor-version":[{"id":8350,"href":"https:\/\/vrnjackabanja.co.rs\/en\/wp-json\/wp\/v2\/pages\/3889\/revisions\/8350"}],"wp:featuredmedia":[{"embeddable":true,"href":"https:\/\/vrnjackabanja.co.rs\/en\/wp-json\/wp\/v2\/media\/3890"}],"wp:attachment":[{"href":"https:\/\/vrnjackabanja.co.rs\/en\/wp-json\/wp\/v2\/media?parent=3889"}],"curies":[{"name":"wp","href":"https:\/\/api.w.org\/{rel}","templated":true}]}}