{"id":3657,"date":"2022-01-18T12:28:05","date_gmt":"2022-01-18T11:28:05","guid":{"rendered":"http:\/\/vrnjackabanja.co.rs\/crkve-i-manastiri\/"},"modified":"2022-08-25T10:58:44","modified_gmt":"2022-08-25T08:58:44","slug":"en-churches-and-monasteries","status":"publish","type":"page","link":"https:\/\/vrnjackabanja.co.rs\/en\/en-churches-and-monasteries\/","title":{"rendered":"Churches and monasteries"},"content":{"rendered":"\n<p>There are spiritual healing sites around the spa. These are numerous churches and monasteries in Vrnja\u010dka Banja, as well as in its immediate surroundings. These churches and monasteries, witnesses of our history, are shrines where the entire Serbian past can be felt in a day.<\/p>\n\n\n\n<h2 class=\"wp-block-heading\">Churches:<\/h2>\n\n\n\n<p><strong>Church of the Nativity of the Most Holy Mother of God<\/strong> &#8211; This holy temple was built by Had\u017ei Jeftimije Popovi\u0107, archpriest from Vrnja\u010dka Banja, in 1834, during the reign of Prince Milo\u0161 Obrenovi\u0107. Prota Jeftimije served in this temple for 47 years. He was buried on the temple&#8217;s south side, as indicated by his tombstone.<\/p>\n\n\n<div class=\"wp-block-image\">\n<figure class=\"aligncenter size-large is-resized\"><img loading=\"lazy\" decoding=\"async\" src=\"http:\/\/vrnjackabanja.co.rs\/wp-content\/uploads\/2022\/04\/20200528_151559-1024x768.jpg\" alt=\"\" class=\"wp-image-2924\" width=\"716\" height=\"536\" srcset=\"https:\/\/vrnjackabanja.co.rs\/wp-content\/uploads\/2022\/04\/20200528_151559-1024x768.jpg 1024w, https:\/\/vrnjackabanja.co.rs\/wp-content\/uploads\/2022\/04\/20200528_151559-300x225.jpg 300w, https:\/\/vrnjackabanja.co.rs\/wp-content\/uploads\/2022\/04\/20200528_151559-768x576.jpg 768w, https:\/\/vrnjackabanja.co.rs\/wp-content\/uploads\/2022\/04\/20200528_151559-1536x1152.jpg 1536w, https:\/\/vrnjackabanja.co.rs\/wp-content\/uploads\/2022\/04\/20200528_151559-2048x1536.jpg 2048w\" sizes=\"auto, (max-width: 716px) 100vw, 716px\" \/><\/figure>\n<\/div>\n\n\n<p>On the south side of the temple, there is a memorial plaque to the Serbian warriors (who fought in Thessaloniki), who gave their lives for their religion and the fatherland in the wars of 1912-1918. The iconostasis was donated to the church by Jovan Kujund\u017ei\u0107, a merchant from Belgrade, in 1875. The temple is dedicated to the birth of the Most Holy Mother of God on September 21 (8) &#8211; Nativity of the Theotokos, as evidenced by the beautiful mosaic above the front door. It was extended twice in 1936 and 1973. The current appearance on the west was designed by the late Dr. Dragomir Tadi\u0107, an architect from Belgrade. Summer slava &#8211; the liturgy of Vrnja\u010dka Banja is on July 28 &#8211; Holy Martyrs Cyricus and Julitta.<\/p>\n\n\n<div class=\"wp-block-image\">\n<figure class=\"aligncenter size-large is-resized\"><img loading=\"lazy\" decoding=\"async\" src=\"http:\/\/vrnjackabanja.co.rs\/wp-content\/uploads\/2022\/04\/Vrnjacka-crkva-1917-1024x605.jpg\" alt=\"\" class=\"wp-image-2926\" width=\"735\" height=\"433\" srcset=\"https:\/\/vrnjackabanja.co.rs\/wp-content\/uploads\/2022\/04\/Vrnjacka-crkva-1917-1024x605.jpg 1024w, https:\/\/vrnjackabanja.co.rs\/wp-content\/uploads\/2022\/04\/Vrnjacka-crkva-1917-300x177.jpg 300w, https:\/\/vrnjackabanja.co.rs\/wp-content\/uploads\/2022\/04\/Vrnjacka-crkva-1917-768x454.jpg 768w, https:\/\/vrnjackabanja.co.rs\/wp-content\/uploads\/2022\/04\/Vrnjacka-crkva-1917-1536x907.jpg 1536w, https:\/\/vrnjackabanja.co.rs\/wp-content\/uploads\/2022\/04\/Vrnjacka-crkva-1917.jpg 1556w\" sizes=\"auto, (max-width: 735px) 100vw, 735px\" \/><\/figure>\n<\/div>\n\n\n<hr class=\"wp-block-separator has-css-opacity\"\/>\n\n\n\n<p><strong>The Church of Most Holy Mother of God of the &#8220;Life-Giving Spring&#8221; &#8211; <\/strong>The foundations of the church in the central spa park of Vrnja\u010dka Banja were consecrated in April 2012 by Bishop Chrysostom of Zi\u010da, and the church was completed and finally consecrated in 2020. Architect Dimitrije Lj. Marinkovi\u0107 designed the church.<\/p>\n\n\n<div class=\"wp-block-image\">\n<figure class=\"aligncenter size-large is-resized\"><img loading=\"lazy\" decoding=\"async\" src=\"http:\/\/vrnjackabanja.co.rs\/wp-content\/uploads\/2022\/04\/crkva-1024x768.jpg\" alt=\"\" class=\"wp-image-2583\" width=\"717\" height=\"537\" srcset=\"https:\/\/vrnjackabanja.co.rs\/wp-content\/uploads\/2022\/04\/crkva-1024x768.jpg 1024w, https:\/\/vrnjackabanja.co.rs\/wp-content\/uploads\/2022\/04\/crkva-300x225.jpg 300w, https:\/\/vrnjackabanja.co.rs\/wp-content\/uploads\/2022\/04\/crkva-768x576.jpg 768w, https:\/\/vrnjackabanja.co.rs\/wp-content\/uploads\/2022\/04\/crkva.jpg 1080w\" sizes=\"auto, (max-width: 717px) 100vw, 717px\" \/><figcaption>Crkva \u017divonosni Isto\u010dnik presvete Bogorodice<\/figcaption><\/figure>\n<\/div>\n\n\n<p><\/p>\n\n\n\n<hr class=\"wp-block-separator has-css-opacity\"\/>\n\n\n\n<p><strong>The Church of Saint Sava in Gra\u010dac <\/strong>&#8211; The village of Gra\u010dac in the municipality of Vrnja\u010dka Banja is an ancient village in the Ra\u0161ka District. Material remains found in this village area indicate that the ancient Romans inhabited the area of \u200b\u200btoday&#8217;s Gra\u010dac. The village of Gra\u010dac itself is located on the Go\u010d Mountain, only 4 km from the main road between Vrnja\u010dka Banja and Kraljevo. <\/p>\n\n\n\n<p><\/p>\n\n\n<div class=\"wp-block-image\">\n<figure class=\"aligncenter size-large is-resized\"><img loading=\"lazy\" decoding=\"async\" src=\"http:\/\/vrnjackabanja.co.rs\/wp-content\/uploads\/2022\/04\/58698653_2210926249023431_3955152034751053824_n-1024x605.jpg\" alt=\"\" class=\"wp-image-2931\" width=\"714\" height=\"421\" srcset=\"https:\/\/vrnjackabanja.co.rs\/wp-content\/uploads\/2022\/04\/58698653_2210926249023431_3955152034751053824_n-1024x605.jpg 1024w, https:\/\/vrnjackabanja.co.rs\/wp-content\/uploads\/2022\/04\/58698653_2210926249023431_3955152034751053824_n-300x177.jpg 300w, https:\/\/vrnjackabanja.co.rs\/wp-content\/uploads\/2022\/04\/58698653_2210926249023431_3955152034751053824_n-768x453.jpg 768w, https:\/\/vrnjackabanja.co.rs\/wp-content\/uploads\/2022\/04\/58698653_2210926249023431_3955152034751053824_n-1536x907.jpg 1536w, https:\/\/vrnjackabanja.co.rs\/wp-content\/uploads\/2022\/04\/58698653_2210926249023431_3955152034751053824_n.jpg 2048w\" sizes=\"auto, (max-width: 714px) 100vw, 714px\" \/><\/figure>\n<\/div>\n\n\n<p>According to legend, the local church is the church of St. Sava, built in &#8220;Sava&#8217;s age,&#8221; and Saint Sava himself, with his father Stefan Nemanja, participated in its construction. The church in Gra\u010dac that bears Sava&#8217;s name is dedicated to him. According to legends, the church is even older than Zi\u010da, and in that case, it celebrated 800 years of existence in the late 20th century. The church has suffered a lot throughout history, which is why we do not have accurate data on the time of its creation and its founders. By the early 19th century, only the foundations of this church remained, on which a new church was built in 1812. The parish priest of Gra\u010dac, Radovan \u0160u\u0107urevi\u0107, renovated this church in 1842. Today, the church is under the jurisdiction of the Institute for the Protection of Monuments in Kraljevo. Across the temple is a 1909 primary school that has been renovated and now houses a museum.<\/p>\n\n\n<div class=\"wp-block-image\">\n<figure class=\"aligncenter size-large is-resized\"><img loading=\"lazy\" decoding=\"async\" src=\"http:\/\/vrnjackabanja.co.rs\/wp-content\/uploads\/2022\/04\/82283594_2700131416769576_7979992224572112896_n-1024x576.jpg\" alt=\"\" class=\"wp-image-2933\" width=\"745\" height=\"418\" srcset=\"https:\/\/vrnjackabanja.co.rs\/wp-content\/uploads\/2022\/04\/82283594_2700131416769576_7979992224572112896_n-1024x576.jpg 1024w, https:\/\/vrnjackabanja.co.rs\/wp-content\/uploads\/2022\/04\/82283594_2700131416769576_7979992224572112896_n-300x169.jpg 300w, https:\/\/vrnjackabanja.co.rs\/wp-content\/uploads\/2022\/04\/82283594_2700131416769576_7979992224572112896_n-768x432.jpg 768w, https:\/\/vrnjackabanja.co.rs\/wp-content\/uploads\/2022\/04\/82283594_2700131416769576_7979992224572112896_n-1536x864.jpg 1536w, https:\/\/vrnjackabanja.co.rs\/wp-content\/uploads\/2022\/04\/82283594_2700131416769576_7979992224572112896_n.jpg 2048w\" sizes=\"auto, (max-width: 745px) 100vw, 745px\" \/><\/figure>\n<\/div>\n\n\n<p><\/p>\n\n\n\n<p><\/p>\n\n\n\n<h2 class=\"wp-block-heading\">Monasteries:<\/h2>\n\n\n\n<p><\/p>\n\n\n\n<p><strong>The Monastery of St. Petka in Stubl<\/strong> &#8211;  is 7 km away from Vrnja\u010dka Banja. It is located on the slopes of the Gledi\u0107 Mountains. It is best to reach the monastery by the road leading to the village of Ugljarevo via the West Morava.<\/p>\n\n\n<div class=\"wp-block-image is-style-default\">\n<figure class=\"aligncenter size-full is-resized\"><img loading=\"lazy\" decoding=\"async\" src=\"http:\/\/vrnjackabanja.co.rs\/wp-content\/uploads\/2022\/04\/1-16-730x433-1.jpg\" alt=\"\" class=\"wp-image-2589\" width=\"675\" height=\"400\" srcset=\"https:\/\/vrnjackabanja.co.rs\/wp-content\/uploads\/2022\/04\/1-16-730x433-1.jpg 730w, https:\/\/vrnjackabanja.co.rs\/wp-content\/uploads\/2022\/04\/1-16-730x433-1-300x178.jpg 300w\" sizes=\"auto, (max-width: 675px) 100vw, 675px\" \/><figcaption>Manastir Svete Petke<\/figcaption><\/figure>\n<\/div>\n\n\n<hr class=\"wp-block-separator has-css-opacity\"\/>\n\n\n\n<p><strong>Ljubostinja &#8211; <\/strong>Ljubostinja Monastery is 16 km away from Vrnja\u010dka Banja. The best way to reach the monastery is via Trstenik and the village of Grabovac.<\/p>\n\n\n<div class=\"wp-block-image\">\n<figure class=\"aligncenter size-full is-resized\"><img loading=\"lazy\" decoding=\"async\" src=\"http:\/\/vrnjackabanja.co.rs\/wp-content\/uploads\/2022\/02\/Manastir-Ljubostinja-2.jpg\" alt=\"\" class=\"wp-image-535\" width=\"673\" height=\"503\" srcset=\"https:\/\/vrnjackabanja.co.rs\/wp-content\/uploads\/2022\/02\/Manastir-Ljubostinja-2.jpg 1008w, https:\/\/vrnjackabanja.co.rs\/wp-content\/uploads\/2022\/02\/Manastir-Ljubostinja-2-300x224.jpg 300w, https:\/\/vrnjackabanja.co.rs\/wp-content\/uploads\/2022\/02\/Manastir-Ljubostinja-2-768x574.jpg 768w\" sizes=\"auto, (max-width: 673px) 100vw, 673px\" \/><figcaption>Manastir Ljubostinja<\/figcaption><\/figure>\n<\/div>\n\n\n<p><\/p>\n\n\n\n<hr class=\"wp-block-separator has-css-opacity\"\/>\n\n\n\n<p><strong>Zi\u010da &#8211; <\/strong>Zi\u010da Monastery is 32 km away from Vrnja\u010dka Banja. The best way to reach the monastery is via the road leading to Mataru\u0161ka Banja.<\/p>\n\n\n<div class=\"wp-block-image\">\n<figure class=\"aligncenter size-large is-resized\"><img loading=\"lazy\" decoding=\"async\" src=\"http:\/\/vrnjackabanja.co.rs\/wp-content\/uploads\/2022\/02\/Manastir-Zica-1024x768.jpg\" alt=\"\" class=\"wp-image-537\" width=\"669\" height=\"501\" srcset=\"https:\/\/vrnjackabanja.co.rs\/wp-content\/uploads\/2022\/02\/Manastir-Zica-1024x768.jpg 1024w, https:\/\/vrnjackabanja.co.rs\/wp-content\/uploads\/2022\/02\/Manastir-Zica-300x225.jpg 300w, https:\/\/vrnjackabanja.co.rs\/wp-content\/uploads\/2022\/02\/Manastir-Zica-768x576.jpg 768w, https:\/\/vrnjackabanja.co.rs\/wp-content\/uploads\/2022\/02\/Manastir-Zica-1536x1152.jpg 1536w, https:\/\/vrnjackabanja.co.rs\/wp-content\/uploads\/2022\/02\/Manastir-Zica.jpg 1938w\" sizes=\"auto, (max-width: 669px) 100vw, 669px\" \/><figcaption>Manastir \u017di\u010da<\/figcaption><\/figure>\n<\/div>\n\n\n<hr class=\"wp-block-separator has-css-opacity\"\/>\n\n\n\n<p><strong>Studenica &#8211;<\/strong> Studenica Monastery is 80 km away from Vrnja\u010dka Banja. It is best reached by the road leading through Mataru\u0161ka Banja along the Ibar highway to the settlement of U\u0161\u0107e, from where the road separates towards the monastery.<\/p>\n\n\n<div class=\"wp-block-image\">\n<figure class=\"aligncenter size-full is-resized\"><img loading=\"lazy\" decoding=\"async\" src=\"http:\/\/vrnjackabanja.co.rs\/wp-content\/uploads\/2022\/02\/Manastir-Studenica-1.jpg\" alt=\"\" class=\"wp-image-538\" width=\"669\" height=\"501\" srcset=\"https:\/\/vrnjackabanja.co.rs\/wp-content\/uploads\/2022\/02\/Manastir-Studenica-1.jpg 1024w, https:\/\/vrnjackabanja.co.rs\/wp-content\/uploads\/2022\/02\/Manastir-Studenica-1-300x225.jpg 300w, https:\/\/vrnjackabanja.co.rs\/wp-content\/uploads\/2022\/02\/Manastir-Studenica-1-768x576.jpg 768w\" sizes=\"auto, (max-width: 669px) 100vw, 669px\" \/><figcaption>Manastir Studenica<\/figcaption><\/figure>\n<\/div>\n\n\n<hr class=\"wp-block-separator has-css-opacity\"\/>\n","protected":false},"excerpt":{"rendered":"<p>There are spiritual healing sites around the spa. These are numerous churches and monasteries in Vrnja\u010dka Banja, as well as in its immediate surroundings. These churches and monasteries, witnesses of [&hellip;]<\/p>\n","protected":false},"author":1,"featured_media":3665,"parent":0,"menu_order":0,"comment_status":"closed","ping_status":"closed","template":"","meta":{"_acf_changed":false,"footnotes":""},"class_list":["post-3657","page","type-page","status-publish","has-post-thumbnail","hentry"],"acf":[],"_links":{"self":[{"href":"https:\/\/vrnjackabanja.co.rs\/en\/wp-json\/wp\/v2\/pages\/3657","targetHints":{"allow":["GET"]}}],"collection":[{"href":"https:\/\/vrnjackabanja.co.rs\/en\/wp-json\/wp\/v2\/pages"}],"about":[{"href":"https:\/\/vrnjackabanja.co.rs\/en\/wp-json\/wp\/v2\/types\/page"}],"author":[{"embeddable":true,"href":"https:\/\/vrnjackabanja.co.rs\/en\/wp-json\/wp\/v2\/users\/1"}],"replies":[{"embeddable":true,"href":"https:\/\/vrnjackabanja.co.rs\/en\/wp-json\/wp\/v2\/comments?post=3657"}],"version-history":[{"count":2,"href":"https:\/\/vrnjackabanja.co.rs\/en\/wp-json\/wp\/v2\/pages\/3657\/revisions"}],"predecessor-version":[{"id":7846,"href":"https:\/\/vrnjackabanja.co.rs\/en\/wp-json\/wp\/v2\/pages\/3657\/revisions\/7846"}],"wp:featuredmedia":[{"embeddable":true,"href":"https:\/\/vrnjackabanja.co.rs\/en\/wp-json\/wp\/v2\/media\/3665"}],"wp:attachment":[{"href":"https:\/\/vrnjackabanja.co.rs\/en\/wp-json\/wp\/v2\/media?parent=3657"}],"curies":[{"name":"wp","href":"https:\/\/api.w.org\/{rel}","templated":true}]}}