{"id":3630,"date":"2022-01-18T12:29:07","date_gmt":"2022-01-18T11:29:07","guid":{"rendered":"http:\/\/vrnjackabanja.co.rs\/zdravlje\/"},"modified":"2022-08-18T09:01:01","modified_gmt":"2022-08-18T07:01:01","slug":"en-health","status":"publish","type":"page","link":"https:\/\/vrnjackabanja.co.rs\/en\/en-health\/","title":{"rendered":"Health"},"content":{"rendered":"\n<p><\/p>\n\n\n\n<p>The development of health care in Vrnja\u010dka Banja has a tradition of over 150 years. The first spa doctor who recommended treatment in Vrnja\u010dka Banja to his patients was Josif Pan\u010di\u0107, and the first patient who was treated here in 1860 on his recommendation was Pavle Mutavd\u017ei\u0107, head of the Kru\u0161evac District. <\/p>\n\n\n\n<p>Since then, the natural and balneoclimatological factor Vrnja\u010dka Banja abounds in has been used to treat diabetes, digestive diseases, liver diseases, urinary tract diseases, skin diseases, eye diseases, nervous system diseases, as well as to improve general health.<\/p>\n\n\n\n<p><\/p>\n\n\n\n<figure class=\"wp-block-image size-full\"><img loading=\"lazy\" decoding=\"async\" width=\"1024\" height=\"653\" src=\"http:\/\/vrnjackabanja.co.rs\/wp-content\/uploads\/2022\/08\/slika-3.png\" alt=\"\" class=\"wp-image-8150\" srcset=\"https:\/\/vrnjackabanja.co.rs\/wp-content\/uploads\/2022\/08\/slika-3.png 1024w, https:\/\/vrnjackabanja.co.rs\/wp-content\/uploads\/2022\/08\/slika-3-300x191.png 300w, https:\/\/vrnjackabanja.co.rs\/wp-content\/uploads\/2022\/08\/slika-3-768x490.png 768w\" sizes=\"auto, (max-width: 1024px) 100vw, 1024px\" \/><\/figure>\n\n\n\n<p><\/p>\n\n\n\n<p>From the 1920s, when Vrnja\u010dka Banja received the first major sanatorium, &#8220;Sveti \u0110or\u0111e&#8221;, until today, apart from using mineral water for healing purposes, centers for hospitalization, laboratories and diagnostic centers with state-of-the-art equipment have been developed.<\/p>\n\n\n\n<p> In addition, there is a long tradition of spa doctors who studied at prestigious European universities in Vienna, Graz, Nancy, and Moscow, and today professors of the Faculty of Medicine come to work in Vrnja\u010dka Banja: urologists, gastroenterologists, endocrinologists, cardiologists, radiologists, physiatrists.<\/p>\n\n\n\n<p><\/p>\n\n\n\n<figure class=\"wp-block-image size-full\"><img loading=\"lazy\" decoding=\"async\" width=\"1024\" height=\"659\" src=\"http:\/\/vrnjackabanja.co.rs\/wp-content\/uploads\/2022\/08\/slika-4.png\" alt=\"\" class=\"wp-image-8154\" srcset=\"https:\/\/vrnjackabanja.co.rs\/wp-content\/uploads\/2022\/08\/slika-4.png 1024w, https:\/\/vrnjackabanja.co.rs\/wp-content\/uploads\/2022\/08\/slika-4-300x193.png 300w, https:\/\/vrnjackabanja.co.rs\/wp-content\/uploads\/2022\/08\/slika-4-768x494.png 768w\" sizes=\"auto, (max-width: 1024px) 100vw, 1024px\" \/><\/figure>\n\n\n\n<p><\/p>\n\n\n\n<p>Today, spa treatment is provided at the Special Hospital for the Treatment and Rehabilitation of Digestive System Diseases and Diabetes &#8220;Merkur.&#8221;<\/p>\n\n\n\n<p><\/p>\n\n\n\n<figure class=\"wp-block-image size-full\"><img loading=\"lazy\" decoding=\"async\" width=\"1024\" height=\"660\" src=\"http:\/\/vrnjackabanja.co.rs\/wp-content\/uploads\/2022\/08\/slika-5.png\" alt=\"\" class=\"wp-image-8158\" srcset=\"https:\/\/vrnjackabanja.co.rs\/wp-content\/uploads\/2022\/08\/slika-5.png 1024w, https:\/\/vrnjackabanja.co.rs\/wp-content\/uploads\/2022\/08\/slika-5-300x193.png 300w, https:\/\/vrnjackabanja.co.rs\/wp-content\/uploads\/2022\/08\/slika-5-768x495.png 768w\" sizes=\"auto, (max-width: 1024px) 100vw, 1024px\" \/><\/figure>\n\n\n\n<p><\/p>\n\n\n\n<p>This healthcare institution conducts scientifically verified methods of diagnosis, treatment and rehabilitation, uses professional-methodological and doctrinal criteria and provides preventive, diagnostic, therapeutic and rehabilitation services in outpatient and inpatient settings. <\/p>\n\n\n\n<p>Applying the methods of modern balneotherapy, physical medicine and rehabilitation, this institution for prevention, treatment and rehabilitation treats patients for gastrointestinal, endocrine and metabolic, urologic, respiratory tract, as well as some cardiovascular, gynecological and rheumatic diseases, children diseases indicated for treatment in Vrnja\u010dka Banja and sports medicine diseases.<\/p>\n\n\n\n<p><\/p>\n\n\n<div class=\"wp-block-image\">\n<figure class=\"aligncenter size-full\"><img loading=\"lazy\" decoding=\"async\" width=\"822\" height=\"514\" src=\"http:\/\/vrnjackabanja.co.rs\/wp-content\/uploads\/2022\/04\/Vrnjacaka-banja-sanatorijum-Dr-Zivadinovica_slika_O_35328145-edited.jpg\" alt=\"\" class=\"wp-image-2832\" srcset=\"https:\/\/vrnjackabanja.co.rs\/wp-content\/uploads\/2022\/04\/Vrnjacaka-banja-sanatorijum-Dr-Zivadinovica_slika_O_35328145-edited.jpg 822w, https:\/\/vrnjackabanja.co.rs\/wp-content\/uploads\/2022\/04\/Vrnjacaka-banja-sanatorijum-Dr-Zivadinovica_slika_O_35328145-edited-300x188.jpg 300w, https:\/\/vrnjackabanja.co.rs\/wp-content\/uploads\/2022\/04\/Vrnjacaka-banja-sanatorijum-Dr-Zivadinovica_slika_O_35328145-edited-768x480.jpg 768w\" sizes=\"auto, (max-width: 822px) 100vw, 822px\" \/><\/figure>\n<\/div>\n\n\n<p><\/p>\n","protected":false},"excerpt":{"rendered":"<p>The development of health care in Vrnja\u010dka Banja has a tradition of over 150 years. The first spa doctor who recommended treatment in Vrnja\u010dka Banja to his patients was Josif [&hellip;]<\/p>\n","protected":false},"author":1,"featured_media":3632,"parent":0,"menu_order":0,"comment_status":"closed","ping_status":"closed","template":"","meta":{"_acf_changed":false,"footnotes":""},"class_list":["post-3630","page","type-page","status-publish","has-post-thumbnail","hentry"],"acf":[],"_links":{"self":[{"href":"https:\/\/vrnjackabanja.co.rs\/en\/wp-json\/wp\/v2\/pages\/3630","targetHints":{"allow":["GET"]}}],"collection":[{"href":"https:\/\/vrnjackabanja.co.rs\/en\/wp-json\/wp\/v2\/pages"}],"about":[{"href":"https:\/\/vrnjackabanja.co.rs\/en\/wp-json\/wp\/v2\/types\/page"}],"author":[{"embeddable":true,"href":"https:\/\/vrnjackabanja.co.rs\/en\/wp-json\/wp\/v2\/users\/1"}],"replies":[{"embeddable":true,"href":"https:\/\/vrnjackabanja.co.rs\/en\/wp-json\/wp\/v2\/comments?post=3630"}],"version-history":[{"count":4,"href":"https:\/\/vrnjackabanja.co.rs\/en\/wp-json\/wp\/v2\/pages\/3630\/revisions"}],"predecessor-version":[{"id":8357,"href":"https:\/\/vrnjackabanja.co.rs\/en\/wp-json\/wp\/v2\/pages\/3630\/revisions\/8357"}],"wp:featuredmedia":[{"embeddable":true,"href":"https:\/\/vrnjackabanja.co.rs\/en\/wp-json\/wp\/v2\/media\/3632"}],"wp:attachment":[{"href":"https:\/\/vrnjackabanja.co.rs\/en\/wp-json\/wp\/v2\/media?parent=3630"}],"curies":[{"name":"wp","href":"https:\/\/api.w.org\/{rel}","templated":true}]}}