{"id":3612,"date":"2022-01-18T12:29:24","date_gmt":"2022-01-18T11:29:24","guid":{"rendered":"http:\/\/vrnjackabanja.co.rs\/mineralni-izvori-vb\/"},"modified":"2022-09-12T11:45:29","modified_gmt":"2022-09-12T09:45:29","slug":"en-mineral-springs-vb","status":"publish","type":"page","link":"https:\/\/vrnjackabanja.co.rs\/en\/en-mineral-springs-vb\/","title":{"rendered":"Mineral springs"},"content":{"rendered":"\n<p><\/p>\n\n\n\n<p>Mineral waters contain at their source over 1 gram per liter of solid matter, biologically active microelements, free and soluble gases and have appropriate physical properties: temperature &#8211; thermal and thermal mineral waters, radioactivity, and therefore can be used for therapeutic purposes.<\/p>\n\n\n\n<p><\/p>\n\n\n\n<figure class=\"wp-block-image size-full\"><img loading=\"lazy\" decoding=\"async\" width=\"960\" height=\"960\" src=\"http:\/\/vrnjackabanja.co.rs\/wp-content\/uploads\/2022\/02\/168934323_1929224330566603_2603110527378447161_n-2.jpg\" alt=\"\" class=\"wp-image-624\" srcset=\"https:\/\/vrnjackabanja.co.rs\/wp-content\/uploads\/2022\/02\/168934323_1929224330566603_2603110527378447161_n-2.jpg 960w, https:\/\/vrnjackabanja.co.rs\/wp-content\/uploads\/2022\/02\/168934323_1929224330566603_2603110527378447161_n-2-300x300.jpg 300w, https:\/\/vrnjackabanja.co.rs\/wp-content\/uploads\/2022\/02\/168934323_1929224330566603_2603110527378447161_n-2-150x150.jpg 150w, https:\/\/vrnjackabanja.co.rs\/wp-content\/uploads\/2022\/02\/168934323_1929224330566603_2603110527378447161_n-2-768x768.jpg 768w\" sizes=\"auto, (max-width: 960px) 100vw, 960px\" \/><\/figure>\n\n\n\n<p><\/p>\n\n\n\n<p>Spring location:<\/p>\n\n\n\n<p> Vrnja\u010dka Banja has 7 known mineral water springs: <\/p>\n\n\n\n<ul class=\"wp-block-list\"><li>Hot mineral spring (so-called Topla voda), located in the central spa core, <\/li><li>Sne\u017enik-located in the Vrnja\u010dka River zone, <\/li><li>Slatina in the Lipova\u010dka River zone, Jezero, spring which is located in the spa park halfway Sne\u017enik-Slatina road, <\/li><li>Beli Izvor &#8211; near the confluence of Lipova\u010dki Stream and Lipova\u010dka River, <\/li><li>Borjak &#8211; 700 m from Sne\u017enik upstream the Vrnja\u010dka riverbed, <\/li><li> Vrnja\u010dko Vrelo located halfway the Kraljevo-Kru\u0161evac main road. <\/li><\/ul>\n\n\n\n<p><\/p>\n\n\n\n<p>Of the mentioned springs, four are used for balneotherapy: Topla voda, Sne\u017enik, Slatina and Jezero, while at two mineral water is bottled (Vrnjci water from Topla voda and Vrnja\u010dko Vrelo).<\/p>\n\n\n\n<p>Od ve\u0107 pomenutih izvora za balneolo\u0161ku terapiju se koriste \u010detiri: \u201eTopla voda\u201e, \u201eSne\u017enik\u201d, \u201eSlatina\u201d i \u201eJezero\u201d dok se dve fla\u0161iraju kao stone mineralne vode (Voda Vrnjci i Vrnja\u010dko Vrelo).<\/p>\n\n\n\n<p><\/p>\n\n\n\n<figure class=\"wp-block-image size-full\"><img loading=\"lazy\" decoding=\"async\" width=\"1018\" height=\"637\" src=\"http:\/\/vrnjackabanja.co.rs\/wp-content\/uploads\/2022\/05\/461_001-edited.jpg\" alt=\"\" class=\"wp-image-4713\" srcset=\"https:\/\/vrnjackabanja.co.rs\/wp-content\/uploads\/2022\/05\/461_001-edited.jpg 1018w, https:\/\/vrnjackabanja.co.rs\/wp-content\/uploads\/2022\/05\/461_001-edited-300x188.jpg 300w, https:\/\/vrnjackabanja.co.rs\/wp-content\/uploads\/2022\/05\/461_001-edited-768x481.jpg 768w\" sizes=\"auto, (max-width: 1018px) 100vw, 1018px\" \/><\/figure>\n\n\n\n<hr class=\"wp-block-separator has-css-opacity\"\/>\n\n\n\n<h2 class=\"has-text-align-center wp-block-heading\">Mineral springs \u201eTopla voda\u201d<\/h2>\n\n\n\n<p><\/p>\n\n\n\n<p><strong>Topla voda<\/strong> is the oldest and most famous mineral water spring, which, according to accidental archaeological findings, was known in prehistory, and then used in the Roman period from I to IV century AD. According to a legend, the Turks also used these waters, and with their departure from these areas, the healing springs were buried, because people were fed up with the Turkish oppression. The discovery of mineral water in recent times is related to the healing of the sick horse of parish priest of Vrnja\u010dka, Had\u017ei Jeftimije Popovi\u0107.<\/p>\n\n\n\n<p><\/p>\n\n\n<div class=\"wp-block-image\">\n<figure class=\"aligncenter size-large\"><img loading=\"lazy\" decoding=\"async\" width=\"1024\" height=\"683\" src=\"http:\/\/vrnjackabanja.co.rs\/wp-content\/uploads\/2022\/09\/0V0A7158-min-1024x683.jpg\" alt=\"\" class=\"wp-image-9001\" srcset=\"https:\/\/vrnjackabanja.co.rs\/wp-content\/uploads\/2022\/09\/0V0A7158-min-1024x683.jpg 1024w, https:\/\/vrnjackabanja.co.rs\/wp-content\/uploads\/2022\/09\/0V0A7158-min-300x200.jpg 300w, https:\/\/vrnjackabanja.co.rs\/wp-content\/uploads\/2022\/09\/0V0A7158-min-768x512.jpg 768w, https:\/\/vrnjackabanja.co.rs\/wp-content\/uploads\/2022\/09\/0V0A7158-min-1536x1024.jpg 1536w, https:\/\/vrnjackabanja.co.rs\/wp-content\/uploads\/2022\/09\/0V0A7158-min-2048x1365.jpg 2048w\" sizes=\"auto, (max-width: 1024px) 100vw, 1024px\" \/><\/figure>\n<\/div>\n\n\n<p><\/p>\n\n\n\n<p>Baron Herder did the first chemical analysis in 1835, and with the establishment of the &#8220;Foundation Society of Sour and Hot Water in Vrnjci,&#8221; new capture began. In 1883, Kursalon was erected, and in 1892, the first built bath. After the 1924\u00a0 capture, the pavilion with a central spring and the Thermal Mineral Bath was built. Deep drilling was started in 1932-37 to obtain new water quantities. The new pavilion was erected in 1975. Water belongs to the group of alkaline carbonic acid homeotherms. Its temperature is 36.5 \u00b0C.<\/p>\n\n\n\n<p><\/p>\n\n\n\n<figure class=\"wp-block-image size-large\"><img loading=\"lazy\" decoding=\"async\" width=\"1024\" height=\"683\" src=\"http:\/\/vrnjackabanja.co.rs\/wp-content\/uploads\/2022\/09\/0V0A7747-min-1024x683.jpg\" alt=\"\" class=\"wp-image-9005\" srcset=\"https:\/\/vrnjackabanja.co.rs\/wp-content\/uploads\/2022\/09\/0V0A7747-min-1024x683.jpg 1024w, https:\/\/vrnjackabanja.co.rs\/wp-content\/uploads\/2022\/09\/0V0A7747-min-300x200.jpg 300w, https:\/\/vrnjackabanja.co.rs\/wp-content\/uploads\/2022\/09\/0V0A7747-min-768x512.jpg 768w, https:\/\/vrnjackabanja.co.rs\/wp-content\/uploads\/2022\/09\/0V0A7747-min-1536x1024.jpg 1536w, https:\/\/vrnjackabanja.co.rs\/wp-content\/uploads\/2022\/09\/0V0A7747-min-2048x1365.jpg 2048w\" sizes=\"auto, (max-width: 1024px) 100vw, 1024px\" \/><\/figure>\n\n\n\n<p><\/p>\n\n\n\n<hr class=\"wp-block-separator has-css-opacity\"\/>\n\n\n\n<h2 class=\"has-text-align-center wp-block-heading\">Mineral spring \u201eSne\u017enik\u201d<\/h2>\n\n\n\n<p><\/p>\n\n\n\n<p>Sne\u017enik &#8211; Although the springs of &#8220;Sne\u017enik&#8221; were already known in the late 19th century, they were not used until 1916, when the spring was cleaned after the Austro-Hungarian officers showed interest in it, and a pipe was set up.<\/p>\n\n\n\n<p><\/p>\n\n\n\n<figure class=\"wp-block-image size-large\"><img loading=\"lazy\" decoding=\"async\" width=\"1024\" height=\"766\" src=\"http:\/\/vrnjackabanja.co.rs\/wp-content\/uploads\/2022\/05\/DSCN7857-1024x766.jpg\" alt=\"\" class=\"wp-image-3094\" srcset=\"https:\/\/vrnjackabanja.co.rs\/wp-content\/uploads\/2022\/05\/DSCN7857-1024x766.jpg 1024w, https:\/\/vrnjackabanja.co.rs\/wp-content\/uploads\/2022\/05\/DSCN7857-300x224.jpg 300w, https:\/\/vrnjackabanja.co.rs\/wp-content\/uploads\/2022\/05\/DSCN7857-768x575.jpg 768w, https:\/\/vrnjackabanja.co.rs\/wp-content\/uploads\/2022\/05\/DSCN7857-1536x1149.jpg 1536w, https:\/\/vrnjackabanja.co.rs\/wp-content\/uploads\/2022\/05\/DSCN7857-2048x1532.jpg 2048w\" sizes=\"auto, (max-width: 1024px) 100vw, 1024px\" \/><\/figure>\n\n\n\n<p><\/p>\n\n\n\n<p>With the end of World War I, this water also began to be used for healing. Grateful for the healing, teacher Darinka Cavdarovic Telebakovic arranged the spring and built a fountain in 1920. Increased needs for the water have led to a recapture soon. Pavilions with wooden canopies were erected above the springs. The fountains were below the surrounding terrain level, so people went down to the spring or the girls in charge distributed the water. In 1978\/80, for the needs of the new pavilion, a recapture was done and old pavilions were replaced with a new. Water belongs to alkaline- alkaline earth carbonic acid acrotopegs. Its temperature is 17 \u00b0C.<\/p>\n\n\n\n<hr class=\"wp-block-separator has-css-opacity\"\/>\n\n\n\n<p><\/p>\n\n\n\n<h2 class=\"has-text-align-center wp-block-heading\">Mineral spring \u201eSlatina\u201d<\/h2>\n\n\n\n<p><\/p>\n\n\n\n<p>Slatina &#8211; The &#8220;Slatina&#8221; water has been known since the end of the 19th century, but it wasn&#8217;t captured until 1923 when a pipe was set up. In 1937, it was recaptured and a pavilion was built over the fountain, which received water from a spring called &#8220;Lula,&#8221; while another spring called &#8220;Zid&#8221; was located in the pavilion wall. <\/p>\n\n\n\n<figure class=\"wp-block-image size-full\"><img loading=\"lazy\" decoding=\"async\" width=\"1000\" height=\"638\" src=\"http:\/\/vrnjackabanja.co.rs\/wp-content\/uploads\/2022\/02\/slatina-1.jpg\" alt=\"\" class=\"wp-image-607\" srcset=\"https:\/\/vrnjackabanja.co.rs\/wp-content\/uploads\/2022\/02\/slatina-1.jpg 1000w, https:\/\/vrnjackabanja.co.rs\/wp-content\/uploads\/2022\/02\/slatina-1-300x191.jpg 300w, https:\/\/vrnjackabanja.co.rs\/wp-content\/uploads\/2022\/02\/slatina-1-768x490.jpg 768w\" sizes=\"auto, (max-width: 1000px) 100vw, 1000px\" \/><\/figure>\n\n\n\n<p><\/p>\n\n\n\n<p>From as far back as 1937 to 1978, there were no exploration works at the &#8220;Slatina&#8221; mineral water spring. That year, exploratory boreholes were installed, and in 1984, the newly discovered waters were piped to the old well, where they mixed and flown to three fountains in the newly built pavilion. Water belongs to alkaline-alkaline earth acrotopegs. Its temperature is 14 \u00b0C.<\/p>\n\n\n\n<hr class=\"wp-block-separator has-css-opacity\"\/>\n\n\n\n<p><\/p>\n\n\n\n<h2 class=\"has-text-align-center wp-block-heading\">Mineral spring \u201eJezero\u201d<\/h2>\n\n\n\n<p><\/p>\n\n\n\n<p>Jezero &#8211; On the left side of the Vrnja\u010dka River, in the valley between &#8220;Sne\u017enik&#8221; and &#8220;Slatina&#8221;, next to a small lake, thermomineral water &#8220;Jezero&#8221; was discovered in 1978. A fountain was set up at the spring, and the works continued in 1985, when a new well was built ten meters from the first one. <\/p>\n\n\n\n<p><\/p>\n\n\n\n<figure class=\"wp-block-image size-large\"><img loading=\"lazy\" decoding=\"async\" width=\"1024\" height=\"683\" src=\"http:\/\/vrnjackabanja.co.rs\/wp-content\/uploads\/2021\/12\/izvor-Jezero-3-1024x683.jpg\" alt=\"\" class=\"wp-image-520\" srcset=\"https:\/\/vrnjackabanja.co.rs\/wp-content\/uploads\/2021\/12\/izvor-Jezero-3-1024x683.jpg 1024w, https:\/\/vrnjackabanja.co.rs\/wp-content\/uploads\/2021\/12\/izvor-Jezero-3-300x200.jpg 300w, https:\/\/vrnjackabanja.co.rs\/wp-content\/uploads\/2021\/12\/izvor-Jezero-3-768x512.jpg 768w, https:\/\/vrnjackabanja.co.rs\/wp-content\/uploads\/2021\/12\/izvor-Jezero-3-1536x1024.jpg 1536w, https:\/\/vrnjackabanja.co.rs\/wp-content\/uploads\/2021\/12\/izvor-Jezero-3-2048x1365.jpg 2048w\" sizes=\"auto, (max-width: 1024px) 100vw, 1024px\" \/><\/figure>\n\n\n\n<p><\/p>\n\n\n\n<p>Water was used for a while at the fountain in a wooden glazed pavilion, and then in 1989, a new modern pavilion was built on the pool itself, next to the lake. Water belongs to alkaline-alkaline earth carbonic acid hypotherms. Its temperature is 27 \u00b0C.<\/p>\n\n\n\n<hr class=\"wp-block-separator has-css-opacity\"\/>\n","protected":false},"excerpt":{"rendered":"<p>Mineral waters contain at their source over 1 gram per liter of solid matter, biologically active microelements, free and soluble gases and have appropriate physical properties: temperature &#8211; thermal and [&hellip;]<\/p>\n","protected":false},"author":1,"featured_media":3614,"parent":0,"menu_order":0,"comment_status":"closed","ping_status":"closed","template":"","meta":{"_acf_changed":false,"footnotes":""},"class_list":["post-3612","page","type-page","status-publish","has-post-thumbnail","hentry"],"acf":[],"_links":{"self":[{"href":"https:\/\/vrnjackabanja.co.rs\/en\/wp-json\/wp\/v2\/pages\/3612","targetHints":{"allow":["GET"]}}],"collection":[{"href":"https:\/\/vrnjackabanja.co.rs\/en\/wp-json\/wp\/v2\/pages"}],"about":[{"href":"https:\/\/vrnjackabanja.co.rs\/en\/wp-json\/wp\/v2\/types\/page"}],"author":[{"embeddable":true,"href":"https:\/\/vrnjackabanja.co.rs\/en\/wp-json\/wp\/v2\/users\/1"}],"replies":[{"embeddable":true,"href":"https:\/\/vrnjackabanja.co.rs\/en\/wp-json\/wp\/v2\/comments?post=3612"}],"version-history":[{"count":5,"href":"https:\/\/vrnjackabanja.co.rs\/en\/wp-json\/wp\/v2\/pages\/3612\/revisions"}],"predecessor-version":[{"id":9339,"href":"https:\/\/vrnjackabanja.co.rs\/en\/wp-json\/wp\/v2\/pages\/3612\/revisions\/9339"}],"wp:featuredmedia":[{"embeddable":true,"href":"https:\/\/vrnjackabanja.co.rs\/en\/wp-json\/wp\/v2\/media\/3614"}],"wp:attachment":[{"href":"https:\/\/vrnjackabanja.co.rs\/en\/wp-json\/wp\/v2\/media?parent=3612"}],"curies":[{"name":"wp","href":"https:\/\/api.w.org\/{rel}","templated":true}]}}