{"id":3578,"date":"2022-01-18T12:31:40","date_gmt":"2022-01-18T11:31:40","guid":{"rendered":"http:\/\/vrnjackabanja.co.rs\/ski-staza\/"},"modified":"2022-08-09T12:57:04","modified_gmt":"2022-08-09T10:57:04","slug":"en-ski-run","status":"publish","type":"page","link":"https:\/\/vrnjackabanja.co.rs\/en\/en-mountain-goc\/en-ski-run\/","title":{"rendered":"SKI RUN"},"content":{"rendered":"\n<p><\/p>\n\n\n\n<p>The ski run is a significant tourist offer of Vrnja\u010dka Banja in the winter period and is located on Go\u010d Mountain, 12 kilometers away from the center of Vrnja\u010dka Banja.<\/p>\n\n\n\n<p>It can be reached by a marked paved road. It provides excellent conditions for recreational skiing and organizing ski competitions. During the winter, this ski resort is used by many citizens of Vrnja\u010dka Banja and organized groups and guests of Vrnja\u010dka Banja.<\/p>\n\n\n\n<p>Near the ski run, there are facilities for accommodation and refreshments for skiers.<\/p>\n\n\n\n<p>Organizing transport by minibus from the center of Vrnjacka Banja to the ski run and back is possible.<\/p>\n\n\n\n<figure class=\"wp-block-image size-full\"><img loading=\"lazy\" decoding=\"async\" width=\"1024\" height=\"768\" src=\"http:\/\/vrnjackabanja.co.rs\/wp-content\/uploads\/2021\/12\/ski-staza-1.jpg\" alt=\"\" class=\"wp-image-463\" srcset=\"https:\/\/vrnjackabanja.co.rs\/wp-content\/uploads\/2021\/12\/ski-staza-1.jpg 1024w, https:\/\/vrnjackabanja.co.rs\/wp-content\/uploads\/2021\/12\/ski-staza-1-300x225.jpg 300w, https:\/\/vrnjackabanja.co.rs\/wp-content\/uploads\/2021\/12\/ski-staza-1-768x576.jpg 768w\" sizes=\"auto, (max-width: 1024px) 100vw, 1024px\" \/><figcaption>Ski staza Krst<\/figcaption><\/figure>\n\n\n\n<p>The ski lift was opened on December 20, 1997. It consists of two ski runs and a small ski lift that can be used for training non-skiers and children.<\/p>\n\n\n\n<p>The ski lift is 470 meters long, and the trails are formed from 650-700 meters. The height difference from the power station to the top of the ski lift is 132 meters. There are 36 installed rope tows, and the capacity is 1195 skiers per hour.<\/p>\n\n\n\n<p>For all additional information call: +381 36 641 523<\/p>\n","protected":false},"excerpt":{"rendered":"<p>The ski run is a significant tourist offer of Vrnja\u010dka Banja in the winter period and is located on Go\u010d Mountain, 12 kilometers away from the center of Vrnja\u010dka Banja. [&hellip;]<\/p>\n","protected":false},"author":1,"featured_media":3579,"parent":3986,"menu_order":0,"comment_status":"closed","ping_status":"closed","template":"","meta":{"_acf_changed":false,"footnotes":""},"class_list":["post-3578","page","type-page","status-publish","has-post-thumbnail","hentry"],"acf":[],"_links":{"self":[{"href":"https:\/\/vrnjackabanja.co.rs\/en\/wp-json\/wp\/v2\/pages\/3578","targetHints":{"allow":["GET"]}}],"collection":[{"href":"https:\/\/vrnjackabanja.co.rs\/en\/wp-json\/wp\/v2\/pages"}],"about":[{"href":"https:\/\/vrnjackabanja.co.rs\/en\/wp-json\/wp\/v2\/types\/page"}],"author":[{"embeddable":true,"href":"https:\/\/vrnjackabanja.co.rs\/en\/wp-json\/wp\/v2\/users\/1"}],"replies":[{"embeddable":true,"href":"https:\/\/vrnjackabanja.co.rs\/en\/wp-json\/wp\/v2\/comments?post=3578"}],"version-history":[{"count":2,"href":"https:\/\/vrnjackabanja.co.rs\/en\/wp-json\/wp\/v2\/pages\/3578\/revisions"}],"predecessor-version":[{"id":7891,"href":"https:\/\/vrnjackabanja.co.rs\/en\/wp-json\/wp\/v2\/pages\/3578\/revisions\/7891"}],"up":[{"embeddable":true,"href":"https:\/\/vrnjackabanja.co.rs\/en\/wp-json\/wp\/v2\/pages\/3986"}],"wp:featuredmedia":[{"embeddable":true,"href":"https:\/\/vrnjackabanja.co.rs\/en\/wp-json\/wp\/v2\/media\/3579"}],"wp:attachment":[{"href":"https:\/\/vrnjackabanja.co.rs\/en\/wp-json\/wp\/v2\/media?parent=3578"}],"curies":[{"name":"wp","href":"https:\/\/api.w.org\/{rel}","templated":true}]}}