{"id":3570,"date":"2022-01-18T12:31:58","date_gmt":"2022-01-18T11:31:58","guid":{"rendered":"http:\/\/vrnjackabanja.co.rs\/otkrij-tajne-prirode\/"},"modified":"2022-09-14T14:23:20","modified_gmt":"2022-09-14T12:23:20","slug":"en-discover-the-secrets-of-nature","status":"publish","type":"page","link":"https:\/\/vrnjackabanja.co.rs\/en\/en-mountain-goc\/en-discover-the-secrets-of-nature\/","title":{"rendered":"Discover the secrets of nature"},"content":{"rendered":"\n<p><\/p>\n\n\n\n<h2 class=\"wp-block-heading\">Go\u010d Mountain<\/h2>\n\n\n\n<p><\/p>\n\n\n\n<p>Go\u010d, officially the most forested mountain in Serbia, abounding in flora and fauna, has been attracting lovers of intact nature for decades. Go\u010d is known for the diversity of flora and endemic species and is also considered one of the richest mountains in the Balkans. <\/p>\n\n\n\n<p><\/p>\n\n\n<div class=\"wp-block-image\">\n<figure class=\"aligncenter size-full is-resized\"><img loading=\"lazy\" decoding=\"async\" src=\"http:\/\/vrnjackabanja.co.rs\/wp-content\/uploads\/2022\/02\/45607175_1174723402683370_8825671757600915456_n.jpg\" alt=\"\" class=\"wp-image-1594\" width=\"812\" height=\"542\" srcset=\"https:\/\/vrnjackabanja.co.rs\/wp-content\/uploads\/2022\/02\/45607175_1174723402683370_8825671757600915456_n.jpg 1024w, https:\/\/vrnjackabanja.co.rs\/wp-content\/uploads\/2022\/02\/45607175_1174723402683370_8825671757600915456_n-300x200.jpg 300w, https:\/\/vrnjackabanja.co.rs\/wp-content\/uploads\/2022\/02\/45607175_1174723402683370_8825671757600915456_n-768x512.jpg 768w\" sizes=\"auto, (max-width: 812px) 100vw, 812px\" \/><\/figure>\n<\/div>\n\n\n<p><\/p>\n\n\n\n<p>Rich vegetation adorning every corner of this mountain, lookouts offering a view of half of Serbia when the weather is nice. From the Krst lookout point, you can see Kopaonik, Rtanj, Gledi\u0107, and Rudnik mountains. This lookout is one of those where you will want to take a lot of photos so that you can take some beauty of it with you.<\/p>\n\n\n\n<p><\/p>\n\n\n\n<figure class=\"wp-block-image size-large\"><img loading=\"lazy\" decoding=\"async\" width=\"1024\" height=\"683\" src=\"http:\/\/vrnjackabanja.co.rs\/wp-content\/uploads\/2022\/09\/0V0A8517-min-1-1024x683.jpg\" alt=\"\" class=\"wp-image-8800\" srcset=\"https:\/\/vrnjackabanja.co.rs\/wp-content\/uploads\/2022\/09\/0V0A8517-min-1-1024x683.jpg 1024w, https:\/\/vrnjackabanja.co.rs\/wp-content\/uploads\/2022\/09\/0V0A8517-min-1-300x200.jpg 300w, https:\/\/vrnjackabanja.co.rs\/wp-content\/uploads\/2022\/09\/0V0A8517-min-1-768x512.jpg 768w, https:\/\/vrnjackabanja.co.rs\/wp-content\/uploads\/2022\/09\/0V0A8517-min-1-1536x1024.jpg 1536w, https:\/\/vrnjackabanja.co.rs\/wp-content\/uploads\/2022\/09\/0V0A8517-min-1-2048x1365.jpg 2048w\" sizes=\"auto, (max-width: 1024px) 100vw, 1024px\" \/><\/figure>\n\n\n\n<p><\/p>\n\n\n\n<hr class=\"wp-block-separator has-css-opacity\"\/>\n\n\n\n<p><\/p>\n\n\n\n<h2 class=\"wp-block-heading\">Seli\u0161te Lake<\/h2>\n\n\n\n<p><\/p>\n\n\n\n<p>One of the main symbols of Go\u010d is the Seli\u0161te artificial lake at the Gvozdac site. It was made for the needs of the water supply of the Vrnja\u010dka Banja inhabitants, so due to its characteristic purpose, swimming and fishing in the lake are prohibited, but during the summer months, it is very popular for trips and camping.<\/p>\n\n\n\n<p><\/p>\n\n\n<div class=\"wp-block-image\">\n<figure class=\"aligncenter size-large\"><img loading=\"lazy\" decoding=\"async\" width=\"1024\" height=\"683\" src=\"http:\/\/vrnjackabanja.co.rs\/wp-content\/uploads\/2022\/09\/0V0A8431-min-1024x683.jpg\" alt=\"\" class=\"wp-image-8759\" srcset=\"https:\/\/vrnjackabanja.co.rs\/wp-content\/uploads\/2022\/09\/0V0A8431-min-1024x683.jpg 1024w, https:\/\/vrnjackabanja.co.rs\/wp-content\/uploads\/2022\/09\/0V0A8431-min-300x200.jpg 300w, https:\/\/vrnjackabanja.co.rs\/wp-content\/uploads\/2022\/09\/0V0A8431-min-768x512.jpg 768w, https:\/\/vrnjackabanja.co.rs\/wp-content\/uploads\/2022\/09\/0V0A8431-min-1536x1024.jpg 1536w, https:\/\/vrnjackabanja.co.rs\/wp-content\/uploads\/2022\/09\/0V0A8431-min-2048x1365.jpg 2048w\" sizes=\"auto, (max-width: 1024px) 100vw, 1024px\" \/><\/figure>\n<\/div>\n\n\n<hr class=\"wp-block-separator has-css-opacity\"\/>\n\n\n\n<h2 class=\"wp-block-heading\">Restaurants<\/h2>\n\n\n\n<p><\/p>\n\n\n\n<p>A memorable experience of this unusually tame mountain is contributed to by the restaurants accommodating fishponds with the famous Go\u010d trout, where you can enjoy the food and ambience at affordable prices. <\/p>\n\n\n\n<p><\/p>\n\n\n<div class=\"wp-block-image\">\n<figure class=\"aligncenter size-full\"><img loading=\"lazy\" decoding=\"async\" width=\"1024\" height=\"683\" src=\"http:\/\/vrnjackabanja.co.rs\/wp-content\/uploads\/2022\/09\/salus_restoran-14-crop.jpg\" alt=\"\" class=\"wp-image-9437\" srcset=\"https:\/\/vrnjackabanja.co.rs\/wp-content\/uploads\/2022\/09\/salus_restoran-14-crop.jpg 1024w, https:\/\/vrnjackabanja.co.rs\/wp-content\/uploads\/2022\/09\/salus_restoran-14-crop-300x200.jpg 300w, https:\/\/vrnjackabanja.co.rs\/wp-content\/uploads\/2022\/09\/salus_restoran-14-crop-768x512.jpg 768w\" sizes=\"auto, (max-width: 1024px) 100vw, 1024px\" \/><\/figure>\n<\/div>\n\n\n<p>Kaymak, cheese, homemade hot rakija, and buns baked on the wood are just some of the specialties that will make you want to return to this mountain if you are a gourmet.<\/p>\n\n\n\n<hr class=\"wp-block-separator has-css-opacity\"\/>\n\n\n\n<h2 class=\"wp-block-heading\">Hiking trails<\/h2>\n\n\n\n<p><\/p>\n\n\n\n<p>Hiking trails On Go\u010d Mountain, hiking trails have been marked by 30 boards. Nature lovers will have the opportunity to experience Go\u010d in a new and easier way.<\/p>\n\n\n\n<p><\/p>\n\n\n<div class=\"wp-block-image\">\n<figure class=\"aligncenter size-large\"><img loading=\"lazy\" decoding=\"async\" width=\"1024\" height=\"768\" src=\"http:\/\/vrnjackabanja.co.rs\/wp-content\/uploads\/2022\/07\/IMG_7160-1024x768.jpeg\" alt=\"\" class=\"wp-image-7020\" srcset=\"https:\/\/vrnjackabanja.co.rs\/wp-content\/uploads\/2022\/07\/IMG_7160-1024x768.jpeg 1024w, https:\/\/vrnjackabanja.co.rs\/wp-content\/uploads\/2022\/07\/IMG_7160-300x225.jpeg 300w, https:\/\/vrnjackabanja.co.rs\/wp-content\/uploads\/2022\/07\/IMG_7160-768x576.jpeg 768w, https:\/\/vrnjackabanja.co.rs\/wp-content\/uploads\/2022\/07\/IMG_7160-1536x1152.jpeg 1536w, https:\/\/vrnjackabanja.co.rs\/wp-content\/uploads\/2022\/07\/IMG_7160-2048x1536.jpeg 2048w\" sizes=\"auto, (max-width: 1024px) 100vw, 1024px\" \/><\/figure>\n<\/div>\n\n\n<p><\/p>\n\n\n\n<h4 class=\"wp-block-heading\">1. Krst peak- Length: 1.35 km<\/h4>\n\n\n\n<p>Total elevation gain: 102.3 m<\/p>\n\n\n\n<p>Time required (approximately for recreational users): 45min-1h<\/p>\n\n\n\n<p>Hiking trail to Krst peak on Go\u010d, suitable for athletes, recreationists, and entire families.<\/p>\n\n\n\n<p><\/p>\n\n\n\n<h4 class=\"wp-block-heading\">2. Go\u010d Center &#8211; Seli\u0161te lake &#8211; Length: 6.28 km<\/h4>\n\n\n\n<p>Total elevation gain: 147.0 m<\/p>\n\n\n\n<p>Time required (approximately for recreational users): 1h30min-2h<\/p>\n\n\n\n<p>Circular hiking trail to the Seli\u0161te lake on Go\u010d, suitable for athletes, recreationists, and entire families.<\/p>\n\n\n\n<p><\/p>\n\n\n\n<h4 class=\"wp-block-heading\">3.  Seli\u0161te Lake Small &#8211; Length: 2.35 km<\/h4>\n\n\n\n<p>Total elevation gain: 70.0 m<\/p>\n\n\n\n<p>Time required (approximately for recreational users): 45min-1h<\/p>\n\n\n\n<p>Hiking trail Jezero MALA, a circular trail around Seli\u0161te lake, ideal for family walks or recreationists who want to see and photograph the lake from all angles.<\/p>\n\n\n\n<p><\/p>\n\n\n\n<h4 class=\"wp-block-heading\">4.  Seli\u0161te Lake Big &#8211; Length: 5.15 km<\/h4>\n\n\n\n<p><\/p>\n\n\n\n<p>Total elevation gain: 142.6 m<\/p>\n\n\n\n<p>Time required (approximately for recreational users): 1x-1x30min<\/p>\n\n\n\n<p>Hiking trail Jezero VELIKA, a circular trail around Seli\u0161te lake, ideal for those somewhat fitter, both athletes and recreationists. The trail leads along Seli\u0161te lake but also through the beautiful forest environment of Go\u010d Mountain.<\/p>\n\n\n\n<p><\/p>\n\n\n\n<h4 class=\"wp-block-heading\">5. Lisa\u010da Viewpoint &#8211; Lenght: 2.41 km<\/h4>\n\n\n\n<p>Total elevation gain: 108.9 m<\/p>\n\n\n\n<p>Time required (approximately for recreational users): 45 min<\/p>\n\n\n\n<p><\/p>\n\n\n<div class=\"wp-block-image\">\n<figure class=\"aligncenter size-large is-resized\"><img loading=\"lazy\" decoding=\"async\" src=\"http:\/\/vrnjackabanja.co.rs\/wp-content\/uploads\/2022\/07\/IMG_20220710_092553_1-1024x768.jpg\" alt=\"\" class=\"wp-image-7057\" width=\"778\" height=\"584\" srcset=\"https:\/\/vrnjackabanja.co.rs\/wp-content\/uploads\/2022\/07\/IMG_20220710_092553_1-1024x768.jpg 1024w, https:\/\/vrnjackabanja.co.rs\/wp-content\/uploads\/2022\/07\/IMG_20220710_092553_1-300x225.jpg 300w, https:\/\/vrnjackabanja.co.rs\/wp-content\/uploads\/2022\/07\/IMG_20220710_092553_1-768x576.jpg 768w, https:\/\/vrnjackabanja.co.rs\/wp-content\/uploads\/2022\/07\/IMG_20220710_092553_1-1536x1152.jpg 1536w, https:\/\/vrnjackabanja.co.rs\/wp-content\/uploads\/2022\/07\/IMG_20220710_092553_1-2048x1536.jpg 2048w\" sizes=\"auto, (max-width: 778px) 100vw, 778px\" \/><\/figure>\n<\/div>\n\n\n<p><\/p>\n\n\n\n<h4 class=\"wp-block-heading\">6. Ljtken Peak &#8211; Lenght: 3.69 km<\/h4>\n\n\n\n<p>Total elevation gain: 174.5 m<\/p>\n\n\n\n<p>Time required (approximately for recreational users): 1h25min<\/p>\n\n\n\n<p><\/p>\n\n\n<div class=\"wp-block-image\">\n<figure class=\"aligncenter size-large is-resized\"><img loading=\"lazy\" decoding=\"async\" src=\"http:\/\/vrnjackabanja.co.rs\/wp-content\/uploads\/2022\/07\/IMG_20220710_145846-1024x768.jpg\" alt=\"\" class=\"wp-image-7061\" width=\"773\" height=\"580\" srcset=\"https:\/\/vrnjackabanja.co.rs\/wp-content\/uploads\/2022\/07\/IMG_20220710_145846-1024x768.jpg 1024w, https:\/\/vrnjackabanja.co.rs\/wp-content\/uploads\/2022\/07\/IMG_20220710_145846-300x225.jpg 300w, https:\/\/vrnjackabanja.co.rs\/wp-content\/uploads\/2022\/07\/IMG_20220710_145846-768x576.jpg 768w, https:\/\/vrnjackabanja.co.rs\/wp-content\/uploads\/2022\/07\/IMG_20220710_145846-1536x1152.jpg 1536w, https:\/\/vrnjackabanja.co.rs\/wp-content\/uploads\/2022\/07\/IMG_20220710_145846-2048x1536.jpg 2048w\" sizes=\"auto, (max-width: 773px) 100vw, 773px\" \/><\/figure>\n<\/div>\n\n\n<hr class=\"wp-block-separator has-css-opacity\"\/>\n\n\n\n<p><\/p>\n\n\n\n<h2 class=\"has-text-align-left wp-block-heading\">Church of the Assumption of the Blessed Virgin<\/h2>\n\n\n\n<p><\/p>\n\n\n\n<p>The church of the Assumption of the Most Holy Mother of God is located in Stani\u0161inci na Go\u010du. Tucked away on this beautiful mountain, it is a small paradise.<\/p>\n\n\n\n<p><\/p>\n\n\n<div class=\"wp-block-image\">\n<figure class=\"aligncenter size-full is-resized\"><img loading=\"lazy\" decoding=\"async\" src=\"http:\/\/vrnjackabanja.co.rs\/wp-content\/uploads\/2022\/03\/2714.jpg\" alt=\"\" class=\"wp-image-2048\" width=\"730\" height=\"486\" srcset=\"https:\/\/vrnjackabanja.co.rs\/wp-content\/uploads\/2022\/03\/2714.jpg 720w, https:\/\/vrnjackabanja.co.rs\/wp-content\/uploads\/2022\/03\/2714-300x200.jpg 300w\" sizes=\"auto, (max-width: 730px) 100vw, 730px\" \/><\/figure>\n<\/div>\n\n\n<hr class=\"wp-block-separator has-css-opacity\"\/>\n\n\n\n<h2 class=\"has-text-align-center wp-block-heading\">Monastery of the Wonderworkers and Unmercenaries <\/h2>\n\n\n\n<h2 class=\"has-text-align-center wp-block-heading\">Cosmas and Damian<\/h2>\n\n\n\n<p><\/p>\n\n\n\n<p>The monastery of the Wonderworkers and Unmercenaries Cosmas and Damian is located in the upper course of the Rasina, near the village of Ple\u0161, at 922 meters above sea level. It is believed that the monastery in the village of Ple\u0161 was built around 1420, and its construction is related to Radi\u010d Postupovi\u0107, the ruler who built a medieval town &#8211; fortress called Koznik near the monastery.<\/p>\n\n\n\n<p><\/p>\n\n\n<div class=\"wp-block-image\">\n<figure class=\"aligncenter size-full\"><img loading=\"lazy\" decoding=\"async\" width=\"720\" height=\"480\" src=\"http:\/\/vrnjackabanja.co.rs\/wp-content\/uploads\/2022\/03\/2718.jpg\" alt=\"\" class=\"wp-image-2050\" srcset=\"https:\/\/vrnjackabanja.co.rs\/wp-content\/uploads\/2022\/03\/2718.jpg 720w, https:\/\/vrnjackabanja.co.rs\/wp-content\/uploads\/2022\/03\/2718-300x200.jpg 300w\" sizes=\"auto, (max-width: 720px) 100vw, 720px\" \/><\/figure>\n<\/div>\n\n\n<hr class=\"wp-block-separator has-css-opacity\"\/>\n\n\n\n<p><\/p>\n\n\n\n<h2 class=\"wp-block-heading\">Koznik<\/h2>\n\n\n\n<p><\/p>\n\n\n\n<p>Less than an hour&#8217;s ride from Vrnja\u010dka Banja to Aleksandrovac, on the road leading via Goc, is the historical treasure of Serbia, Koznik, today partially preserved and under the republic protection as a cultural monument of great importance. It is located on a hill above the Rasina River, and as such a fortress, it dominates the surroundings. Historical data relate Koznik with Radi\u010d Postupovi\u0107, the nobleman of Despot Stefan Lazarevi\u0107.<\/p>\n\n\n\n<p><\/p>\n\n\n<div class=\"wp-block-image\">\n<figure class=\"aligncenter size-full\"><img loading=\"lazy\" decoding=\"async\" width=\"1000\" height=\"666\" src=\"http:\/\/vrnjackabanja.co.rs\/wp-content\/uploads\/2022\/03\/GLAVNA3.jpg\" alt=\"\" class=\"wp-image-2058\" srcset=\"https:\/\/vrnjackabanja.co.rs\/wp-content\/uploads\/2022\/03\/GLAVNA3.jpg 1000w, https:\/\/vrnjackabanja.co.rs\/wp-content\/uploads\/2022\/03\/GLAVNA3-300x200.jpg 300w, https:\/\/vrnjackabanja.co.rs\/wp-content\/uploads\/2022\/03\/GLAVNA3-768x511.jpg 768w\" sizes=\"auto, (max-width: 1000px) 100vw, 1000px\" \/><\/figure>\n<\/div>\n\n\n<p><\/p>\n\n\n\n<p>The hill on which Koznik was built is surrounded on three sides by sharp rocks, making it extremely inaccessible. The fortification itself is irregular in shape and follows the terrain configuration. It comprises eight four-sided square towers located at approximately the same distance. Traces of Moravian-style construction show that Koznik was most likely built during the reign of Prince Lazar Hrebeljanovi\u0107 (1371-1389).<\/p>\n\n\n\n<hr class=\"wp-block-separator has-css-opacity\"\/>\n","protected":false},"excerpt":{"rendered":"<p>Go\u010d Mountain Go\u010d, officially the most forested mountain in Serbia, abounding in flora and fauna, has been attracting lovers of intact nature for decades. Go\u010d is known for the diversity [&hellip;]<\/p>\n","protected":false},"author":1,"featured_media":3572,"parent":3986,"menu_order":0,"comment_status":"closed","ping_status":"closed","template":"","meta":{"_acf_changed":false,"footnotes":""},"class_list":["post-3570","page","type-page","status-publish","has-post-thumbnail","hentry"],"acf":[],"_links":{"self":[{"href":"https:\/\/vrnjackabanja.co.rs\/en\/wp-json\/wp\/v2\/pages\/3570","targetHints":{"allow":["GET"]}}],"collection":[{"href":"https:\/\/vrnjackabanja.co.rs\/en\/wp-json\/wp\/v2\/pages"}],"about":[{"href":"https:\/\/vrnjackabanja.co.rs\/en\/wp-json\/wp\/v2\/types\/page"}],"author":[{"embeddable":true,"href":"https:\/\/vrnjackabanja.co.rs\/en\/wp-json\/wp\/v2\/users\/1"}],"replies":[{"embeddable":true,"href":"https:\/\/vrnjackabanja.co.rs\/en\/wp-json\/wp\/v2\/comments?post=3570"}],"version-history":[{"count":5,"href":"https:\/\/vrnjackabanja.co.rs\/en\/wp-json\/wp\/v2\/pages\/3570\/revisions"}],"predecessor-version":[{"id":9613,"href":"https:\/\/vrnjackabanja.co.rs\/en\/wp-json\/wp\/v2\/pages\/3570\/revisions\/9613"}],"up":[{"embeddable":true,"href":"https:\/\/vrnjackabanja.co.rs\/en\/wp-json\/wp\/v2\/pages\/3986"}],"wp:featuredmedia":[{"embeddable":true,"href":"https:\/\/vrnjackabanja.co.rs\/en\/wp-json\/wp\/v2\/media\/3572"}],"wp:attachment":[{"href":"https:\/\/vrnjackabanja.co.rs\/en\/wp-json\/wp\/v2\/media?parent=3570"}],"curies":[{"name":"wp","href":"https:\/\/api.w.org\/{rel}","templated":true}]}}