{"id":3432,"date":"2022-01-21T16:12:37","date_gmt":"2022-01-21T15:12:37","guid":{"rendered":"http:\/\/vrnjackabanja.co.rs\/muzej-banjskog-lecenja\/"},"modified":"2022-09-07T14:01:12","modified_gmt":"2022-09-07T12:01:12","slug":"en-museum-of-spa-treatment","status":"publish","type":"page","link":"https:\/\/vrnjackabanja.co.rs\/en\/en-museum-of-spa-treatment\/","title":{"rendered":"Museum of Spa Treatment"},"content":{"rendered":"\n<p><\/p>\n\n\n\n<figure class=\"wp-block-image size-full\"><img loading=\"lazy\" decoding=\"async\" width=\"900\" height=\"600\" src=\"http:\/\/vrnjackabanja.co.rs\/wp-content\/uploads\/2022\/09\/slika-1.png\" alt=\"\" class=\"wp-image-9205\" srcset=\"https:\/\/vrnjackabanja.co.rs\/wp-content\/uploads\/2022\/09\/slika-1.png 900w, https:\/\/vrnjackabanja.co.rs\/wp-content\/uploads\/2022\/09\/slika-1-300x200.png 300w, https:\/\/vrnjackabanja.co.rs\/wp-content\/uploads\/2022\/09\/slika-1-768x512.png 768w\" sizes=\"auto, (max-width: 900px) 100vw, 900px\" \/><\/figure>\n\n\n\n<p>U Vrnja\u010dkoj Banji, na odeljenju Muzeja nauke i tehnike, nalazi se stalna postavka \u201eMuzej banjskog le\u010denja\u201c, posve\u0107ena ovom, mo\u017eemo slobodno re\u0107i, najve\u0107em banjskom le\u010dili\u0161tu u Srbiji. U okrviru postavke sa preko 180 eksponata, dokumenata i dr. predstavljeni su principi banjskog le\u010denja, terapijski tretmani mineralnim vodama.<\/p>\n\n\n<div class=\"wp-block-image\">\n<figure class=\"aligncenter size-large is-resized\"><img loading=\"lazy\" decoding=\"async\" src=\"http:\/\/vrnjackabanja.co.rs\/wp-content\/uploads\/2022\/02\/187573498_221155359816751_7267183326499036463_n-768x1024.jpg\" alt=\"\" class=\"wp-image-888\" width=\"342\" height=\"456\" srcset=\"https:\/\/vrnjackabanja.co.rs\/wp-content\/uploads\/2022\/02\/187573498_221155359816751_7267183326499036463_n-768x1024.jpg 768w, https:\/\/vrnjackabanja.co.rs\/wp-content\/uploads\/2022\/02\/187573498_221155359816751_7267183326499036463_n-225x300.jpg 225w, https:\/\/vrnjackabanja.co.rs\/wp-content\/uploads\/2022\/02\/187573498_221155359816751_7267183326499036463_n-1152x1536.jpg 1152w, https:\/\/vrnjackabanja.co.rs\/wp-content\/uploads\/2022\/02\/187573498_221155359816751_7267183326499036463_n.jpg 1511w\" sizes=\"auto, (max-width: 342px) 100vw, 342px\" \/><\/figure>\n<\/div>\n\n\n<p> Tako\u0111e, poseban akcenat je stavljen na higijensko-dijetetski re\u017eim u kojem va\u017enu ulogu imaju izbor hrane. Deo postavke je posve\u0107en odmoru, relaksaciji, boravku u prirodi i dru\u0161tvenom \u017eivotu banje. Posebna pa\u017enja posve\u0107ena je aspektima banjskog le\u010denja i \u017eivota koji uklju\u010duju iskustva pacijenata, lekara i banjskih gostiju.&nbsp;<\/p>\n\n\n\n<p>Ovom postavkom dat je svojevrstan doprinos kulturnoj i turisti\u010dkoj ponudi Vrnja\u010dke Banje. Sna\u017ean podsticaj o\u010duvanju i unapre\u0111enju zdravlja utemeljen jo\u0161 po\u010detkom pro\u0161log veka u Srbiji, naro\u010dito se ose\u0107a danas kada Vrnja\u010dka Banja te\u017ei da svojim posetiocima ponudi, pored le\u010denja i rehabilitacije, razne kulturne sadr\u017eaje. Posetite Vrnja\u010dku Banju i uverite se za\u0161to je s razlogom nazivaju srpskom Modenom.<\/p>\n\n\n\n<p><\/p>\n\n\n<div class=\"wp-block-image is-style-default\">\n<figure class=\"aligncenter size-full\"><img loading=\"lazy\" decoding=\"async\" width=\"900\" height=\"600\" src=\"http:\/\/vrnjackabanja.co.rs\/wp-content\/uploads\/2022\/02\/Muzej-banjskog-lecenja4.jpg\" alt=\"\" class=\"wp-image-882\" srcset=\"https:\/\/vrnjackabanja.co.rs\/wp-content\/uploads\/2022\/02\/Muzej-banjskog-lecenja4.jpg 900w, https:\/\/vrnjackabanja.co.rs\/wp-content\/uploads\/2022\/02\/Muzej-banjskog-lecenja4-300x200.jpg 300w, https:\/\/vrnjackabanja.co.rs\/wp-content\/uploads\/2022\/02\/Muzej-banjskog-lecenja4-768x512.jpg 768w\" sizes=\"auto, (max-width: 900px) 100vw, 900px\" \/><\/figure>\n<\/div>\n\n\n<p><\/p>\n","protected":false},"excerpt":{"rendered":"<p>U Vrnja\u010dkoj Banji, na odeljenju Muzeja nauke i tehnike, nalazi se stalna postavka \u201eMuzej banjskog le\u010denja\u201c, posve\u0107ena ovom, mo\u017eemo slobodno re\u0107i, najve\u0107em banjskom le\u010dili\u0161tu u Srbiji. U okrviru postavke sa [&hellip;]<\/p>\n","protected":false},"author":1,"featured_media":9212,"parent":0,"menu_order":0,"comment_status":"closed","ping_status":"closed","template":"","meta":{"_acf_changed":false,"footnotes":""},"class_list":["post-3432","page","type-page","status-publish","has-post-thumbnail","hentry"],"acf":[],"_links":{"self":[{"href":"https:\/\/vrnjackabanja.co.rs\/en\/wp-json\/wp\/v2\/pages\/3432","targetHints":{"allow":["GET"]}}],"collection":[{"href":"https:\/\/vrnjackabanja.co.rs\/en\/wp-json\/wp\/v2\/pages"}],"about":[{"href":"https:\/\/vrnjackabanja.co.rs\/en\/wp-json\/wp\/v2\/types\/page"}],"author":[{"embeddable":true,"href":"https:\/\/vrnjackabanja.co.rs\/en\/wp-json\/wp\/v2\/users\/1"}],"replies":[{"embeddable":true,"href":"https:\/\/vrnjackabanja.co.rs\/en\/wp-json\/wp\/v2\/comments?post=3432"}],"version-history":[{"count":5,"href":"https:\/\/vrnjackabanja.co.rs\/en\/wp-json\/wp\/v2\/pages\/3432\/revisions"}],"predecessor-version":[{"id":9225,"href":"https:\/\/vrnjackabanja.co.rs\/en\/wp-json\/wp\/v2\/pages\/3432\/revisions\/9225"}],"wp:featuredmedia":[{"embeddable":true,"href":"https:\/\/vrnjackabanja.co.rs\/en\/wp-json\/wp\/v2\/media\/9212"}],"wp:attachment":[{"href":"https:\/\/vrnjackabanja.co.rs\/en\/wp-json\/wp\/v2\/media?parent=3432"}],"curies":[{"name":"wp","href":"https:\/\/api.w.org\/{rel}","templated":true}]}}