{"id":3423,"date":"2022-01-21T16:16:48","date_gmt":"2022-01-21T15:16:48","guid":{"rendered":"http:\/\/vrnjackabanja.co.rs\/narodna-biblioteka-dr-dusan-radic\/"},"modified":"2022-08-09T12:35:23","modified_gmt":"2022-08-09T10:35:23","slug":"en-dr-dusan-radic-national-library","status":"publish","type":"page","link":"https:\/\/vrnjackabanja.co.rs\/en\/en-dr-dusan-radic-national-library\/","title":{"rendered":"Dr. Du\u0161an Radi\u0107 National Library"},"content":{"rendered":"\n<p>The National Library in Vrnja\u010dka Banja has a history of almost 100 years and takes us back to the time when the &#8220;\u0160ucin \u200b\u200bpaviljon&#8221; restaurant had a reading room. The reading room was a gathering place for both the townsmen and the visitors of Vrnja\u010dka Banja, who could read the daily press and discuss current events from the country and the world.<\/p>\n\n\n\n<figure class=\"wp-block-image size-large is-resized\"><img loading=\"lazy\" decoding=\"async\" src=\"http:\/\/vrnjackabanja.co.rs\/wp-content\/uploads\/2022\/02\/Vila-Zora-1909-1-1024x642.jpg\" alt=\"\" class=\"wp-image-557\" width=\"836\" height=\"523\" srcset=\"https:\/\/vrnjackabanja.co.rs\/wp-content\/uploads\/2022\/02\/Vila-Zora-1909-1-1024x642.jpg 1024w, https:\/\/vrnjackabanja.co.rs\/wp-content\/uploads\/2022\/02\/Vila-Zora-1909-1-300x188.jpg 300w, https:\/\/vrnjackabanja.co.rs\/wp-content\/uploads\/2022\/02\/Vila-Zora-1909-1.jpg 1594w\" sizes=\"auto, (max-width: 836px) 100vw, 836px\" \/><\/figure>\n\n\n\n<p>This affection of Vrnja\u010dka Banja towards culture and art has been preserved until today.<\/p>\n\n\n\n<p>The public library has come a long way since then. It is located on the Vrnja\u010dka promenade, just below the Culture Square, you can hardly miss it when coming to Vrnja\u010dka Banja. The building, which was once a villa, has retained its appearance from the period of the first half of the 20th century. The reading rooms are spacious and furnished in the spirit of the entire building. The library has more than 40,000 titles that are available to everyone.<\/p>\n\n\n\n<p>The friendly library staff, which is there for you and because of you, is in charge of the pleasant atmosphere and will help you choose the right reading material. In addition to numerous world and domestic literature titles, there is also daily and periodical press, as well as scientific and cultural journals available.<\/p>\n\n\n\n<p>The library is named after Dr. Du\u0161an Radi\u0107 (1892-1938), a physician and writer who spent his entire working life in Vrnja\u010dka Banja. The &#8220;gentle doctor,&#8221; as he was called, treated people both with medications and his friendly approach. They say that he treated the poor for free, and to some he even gave money for medicines.<\/p>\n\n\n<div class=\"wp-block-image\">\n<figure class=\"alignleft size-large is-resized\"><img loading=\"lazy\" decoding=\"async\" src=\"http:\/\/vrnjackabanja.co.rs\/wp-content\/uploads\/2022\/02\/24273667_506983119680292_4667532611112943432_o-1-1024x531.jpg\" alt=\"\" class=\"wp-image-555\" width=\"825\" height=\"426\"\/><\/figure>\n<\/div>\n\n\n<p>There are still anecdotes retold about his attitude towards patients. As a writer, he wrote about the poor, the sick, people from Go\u010d, Jastrebac, Kopaonik, about Moravian and Rasina peasants, and used the language and speech of the region in his writing. Five collections count 109 stories from rural life and the life of the Serbian province. In 1937, the Serbian Literary Association published novel The Village. That he was a special man is also shown by the fact that he was an excellent violinist and violist, and that he composed, played and conducted an orchestra. He tried to pass on his love for music to his children and the youth of Vrnja\u010dka Banja.<\/p>\n\n\n\n<p>The library organizes many cultural events such as literary evenings, book promotions, etc. We must emphasize that the library can issue a special membership card for spa guests, so they can enjoy the beauty of the written word without having to take annual membership card. If you are a lover of literature, &#8220;Dr Du\u0161an Radi\u0107&#8221; library allows you to enjoy millions of pages waiting to find their way to curious readers in the beautiful spa ambience.<\/p>\n\n\n\n<p>Times change, but memories stay.<\/p>\n\n\n\n<p>The history of the use of Vrnja\u010dka Banja mineral waters dates back to the ancient past &#8230;<\/p>\n","protected":false},"excerpt":{"rendered":"<p>The National Library in Vrnja\u010dka Banja has a history of almost 100 years and takes us back to the time when the &#8220;\u0160ucin \u200b\u200bpaviljon&#8221; restaurant had a reading room. The [&hellip;]<\/p>\n","protected":false},"author":1,"featured_media":3425,"parent":0,"menu_order":0,"comment_status":"closed","ping_status":"closed","template":"","meta":{"_acf_changed":false,"footnotes":""},"class_list":["post-3423","page","type-page","status-publish","has-post-thumbnail","hentry"],"acf":[],"_links":{"self":[{"href":"https:\/\/vrnjackabanja.co.rs\/en\/wp-json\/wp\/v2\/pages\/3423","targetHints":{"allow":["GET"]}}],"collection":[{"href":"https:\/\/vrnjackabanja.co.rs\/en\/wp-json\/wp\/v2\/pages"}],"about":[{"href":"https:\/\/vrnjackabanja.co.rs\/en\/wp-json\/wp\/v2\/types\/page"}],"author":[{"embeddable":true,"href":"https:\/\/vrnjackabanja.co.rs\/en\/wp-json\/wp\/v2\/users\/1"}],"replies":[{"embeddable":true,"href":"https:\/\/vrnjackabanja.co.rs\/en\/wp-json\/wp\/v2\/comments?post=3423"}],"version-history":[{"count":2,"href":"https:\/\/vrnjackabanja.co.rs\/en\/wp-json\/wp\/v2\/pages\/3423\/revisions"}],"predecessor-version":[{"id":7525,"href":"https:\/\/vrnjackabanja.co.rs\/en\/wp-json\/wp\/v2\/pages\/3423\/revisions\/7525"}],"wp:featuredmedia":[{"embeddable":true,"href":"https:\/\/vrnjackabanja.co.rs\/en\/wp-json\/wp\/v2\/media\/3425"}],"wp:attachment":[{"href":"https:\/\/vrnjackabanja.co.rs\/en\/wp-json\/wp\/v2\/media?parent=3423"}],"curies":[{"name":"wp","href":"https:\/\/api.w.org\/{rel}","templated":true}]}}