{"id":3410,"date":"2022-01-21T16:19:32","date_gmt":"2022-01-21T15:19:32","guid":{"rendered":"http:\/\/vrnjackabanja.co.rs\/jezero-seliste\/"},"modified":"2022-09-06T11:24:44","modified_gmt":"2022-09-06T09:24:44","slug":"en-seliste-lake","status":"publish","type":"page","link":"https:\/\/vrnjackabanja.co.rs\/en\/en-mountain-goc\/en-seliste-lake\/","title":{"rendered":"Seli\u0161te Lake"},"content":{"rendered":"\n<p>One of the main symbols of Go\u010d is the Seli\u0161te artificial lake at the Gvozdac site. It was made for the needs of the water supply of the Vrnja\u010dka Banja inhabitants, so due to its characteristic purpose, swimming and fishing in the lake are prohibited, but during the summer months, it is very popular for trips and camping.<\/p>\n","protected":false},"excerpt":{"rendered":"<p>One of the main symbols of Go\u010d is the Seli\u0161te artificial lake at the Gvozdac site. It was made for the needs of the water supply of the Vrnja\u010dka Banja [&hellip;]<\/p>\n","protected":false},"author":1,"featured_media":8759,"parent":3986,"menu_order":0,"comment_status":"closed","ping_status":"closed","template":"","meta":{"_acf_changed":false,"footnotes":""},"class_list":["post-3410","page","type-page","status-publish","has-post-thumbnail","hentry"],"acf":[],"_links":{"self":[{"href":"https:\/\/vrnjackabanja.co.rs\/en\/wp-json\/wp\/v2\/pages\/3410","targetHints":{"allow":["GET"]}}],"collection":[{"href":"https:\/\/vrnjackabanja.co.rs\/en\/wp-json\/wp\/v2\/pages"}],"about":[{"href":"https:\/\/vrnjackabanja.co.rs\/en\/wp-json\/wp\/v2\/types\/page"}],"author":[{"embeddable":true,"href":"https:\/\/vrnjackabanja.co.rs\/en\/wp-json\/wp\/v2\/users\/1"}],"replies":[{"embeddable":true,"href":"https:\/\/vrnjackabanja.co.rs\/en\/wp-json\/wp\/v2\/comments?post=3410"}],"version-history":[{"count":3,"href":"https:\/\/vrnjackabanja.co.rs\/en\/wp-json\/wp\/v2\/pages\/3410\/revisions"}],"predecessor-version":[{"id":8988,"href":"https:\/\/vrnjackabanja.co.rs\/en\/wp-json\/wp\/v2\/pages\/3410\/revisions\/8988"}],"up":[{"embeddable":true,"href":"https:\/\/vrnjackabanja.co.rs\/en\/wp-json\/wp\/v2\/pages\/3986"}],"wp:featuredmedia":[{"embeddable":true,"href":"https:\/\/vrnjackabanja.co.rs\/en\/wp-json\/wp\/v2\/media\/8759"}],"wp:attachment":[{"href":"https:\/\/vrnjackabanja.co.rs\/en\/wp-json\/wp\/v2\/media?parent=3410"}],"curies":[{"name":"wp","href":"https:\/\/api.w.org\/{rel}","templated":true}]}}