{"id":3351,"date":"2022-01-27T13:46:10","date_gmt":"2022-01-27T12:46:10","guid":{"rendered":"http:\/\/vrnjackabanja.co.rs\/destilerija-dana\/"},"modified":"2022-08-25T10:37:57","modified_gmt":"2022-08-25T08:37:57","slug":"en-dana-distillery","status":"publish","type":"page","link":"https:\/\/vrnjackabanja.co.rs\/en\/en-dana-distillery\/","title":{"rendered":"Dana Distillery"},"content":{"rendered":"\n<p><\/p>\n\n\n\n<p>Dana rakija is produced in Vrnja\u010dka Banja, in the settlement of Lipova. The production plant is located in domestic pear orchards on a property of over 150 acres.  <\/p>\n\n\n\n<p><\/p>\n\n\n\n<figure class=\"wp-block-image size-full\"><img loading=\"lazy\" decoding=\"async\" width=\"1000\" height=\"666\" src=\"http:\/\/vrnjackabanja.co.rs\/wp-content\/uploads\/2022\/02\/rakija-dana-004-1.jpg\" alt=\"\" class=\"wp-image-696\" srcset=\"https:\/\/vrnjackabanja.co.rs\/wp-content\/uploads\/2022\/02\/rakija-dana-004-1.jpg 1000w, https:\/\/vrnjackabanja.co.rs\/wp-content\/uploads\/2022\/02\/rakija-dana-004-1-300x200.jpg 300w, https:\/\/vrnjackabanja.co.rs\/wp-content\/uploads\/2022\/02\/rakija-dana-004-1-768x511.jpg 768w\" sizes=\"auto, (max-width: 1000px) 100vw, 1000px\" \/><\/figure>\n\n\n\n<p>In addition to being a rakija producer, Dana Trm\u010di\u0107 from Vrnja\u010dka Banja is a mother of three and grandmother of five.<\/p>\n\n\n\n<figure class=\"wp-block-image size-full\"><img loading=\"lazy\" decoding=\"async\" width=\"1000\" height=\"666\" src=\"http:\/\/vrnjackabanja.co.rs\/wp-content\/uploads\/2022\/02\/rakija-dana-011-1.jpg\" alt=\"\" class=\"wp-image-692\" srcset=\"https:\/\/vrnjackabanja.co.rs\/wp-content\/uploads\/2022\/02\/rakija-dana-011-1.jpg 1000w, https:\/\/vrnjackabanja.co.rs\/wp-content\/uploads\/2022\/02\/rakija-dana-011-1-300x200.jpg 300w, https:\/\/vrnjackabanja.co.rs\/wp-content\/uploads\/2022\/02\/rakija-dana-011-1-768x511.jpg 768w\" sizes=\"auto, (max-width: 1000px) 100vw, 1000px\" \/><\/figure>\n\n\n\n<p>After completing the course at the Faculty of Agriculture in Belgrade, she started producing rakija, drawn by memories of how her father used to make it.<\/p>\n\n\n<div class=\"wp-block-image\">\n<figure class=\"aligncenter size-full is-resized\"><img decoding=\"async\" src=\"http:\/\/vrnjackabanja.co.rs\/wp-content\/uploads\/2022\/02\/Rakija-Dana-Viljamovka-1-edited.jpg\" alt=\"\" class=\"wp-image-697\" width=\"290\" srcset=\"https:\/\/vrnjackabanja.co.rs\/wp-content\/uploads\/2022\/02\/Rakija-Dana-Viljamovka-1-edited.jpg 327w, https:\/\/vrnjackabanja.co.rs\/wp-content\/uploads\/2022\/02\/Rakija-Dana-Viljamovka-1-edited-169x300.jpg 169w\" sizes=\"(max-width: 327px) 100vw, 327px\" \/><\/figure>\n<\/div>\n\n\n<p>Visit our new tasting facility.<\/p>\n\n\n\n<p><a href=\"https:\/\/rakijadana.rs\/\">https:\/\/rakijadana.rs\/<\/a><\/p>\n","protected":false},"excerpt":{"rendered":"<p>Dana rakija is produced in Vrnja\u010dka Banja, in the settlement of Lipova. The production plant is located in domestic pear orchards on a property of over 150 acres. In addition [&hellip;]<\/p>\n","protected":false},"author":1,"featured_media":3353,"parent":0,"menu_order":0,"comment_status":"closed","ping_status":"closed","template":"","meta":{"_acf_changed":false,"footnotes":""},"class_list":["post-3351","page","type-page","status-publish","has-post-thumbnail","hentry"],"acf":[],"_links":{"self":[{"href":"https:\/\/vrnjackabanja.co.rs\/en\/wp-json\/wp\/v2\/pages\/3351","targetHints":{"allow":["GET"]}}],"collection":[{"href":"https:\/\/vrnjackabanja.co.rs\/en\/wp-json\/wp\/v2\/pages"}],"about":[{"href":"https:\/\/vrnjackabanja.co.rs\/en\/wp-json\/wp\/v2\/types\/page"}],"author":[{"embeddable":true,"href":"https:\/\/vrnjackabanja.co.rs\/en\/wp-json\/wp\/v2\/users\/1"}],"replies":[{"embeddable":true,"href":"https:\/\/vrnjackabanja.co.rs\/en\/wp-json\/wp\/v2\/comments?post=3351"}],"version-history":[{"count":4,"href":"https:\/\/vrnjackabanja.co.rs\/en\/wp-json\/wp\/v2\/pages\/3351\/revisions"}],"predecessor-version":[{"id":8556,"href":"https:\/\/vrnjackabanja.co.rs\/en\/wp-json\/wp\/v2\/pages\/3351\/revisions\/8556"}],"wp:featuredmedia":[{"embeddable":true,"href":"https:\/\/vrnjackabanja.co.rs\/en\/wp-json\/wp\/v2\/media\/3353"}],"wp:attachment":[{"href":"https:\/\/vrnjackabanja.co.rs\/en\/wp-json\/wp\/v2\/media?parent=3351"}],"curies":[{"name":"wp","href":"https:\/\/api.w.org\/{rel}","templated":true}]}}