{"id":3289,"date":"2022-03-17T11:01:35","date_gmt":"2022-03-17T10:01:35","guid":{"rendered":"http:\/\/vrnjackabanja.co.rs\/pesacke-staze\/"},"modified":"2022-09-21T08:37:31","modified_gmt":"2022-09-21T06:37:31","slug":"en-hiking-trails","status":"publish","type":"page","link":"https:\/\/vrnjackabanja.co.rs\/en\/en-hiking-trails\/","title":{"rendered":"Hiking trails"},"content":{"rendered":"\n<p><\/p>\n\n<p>Ljubitelji prirode upravo su dobili pe\u0161a\u010dke staze na Go\u010du. U saradnji sa Avanturisti\u010dkim centrom trasirane su i ure\u0111ene staze, a onda uz pomo\u0107 Outdoor kluba \u201eSpartan warriors\u201c\u00a0 posao je zavr\u0161en postavljanjem tabli.<\/p>\n\n<p><\/p>\n\n<h2 class=\"wp-block-heading\"><strong>1. Vrh Krst &#8211; Du\u017eina: 1.35 km<\/strong><\/h2>\n\n<p><\/p>\n\n<p>Ukupan uspon (elevation gain): 102.3 m<\/p>\n\n<p>Vreme potrebno za prelazak (okvirno za rekreativce): 45min-1h<\/p>\n\n<p>Pe\u0161a\u010dka staza do vrha Krst na Go\u010du, pogodna za \u0161etnje kako za sportiste i rekreativce tako i \u010ditave porodice.<\/p>\n\n<p><\/p>\n\n<figure class=\"wp-block-image size-large\"><img loading=\"lazy\" decoding=\"async\" width=\"1024\" height=\"683\" src=\"http:\/\/vrnjackabanja.co.rs\/wp-content\/uploads\/2022\/09\/0V0A8517-min-1-1024x683.jpg\" alt=\"\" class=\"wp-image-8799\" srcset=\"https:\/\/vrnjackabanja.co.rs\/wp-content\/uploads\/2022\/09\/0V0A8517-min-1-1024x683.jpg 1024w, https:\/\/vrnjackabanja.co.rs\/wp-content\/uploads\/2022\/09\/0V0A8517-min-1-300x200.jpg 300w, https:\/\/vrnjackabanja.co.rs\/wp-content\/uploads\/2022\/09\/0V0A8517-min-1-768x512.jpg 768w, https:\/\/vrnjackabanja.co.rs\/wp-content\/uploads\/2022\/09\/0V0A8517-min-1-1536x1024.jpg 1536w, https:\/\/vrnjackabanja.co.rs\/wp-content\/uploads\/2022\/09\/0V0A8517-min-1-2048x1365.jpg 2048w\" sizes=\"auto, (max-width: 1024px) 100vw, 1024px\" \/><\/figure>\n\n<hr class=\"wp-block-separator has-alpha-channel-opacity\"\/>\n\n<p><\/p>\n\n<h2 class=\"wp-block-heading\"><strong>2. Borjak &#8211; Du\u017eina: 2.81 km<\/strong><\/h2>\n\n<p><\/p>\n\n<p>Ukupan uspon (elevation gain): 123.4 m<\/p>\n\n<p>Vreme potrebno za prelazak (okvirno za rekreativce): 45min-1h<\/p>\n\n<p>Pe\u0161a\u010dka staza Borjak, nadomak Vrnja\u010dke Banje, pru\u017ea mogu\u0107nost \u0161entnje kroz \u010detinarsku \u0161umu, idealno za letnja jutra ili predve\u010derja.<\/p>\n\n<hr class=\"wp-block-separator has-alpha-channel-opacity\"\/>\n\n<p><\/p>\n\n<h2 class=\"wp-block-heading\"><strong>3. Centar Go\u010da &#8211; jezero Seli\u0161te &#8211; Du\u017eina: 6.28 km<\/strong><\/h2>\n\n<p><\/p>\n\n<p>Ukupan uspon (elevation gaim): 147.0 m<\/p>\n\n<p>Vreme potrebno za prelazak (okvirno za rekreativce): 1h30min-2h<\/p>\n\n<p>Kru\u017ena pe\u0161a\u010dka staza do jezera Seli\u0161te na Go\u010du, pogodna za \u0161etnje kako za sportiste i rekreativce tako i \u010ditave porodice.<\/p>\n\n<hr class=\"wp-block-separator has-alpha-channel-opacity\"\/>\n\n<h2 class=\"wp-block-heading\"><strong>4. Jezero Seli\u0161te Mala &#8211; Du\u017eina: 2.35 km<\/strong><\/h2>\n\n<p><\/p>\n\n<figure class=\"wp-block-image size-large\"><img loading=\"lazy\" decoding=\"async\" width=\"1024\" height=\"768\" src=\"http:\/\/vrnjackabanja.co.rs\/wp-content\/uploads\/2022\/07\/gfyu-1024x768.jpg\" alt=\"\" class=\"wp-image-7037\" srcset=\"https:\/\/vrnjackabanja.co.rs\/wp-content\/uploads\/2022\/07\/gfyu-1024x768.jpg 1024w, https:\/\/vrnjackabanja.co.rs\/wp-content\/uploads\/2022\/07\/gfyu-300x225.jpg 300w, https:\/\/vrnjackabanja.co.rs\/wp-content\/uploads\/2022\/07\/gfyu-768x576.jpg 768w, https:\/\/vrnjackabanja.co.rs\/wp-content\/uploads\/2022\/07\/gfyu.jpg 1080w\" sizes=\"auto, (max-width: 1024px) 100vw, 1024px\" \/><\/figure>\n\n<p><\/p>\n\n<p>Ukupan uspon (elevation gain): 70.0 m<\/p>\n\n<p>Vreme potrebno za prelazak (okvirno za rekreativce): 45min-1h<\/p>\n\n<p>Pe\u0161acka staza Jezero MALA, kru\u017ena staza oko jezera Seli\u0161te, idealna za porodi\u010dnu \u0161etnju ili \u0161etnju rekreativaca koji \u017eele da jezero sagledaju i fotografi\u0161u iz svih uglova.<\/p>\n\n<hr class=\"wp-block-separator has-alpha-channel-opacity\"\/>\n\n<p><\/p>\n\n<h2 class=\"wp-block-heading\"><strong>5. Jezero Seli\u0161te Velika &#8211; Du\u017eina: 5.15 km<\/strong><\/h2>\n\n<p><\/p>\n\n<p>Ukupan uspon (elevation gain): 142.6 m<\/p>\n\n<p>Vreme potrebno za prelazak (okvirno za rekreativce): 1h-1h30min<\/p>\n\n<p><\/p>\n\n<figure class=\"wp-block-image size-large\"><img loading=\"lazy\" decoding=\"async\" width=\"1024\" height=\"768\" src=\"http:\/\/vrnjackabanja.co.rs\/wp-content\/uploads\/2022\/07\/IMG_7160-1024x768.jpeg\" alt=\"\" class=\"wp-image-7019\" srcset=\"https:\/\/vrnjackabanja.co.rs\/wp-content\/uploads\/2022\/07\/IMG_7160-1024x768.jpeg 1024w, https:\/\/vrnjackabanja.co.rs\/wp-content\/uploads\/2022\/07\/IMG_7160-300x225.jpeg 300w, https:\/\/vrnjackabanja.co.rs\/wp-content\/uploads\/2022\/07\/IMG_7160-768x576.jpeg 768w, https:\/\/vrnjackabanja.co.rs\/wp-content\/uploads\/2022\/07\/IMG_7160-1536x1152.jpeg 1536w, https:\/\/vrnjackabanja.co.rs\/wp-content\/uploads\/2022\/07\/IMG_7160-2048x1536.jpeg 2048w\" sizes=\"auto, (max-width: 1024px) 100vw, 1024px\" \/><\/figure>\n\n<p><\/p>\n\n<p>Pe\u0161a\u010dka staza Jezero VELIKA, kru\u017ena staza oko jezera Seli\u0161te, idealna za planinarsku \u0161etnju za ne\u0161to spremnije kako sportiste, tako i rekreativce. Staza vodi uz samo jezero Seli\u0161te, ali i kroz prelep, \u0161umski ambijent planine Go\u010d.<\/p>\n\n<hr class=\"wp-block-separator has-alpha-channel-opacity\"\/>\n\n<p><\/p>\n\n<h2 class=\"wp-block-heading\"><strong>6. Vidikovac Lisa\u010da &#8211; Du\u017eina: 2.41km<\/strong><\/h2>\n\n<p><\/p>\n\n<figure class=\"wp-block-gallery has-nested-images columns-default is-cropped wp-block-gallery-1 is-layout-flex wp-block-gallery-is-layout-flex\">\n<figure class=\"wp-block-image size-large\"><img loading=\"lazy\" decoding=\"async\" width=\"2560\" height=\"1920\" data-id=\"7052\" src=\"http:\/\/vrnjackabanja.co.rs\/wp-content\/uploads\/2022\/07\/IMG_20220710_085652-scaled.jpg\" alt=\"\" class=\"wp-image-7052\" srcset=\"https:\/\/vrnjackabanja.co.rs\/wp-content\/uploads\/2022\/07\/IMG_20220710_085652-scaled.jpg 2560w, https:\/\/vrnjackabanja.co.rs\/wp-content\/uploads\/2022\/07\/IMG_20220710_085652-300x225.jpg 300w, https:\/\/vrnjackabanja.co.rs\/wp-content\/uploads\/2022\/07\/IMG_20220710_085652-1024x768.jpg 1024w, https:\/\/vrnjackabanja.co.rs\/wp-content\/uploads\/2022\/07\/IMG_20220710_085652-768x576.jpg 768w, https:\/\/vrnjackabanja.co.rs\/wp-content\/uploads\/2022\/07\/IMG_20220710_085652-1536x1152.jpg 1536w, https:\/\/vrnjackabanja.co.rs\/wp-content\/uploads\/2022\/07\/IMG_20220710_085652-2048x1536.jpg 2048w\" sizes=\"auto, (max-width: 2560px) 100vw, 2560px\" \/><\/figure>\n<\/figure>\n\n<p><\/p>\n\n<p>Ukupan uspon (elevation gain): 108.9m<\/p>\n\n<p>Vreme potrebno za prelazak (okvirno za rekreativce): 45 min<\/p>\n\n<p><\/p>\n\n<figure class=\"wp-block-image size-large\"><img loading=\"lazy\" decoding=\"async\" width=\"1024\" height=\"768\" src=\"http:\/\/vrnjackabanja.co.rs\/wp-content\/uploads\/2022\/07\/IMG_20220710_092553_1-1024x768.jpg\" alt=\"\" class=\"wp-image-7056\" srcset=\"https:\/\/vrnjackabanja.co.rs\/wp-content\/uploads\/2022\/07\/IMG_20220710_092553_1-1024x768.jpg 1024w, https:\/\/vrnjackabanja.co.rs\/wp-content\/uploads\/2022\/07\/IMG_20220710_092553_1-300x225.jpg 300w, https:\/\/vrnjackabanja.co.rs\/wp-content\/uploads\/2022\/07\/IMG_20220710_092553_1-768x576.jpg 768w, https:\/\/vrnjackabanja.co.rs\/wp-content\/uploads\/2022\/07\/IMG_20220710_092553_1-1536x1152.jpg 1536w, https:\/\/vrnjackabanja.co.rs\/wp-content\/uploads\/2022\/07\/IMG_20220710_092553_1-2048x1536.jpg 2048w\" sizes=\"auto, (max-width: 1024px) 100vw, 1024px\" \/><\/figure>\n\n<hr class=\"wp-block-separator has-alpha-channel-opacity\"\/>\n\n<p><\/p>\n\n<h2 class=\"wp-block-heading\"><strong>7. Vrh Ljukten &#8211; Du\u017eina: 3.69km<\/strong><\/h2>\n\n<p><\/p>\n\n<figure class=\"wp-block-image size-large\"><img loading=\"lazy\" decoding=\"async\" width=\"1024\" height=\"768\" src=\"http:\/\/vrnjackabanja.co.rs\/wp-content\/uploads\/2022\/07\/IMG_20220710_113713_1-1024x768.jpg\" alt=\"\" class=\"wp-image-7064\" srcset=\"https:\/\/vrnjackabanja.co.rs\/wp-content\/uploads\/2022\/07\/IMG_20220710_113713_1-1024x768.jpg 1024w, https:\/\/vrnjackabanja.co.rs\/wp-content\/uploads\/2022\/07\/IMG_20220710_113713_1-300x225.jpg 300w, https:\/\/vrnjackabanja.co.rs\/wp-content\/uploads\/2022\/07\/IMG_20220710_113713_1-768x576.jpg 768w, https:\/\/vrnjackabanja.co.rs\/wp-content\/uploads\/2022\/07\/IMG_20220710_113713_1-1536x1152.jpg 1536w, https:\/\/vrnjackabanja.co.rs\/wp-content\/uploads\/2022\/07\/IMG_20220710_113713_1-2048x1536.jpg 2048w\" sizes=\"auto, (max-width: 1024px) 100vw, 1024px\" \/><\/figure>\n\n<p><\/p>\n\n<p>Ukupan uspon (elevation gain): 174.5m<\/p>\n\n<p>Vreme potrebno za prelazak (okvirno za rekrativce): 1h25 min<\/p>\n\n<p><\/p>\n\n<figure class=\"wp-block-image size-large\"><img loading=\"lazy\" decoding=\"async\" width=\"1024\" height=\"768\" src=\"http:\/\/vrnjackabanja.co.rs\/wp-content\/uploads\/2022\/07\/IMG_20220710_145846-1024x768.jpg\" alt=\"\" class=\"wp-image-7060\" srcset=\"https:\/\/vrnjackabanja.co.rs\/wp-content\/uploads\/2022\/07\/IMG_20220710_145846-1024x768.jpg 1024w, https:\/\/vrnjackabanja.co.rs\/wp-content\/uploads\/2022\/07\/IMG_20220710_145846-300x225.jpg 300w, https:\/\/vrnjackabanja.co.rs\/wp-content\/uploads\/2022\/07\/IMG_20220710_145846-768x576.jpg 768w, https:\/\/vrnjackabanja.co.rs\/wp-content\/uploads\/2022\/07\/IMG_20220710_145846-1536x1152.jpg 1536w, https:\/\/vrnjackabanja.co.rs\/wp-content\/uploads\/2022\/07\/IMG_20220710_145846-2048x1536.jpg 2048w\" sizes=\"auto, (max-width: 1024px) 100vw, 1024px\" \/><\/figure>\n\n<hr class=\"wp-block-separator has-alpha-channel-opacity\"\/>\n","protected":false},"excerpt":{"rendered":"<p>Ljubitelji prirode upravo su dobili pe\u0161a\u010dke staze na Go\u010du. U saradnji sa Avanturisti\u010dkim centrom trasirane su i ure\u0111ene staze, a onda uz pomo\u0107 Outdoor kluba \u201eSpartan warriors\u201c\u00a0 posao je zavr\u0161en [&hellip;]<\/p>\n","protected":false},"author":1,"featured_media":7028,"parent":0,"menu_order":0,"comment_status":"closed","ping_status":"closed","template":"","meta":{"_acf_changed":false,"footnotes":""},"class_list":["post-3289","page","type-page","status-publish","has-post-thumbnail","hentry"],"acf":[],"_links":{"self":[{"href":"https:\/\/vrnjackabanja.co.rs\/en\/wp-json\/wp\/v2\/pages\/3289","targetHints":{"allow":["GET"]}}],"collection":[{"href":"https:\/\/vrnjackabanja.co.rs\/en\/wp-json\/wp\/v2\/pages"}],"about":[{"href":"https:\/\/vrnjackabanja.co.rs\/en\/wp-json\/wp\/v2\/types\/page"}],"author":[{"embeddable":true,"href":"https:\/\/vrnjackabanja.co.rs\/en\/wp-json\/wp\/v2\/users\/1"}],"replies":[{"embeddable":true,"href":"https:\/\/vrnjackabanja.co.rs\/en\/wp-json\/wp\/v2\/comments?post=3289"}],"version-history":[{"count":5,"href":"https:\/\/vrnjackabanja.co.rs\/en\/wp-json\/wp\/v2\/pages\/3289\/revisions"}],"predecessor-version":[{"id":9617,"href":"https:\/\/vrnjackabanja.co.rs\/en\/wp-json\/wp\/v2\/pages\/3289\/revisions\/9617"}],"wp:featuredmedia":[{"embeddable":true,"href":"https:\/\/vrnjackabanja.co.rs\/en\/wp-json\/wp\/v2\/media\/7028"}],"wp:attachment":[{"href":"https:\/\/vrnjackabanja.co.rs\/en\/wp-json\/wp\/v2\/media?parent=3289"}],"curies":[{"name":"wp","href":"https:\/\/api.w.org\/{rel}","templated":true}]}}