{"id":3278,"date":"2022-04-08T12:05:08","date_gmt":"2022-04-08T10:05:08","guid":{"rendered":"http:\/\/vrnjackabanja.co.rs\/vile\/"},"modified":"2024-07-31T12:05:04","modified_gmt":"2024-07-31T10:05:04","slug":"en-villas","status":"publish","type":"page","link":"https:\/\/vrnjackabanja.co.rs\/en\/en-villas\/","title":{"rendered":"Villas"},"content":{"rendered":"\n<p>Od osnivanja Vrnja\u010dke Banje pa do dana dana\u0161njeg, banjske vile su privla\u010dile posebnu pa\u017enju. Tu su da posvedo\u010de o lepoti jednog vremena i da ugoste.<\/p>\n\n<p><\/p>\n","protected":false},"excerpt":{"rendered":"<p>Od osnivanja Vrnja\u010dke Banje pa do dana dana\u0161njeg, banjske vile su privla\u010dile posebnu pa\u017enju. Tu su da posvedo\u010de o lepoti jednog vremena i da ugoste.<\/p>\n","protected":false},"author":2,"featured_media":11098,"parent":0,"menu_order":0,"comment_status":"closed","ping_status":"closed","template":"templates\/apartmani.php","meta":{"_acf_changed":false,"footnotes":""},"class_list":["post-3278","page","type-page","status-publish","has-post-thumbnail","hentry"],"acf":[],"_links":{"self":[{"href":"https:\/\/vrnjackabanja.co.rs\/en\/wp-json\/wp\/v2\/pages\/3278","targetHints":{"allow":["GET"]}}],"collection":[{"href":"https:\/\/vrnjackabanja.co.rs\/en\/wp-json\/wp\/v2\/pages"}],"about":[{"href":"https:\/\/vrnjackabanja.co.rs\/en\/wp-json\/wp\/v2\/types\/page"}],"author":[{"embeddable":true,"href":"https:\/\/vrnjackabanja.co.rs\/en\/wp-json\/wp\/v2\/users\/2"}],"replies":[{"embeddable":true,"href":"https:\/\/vrnjackabanja.co.rs\/en\/wp-json\/wp\/v2\/comments?post=3278"}],"version-history":[{"count":4,"href":"https:\/\/vrnjackabanja.co.rs\/en\/wp-json\/wp\/v2\/pages\/3278\/revisions"}],"predecessor-version":[{"id":10916,"href":"https:\/\/vrnjackabanja.co.rs\/en\/wp-json\/wp\/v2\/pages\/3278\/revisions\/10916"}],"wp:featuredmedia":[{"embeddable":true,"href":"https:\/\/vrnjackabanja.co.rs\/en\/wp-json\/wp\/v2\/media\/11098"}],"wp:attachment":[{"href":"https:\/\/vrnjackabanja.co.rs\/en\/wp-json\/wp\/v2\/media?parent=3278"}],"curies":[{"name":"wp","href":"https:\/\/api.w.org\/{rel}","templated":true}]}}