{"id":10726,"date":"2024-01-23T13:47:36","date_gmt":"2024-01-23T12:47:36","guid":{"rendered":"https:\/\/vrnjackabanja.co.rs\/?page_id=10726"},"modified":"2024-01-23T16:03:23","modified_gmt":"2024-01-23T15:03:23","slug":"gocki-ranc","status":"publish","type":"page","link":"https:\/\/vrnjackabanja.co.rs\/en\/gocki-ranc\/","title":{"rendered":"Go\u010dki ranch"},"content":{"rendered":"\n<p>The new tourist attraction &#8211; Go\u010dki ranch, is located only 15 km from the center of Vrnja\u010dka Banja, on Go\u010d mountain. Within its complex, Go\u010dki Ranch has a restaurant, accommodation, and off-road horse riding. The usual division of horses includes the division into warm-blooded and cold-blooded breeds. Cold-blooded horses are descendants of forest horses from the north of Europe, and they are heavy breeds of horses, with a calm temperament, and these are precisely the ones found in this ranch.<br>This is definitely place where peace begins.<\/p>\n\n\n\n<figure class=\"wp-block-image size-full\"><img loading=\"lazy\" decoding=\"async\" width=\"750\" height=\"500\" src=\"https:\/\/vrnjackabanja.co.rs\/wp-content\/uploads\/2024\/01\/gockiranc03-1.jpg\" alt=\"\" class=\"wp-image-10709\" srcset=\"https:\/\/vrnjackabanja.co.rs\/wp-content\/uploads\/2024\/01\/gockiranc03-1.jpg 750w, https:\/\/vrnjackabanja.co.rs\/wp-content\/uploads\/2024\/01\/gockiranc03-1-300x200.jpg 300w\" sizes=\"auto, (max-width: 750px) 100vw, 750px\" \/><\/figure>\n\n\n\n<figure class=\"wp-block-image size-full\"><img loading=\"lazy\" decoding=\"async\" width=\"750\" height=\"500\" src=\"https:\/\/vrnjackabanja.co.rs\/wp-content\/uploads\/2024\/01\/gockiranc01.jpg\" alt=\"\" class=\"wp-image-10713\" srcset=\"https:\/\/vrnjackabanja.co.rs\/wp-content\/uploads\/2024\/01\/gockiranc01.jpg 750w, https:\/\/vrnjackabanja.co.rs\/wp-content\/uploads\/2024\/01\/gockiranc01-300x200.jpg 300w\" sizes=\"auto, (max-width: 750px) 100vw, 750px\" \/><\/figure>\n\n\n\n<figure class=\"wp-block-image size-full\"><img loading=\"lazy\" decoding=\"async\" width=\"750\" height=\"500\" src=\"https:\/\/vrnjackabanja.co.rs\/wp-content\/uploads\/2024\/01\/gockiranc04.jpg\" alt=\"\" class=\"wp-image-10717\" srcset=\"https:\/\/vrnjackabanja.co.rs\/wp-content\/uploads\/2024\/01\/gockiranc04.jpg 750w, https:\/\/vrnjackabanja.co.rs\/wp-content\/uploads\/2024\/01\/gockiranc04-300x200.jpg 300w\" sizes=\"auto, (max-width: 750px) 100vw, 750px\" \/><\/figure>\n\n\n\n<figure class=\"wp-block-image size-full\"><img loading=\"lazy\" decoding=\"async\" width=\"750\" height=\"500\" src=\"https:\/\/vrnjackabanja.co.rs\/wp-content\/uploads\/2024\/01\/gockiranc02.jpg\" alt=\"\" class=\"wp-image-10721\" srcset=\"https:\/\/vrnjackabanja.co.rs\/wp-content\/uploads\/2024\/01\/gockiranc02.jpg 750w, https:\/\/vrnjackabanja.co.rs\/wp-content\/uploads\/2024\/01\/gockiranc02-300x200.jpg 300w\" sizes=\"auto, (max-width: 750px) 100vw, 750px\" \/><\/figure>\n\n\n\n<p>Vi\u0161e o Go\u010dkom Ran\u010du mo\u017eete saznati na <a href=\"https:\/\/www.instagram.com\/gocki.ranc\/\" target=\"_blank\" rel=\"noreferrer noopener\">Instagram stranici &#8211; LINK<\/a><\/p>\n","protected":false},"excerpt":{"rendered":"<p>The new tourist attraction &#8211; Go\u010dki ranch, is located only 15 km from the center of Vrnja\u010dka Banja, on Go\u010d mountain. Within its complex, Go\u010dki Ranch has a restaurant, accommodation, [&hellip;]<\/p>\n","protected":false},"author":1,"featured_media":11052,"parent":0,"menu_order":0,"comment_status":"closed","ping_status":"closed","template":"","meta":{"_acf_changed":false,"footnotes":""},"class_list":["post-10726","page","type-page","status-publish","has-post-thumbnail","hentry"],"acf":[],"_links":{"self":[{"href":"https:\/\/vrnjackabanja.co.rs\/en\/wp-json\/wp\/v2\/pages\/10726","targetHints":{"allow":["GET"]}}],"collection":[{"href":"https:\/\/vrnjackabanja.co.rs\/en\/wp-json\/wp\/v2\/pages"}],"about":[{"href":"https:\/\/vrnjackabanja.co.rs\/en\/wp-json\/wp\/v2\/types\/page"}],"author":[{"embeddable":true,"href":"https:\/\/vrnjackabanja.co.rs\/en\/wp-json\/wp\/v2\/users\/1"}],"replies":[{"embeddable":true,"href":"https:\/\/vrnjackabanja.co.rs\/en\/wp-json\/wp\/v2\/comments?post=10726"}],"version-history":[{"count":3,"href":"https:\/\/vrnjackabanja.co.rs\/en\/wp-json\/wp\/v2\/pages\/10726\/revisions"}],"predecessor-version":[{"id":10754,"href":"https:\/\/vrnjackabanja.co.rs\/en\/wp-json\/wp\/v2\/pages\/10726\/revisions\/10754"}],"wp:featuredmedia":[{"embeddable":true,"href":"https:\/\/vrnjackabanja.co.rs\/en\/wp-json\/wp\/v2\/media\/11052"}],"wp:attachment":[{"href":"https:\/\/vrnjackabanja.co.rs\/en\/wp-json\/wp\/v2\/media?parent=10726"}],"curies":[{"name":"wp","href":"https:\/\/api.w.org\/{rel}","templated":true}]}}