{"id":4055,"date":"2021-12-06T11:17:48","date_gmt":"2021-12-06T10:17:48","guid":{"rendered":"http:\/\/vrnjackabanja.co.rs\/smestaj\/"},"modified":"2022-07-26T11:28:09","modified_gmt":"2022-07-26T09:28:09","slug":"apartments","status":"publish","type":"page","link":"https:\/\/vrnjackabanja.co.rs\/de\/apartments\/","title":{"rendered":"Apartments"},"content":{"rendered":"\n<p>Die meisten Unterkunftsm\u00f6glichkeiten machen die Apartments aus Bed\u00fcrfnissen. Die Apartments sind bei unseren G\u00e4sten auch der beliebteste Unterkunftstyp.<\/p>\n\n\n\n<p>Da wir ein vielf\u00e4ltiges Angebot an Apartments haben, wird jeder ein Apartment, das seinen Bed\u00fcrfnissen entspricht, finden.<\/p>\n\n\n\n<p>Viele Apartmentbesitzer arbeiten auch mit Gutscheinen der serbischen Regierung.<\/p>\n","protected":false},"excerpt":{"rendered":"<p>Die meisten Unterkunftsm\u00f6glichkeiten machen die Apartments aus Bed\u00fcrfnissen. Die Apartments sind bei unseren G\u00e4sten auch der beliebteste Unterkunftstyp. Da wir ein vielf\u00e4ltiges Angebot an Apartments haben, wird jeder ein Apartment, [&hellip;]<\/p>\n","protected":false},"author":1,"featured_media":10191,"parent":0,"menu_order":0,"comment_status":"closed","ping_status":"closed","template":"templates\/apartmani.php","meta":{"_acf_changed":false,"footnotes":""},"class_list":["post-4055","page","type-page","status-publish","has-post-thumbnail","hentry"],"acf":[],"_links":{"self":[{"href":"https:\/\/vrnjackabanja.co.rs\/de\/wp-json\/wp\/v2\/pages\/4055","targetHints":{"allow":["GET"]}}],"collection":[{"href":"https:\/\/vrnjackabanja.co.rs\/de\/wp-json\/wp\/v2\/pages"}],"about":[{"href":"https:\/\/vrnjackabanja.co.rs\/de\/wp-json\/wp\/v2\/types\/page"}],"author":[{"embeddable":true,"href":"https:\/\/vrnjackabanja.co.rs\/de\/wp-json\/wp\/v2\/users\/1"}],"replies":[{"embeddable":true,"href":"https:\/\/vrnjackabanja.co.rs\/de\/wp-json\/wp\/v2\/comments?post=4055"}],"version-history":[{"count":5,"href":"https:\/\/vrnjackabanja.co.rs\/de\/wp-json\/wp\/v2\/pages\/4055\/revisions"}],"predecessor-version":[{"id":7136,"href":"https:\/\/vrnjackabanja.co.rs\/de\/wp-json\/wp\/v2\/pages\/4055\/revisions\/7136"}],"wp:featuredmedia":[{"embeddable":true,"href":"https:\/\/vrnjackabanja.co.rs\/de\/wp-json\/wp\/v2\/media\/10191"}],"wp:attachment":[{"href":"https:\/\/vrnjackabanja.co.rs\/de\/wp-json\/wp\/v2\/media?parent=4055"}],"curies":[{"name":"wp","href":"https:\/\/api.w.org\/{rel}","templated":true}]}}