{"id":4047,"date":"2021-12-08T10:25:34","date_gmt":"2021-12-08T09:25:34","guid":{"rendered":"http:\/\/vrnjackabanja.co.rs\/vrnjacka-banja\/"},"modified":"2022-06-08T13:01:05","modified_gmt":"2022-06-08T11:01:05","slug":"vrnjacka-banja","status":"publish","type":"page","link":"https:\/\/vrnjackabanja.co.rs\/de\/vrnjacka-banja\/","title":{"rendered":"Vrnja\u010dka Banja"},"content":{"rendered":"\n<figure class=\"wp-block-image size-large\"><img loading=\"lazy\" decoding=\"async\" width=\"1024\" height=\"681\" src=\"http:\/\/vrnjackabanja.co.rs\/wp-content\/uploads\/2022\/02\/DSC0275-1024x681.jpg\" alt=\"\" class=\"wp-image-835\" srcset=\"https:\/\/vrnjackabanja.co.rs\/wp-content\/uploads\/2022\/02\/DSC0275-1024x681.jpg 1024w, https:\/\/vrnjackabanja.co.rs\/wp-content\/uploads\/2022\/02\/DSC0275-300x200.jpg 300w, https:\/\/vrnjackabanja.co.rs\/wp-content\/uploads\/2022\/02\/DSC0275-768x511.jpg 768w, https:\/\/vrnjackabanja.co.rs\/wp-content\/uploads\/2022\/02\/DSC0275-1536x1022.jpg 1536w, https:\/\/vrnjackabanja.co.rs\/wp-content\/uploads\/2022\/02\/DSC0275-2048x1363.jpg 2048w\" sizes=\"auto, (max-width: 1024px) 100vw, 1024px\" \/><\/figure>\n\n\n\n<p>Vrnja\u010dka Banja liegt in Zentralserbien, etwa 200 Kilometer s\u00fcdlich von Belgrad. Durch das Stra\u00dfen- und Eisenbahnnetz, das entlang der Westlichen Morava die Fernstra\u00dfen des Balkans: Belgrad\u2013Sofia und Belgrad\u2013Athen umfasst, ist Vrnja\u010dka Banja sehr gut mit allen Teilen Serbiens verbunden, und durch gute Landstra\u00dfen ist die Verbindung mit seinem waldig-bergigen Hinterland, welches die gut erhaltene nat\u00fcrliche Umgebung bildet, ebenso gut. Dieser Komplex umfasst die Gebirge Kopaonik (2017 m), \u017deljin (1785 m), Stolovi (1376 m) sowie den nahe gelegenen wirtlichen Go\u010d (1216 m). Das Klima ist m\u00e4\u00dfig kontinental. Der Einfluss der nahe gelegenen Berge verleiht dem Mikroklima von Vrnja\u010dka Banja ein besonderes Gepr\u00e4ge und macht es sehr angenehm. Die Sommer sind m\u00e4\u00dfig warm mit frischen Morgen und Abenden und die Winter sind schneereich und ohne scharfen Frost. Die Jahresdurchschnittstemperatur betr\u00e4gt ca. 10,5 \u00b0C und im Sommer etwa 20 \u00b0C.<\/p>\n\n\n\n<figure class=\"wp-block-image size-large is-style-default\"><img loading=\"lazy\" decoding=\"async\" width=\"1024\" height=\"683\" src=\"http:\/\/vrnjackabanja.co.rs\/wp-content\/uploads\/2022\/02\/127169527_1825002644322106_4985922833651901668_n-1024x683.jpg\" alt=\"\" class=\"wp-image-485\" srcset=\"https:\/\/vrnjackabanja.co.rs\/wp-content\/uploads\/2022\/02\/127169527_1825002644322106_4985922833651901668_n-1024x683.jpg 1024w, https:\/\/vrnjackabanja.co.rs\/wp-content\/uploads\/2022\/02\/127169527_1825002644322106_4985922833651901668_n-300x200.jpg 300w, https:\/\/vrnjackabanja.co.rs\/wp-content\/uploads\/2022\/02\/127169527_1825002644322106_4985922833651901668_n-768x513.jpg 768w, https:\/\/vrnjackabanja.co.rs\/wp-content\/uploads\/2022\/02\/127169527_1825002644322106_4985922833651901668_n-1536x1025.jpg 1536w, https:\/\/vrnjackabanja.co.rs\/wp-content\/uploads\/2022\/02\/127169527_1825002644322106_4985922833651901668_n.jpg 1840w\" sizes=\"auto, (max-width: 1024px) 100vw, 1024px\" \/><\/figure>\n\n\n\n<p>Vrnja\u010dka Banja hat eine sehr lange Tradition der Heilbehandlung. An dessen warmer Mineralquelle bauten die R\u00f6mer im Zeitraum vom 2. bis 4. Jahrhundert ihr Genesungs- und Erholungsheim \u201eAquaeOrcinae\u201c. Davon zeugen die arch\u00e4ologischen Funde im engeren Kern des r\u00f6mischen Heilbades, bzw. ein Schwimmbecken, die r\u00f6mische Quelle des warmen Mineralwassers (Fons Romanus) und eine Vielzahl von M\u00fcnzen, die aus kulturellen Beweggr\u00fcnden in die Heilquelle gelegt wurden. Zur Erholung kamen hierher meistens die Legion\u00e4re der Legio V Macedonica und der Legio VII Claudia sowie die romanisierte Stammesaristokratie der Einheimischen. Das breite Umfeld von Vrnja\u010dka Banja stellt das reichste und interessanteste Tourismusgebiet Serbiens dar. Es ist ein Bereich, in dem bei jedem Schritt das Mittelalter und moderne Entwicklungen aufeinandertreffen.<\/p>\n\n\n\n<p>Im Norden liegt das fruchtbare Ackerland von West-Pomoravlje und im S\u00fcden erstreckt sich die \u00fcber 100 Kilometer lange Flussschlucht des Ibar, der sich rauschend durch die Bergk\u00e4mme des uralten Dardanija (heute Ra\u0161ka) durchschl\u00e4ngelt, in dem der erste serbische Staat entstand. Dort gibt es auch Gebirge mit ber\u00fchmten Wintersportzentren, von denen der Kopaonik das bekannteste ist. Schlie\u00dflich ist dies eine Region mit den wichtigsten Denkm\u00e4lern der serbischen mittelalterlichen Kultur, insbesondere Kl\u00f6stern mit monumentaler Fresko-Malerei, von denen einige als UNESCO-Weltkulturerbe gesch\u00fctzt sind.&nbsp;<\/p>\n\n\n\n<figure class=\"wp-block-image size-large\"><img loading=\"lazy\" decoding=\"async\" width=\"1024\" height=\"642\" src=\"http:\/\/vrnjackabanja.co.rs\/wp-content\/uploads\/2022\/02\/MMP_1579-1024x642.jpg\" alt=\"\" class=\"wp-image-843\" srcset=\"https:\/\/vrnjackabanja.co.rs\/wp-content\/uploads\/2022\/02\/MMP_1579-1024x642.jpg 1024w, https:\/\/vrnjackabanja.co.rs\/wp-content\/uploads\/2022\/02\/MMP_1579-300x188.jpg 300w, https:\/\/vrnjackabanja.co.rs\/wp-content\/uploads\/2022\/02\/MMP_1579-768x482.jpg 768w, https:\/\/vrnjackabanja.co.rs\/wp-content\/uploads\/2022\/02\/MMP_1579-1536x963.jpg 1536w, https:\/\/vrnjackabanja.co.rs\/wp-content\/uploads\/2022\/02\/MMP_1579-2048x1284.jpg 2048w\" sizes=\"auto, (max-width: 1024px) 100vw, 1024px\" \/><\/figure>\n\n\n\n<p>Vrnja\u010dka Banja bietet zahlreiche Unterbringungsm\u00f6glichkeiten und verf\u00fcgt \u00fcber mehr als 15.000 Betten, von denen sich rund 4.500 in Hotels, Pensionen und Apartments befinden; 850 Betten sind im Gesundheitszentrum und etwa 10.000 im privaten Bereich (die allerdings nicht alle kategorisiert sind) untergebracht. In Vrnja\u010dka Banja gibt es Hotels in hohen Kategorien, die ihren G\u00e4sten unter anderem Schwimmhallen, Kongresss\u00e4le und Sporteinrichtungen anbieten k\u00f6nnen.<\/p>\n\n\n\n<figure class=\"wp-block-image size-large\"><img loading=\"lazy\" decoding=\"async\" width=\"1024\" height=\"743\" src=\"http:\/\/vrnjackabanja.co.rs\/wp-content\/uploads\/2022\/02\/DJI_0205-2-1024x743.jpg\" alt=\"\" class=\"wp-image-848\" srcset=\"https:\/\/vrnjackabanja.co.rs\/wp-content\/uploads\/2022\/02\/DJI_0205-2-1024x743.jpg 1024w, https:\/\/vrnjackabanja.co.rs\/wp-content\/uploads\/2022\/02\/DJI_0205-2-300x218.jpg 300w, https:\/\/vrnjackabanja.co.rs\/wp-content\/uploads\/2022\/02\/DJI_0205-2-768x557.jpg 768w, https:\/\/vrnjackabanja.co.rs\/wp-content\/uploads\/2022\/02\/DJI_0205-2-1536x1114.jpg 1536w, https:\/\/vrnjackabanja.co.rs\/wp-content\/uploads\/2022\/02\/DJI_0205-2-2048x1486.jpg 2048w\" sizes=\"auto, (max-width: 1024px) 100vw, 1024px\" \/><\/figure>\n","protected":false},"excerpt":{"rendered":"<p>Vrnja\u010dka Banja liegt in Zentralserbien, etwa 200 Kilometer s\u00fcdlich von Belgrad. Durch das Stra\u00dfen- und Eisenbahnnetz, das entlang der Westlichen Morava die Fernstra\u00dfen des Balkans: Belgrad\u2013Sofia und Belgrad\u2013Athen umfasst, ist [&hellip;]<\/p>\n","protected":false},"author":1,"featured_media":4048,"parent":0,"menu_order":0,"comment_status":"closed","ping_status":"closed","template":"","meta":{"_acf_changed":false,"footnotes":""},"class_list":["post-4047","page","type-page","status-publish","has-post-thumbnail","hentry"],"acf":[],"_links":{"self":[{"href":"https:\/\/vrnjackabanja.co.rs\/de\/wp-json\/wp\/v2\/pages\/4047","targetHints":{"allow":["GET"]}}],"collection":[{"href":"https:\/\/vrnjackabanja.co.rs\/de\/wp-json\/wp\/v2\/pages"}],"about":[{"href":"https:\/\/vrnjackabanja.co.rs\/de\/wp-json\/wp\/v2\/types\/page"}],"author":[{"embeddable":true,"href":"https:\/\/vrnjackabanja.co.rs\/de\/wp-json\/wp\/v2\/users\/1"}],"replies":[{"embeddable":true,"href":"https:\/\/vrnjackabanja.co.rs\/de\/wp-json\/wp\/v2\/comments?post=4047"}],"version-history":[{"count":5,"href":"https:\/\/vrnjackabanja.co.rs\/de\/wp-json\/wp\/v2\/pages\/4047\/revisions"}],"predecessor-version":[{"id":6162,"href":"https:\/\/vrnjackabanja.co.rs\/de\/wp-json\/wp\/v2\/pages\/4047\/revisions\/6162"}],"wp:featuredmedia":[{"embeddable":true,"href":"https:\/\/vrnjackabanja.co.rs\/de\/wp-json\/wp\/v2\/media\/4048"}],"wp:attachment":[{"href":"https:\/\/vrnjackabanja.co.rs\/de\/wp-json\/wp\/v2\/media?parent=4047"}],"curies":[{"name":"wp","href":"https:\/\/api.w.org\/{rel}","templated":true}]}}