{"id":4036,"date":"2021-12-08T10:40:00","date_gmt":"2021-12-08T09:40:00","guid":{"rendered":"http:\/\/vrnjackabanja.co.rs\/vrnjacki-karneval\/"},"modified":"2022-07-26T13:33:30","modified_gmt":"2022-07-26T11:33:30","slug":"der-karneval-von-vrnjacka-banja","status":"publish","type":"page","link":"https:\/\/vrnjackabanja.co.rs\/de\/der-karneval-von-vrnjacka-banja\/","title":{"rendered":"DER KARNEVAL VON VRNJA\u010cKA BANJA"},"content":{"rendered":"\n<figure class=\"wp-block-image size-full is-resized\"><img loading=\"lazy\" decoding=\"async\" src=\"http:\/\/vrnjackabanja.co.rs\/wp-content\/uploads\/2022\/04\/2603.jpg\" alt=\"\" class=\"wp-image-2768\" width=\"839\" height=\"559\" srcset=\"https:\/\/vrnjackabanja.co.rs\/wp-content\/uploads\/2022\/04\/2603.jpg 720w, https:\/\/vrnjackabanja.co.rs\/wp-content\/uploads\/2022\/04\/2603-300x200.jpg 300w\" sizes=\"auto, (max-width: 839px) 100vw, 839px\" \/><\/figure>\n\n\n\n<p>Der Karneval von Vrnja\u010dka Banja ist neben dem von Gu\u010da das gr\u00f6\u00dfte Tourismusprojekt in Serbien. Der Karneval von Vrnja\u010dka Banja stellt geradezu die Kr\u00f6nung der touristischen Saison dar. Diese Veranstaltung versammelt \u00fcber 200 000 Besucher. Innerhalb einer Woche im Juli verwandelt sich Vrnja\u010dka Banja in eine B\u00fchne, auf der viele Maskenb\u00e4lle, Festivals, Konzerte, Auff\u00fchrungen, Sportevents usw. organisiert werden.<\/p>\n\n\n\n<p>Das zentrale Event des Karnevals ist der gro\u00dfe internationale Karnevalsumzug. Eine Vielzahl der Karnevalsgruppen aus aller Welt sorgt f\u00fcr Spa\u00df und eine tolle Zeit an diesen Tagen. W\u00e4hrend dieser Zeit werden Sie auf einen warmherzigen Empfang bei den Gastgebern sto\u00dfen, sowie auf eine tolle Karnevalsstimmung, die Sie alle Ihre Probleme vergessen l\u00e4sst.<\/p>\n\n\n\n<figure class=\"wp-block-image size-large\"><img loading=\"lazy\" decoding=\"async\" width=\"1024\" height=\"638\" src=\"http:\/\/vrnjackabanja.co.rs\/wp-content\/uploads\/2022\/02\/104436065_1671170833038622_1527955150154522719_n-1-1024x638.jpg\" alt=\"\" class=\"wp-image-1731\" srcset=\"https:\/\/vrnjackabanja.co.rs\/wp-content\/uploads\/2022\/02\/104436065_1671170833038622_1527955150154522719_n-1-1024x638.jpg 1024w, https:\/\/vrnjackabanja.co.rs\/wp-content\/uploads\/2022\/02\/104436065_1671170833038622_1527955150154522719_n-1-300x187.jpg 300w, https:\/\/vrnjackabanja.co.rs\/wp-content\/uploads\/2022\/02\/104436065_1671170833038622_1527955150154522719_n-1-768x479.jpg 768w, https:\/\/vrnjackabanja.co.rs\/wp-content\/uploads\/2022\/02\/104436065_1671170833038622_1527955150154522719_n-1-1536x957.jpg 1536w, https:\/\/vrnjackabanja.co.rs\/wp-content\/uploads\/2022\/02\/104436065_1671170833038622_1527955150154522719_n-1.jpg 1747w\" sizes=\"auto, (max-width: 1024px) 100vw, 1024px\" \/><\/figure>\n\n\n\n<p>Von Jahr zu Jahr versammelt dieses Ereignis immer mehr Besucher und Teilnehmer aus Serbien, aber auch aus der ganzen Welt. Als Auszeichnung f\u00fcr die bisherigen Erfolge erhielt der Karneval \u201eTuristi\u010dki cvet\u201d(dt. Die touristische Blume), die f\u00fcr das beste Tourismusprojekt von dem Tourismusverein Serbiens mit Unterst\u00fctzung des Ministeriums f\u00fcr Handel, Tourismus und Dienstleistungen verliehen wird.<\/p>\n\n\n\n<figure class=\"wp-block-image size-full is-resized\"><img loading=\"lazy\" decoding=\"async\" src=\"http:\/\/vrnjackabanja.co.rs\/wp-content\/uploads\/2022\/04\/37685218_1728979673824608_7392129910350807040_o.jpg\" alt=\"\" class=\"wp-image-2762\" width=\"842\" height=\"561\" srcset=\"https:\/\/vrnjackabanja.co.rs\/wp-content\/uploads\/2022\/04\/37685218_1728979673824608_7392129910350807040_o.jpg 800w, https:\/\/vrnjackabanja.co.rs\/wp-content\/uploads\/2022\/04\/37685218_1728979673824608_7392129910350807040_o-300x200.jpg 300w, https:\/\/vrnjackabanja.co.rs\/wp-content\/uploads\/2022\/04\/37685218_1728979673824608_7392129910350807040_o-768x512.jpg 768w\" sizes=\"auto, (max-width: 842px) 100vw, 842px\" \/><\/figure>\n\n\n\n<p>DIE ENTSTEHUNGSGESCHICHTE \u2013 Seit der Gr\u00fcndung des modernen Kurortes in Vrnjci, die mit dem Jahr 1868 in Verbindung gebracht wird, legen die Bewohner von Vrnjci viel Wert auf Tanz- und Maskenb\u00e4lle, Kirmessen und andere Veranstaltungen dieser Art. Diese Tradition hat sich bis heute erhalten. Das Datum der Gr\u00fcndung des ersten Tourismusvereins (Osnovatelno fundatorsko dru\u0161tvo kiselo vru\u0107e vode u Vrnjcima) auf dem Balkan, 14. Juli, wurde zum Anlass der Etablierung der Veranstaltung namens \u201eVrnja\u010dki Karneval\u201c genommen. Die Karnevalsveranstaltungen finden in der Woche statt, die an dieses Datum gekoppelt ist.<\/p>\n\n\n\n<figure class=\"wp-block-gallery has-nested-images columns-default is-cropped wp-block-gallery-1 is-layout-flex wp-block-gallery-is-layout-flex\">\n<figure class=\"wp-block-image size-large\"><img loading=\"lazy\" decoding=\"async\" width=\"1707\" height=\"2560\" data-id=\"718\" src=\"http:\/\/vrnjackabanja.co.rs\/wp-content\/uploads\/2022\/02\/ROZANA-S-368-foto-VB-scaled.jpg\" alt=\"\" class=\"wp-image-718\" srcset=\"https:\/\/vrnjackabanja.co.rs\/wp-content\/uploads\/2022\/02\/ROZANA-S-368-foto-VB-scaled.jpg 1707w, https:\/\/vrnjackabanja.co.rs\/wp-content\/uploads\/2022\/02\/ROZANA-S-368-foto-VB-200x300.jpg 200w, https:\/\/vrnjackabanja.co.rs\/wp-content\/uploads\/2022\/02\/ROZANA-S-368-foto-VB-683x1024.jpg 683w, https:\/\/vrnjackabanja.co.rs\/wp-content\/uploads\/2022\/02\/ROZANA-S-368-foto-VB-768x1152.jpg 768w, https:\/\/vrnjackabanja.co.rs\/wp-content\/uploads\/2022\/02\/ROZANA-S-368-foto-VB-1024x1536.jpg 1024w, https:\/\/vrnjackabanja.co.rs\/wp-content\/uploads\/2022\/02\/ROZANA-S-368-foto-VB-1365x2048.jpg 1365w\" sizes=\"auto, (max-width: 1707px) 100vw, 1707px\" \/><\/figure>\n\n\n\n<figure class=\"wp-block-image size-large\"><img loading=\"lazy\" decoding=\"async\" width=\"683\" height=\"1024\" data-id=\"1215\" src=\"http:\/\/vrnjackabanja.co.rs\/wp-content\/uploads\/2022\/02\/IMG_1075-683x1024.jpg\" alt=\"\" class=\"wp-image-1215\" srcset=\"https:\/\/vrnjackabanja.co.rs\/wp-content\/uploads\/2022\/02\/IMG_1075-683x1024.jpg 683w, https:\/\/vrnjackabanja.co.rs\/wp-content\/uploads\/2022\/02\/IMG_1075-200x300.jpg 200w, https:\/\/vrnjackabanja.co.rs\/wp-content\/uploads\/2022\/02\/IMG_1075-768x1152.jpg 768w, https:\/\/vrnjackabanja.co.rs\/wp-content\/uploads\/2022\/02\/IMG_1075-1024x1536.jpg 1024w, https:\/\/vrnjackabanja.co.rs\/wp-content\/uploads\/2022\/02\/IMG_1075-1365x2048.jpg 1365w, https:\/\/vrnjackabanja.co.rs\/wp-content\/uploads\/2022\/02\/IMG_1075-scaled.jpg 1707w\" sizes=\"auto, (max-width: 683px) 100vw, 683px\" \/><\/figure>\n<\/figure>\n\n\n\n<p>Die herrlichsten Kirmessen wurden auf der gro\u00dfen Terrasse des modernen Thermalbades ausgerichtet. F\u00fcr die Organisation von Kirmessen hat sich der ganze Ort interessiert; und nicht nur der, sondern auch viele benachbarte D\u00f6rfer, die auch immer ihre Eigenbeitr\u00e4ge leisteten. Zur Kirmes wurden auch G\u00e4ste aus anderen Orten eingeladen, wobei Vrnja\u010dka Banja sch\u00f6n herausgeputzt und sauber war und im Festgewand gl\u00e4nzte. Blumen gab es auf Schritt und Tritt und die Musik ist zweimal am Tag wie bei einem Parademarsch durch die Stra\u00dfen von Vrnja\u010dka Banja gezogen. Die Terrassen von Thermalb\u00e4dern waren mit vielen Lampions und Zierleuchten ausgeschm\u00fcckt, w\u00e4hrend die Pyrotechniker die letzten Vorbereitungen f\u00fcr ein unvergessliches Feuerwerk trafen. <\/p>\n\n\n\n<p>Die Kirmes startete gegen 21 Uhr, die Er\u00f6ffnung mit angemessenen Worten erfolgte in der Regel durch den Leiter einer Wohlt\u00e4tigkeitsorganisation, an die der gesamte Erl\u00f6s gespendet werden sollte. Anschlie\u00dfend traten Schauspieler, S\u00e4nger und andere K\u00fcnstler auf. Die Frauen von Vrnja\u010dka Banja machten f\u00fcr diesen Abend unz\u00e4hlige Kuchen und Torten und wetteiferten somit miteinander um den Status der sch\u00f6nsten Torte. Kuchen wurden kostenlos ausgeteilt \u2013 das war ein Geschenk der Bewohner von Vrnjci an die G\u00e4ste \u2013, w\u00e4hrend Getr\u00e4nke und andere K\u00f6stlichkeiten in Gastst\u00e4tten serviert wurden. In Spielen, vielf\u00e4ltigen Attraktionen, Sch\u00f6nheitswettbewerben und anderen Preisverleihungen ging die sch\u00f6nste und romantischste Sommernacht von Vrnja\u010dka Banja vor sich.<\/p>\n\n\n\n<figure class=\"wp-block-gallery has-nested-images columns-2 is-cropped wp-block-gallery-2 is-layout-flex wp-block-gallery-is-layout-flex\">\n<figure class=\"wp-block-image size-large\"><a href=\"http:\/\/vrnjackabanja.co.rs\/wp-content\/uploads\/2022\/02\/MMP_1097-scaled.jpg\" data-rel=\"lightbox-image-0\" data-rl_title=\"MMP_1097\" data-rl_caption=\"\" title=\"MMP_1097\"><img loading=\"lazy\" decoding=\"async\" width=\"1024\" height=\"683\" data-id=\"715\" src=\"http:\/\/vrnjackabanja.co.rs\/wp-content\/uploads\/2022\/02\/MMP_1097-1024x683.jpg\" alt=\"\" class=\"wp-image-715\" srcset=\"https:\/\/vrnjackabanja.co.rs\/wp-content\/uploads\/2022\/02\/MMP_1097-1024x683.jpg 1024w, https:\/\/vrnjackabanja.co.rs\/wp-content\/uploads\/2022\/02\/MMP_1097-300x200.jpg 300w, https:\/\/vrnjackabanja.co.rs\/wp-content\/uploads\/2022\/02\/MMP_1097-768x513.jpg 768w, https:\/\/vrnjackabanja.co.rs\/wp-content\/uploads\/2022\/02\/MMP_1097-1536x1025.jpg 1536w, https:\/\/vrnjackabanja.co.rs\/wp-content\/uploads\/2022\/02\/MMP_1097-2048x1367.jpg 2048w\" sizes=\"auto, (max-width: 1024px) 100vw, 1024px\" \/><\/a><\/figure>\n<\/figure>\n\n\n\n<p>Neben den Kirmessen und anderen Festen waren die Maskenb\u00e4lle sicherlich die am meisten besuchten Events jener Zeit. In den 1950er und 1960er Jahren waren die Hotels \u201eSloboda\u201d, \u201eZvezda\u201d und \u201eROPS\u201d die Veranstaltungsorte von Maskenb\u00e4llen, auf denen die sch\u00f6nsten Masken ausgew\u00e4hlt wurden. In den 1980er Jahren wurde diese Rolle vom Caf\u00e9 \u201eLipa\u201c \u00fcbernommen, das hiermit die Maskenballtradition in Vrnja\u010dka Banja fortf\u00fchrte. In den 1990er Jahren ziehen die Maskenb\u00e4lle ins Caf\u00e9 \u201eElegant Dra\u0161kovic\u201d um, in dem viele verschiedene Shows, Schauspielkurse, Musikwerkst\u00e4tten etc. mit organisiert wurden. Im Jahr 2002 wurde der Maskenball zum ersten Mal im Caf\u00e9 \u201eSavka\u201c veranstaltet und findet seither immer dort statt.<\/p>\n\n\n\n<figure class=\"wp-block-image size-full is-resized\"><img loading=\"lazy\" decoding=\"async\" src=\"http:\/\/vrnjackabanja.co.rs\/wp-content\/uploads\/2022\/04\/maskenbal-1.jpg\" alt=\"\" class=\"wp-image-2764\" width=\"840\" height=\"560\" srcset=\"https:\/\/vrnjackabanja.co.rs\/wp-content\/uploads\/2022\/04\/maskenbal-1.jpg 768w, https:\/\/vrnjackabanja.co.rs\/wp-content\/uploads\/2022\/04\/maskenbal-1-300x200.jpg 300w\" sizes=\"auto, (max-width: 840px) 100vw, 840px\" \/><\/figure>\n\n\n\n<p>Nach dem Erz\u00e4hlen der \u00c4lteren in Vrnjci wird Vrnja\u010dka Banja in den 1960er Jahren zur Karnevalsstadt schlechthin. In den darauffolgenden Jahren wurden ein paar Karnevalsumz\u00fcge organisiert, doch leider verliert diese Veranstaltung bald an Bedeutung und ger\u00e4t langsam in Vergessenheit, bis zum Zeitpunkt, als das touristische Sportzentrum \u201eVrnja\u010dka Banja\u201c die Initiative ergreift und den ersten internationalen Karneval \u201eMe\u0111unarodni Vrnja\u010dki Karneval\u201d ins Leben ruft. <\/p>\n\n\n\n<figure class=\"wp-block-image size-large\"><img loading=\"lazy\" decoding=\"async\" width=\"1024\" height=\"683\" src=\"http:\/\/vrnjackabanja.co.rs\/wp-content\/uploads\/2022\/04\/MMP_8693-1024x683.jpg\" alt=\"\" class=\"wp-image-2759\" srcset=\"https:\/\/vrnjackabanja.co.rs\/wp-content\/uploads\/2022\/04\/MMP_8693-1024x683.jpg 1024w, https:\/\/vrnjackabanja.co.rs\/wp-content\/uploads\/2022\/04\/MMP_8693-300x200.jpg 300w, https:\/\/vrnjackabanja.co.rs\/wp-content\/uploads\/2022\/04\/MMP_8693-768x512.jpg 768w, https:\/\/vrnjackabanja.co.rs\/wp-content\/uploads\/2022\/04\/MMP_8693-1536x1024.jpg 1536w, https:\/\/vrnjackabanja.co.rs\/wp-content\/uploads\/2022\/04\/MMP_8693-2048x1365.jpg 2048w\" sizes=\"auto, (max-width: 1024px) 100vw, 1024px\" \/><\/figure>\n\n\n\n<p>Der erste internationale Karneval fand vom 12. bis 17.07. 2005 statt und vereinte \u00fcber 40 verschiedene Unterhaltungs-, Kultur- und Sportveranstaltungen. Das zentrale Event des internationalen Karnevals ist der GROSSE INTERNATIONALE KARNEVALSZUG, an dem 2005 34 Karnevalsgruppen aus dem In- und Ausland teilnahmen. Der Umzug z\u00e4hlte \u00fcber 1500 Teilnehmer. <\/p>\n\n\n\n<figure class=\"wp-block-image size-large\"><img loading=\"lazy\" decoding=\"async\" width=\"1024\" height=\"683\" src=\"http:\/\/vrnjackabanja.co.rs\/wp-content\/uploads\/2022\/04\/LUX_8120-1024x683.jpg\" alt=\"\" class=\"wp-image-2758\" srcset=\"https:\/\/vrnjackabanja.co.rs\/wp-content\/uploads\/2022\/04\/LUX_8120-1024x683.jpg 1024w, https:\/\/vrnjackabanja.co.rs\/wp-content\/uploads\/2022\/04\/LUX_8120-300x200.jpg 300w, https:\/\/vrnjackabanja.co.rs\/wp-content\/uploads\/2022\/04\/LUX_8120-768x512.jpg 768w, https:\/\/vrnjackabanja.co.rs\/wp-content\/uploads\/2022\/04\/LUX_8120-1536x1024.jpg 1536w, https:\/\/vrnjackabanja.co.rs\/wp-content\/uploads\/2022\/04\/LUX_8120-2048x1365.jpg 2048w\" sizes=\"auto, (max-width: 1024px) 100vw, 1024px\" \/><\/figure>\n\n\n\n<p>Schon beim zweiten Karneval bildete sich auch ein Kinder-Karnevalszug und der Karneval von Vrnja\u010dka Banja wurde Mitglied der F\u00f6deration der Europ\u00e4ischen Karnevalsst\u00e4dte (FECC) und nimmt seitdem einen wichtigen Platz im weltweiten Eventskalender ein.<\/p>\n\n\n\n<p><\/p>\n\n\n\n<figure class=\"wp-block-image size-large\"><img loading=\"lazy\" decoding=\"async\" width=\"1024\" height=\"683\" src=\"http:\/\/vrnjackabanja.co.rs\/wp-content\/uploads\/2022\/04\/Karneval-3-1024x683.jpg\" alt=\"\" class=\"wp-image-2766\" srcset=\"https:\/\/vrnjackabanja.co.rs\/wp-content\/uploads\/2022\/04\/Karneval-3-1024x683.jpg 1024w, https:\/\/vrnjackabanja.co.rs\/wp-content\/uploads\/2022\/04\/Karneval-3-300x200.jpg 300w, https:\/\/vrnjackabanja.co.rs\/wp-content\/uploads\/2022\/04\/Karneval-3-768x512.jpg 768w, https:\/\/vrnjackabanja.co.rs\/wp-content\/uploads\/2022\/04\/Karneval-3.jpg 1500w\" sizes=\"auto, (max-width: 1024px) 100vw, 1024px\" \/><\/figure>\n\n\n\n<div class=\"wp-block-columns is-layout-flex wp-container-core-columns-is-layout-9d6595d7 wp-block-columns-is-layout-flex\">\n<div class=\"wp-block-column is-layout-flow wp-block-column-is-layout-flow\" style=\"flex-basis:100%\">\n<div class=\"wp-block-group\"><div class=\"wp-block-group__inner-container is-layout-flow wp-block-group-is-layout-flow\"><\/div><\/div>\n<\/div>\n<\/div>\n","protected":false},"excerpt":{"rendered":"<p>Der Karneval von Vrnja\u010dka Banja ist neben dem von Gu\u010da das gr\u00f6\u00dfte Tourismusprojekt in Serbien. Der Karneval von Vrnja\u010dka Banja stellt geradezu die Kr\u00f6nung der touristischen Saison dar. Diese Veranstaltung [&hellip;]<\/p>\n","protected":false},"author":1,"featured_media":9636,"parent":0,"menu_order":0,"comment_status":"closed","ping_status":"closed","template":"","meta":{"_acf_changed":false,"footnotes":""},"class_list":["post-4036","page","type-page","status-publish","has-post-thumbnail","hentry"],"acf":[],"_links":{"self":[{"href":"https:\/\/vrnjackabanja.co.rs\/de\/wp-json\/wp\/v2\/pages\/4036","targetHints":{"allow":["GET"]}}],"collection":[{"href":"https:\/\/vrnjackabanja.co.rs\/de\/wp-json\/wp\/v2\/pages"}],"about":[{"href":"https:\/\/vrnjackabanja.co.rs\/de\/wp-json\/wp\/v2\/types\/page"}],"author":[{"embeddable":true,"href":"https:\/\/vrnjackabanja.co.rs\/de\/wp-json\/wp\/v2\/users\/1"}],"replies":[{"embeddable":true,"href":"https:\/\/vrnjackabanja.co.rs\/de\/wp-json\/wp\/v2\/comments?post=4036"}],"version-history":[{"count":5,"href":"https:\/\/vrnjackabanja.co.rs\/de\/wp-json\/wp\/v2\/pages\/4036\/revisions"}],"predecessor-version":[{"id":7186,"href":"https:\/\/vrnjackabanja.co.rs\/de\/wp-json\/wp\/v2\/pages\/4036\/revisions\/7186"}],"wp:featuredmedia":[{"embeddable":true,"href":"https:\/\/vrnjackabanja.co.rs\/de\/wp-json\/wp\/v2\/media\/9636"}],"wp:attachment":[{"href":"https:\/\/vrnjackabanja.co.rs\/de\/wp-json\/wp\/v2\/media?parent=4036"}],"curies":[{"name":"wp","href":"https:\/\/api.w.org\/{rel}","templated":true}]}}