{"id":4028,"date":"2021-12-08T10:40:18","date_gmt":"2021-12-08T09:40:18","guid":{"rendered":"http:\/\/vrnjackabanja.co.rs\/festivali\/"},"modified":"2022-06-09T13:27:35","modified_gmt":"2022-06-09T11:27:35","slug":"festivals","status":"publish","type":"page","link":"https:\/\/vrnjackabanja.co.rs\/de\/festivals\/","title":{"rendered":"FESTIVALS"},"content":{"rendered":"\n<p><\/p>\n\n\n\n<p><strong>Filmskript Festival<\/strong><\/p>\n\n\n\n<p><strong>Das Filmskript Festival ist ein Ereignis, das ausschlie\u00dflich dem Filmskript gewidmet ist.<\/strong><\/p>\n\n\n\n<p><strong>Es findet j\u00e4hrlich Mitte oder Ende August in Vrnja\u010dka Vanja statt.<\/strong><\/p>\n\n\n<div class=\"wp-block-image\">\n<figure class=\"alignleft size-full\"><img decoding=\"async\" src=\"http:\/\/vrnjackabanja.co.rs\/wp-content\/uploads\/2022\/02\/Test-3-1.png\" alt=\"\" class=\"wp-image-1514\"\/><\/figure>\n<\/div>\n\n\n<p>Eine der wichtigsten Veranstaltungen der Kulturfeste von Vrnja\u010dka Vanja ist allerdings das Filmskript Festival, das innerhalb seines 45-j\u00e4hrigen Bestehens und unver\u00e4ndert in seinem urspr\u00fcnglichen Konzept ein verl\u00e4sslicher Pr\u00fcfanzeiger von Werten und Unwerten ist sowie eine best\u00e4ndige Chronik auf dem weiten Feld der Drehbuchschreibung darstellt. In diesem Zusammenhang und zur Unterst\u00fctzung der Diskussion, ob wir viel zu viele Filmfestivals haben, ist Folgendes festzuhalten: Egal, ob es zu viele gibt oder nicht, sie haben jedes f\u00fcr sich einen wichtigen Beitrag zur F\u00f6rderung der jugoslawischen Kinematographie geleistet: Sie haben ihre Weiterentwicklung mitgetragen undder Kinematographie so in ihrer Eigenart \u00fcber viele Probleme und deren Nachwirkungen hinweggeholfen. Vor diesem Hintergrund sollte man auch das Filmskript Festival sehen.<\/p>\n\n\n\n<h5 class=\"wp-block-heading\" id=\"prateci-program\"><strong>Begleitprogramm<\/strong><\/h5>\n\n\n\n<p>Neben dem offiziellen Wettbewerbsteil hatte das Filmskript Festival immer ein bedeutendes Begleitprogramm, das auch in Krisenzeiten f\u00fcr die Kinematographie und Gesellschaft einen Wiedererkennungswert hatte:<\/p>\n\n\n\n<ul class=\"wp-block-list\"><li>Symposium (findet seit Beginn des Festivals statt)<\/li><li>Sommerschule f\u00fcr Filmdramaturgie (wird seit 1996 organisiert)<\/li><li>Sommerschule f\u00fcr Filmkritik (wird seit 2012 organisiert)<\/li><li>Ausschreibung f\u00fcr ein originelles Drehbuch<\/li><li>Verboten ohne Verbot \u2013 Filme aus dem Bunker (von 1987 bis 1990)<\/li><li>Einf\u00fchrung der Fernsehfilme in die Konkurrenzf\u00e4higkeit (von 1993 bis 1996)<\/li><\/ul>\n\n\n\n<figure class=\"wp-block-embed is-type-wp-embed is-provider-festival-filmskog-scenarija wp-block-embed-festival-filmskog-scenarija\"><div class=\"wp-block-embed__wrapper\">\nhttps:\/\/screenfest.org.rs\/home\/about\/\n<\/div><\/figure>\n\n\n\n<hr class=\"wp-block-separator has-css-opacity\"\/>\n\n\n\n<p><strong>Danilo Bata Stojkovi\u0107-Tage<\/strong><\/p>\n\n\n\n<p>Danilo Bata Stojkovi\u0107 (11. August 1934 \u2013 16. Marz 2002)<\/p>\n\n\n\n<p>Danilo Bata Stojkovi\u0107 ist der Nestor der jugoslawischen und serbischen Schauspielkunst, ein Mann, der sein Leben den Brettern, die die Welt bedeuten, widmete, lebt auch in vielen seiner Werke fort. Er hat eine unausl\u00f6schliche Spur in einer Vielzahl von Theatervorstellungen wie auch Filmen hinterlassen, von denen einige als Sinnbild des jugoslawischen Films zu verstehen sind (Maratonci tr\u010de po\u010dasni krug, Ko to tamo peva, Balkanski \u0161pijun u.a.).<\/p>\n\n\n<div class=\"wp-block-image\">\n<figure class=\"aligncenter size-full is-resized\"><img loading=\"lazy\" decoding=\"async\" src=\"http:\/\/vrnjackabanja.co.rs\/wp-content\/uploads\/2022\/02\/2658.jpg\" alt=\"\" class=\"wp-image-1523\" width=\"645\" height=\"430\" srcset=\"https:\/\/vrnjackabanja.co.rs\/wp-content\/uploads\/2022\/02\/2658.jpg 720w, https:\/\/vrnjackabanja.co.rs\/wp-content\/uploads\/2022\/02\/2658-300x200.jpg 300w\" sizes=\"auto, (max-width: 645px) 100vw, 645px\" \/><\/figure>\n<\/div>\n\n\n<p>Wie sehr Bata Vrnja\u010dka Banja liebte, belegt ein Spruch, den Bata in einem der Kultlokale in Vrnja\u010dka Banja \u201ePahuljica\u201c gesagt haben soll:<\/p>\n\n\n\n<ul class=\"wp-block-list\"><li>\u201eSolange ich lebe, werde ich Vrnja\u010dka Banja nicht verlassen!\u201c<\/li><\/ul>\n\n\n\n<p>Seit 1994 hat er jeden seinen Geburtstag mit seinen Freunden in \u201eCicino soka\u010de\u201c in Vrnja\u010dka Banja gefeiert. Diese Kneipe benennt sich jedes Jahr w\u00e4hrend der Festtage in \u201eBatina kafana\u201c (dt.: \u201eBatas Kneipe\u201c) um.&nbsp;<\/p>\n\n\n\n<ul class=\"wp-block-list\"><li>Er trank am liebsten Ros\u00e9wein mit viel Eis. Es kam vor, dass er auf der Bar ein Haufen Geld zur\u00fccklie\u00df f\u00fcr alle F\u00e4lle, falls er vergisst zu bezahlen oder die Gesellschaft kein Geld f\u00fcr die Zeche hat. Er mochte es, immer wieder in die K\u00fcche zu linsen und liebte Vrnja\u010dka Banja. Selbst so viele Jahre nach seinem Heimgang wird er von uns, den Bewohnern von Vrnja\u010dka Banja, grenzenlos verehrt \u2013 so Stana Cica Simi\u0107, die Besitzerin der Gastst\u00e4tte \u201eCicino soka\u010de\u201c, eines Ortes, an dem man Batas Gerichte kosten kann, die sie selbst f\u00fcr ihn zubereitet hatte. Zum Gedenken an Bata Stojkovi\u0107 wurde im Park von Vrnja\u010dka Banja ein Baum, genannt \u201eBatino stablo\u201c, gepflanzt.<\/li><\/ul>\n\n\n\n<p>Ihre Erinnerungen an Danilo Bata Stojkovi\u0107 haben die Bewohner von Vrnja\u010dka Banja an der Sommerb\u00fchne verewigt, an der 2010 eine Gedenktafel mit diesem Schauspieler enth\u00fcllt wurde, w\u00e4hrend die Sommerb\u00fchne selbst seitdem seinen ruhmreichen Namen tr\u00e4gt. Seit diesem Zeitpunkt werden dort die \u201eBata Stojkovi\u0107-Tage\u201c organisiert, eine Kulturveranstaltung, die durch eine Reihe von Theatervorstellungen, Schauspielertreffen, Literaturabenden und Konzerten begleitet wird, um ein ehrendes Andenken an Bata Stojkovi\u0107 zu bewahren. Traditionellerweise wird jedes Jahr ein anderes Lokal zur Bata Stojkovi\u0107-Kneipe erkl\u00e4rt, in der dann Speisen und Getr\u00e4nke angeboten werden, die Bata seinerzeit als regelm\u00e4\u00dfiger Gast gern bestellte.&nbsp;&nbsp;&nbsp;&nbsp;<\/p>\n\n\n\n<p>Die \u201eBata Stojkovi\u0107-Tage\u201c werden j\u00e4hrlich Mitte August, genauer um den 11. August herum veranstaltet, wann auch Batas Geburtstag ist.<\/p>\n\n\n\n<p><a href=\"https:\/\/www.facebook.com\/kulturnicentarvb\/\">https:\/\/www.facebook.com\/kulturnicentarvb\/<\/a><\/p>\n\n\n\n<hr class=\"wp-block-separator has-css-opacity\"\/>\n\n\n\n<p><\/p>\n\n\n\n<h1 class=\"has-medium-font-size wp-block-heading\" id=\"festival-klasicne-muzike-vrnjci\"><strong>Klassikfestival \u201eVrnjci\u201c<\/strong><\/h1>\n\n\n\n<p><\/p>\n\n\n\n<p>Es ist ein internationales Klassikfestival, bei dem neben den zahlreichen Konzerten auch p\u00e4dagogisches Programm mit Violin- und Kammermusikkursen angeboten wird.<\/p>\n\n\n\n<p><\/p>\n\n\n<div class=\"wp-block-image\">\n<figure class=\"aligncenter size-full is-resized\"><img loading=\"lazy\" decoding=\"async\" src=\"http:\/\/vrnjackabanja.co.rs\/wp-content\/uploads\/2022\/02\/120811_vrnjacka-banja-plakat-medjunarodni-festival-klasicne-muzike-vrnjci-foto-kc-vrnjacka-banja_f.jpg\" alt=\"\" class=\"wp-image-1533\" width=\"637\" height=\"360\" srcset=\"https:\/\/vrnjackabanja.co.rs\/wp-content\/uploads\/2022\/02\/120811_vrnjacka-banja-plakat-medjunarodni-festival-klasicne-muzike-vrnjci-foto-kc-vrnjacka-banja_f.jpg 906w, https:\/\/vrnjackabanja.co.rs\/wp-content\/uploads\/2022\/02\/120811_vrnjacka-banja-plakat-medjunarodni-festival-klasicne-muzike-vrnjci-foto-kc-vrnjacka-banja_f-300x170.jpg 300w, https:\/\/vrnjackabanja.co.rs\/wp-content\/uploads\/2022\/02\/120811_vrnjacka-banja-plakat-medjunarodni-festival-klasicne-muzike-vrnjci-foto-kc-vrnjacka-banja_f-768x435.jpg 768w\" sizes=\"auto, (max-width: 637px) 100vw, 637px\" \/><\/figure>\n<\/div>\n\n\n<p>Der k\u00fcnstlerische Leiter des Festivals ist Uro\u0161 Doj\u010dinovi\u0107 und die Konzeptidee stammt von Jelena Borovi\u0107 Dimi\u0107. Das Festival findet schon seit 16 Jahren \u00fcblicherweise im Juli statt und wird vom Ministerium f\u00fcr Kultur und Information, der Gemeinde Vrnja\u010dka Banja und der Organisation zur Wahrung der Tarifrechte von Interpreten gef\u00f6rdert.<\/p>\n\n\n\n<p>Der Eintritt zu allen Konzerten ist kostenlos. Die Konzerte fangen um 20 Uhr an und finden im \u201eZamak kulture Belimarkovi\u0107\u201c statt.<\/p>\n\n\n\n<hr class=\"wp-block-separator has-css-opacity\"\/>\n\n\n\n<p><\/p>\n\n\n\n<h1 class=\"has-medium-font-size wp-block-heading\" id=\"zum-medunarodni-festival-klasicne-muzike\"><strong>Das internationale Klassikfestival \u201eZUM\u201c<\/strong><\/h1>\n\n\n\n<p><\/p>\n\n\n\n<p>Es ist eine Kulturveranstaltung, die darauf abzielt, einen guten Musikgeschmack zu entwickeln und zu pflegen sowie Vrnja\u010dka Banja als Ort guter klassischer Musik in der europ\u00e4ischen Musiklandschaft zu etablieren.&nbsp;<\/p>\n\n\n\n<p>Das erste internationale ZUM-Festival zum Thema klassische Kammermusik fand vom 30. September bis 2. Oktober in Vrnja\u010dka Banja statt. Dieses Festival verfolgt das Ziel, einen guten Musikgeschmack zu f\u00f6rdern sowie einen erstklassigen Musikgenuss zu bieten.<\/p>\n\n\n\n<p>Das Festival f\u00f6rdert die Kammermusik in Serbien sowie die Vorf\u00fchrung der Musik von hohem k\u00fcnstlerischem Wert, indem weltber\u00fchmte Interpreten eingeladen werden. Au\u00dferdem werden Jugendliche durch Einbindung in das Festival musikalisch und k\u00fcnstlerisch (weiter-)gebildet. Das Festival wird als Ort, an dem gute klassische Musik gepflegt wird, landesweit vermarktet, so dass Vrnja\u010dka Banja zu einem wichtigen regionalen wie nationalen Kulturzentrum wird.<\/p>\n\n\n\n<p><\/p>\n\n\n<div class=\"wp-block-image\">\n<figure class=\"aligncenter size-full is-resized\"><img loading=\"lazy\" decoding=\"async\" src=\"http:\/\/vrnjackabanja.co.rs\/wp-content\/uploads\/2022\/02\/2941.jpg\" alt=\"\" class=\"wp-image-1529\" width=\"621\" height=\"414\" srcset=\"https:\/\/vrnjackabanja.co.rs\/wp-content\/uploads\/2022\/02\/2941.jpg 720w, https:\/\/vrnjackabanja.co.rs\/wp-content\/uploads\/2022\/02\/2941-300x200.jpg 300w\" sizes=\"auto, (max-width: 621px) 100vw, 621px\" \/><\/figure>\n<\/div>\n\n\n<p>Die Projektverantwortliche ist die B\u00fcrgervereinigung \u201eZamak umetni\u010dke muzike\u201c aus Velu\u0107, unter der Federf\u00fchrung des k\u00fcnstlerischen Leiters Darko Per\u010devi\u0107. All das wird unter der Schirmherrschaft der Gemeinde Vrnja\u010dka Banja, des Ministeriums f\u00fcr Kultur und Information, des Kulturzentrums Vrnja\u010dka Banja, des Tourismusverbandes Vrnja\u010dka Banja und anderer bedeutender Sponsoren und F\u00f6rderer organisiert.&nbsp;<\/p>\n\n\n\n<p>In den Konzerten kann das Publikum verschiedene Kammerensembles sowie die Musik aus unterschiedlichen Epochen ber\u00fchmter westeurop\u00e4ischer wie auch einheimischer Komponisten genie\u00dfen. Auf Interessen und Vorlieben des Publikums wird besonders geachtet.<\/p>\n\n\n\n<p>Vrnja\u010dka Banja ist ein Ort, der f\u00fcr seine zahlreichen Events und Veranstaltungen bekannt ist, doch eine Kulturveranstaltung dieses Formats gab es bisher nicht und wir hoffen, dass sie zur Vielf\u00e4ltigkeit des touristischen Angebots, Bildung eines guten Musikgeschmacks sowie F\u00f6rderung von klassischer Musik beitragen kann.<\/p>\n\n\n\n<p>Verpflichtet werden die besten nationalen wie internationalen Musiker (aus der Schweiz, Gro\u00dfbritannien und Deutschland).<\/p>\n\n\n\n<hr class=\"wp-block-separator has-css-opacity\"\/>\n\n\n\n<h1 class=\"has-medium-font-size wp-block-heading\" id=\"internacionalni-festival-pozorista\"><strong>Das Internationale Theaterfestival<\/strong><\/h1>\n\n\n\n<p><\/p>\n\n\n\n<p>Das Ziel dieses Festivals ist es, nicht nur die kulturellen und k\u00fcnstlerischen Bedarfe der serbischen B\u00fcrger und B\u00fcrgerinnen zu decken, sondern diese auf ein h\u00f6heres Niveau zu bringen, und das im Zusammenhang mit der F\u00f6rderung der nationalen Kulturidentit\u00e4t. Dieses Festival \u00fcberwindet die Kluft zwischen dem wirklichen Bedarf des Publikums und der (Un-)Zug\u00e4nglichkeit der Kulturveranstaltungen au\u00dferhalb der Hauptstadt. Auf diese Weise wird ein Beitrag zur Dezentralisierung von Kultur und Kunst und Heranf\u00fchrung der Bewohner von Zentral- und S\u00fcdwestserbien an Kulturinhalte geleistet.<\/p>\n\n\n\n<p><\/p>\n\n\n<div class=\"wp-block-image\">\n<figure class=\"aligncenter size-full is-resized\"><img loading=\"lazy\" decoding=\"async\" src=\"http:\/\/vrnjackabanja.co.rs\/wp-content\/uploads\/2022\/02\/186264958_257771915774215_4475277511434107020_n.jpg\" alt=\"\" class=\"wp-image-1530\" width=\"488\" height=\"481\" srcset=\"https:\/\/vrnjackabanja.co.rs\/wp-content\/uploads\/2022\/02\/186264958_257771915774215_4475277511434107020_n.jpg 530w, https:\/\/vrnjackabanja.co.rs\/wp-content\/uploads\/2022\/02\/186264958_257771915774215_4475277511434107020_n-300x296.jpg 300w\" sizes=\"auto, (max-width: 488px) 100vw, 488px\" \/><\/figure>\n<\/div>\n\n\n<p>Das Festival fordert und f\u00f6rdert auch gleichzeitig junge Menschen und insbesondere begabte einheimische Kunstschaffende, indem es nur das Beste der etablierten serbischen Theater- und Kulturszene herausstellt.<\/p>\n\n\n\n<p>Des Weiteren werden durch das Festival die serbische Kunst und Kultur in der Region, aber auch weltweit hochgehalten, w\u00e4hrend das heimische Publikum gleichzeitig die besten internationalen Kulturerzeugnisse genie\u00dfen darf. Auf diese Weise versucht das Internationale Theaterfestival, als Botschafter der Kultur und Kunst in Serbien aufzutreten.<\/p>\n\n\n\n<p>Das Internationale Theaterfestival ist ein unpolitisches und ideologiefreies Format, das ausschlie\u00dflich eine affirmative Kritik an gesellschaftlichen, kulturologischen und anderen Ph\u00e4nomenen einer modernen (Konsum-)Gesellschaft \u00fcbt, mit dem Ziel einer Pers\u00f6nlichkeitsbildung und -entwicklung (sowohl individuell als auch gemeinschaftlich) durch eine entsprechende Wahrnehmung von Kultur und Kunst. Damit w\u00e4re die Rolle des Internationalen Theaterfestivals umso bedeutender, weil es Inhalte bereitstellt, die als Gegengewicht zu gegenw\u00e4rtigen Medienformaten dienen, deren einziges Ziel die Erh\u00f6hung von Zuschauerquoten ist, ohne dass dabei hoher Wert auf die Qualit\u00e4t von pr\u00e4sentierten Programmen gelegt wird.<\/p>\n\n\n\n<p>.<\/p>\n\n\n\n<p><a href=\"https:\/\/www.facebook.com\/ifpvb\/about_contact_and_basic_info\">https:\/\/www.facebook.com\/ifpvb\/about_contact_and_basic_info<\/a><\/p>\n\n\n\n<hr class=\"wp-block-separator has-css-opacity\"\/>\n\n\n\n<p><\/p>\n\n\n\n<h1 class=\"has-medium-font-size wp-block-heading\"><strong>Das Folklorefestival \u201eD\u017eivd\u017ean fest\u201d\u00a0\u00a0\u00a0\u00a0\u00a0\u00a0\u00a0\u00a0\u00a0\u00a0\u00a0<\/strong><\/h1>\n\n\n\n<p><\/p>\n\n\n\n<p>Das Festival \u201eD\u017eivd\u017ean fest\u201d wurde als Beitrag zur Multikulturalit\u00e4t konzipiert und versammelt junge Menschen um eine gemeinsame Idee: Kultur- und Kunstverbreitung auf kreative Art und Weise, sowie F\u00f6rderung des Kooperations- und Gemeinschaftsgeistes unter Jugendlichen.<\/p>\n\n\n\n<p><\/p>\n\n\n\n<figure class=\"wp-block-image size-full\"><img loading=\"lazy\" decoding=\"async\" width=\"960\" height=\"540\" src=\"http:\/\/vrnjackabanja.co.rs\/wp-content\/uploads\/2022\/03\/273681424_1838961222959528_3652022569640542072_n-edited.jpg\" alt=\"\" class=\"wp-image-2248\" srcset=\"https:\/\/vrnjackabanja.co.rs\/wp-content\/uploads\/2022\/03\/273681424_1838961222959528_3652022569640542072_n-edited.jpg 960w, https:\/\/vrnjackabanja.co.rs\/wp-content\/uploads\/2022\/03\/273681424_1838961222959528_3652022569640542072_n-edited-300x169.jpg 300w, https:\/\/vrnjackabanja.co.rs\/wp-content\/uploads\/2022\/03\/273681424_1838961222959528_3652022569640542072_n-edited-768x432.jpg 768w\" sizes=\"auto, (max-width: 960px) 100vw, 960px\" \/><\/figure>\n\n\n\n<p><\/p>\n\n\n\n<p>Die Veranstalter w\u00fcnschen sich, m\u00f6glichst viele Folklorevereine in das Festival einzubinden, so dass sie durch Tanz und Gesang sowie ihre Jugend alle Sch\u00f6nheit ihrer Heimatorte und -regionen zeigen k\u00f6nnen und so die G\u00e4ste und Liebhaber von Vrnja\u010dka Banja am Reichtum der Diversit\u00e4t teilhaben lassen, die beim Folklorefestival \u201eD\u017eivd\u017ean fest 2022.\u201c vorgef\u00fchrt wird.<\/p>\n\n\n\n<p>Das Festival hat einen Wettbewerbscharakter und beteiligen k\u00f6nnen sich alle Folkloregruppen.<\/p>\n\n\n\n<p><\/p>\n\n\n\n<figure class=\"wp-block-image size-large\"><img loading=\"lazy\" decoding=\"async\" width=\"1801\" height=\"1013\" src=\"http:\/\/vrnjackabanja.co.rs\/wp-content\/uploads\/2022\/03\/81706595_1215831118605878_6693060546259845120_n-1-edited.jpg\" alt=\"\" class=\"wp-image-2244\" srcset=\"https:\/\/vrnjackabanja.co.rs\/wp-content\/uploads\/2022\/03\/81706595_1215831118605878_6693060546259845120_n-1-edited.jpg 1801w, https:\/\/vrnjackabanja.co.rs\/wp-content\/uploads\/2022\/03\/81706595_1215831118605878_6693060546259845120_n-1-edited-300x169.jpg 300w, https:\/\/vrnjackabanja.co.rs\/wp-content\/uploads\/2022\/03\/81706595_1215831118605878_6693060546259845120_n-1-edited-1024x576.jpg 1024w, https:\/\/vrnjackabanja.co.rs\/wp-content\/uploads\/2022\/03\/81706595_1215831118605878_6693060546259845120_n-1-edited-768x432.jpg 768w, https:\/\/vrnjackabanja.co.rs\/wp-content\/uploads\/2022\/03\/81706595_1215831118605878_6693060546259845120_n-1-edited-1536x864.jpg 1536w\" sizes=\"auto, (max-width: 1801px) 100vw, 1801px\" \/><\/figure>\n\n\n\n<p>M\u00f6ge der Volkstanz ein Freundschaftsband sein, das uns zusammenh\u00e4lt, und ein Wassertr\u00e4ger am Quell, der uns mit Gesang und Tanz beschert.<\/p>\n\n\n\n<p><br><a rel=\"noreferrer noopener\" href=\"http:\/\/dzivdzanfest.kzmvbanja.com\/\" target=\"_blank\">http:\/\/dzivdzanfest.kzmvbanja.com\/<\/a><\/p>\n\n\n\n<p><blockquote class=\"wp-embedded-content\" data-secret=\"9e7F7vTxvc\"><a href=\"http:\/\/www.kzmvbanja.com\/\">\u041d\u0410\u0421\u041b\u041e\u0412\u041d\u0410 \u0421\u0422\u0420\u0410\u041d\u0410<\/a><\/blockquote><iframe loading=\"lazy\" class=\"wp-embedded-content\" sandbox=\"allow-scripts\" security=\"restricted\" style=\"position: absolute; clip: rect(1px, 1px, 1px, 1px);\" title=\"&#132;\u041d\u0410\u0421\u041b\u041e\u0412\u041d\u0410 \u0421\u0422\u0420\u0410\u041d\u0410&#147; &#8212; \u041a\u0410\u041d\u0426\u0415\u041b\u0410\u0420\u0418\u0408\u0410 \u0417\u0410 \u041c\u041b\u0410\u0414\u0415 \u0412\u0420\u040a\u0410\u0427\u041a\u0410 \u0411\u0410\u040a\u0410\" src=\"http:\/\/www.kzmvbanja.com\/embed\/#?secret=9e7F7vTxvc\" data-secret=\"9e7F7vTxvc\" width=\"500\" height=\"282\" frameborder=\"0\" marginwidth=\"0\" marginheight=\"0\" scrolling=\"no\"><\/iframe><\/p>\n\n\n\n<hr class=\"wp-block-separator has-css-opacity\"\/>\n\n\n\n<h2 class=\"wp-block-heading\"><strong>Das Weinfestival<\/strong><\/h2>\n\n\n\n<p><\/p>\n\n\n\n<p>\u201eVrnja\u010dki festival vina\u201d ist eine neue Weinveranstaltung, die im August im Park beim Musikpavillon stattfindet. Vrnja\u010dka Banja wird im Rahmen des Weinfestivals, das traditionellerweise im Parkschatten und in unmittelbarer N\u00e4he des Flusses veranstaltet wird, Serbiens beste Weinbauer empfangen.<\/p>\n\n\n\n<p><\/p>\n\n\n\n<p><\/p>\n\n\n\n<figure class=\"wp-block-image size-large\"><img loading=\"lazy\" decoding=\"async\" width=\"1024\" height=\"678\" src=\"http:\/\/vrnjackabanja.co.rs\/wp-content\/uploads\/2022\/03\/kliknasvetlost_714_49120_full-1024x678.jpg\" alt=\"\" class=\"wp-image-2259\" srcset=\"https:\/\/vrnjackabanja.co.rs\/wp-content\/uploads\/2022\/03\/kliknasvetlost_714_49120_full-1024x678.jpg 1024w, https:\/\/vrnjackabanja.co.rs\/wp-content\/uploads\/2022\/03\/kliknasvetlost_714_49120_full-300x199.jpg 300w, https:\/\/vrnjackabanja.co.rs\/wp-content\/uploads\/2022\/03\/kliknasvetlost_714_49120_full-768x509.jpg 768w, https:\/\/vrnjackabanja.co.rs\/wp-content\/uploads\/2022\/03\/kliknasvetlost_714_49120_full.jpg 1208w\" sizes=\"auto, (max-width: 1024px) 100vw, 1024px\" \/><\/figure>\n\n\n\n<p><\/p>\n\n\n\n<p>Auf dem Festival sind ca. 30 Weinaussteller vertreten und im Begleitprogramm stellen auch viele Schnaps-, Lebensmittel- und Fasshersteller aus.<\/p>\n\n\n\n<hr class=\"wp-block-separator has-css-opacity\"\/>\n\n\n\n<p><\/p>\n\n\n\n<p><\/p>\n","protected":false},"excerpt":{"rendered":"<p>Filmskript Festival Das Filmskript Festival ist ein Ereignis, das ausschlie\u00dflich dem Filmskript gewidmet ist. Es findet j\u00e4hrlich Mitte oder Ende August in Vrnja\u010dka Vanja statt. Eine der wichtigsten Veranstaltungen der [&hellip;]<\/p>\n","protected":false},"author":1,"featured_media":4030,"parent":0,"menu_order":0,"comment_status":"closed","ping_status":"closed","template":"","meta":{"_acf_changed":false,"footnotes":""},"class_list":["post-4028","page","type-page","status-publish","has-post-thumbnail","hentry"],"acf":[],"_links":{"self":[{"href":"https:\/\/vrnjackabanja.co.rs\/de\/wp-json\/wp\/v2\/pages\/4028","targetHints":{"allow":["GET"]}}],"collection":[{"href":"https:\/\/vrnjackabanja.co.rs\/de\/wp-json\/wp\/v2\/pages"}],"about":[{"href":"https:\/\/vrnjackabanja.co.rs\/de\/wp-json\/wp\/v2\/types\/page"}],"author":[{"embeddable":true,"href":"https:\/\/vrnjackabanja.co.rs\/de\/wp-json\/wp\/v2\/users\/1"}],"replies":[{"embeddable":true,"href":"https:\/\/vrnjackabanja.co.rs\/de\/wp-json\/wp\/v2\/comments?post=4028"}],"version-history":[{"count":2,"href":"https:\/\/vrnjackabanja.co.rs\/de\/wp-json\/wp\/v2\/pages\/4028\/revisions"}],"predecessor-version":[{"id":6148,"href":"https:\/\/vrnjackabanja.co.rs\/de\/wp-json\/wp\/v2\/pages\/4028\/revisions\/6148"}],"wp:featuredmedia":[{"embeddable":true,"href":"https:\/\/vrnjackabanja.co.rs\/de\/wp-json\/wp\/v2\/media\/4030"}],"wp:attachment":[{"href":"https:\/\/vrnjackabanja.co.rs\/de\/wp-json\/wp\/v2\/media?parent=4028"}],"curies":[{"name":"wp","href":"https:\/\/api.w.org\/{rel}","templated":true}]}}