{"id":4016,"date":"2021-12-08T10:40:40","date_gmt":"2021-12-08T09:40:40","guid":{"rendered":"http:\/\/vrnjackabanja.co.rs\/most-ljubavi\/"},"modified":"2022-09-12T09:24:57","modified_gmt":"2022-09-12T07:24:57","slug":"die-brucke-der-liebe","status":"publish","type":"page","link":"https:\/\/vrnjackabanja.co.rs\/de\/die-brucke-der-liebe\/","title":{"rendered":"DIE BR\u00dcCKE DER LIEBE"},"content":{"rendered":"\n<p><\/p>\n\n\n\n<p>Am Vorabend des Ersten Weltkrieges, als sie den Krieg noch gar nicht vorausahnen konnten, verliebten sich die Lehrerin Nada und der serbische Offizier Relja ineinander. Sie verliebten sich ineinander und versprachen sich einander. Das war eine Liebe, von der alle sprachen und die die Aufmerksamkeit aller Bewohner von Vrnja\u010dka Banja fesselte. Aber dann kam der Krieg mit all seinen Schrecknissen \u2013 Soldat Relja wurde an die Front nach Griechenland geschickt. Er geht fort und kehrt nie wieder \u2013 wegen einer sch\u00f6nen Griechin, in die er sich verliebt, so dass er die Verlobung mit Nada l\u00f6st. \u00dcber sein weiteres Schicksal sagt die Legende nichts weiter aus. Um Nadas Schicksal dagegen wei\u00df aber jeder Bewohner von Vrnja\u010dka Banja: Aufgrund der ma\u00dflosen Trauer um ihren geliebten Relja ging sie allm\u00e4hlich ein und verstarb schlie\u00dflich, jung und ungl\u00fccklich.&nbsp;&nbsp;&nbsp;&nbsp;&nbsp;<\/p>\n\n\n\n<p>Ersch\u00fcttert von Nadas Schicksal und in dem Bestreben, ihre eigene Liebe zu besch\u00fctzen, gravierten junge M\u00e4dchen ihre Namen und die Namen ihrer Geliebten auf Vorh\u00e4ngeschl\u00f6sser, h\u00e4ngten diese an der Br\u00fccke an, die der Lieblingstreffpunkt von Nada und Relja gewesen sein sollte und warfen die Schl\u00fcssel symboltr\u00e4chtig in den Fluss. Es kamen neue Kriege und neue Leiden. Die Geschichte wurde vergessen und von dem Brauch, ihre Liebe zu \u201everschlie\u00dfen\u201c, wichen die jungen M\u00e4dchen immer mehr ab. So war das, bis Desanka Maksimovic, so der Volksmund, bei einem ihrer vielen Besuche in Vrnja\u010dka Banja davon erfuhr und inspiriert dadurch eines ihrer sch\u00f6nsten Liebesgedichte schrieb: Gebet f\u00fcr die Liebe. Auch wenn der Mensch von Natur aus zum Vergessen neigt, ist diese Geschichte unvergessen geblieben. Um sie weiterleben zu lassen, setzen junge Liebespaare die alte Tradition fort und verschlie\u00dfen ihre Liebe mit dem Liebesschloss. Dabei wurde die Br\u00fccke \u201eBr\u00fccke der Liebe\u201c getauft.<\/p>\n\n\n\n<p><\/p>\n\n\n<div class=\"wp-block-image\">\n<figure class=\"aligncenter size-full\"><img loading=\"lazy\" decoding=\"async\" width=\"1024\" height=\"766\" src=\"http:\/\/vrnjackabanja.co.rs\/wp-content\/uploads\/2022\/09\/slika.png\" alt=\"\" class=\"wp-image-8795\" srcset=\"https:\/\/vrnjackabanja.co.rs\/wp-content\/uploads\/2022\/09\/slika.png 1024w, https:\/\/vrnjackabanja.co.rs\/wp-content\/uploads\/2022\/09\/slika-300x224.png 300w, https:\/\/vrnjackabanja.co.rs\/wp-content\/uploads\/2022\/09\/slika-768x575.png 768w\" sizes=\"auto, (max-width: 1024px) 100vw, 1024px\" \/><\/figure>\n<\/div>\n\n\n<blockquote class=\"wp-block-quote is-layout-flow wp-block-quote-is-layout-flow\"><p><strong>Gebet f\u00fcr die Liebe<\/strong><\/p><p>Rasch wie kurzlebige Bl\u00fctenbl\u00e4tter<\/p><p>wird diese Liebe anfangen zu br\u00f6ckeln, zu schmerzen,<\/p><p>nach Vergessen gierig ist der dunkle Sog.<\/p><p>Oh Herr, andere bitten Dich um Gl\u00fcck und Frieden,<\/p><p>doch ich: Bitte bewahre in meinem Herzen,<\/p><p>fessle, den unsteten Geist danieden.&nbsp;&nbsp;<\/p><p>Schlag meine Seele wie eine gold\u00b4ne Truhe zu,<\/p><p>mache sie zu einem Tempel der Liebe.<\/p><p>Oh, meine Seele erbittet nicht Gl\u00fcck f\u00fcr sich \u2013<\/p><p>alle alten Freuden m\u00f6gen ruhig entweichen \u2013<\/p><p>doch gottesf\u00fcrchtig suchte sie nach nem Zeichen,<\/p><p>dass dieser Tag dem schrecklichen Untergang wich`<\/p><p>Ohne deine Hilfe wird alles schnell verblassen<\/p><p>wie eine Mohnblume im reifen Getreide<\/p><p>Oh Herr, ich bitte nicht um Gl\u00fcck, Freud` und Lust.&nbsp;<\/p><\/blockquote>\n\n\n\n<p>Dass dieses Leid nicht vergeht, habe ich Angst;<\/p>\n\n\n\n<p>Dass diese heilige Lohe, die in mir entbrannte,<\/p>\n\n\n\n<p>mit Mal verlischt und zu Asche wird,<\/p>\n\n\n\n<p>\u00fcber Nacht wieder aufflammt in meiner Brust.<\/p>\n\n\n\n<p><br>(Aus dem Serbischen von Nikola D. Vuj\u010di\u0107)<\/p>\n","protected":false},"excerpt":{"rendered":"<p>Am Vorabend des Ersten Weltkrieges, als sie den Krieg noch gar nicht vorausahnen konnten, verliebten sich die Lehrerin Nada und der serbische Offizier Relja ineinander. Sie verliebten sich ineinander und [&hellip;]<\/p>\n","protected":false},"author":1,"featured_media":8789,"parent":0,"menu_order":0,"comment_status":"closed","ping_status":"closed","template":"","meta":{"_acf_changed":false,"footnotes":""},"class_list":["post-4016","page","type-page","status-publish","has-post-thumbnail","hentry"],"acf":[],"_links":{"self":[{"href":"https:\/\/vrnjackabanja.co.rs\/de\/wp-json\/wp\/v2\/pages\/4016","targetHints":{"allow":["GET"]}}],"collection":[{"href":"https:\/\/vrnjackabanja.co.rs\/de\/wp-json\/wp\/v2\/pages"}],"about":[{"href":"https:\/\/vrnjackabanja.co.rs\/de\/wp-json\/wp\/v2\/types\/page"}],"author":[{"embeddable":true,"href":"https:\/\/vrnjackabanja.co.rs\/de\/wp-json\/wp\/v2\/users\/1"}],"replies":[{"embeddable":true,"href":"https:\/\/vrnjackabanja.co.rs\/de\/wp-json\/wp\/v2\/comments?post=4016"}],"version-history":[{"count":4,"href":"https:\/\/vrnjackabanja.co.rs\/de\/wp-json\/wp\/v2\/pages\/4016\/revisions"}],"predecessor-version":[{"id":9311,"href":"https:\/\/vrnjackabanja.co.rs\/de\/wp-json\/wp\/v2\/pages\/4016\/revisions\/9311"}],"wp:featuredmedia":[{"embeddable":true,"href":"https:\/\/vrnjackabanja.co.rs\/de\/wp-json\/wp\/v2\/media\/8789"}],"wp:attachment":[{"href":"https:\/\/vrnjackabanja.co.rs\/de\/wp-json\/wp\/v2\/media?parent=4016"}],"curies":[{"name":"wp","href":"https:\/\/api.w.org\/{rel}","templated":true}]}}