{"id":3989,"date":"2021-12-08T10:41:09","date_gmt":"2021-12-08T09:41:09","guid":{"rendered":"http:\/\/vrnjackabanja.co.rs\/planina-goc\/"},"modified":"2022-06-10T12:48:28","modified_gmt":"2022-06-10T10:48:28","slug":"planina-goc","status":"publish","type":"page","link":"https:\/\/vrnjackabanja.co.rs\/de\/planina-goc\/","title":{"rendered":"Go\u010d"},"content":{"rendered":"\n<p>Go\u010d gilt als offiziell der am meisten bewaldete Berg Serbiens. Der Berg ist seit Jahrzehnten reich an Flora und Fauna und zieht Liebhaber unber\u00fchrter Natur an. Go\u010d ist bekannt f\u00fcr die Vielfalt an Pflanzenwelt und endemischen Arten und gilt auch als einer der reichsten Berge auf der Balkanhalbinsel. Reiche Vegetation, die jeden kleinen Teil des Berges schm\u00fcckt, Aussichtspunkte, von denen man beim sch\u00f6nen Wetter halb Serbien sehen kann.<\/p>\n\n\n<div class=\"wp-block-image\">\n<figure class=\"aligncenter size-large is-resized\"><img loading=\"lazy\" decoding=\"async\" src=\"http:\/\/vrnjackabanja.co.rs\/wp-content\/uploads\/2022\/04\/Razglednica-005-1024x643.jpg\" alt=\"\" class=\"wp-image-2950\" width=\"840\" height=\"527\" srcset=\"https:\/\/vrnjackabanja.co.rs\/wp-content\/uploads\/2022\/04\/Razglednica-005-1024x643.jpg 1024w, https:\/\/vrnjackabanja.co.rs\/wp-content\/uploads\/2022\/04\/Razglednica-005-300x188.jpg 300w, https:\/\/vrnjackabanja.co.rs\/wp-content\/uploads\/2022\/04\/Razglednica-005-768x482.jpg 768w, https:\/\/vrnjackabanja.co.rs\/wp-content\/uploads\/2022\/04\/Razglednica-005.jpg 1105w\" sizes=\"auto, (max-width: 840px) 100vw, 840px\" \/><\/figure>\n<\/div>\n\n\n<p>Vom Aussichtspunkt Krst (Kreuz) reicht der Blick bis nach Kopaonik, Rtanj, Gledi\u0107ke-Gebirge und Rudnik.Dieser Aussichtspunkt ist einer von denenAussichtspunkten, wo Sie viele Fotos machen m\u00f6chten, um zu versuchen, diese Sch\u00f6nheit mitzunehmen.<\/p>\n\n\n\n<figure class=\"wp-block-image size-full\"><img loading=\"lazy\" decoding=\"async\" width=\"960\" height=\"720\" src=\"http:\/\/vrnjackabanja.co.rs\/wp-content\/uploads\/2022\/02\/velika-livada-goc.jpg\" alt=\"\" class=\"wp-image-732\" srcset=\"https:\/\/vrnjackabanja.co.rs\/wp-content\/uploads\/2022\/02\/velika-livada-goc.jpg 960w, https:\/\/vrnjackabanja.co.rs\/wp-content\/uploads\/2022\/02\/velika-livada-goc-300x225.jpg 300w, https:\/\/vrnjackabanja.co.rs\/wp-content\/uploads\/2022\/02\/velika-livada-goc-768x576.jpg 768w\" sizes=\"auto, (max-width: 960px) 100vw, 960px\" \/><\/figure>\n\n\n<div class=\"wp-block-image\">\n<figure class=\"aligncenter size-large\"><img loading=\"lazy\" decoding=\"async\" width=\"1910\" height=\"2547\" src=\"http:\/\/vrnjackabanja.co.rs\/wp-content\/uploads\/2022\/04\/Paradise-nc-edit-1-edited.jpg\" alt=\"\" class=\"wp-image-2954\" srcset=\"https:\/\/vrnjackabanja.co.rs\/wp-content\/uploads\/2022\/04\/Paradise-nc-edit-1-edited.jpg 1910w, https:\/\/vrnjackabanja.co.rs\/wp-content\/uploads\/2022\/04\/Paradise-nc-edit-1-edited-225x300.jpg 225w, https:\/\/vrnjackabanja.co.rs\/wp-content\/uploads\/2022\/04\/Paradise-nc-edit-1-edited-768x1024.jpg 768w, https:\/\/vrnjackabanja.co.rs\/wp-content\/uploads\/2022\/04\/Paradise-nc-edit-1-edited-1152x1536.jpg 1152w, https:\/\/vrnjackabanja.co.rs\/wp-content\/uploads\/2022\/04\/Paradise-nc-edit-1-edited-1536x2048.jpg 1536w\" sizes=\"auto, (max-width: 1910px) 100vw, 1910px\" \/><\/figure>\n<\/div>\n\n\n<p>Auf dem Berg Go\u010d sind 30 Wanderwege ausgeschildert. Naturliebhaber haben die M\u00f6glichkeit, Go\u010d auf eine neue und noch einfachere Weise zu erleben.<\/p>\n","protected":false},"excerpt":{"rendered":"<p>Go\u010d gilt als offiziell der am meisten bewaldete Berg Serbiens. Der Berg ist seit Jahrzehnten reich an Flora und Fauna und zieht Liebhaber unber\u00fchrter Natur an. Go\u010d ist bekannt f\u00fcr [&hellip;]<\/p>\n","protected":false},"author":1,"featured_media":3991,"parent":0,"menu_order":0,"comment_status":"closed","ping_status":"closed","template":"","meta":{"_acf_changed":false,"footnotes":""},"class_list":["post-3989","page","type-page","status-publish","has-post-thumbnail","hentry"],"acf":[],"_links":{"self":[{"href":"https:\/\/vrnjackabanja.co.rs\/de\/wp-json\/wp\/v2\/pages\/3989","targetHints":{"allow":["GET"]}}],"collection":[{"href":"https:\/\/vrnjackabanja.co.rs\/de\/wp-json\/wp\/v2\/pages"}],"about":[{"href":"https:\/\/vrnjackabanja.co.rs\/de\/wp-json\/wp\/v2\/types\/page"}],"author":[{"embeddable":true,"href":"https:\/\/vrnjackabanja.co.rs\/de\/wp-json\/wp\/v2\/users\/1"}],"replies":[{"embeddable":true,"href":"https:\/\/vrnjackabanja.co.rs\/de\/wp-json\/wp\/v2\/comments?post=3989"}],"version-history":[{"count":4,"href":"https:\/\/vrnjackabanja.co.rs\/de\/wp-json\/wp\/v2\/pages\/3989\/revisions"}],"predecessor-version":[{"id":6209,"href":"https:\/\/vrnjackabanja.co.rs\/de\/wp-json\/wp\/v2\/pages\/3989\/revisions\/6209"}],"wp:featuredmedia":[{"embeddable":true,"href":"https:\/\/vrnjackabanja.co.rs\/de\/wp-json\/wp\/v2\/media\/3991"}],"wp:attachment":[{"href":"https:\/\/vrnjackabanja.co.rs\/de\/wp-json\/wp\/v2\/media?parent=3989"}],"curies":[{"name":"wp","href":"https:\/\/api.w.org\/{rel}","templated":true}]}}