{"id":3885,"date":"2021-12-08T21:37:28","date_gmt":"2021-12-08T20:37:28","guid":{"rendered":"http:\/\/vrnjackabanja.co.rs\/kultura\/"},"modified":"2022-06-09T13:12:15","modified_gmt":"2022-06-09T11:12:15","slug":"kultur","status":"publish","type":"page","link":"https:\/\/vrnjackabanja.co.rs\/de\/kultur\/","title":{"rendered":"KULTUR"},"content":{"rendered":"\n<p><\/p>\n\n\n\n<p>Das Zentrum f\u00fcr Kultur Vrnja\u010dka Banjaist eine \u00f6ffentliche Kultureinrichtung, in der ein Kinosaal und eine Theaterb\u00fchne sowie das Kulturschloss mit der Galerie und dem Museum untergebracht sind. W\u00e4hrend des Jahres werden Spitzenprogramme aus dem Bereich der Literatur, Theater-, Film-, Fernsehen- und Musikschaffen, k\u00fcnstlerische Aktivit\u00e4ten, Verlagswesen und Museologie veranstaltet, und zwar:<\/p>\n\n\n\n<ul class=\"wp-block-list\"><li>Internationales Festival der klassischen Musik&nbsp; &#8211; Neben den zahlreichen Konzerten wird auch ein p\u00e4dagogisches Programm mit Kursen f\u00fcr Violine und Kammermusik ausgef\u00fchrt \u2013 Literarischer Sommer.<\/li><li>Filmdrehbuchfestival \u2013 Im August findet das Filmdrehbuchfestival auf der Sommerb\u00fchne in Vrnja\u010dka Banja statt. Seit mehr als vierzig Jahren wird eine Vielzahl von Filmen gezeigt. Alles begann im Jahre 1974 nach einer Auseinandersetzung in der Film\u00f6ffentlichkeit, die offenbarte, dass das Drehbuchschreiben eine Schwachstelle in der einheimischen Filmindustrie sei und dass es dem Drehbuch kein w\u00fcrdiger Platz einger\u00e4umt werde. Damals gab es im Vrnja\u010dka Banja eine Revue \u201eJugoslawischer Spielfilm in Aktion\u201c, die auch ein eigenes Expertenforum hatte, an dem die Autoren und Darsteller teilnahmen. Es war gewisserma\u00dfen der Beginn des Festivals. Die beiden Tatsachen \u2013 Krise des Drehbuchs in der jugoslawischen Filmindustrie und die Existenz eines Filmfestivals im Vrnja\u010dka Banja \u2013 waren jedoch entscheidend f\u00fcr den Anfang eines echten Festivals, das vom \u201ez\u00fcnftigen\u201c Handwerk klar gepr\u00e4gt und weltweit einzigartig ist &#8211; das Filmdrehbuchfestival. So wurde im August 1977 die Revue \u201eJugoslawischer Spielfilm in Aktion\u201c zu einer Festivalveranstaltung, einer Podiumsdiskussion und zu einem Symposium. Es wurden Preise eingef\u00fchrt, Gremien gegr\u00fcndet und das Festival wurde letztendlich geboren. Die Initiatoren des Festivals waren das Kulturzentrum Vrnjacka Banja, der Verband der Filmautoren und der Verband der Filmschauspieler. Die unmittelbaren Initiatoren waren Bo\u0161ko Ru\u0111in\u010danin, Miomir Stamenkovi\u0107, Velimir-Bata \u017divojinovi\u0107, Vasiljka Bogi\u0107evi\u0107 und Du\u0161an Perkovi\u0107.<a><\/a><\/li><\/ul>\n\n\n\n<ul class=\"wp-block-list\"><li>Andere kulturelle Veranstaltungen: Veranstaltungen auf der Promenade von Vrnja\u010dka Banja, kulturelle Veranstaltungen, Museumsausstellungen, Theaterauff\u00fchrungen, Film- und Musikfestivals auf der Sommerb\u00fchne sind nur ein Teil des Charmes, mit dem Vrnja\u010dka Banja jeden Gast anzieht.<\/li><\/ul>\n","protected":false},"excerpt":{"rendered":"<p>Das Zentrum f\u00fcr Kultur Vrnja\u010dka Banjaist eine \u00f6ffentliche Kultureinrichtung, in der ein Kinosaal und eine Theaterb\u00fchne sowie das Kulturschloss mit der Galerie und dem Museum untergebracht sind. W\u00e4hrend des Jahres [&hellip;]<\/p>\n","protected":false},"author":1,"featured_media":3886,"parent":0,"menu_order":0,"comment_status":"closed","ping_status":"closed","template":"","meta":{"_acf_changed":false,"footnotes":""},"class_list":["post-3885","page","type-page","status-publish","has-post-thumbnail","hentry"],"acf":[],"_links":{"self":[{"href":"https:\/\/vrnjackabanja.co.rs\/de\/wp-json\/wp\/v2\/pages\/3885","targetHints":{"allow":["GET"]}}],"collection":[{"href":"https:\/\/vrnjackabanja.co.rs\/de\/wp-json\/wp\/v2\/pages"}],"about":[{"href":"https:\/\/vrnjackabanja.co.rs\/de\/wp-json\/wp\/v2\/types\/page"}],"author":[{"embeddable":true,"href":"https:\/\/vrnjackabanja.co.rs\/de\/wp-json\/wp\/v2\/users\/1"}],"replies":[{"embeddable":true,"href":"https:\/\/vrnjackabanja.co.rs\/de\/wp-json\/wp\/v2\/comments?post=3885"}],"version-history":[{"count":3,"href":"https:\/\/vrnjackabanja.co.rs\/de\/wp-json\/wp\/v2\/pages\/3885\/revisions"}],"predecessor-version":[{"id":5686,"href":"https:\/\/vrnjackabanja.co.rs\/de\/wp-json\/wp\/v2\/pages\/3885\/revisions\/5686"}],"wp:featuredmedia":[{"embeddable":true,"href":"https:\/\/vrnjackabanja.co.rs\/de\/wp-json\/wp\/v2\/media\/3886"}],"wp:attachment":[{"href":"https:\/\/vrnjackabanja.co.rs\/de\/wp-json\/wp\/v2\/media?parent=3885"}],"curies":[{"name":"wp","href":"https:\/\/api.w.org\/{rel}","templated":true}]}}