{"id":3780,"date":"2022-01-18T12:20:19","date_gmt":"2022-01-18T11:20:19","guid":{"rendered":"http:\/\/vrnjackabanja.co.rs\/manifestacije\/"},"modified":"2022-09-14T09:09:03","modified_gmt":"2022-09-14T07:09:03","slug":"veranstaltungen","status":"publish","type":"page","link":"https:\/\/vrnjackabanja.co.rs\/de\/veranstaltungen\/","title":{"rendered":"VERANSTALTUNGEN"},"content":{"rendered":"\n<p><\/p>\n\n\n\n<h2 class=\"wp-block-heading\">DER KARNEVAL VON VRNJA\u010cKA BANJA<\/h2>\n\n\n\n<p><\/p>\n\n\n\n<p>Der Karneval von Vrnja\u010dka Banja stellt geradezu die Kr\u00f6nung der touristischen Saison dar. Diese Veranstaltung versammelt \u00fcber 200 000 Besucher. Innerhalb einer Woche im Juli verwandelt sich Vrnja\u010dka Banja in eine B\u00fchne, auf der viele Maskenb\u00e4lle, Festivals, Konzerte, Auff\u00fchrungen, Sportevents usw. organisiert werden.&nbsp;&nbsp;&nbsp;<\/p>\n\n\n\n<p><\/p>\n\n\n\n<figure class=\"wp-block-gallery has-nested-images columns-default is-cropped wp-block-gallery-1 is-layout-flex wp-block-gallery-is-layout-flex\">\n<figure class=\"wp-block-image size-large\"><img loading=\"lazy\" decoding=\"async\" width=\"683\" height=\"1024\" data-id=\"8463\" src=\"http:\/\/vrnjackabanja.co.rs\/wp-content\/uploads\/2022\/08\/293465153_5177331958989345_6999620524197453539_n-683x1024.jpg\" alt=\"\" class=\"wp-image-8463\" srcset=\"https:\/\/vrnjackabanja.co.rs\/wp-content\/uploads\/2022\/08\/293465153_5177331958989345_6999620524197453539_n-683x1024.jpg 683w, https:\/\/vrnjackabanja.co.rs\/wp-content\/uploads\/2022\/08\/293465153_5177331958989345_6999620524197453539_n-200x300.jpg 200w, https:\/\/vrnjackabanja.co.rs\/wp-content\/uploads\/2022\/08\/293465153_5177331958989345_6999620524197453539_n-768x1151.jpg 768w, https:\/\/vrnjackabanja.co.rs\/wp-content\/uploads\/2022\/08\/293465153_5177331958989345_6999620524197453539_n-1025x1536.jpg 1025w, https:\/\/vrnjackabanja.co.rs\/wp-content\/uploads\/2022\/08\/293465153_5177331958989345_6999620524197453539_n.jpg 1366w\" sizes=\"auto, (max-width: 683px) 100vw, 683px\" \/><\/figure>\n\n\n\n<figure class=\"wp-block-image size-large\"><img loading=\"lazy\" decoding=\"async\" width=\"1366\" height=\"2048\" data-id=\"7248\" src=\"http:\/\/vrnjackabanja.co.rs\/wp-content\/uploads\/2022\/07\/294429302_5177331885656019_7448935027364445015_n.jpg\" alt=\"\" class=\"wp-image-7248\" srcset=\"https:\/\/vrnjackabanja.co.rs\/wp-content\/uploads\/2022\/07\/294429302_5177331885656019_7448935027364445015_n.jpg 1366w, https:\/\/vrnjackabanja.co.rs\/wp-content\/uploads\/2022\/07\/294429302_5177331885656019_7448935027364445015_n-200x300.jpg 200w, https:\/\/vrnjackabanja.co.rs\/wp-content\/uploads\/2022\/07\/294429302_5177331885656019_7448935027364445015_n-683x1024.jpg 683w, https:\/\/vrnjackabanja.co.rs\/wp-content\/uploads\/2022\/07\/294429302_5177331885656019_7448935027364445015_n-768x1151.jpg 768w, https:\/\/vrnjackabanja.co.rs\/wp-content\/uploads\/2022\/07\/294429302_5177331885656019_7448935027364445015_n-1025x1536.jpg 1025w\" sizes=\"auto, (max-width: 1366px) 100vw, 1366px\" \/><\/figure>\n<\/figure>\n\n\n\n<p><\/p>\n\n\n\n<p>Das zentrale Event des Karnevals ist der gro\u00dfe internationale Karnevalsumzug. Eine Vielzahl der Karnevalsgruppen aus aller Welt sorgt f\u00fcr Spa\u00df und eine tolle Zeit an diesen Tagen. <\/p>\n\n\n\n<p>W\u00e4hrend dieser Zeit werden Sie auf einen warmherzigen Empfang bei den Gastgebern sto\u00dfen, sowie auf eine tolle Karnevalsstimmung, die Sie alle Ihre Probleme vergessen l\u00e4sst. <\/p>\n\n\n\n<p>Von Jahr zu Jahr versammelt dieses Ereignis immer mehr Besucher und Teilnehmer aus Serbien, aber auch aus der ganzen Welt. <\/p>\n\n\n\n<p>Als Auszeichnung f\u00fcr die bisherigen Erfolge erhielt der Karneval \u201eTuristi\u010dki cvet\u201d (dt. Die touristische Blume), die f\u00fcr das beste Tourismusprojekt von dem Tourismusverein Serbiens mit Unterst\u00fctzung des Ministeriums f\u00fcr Handel, Tourismus und Dienstleistungen verliehen wird.<\/p>\n\n\n\n<p><\/p>\n\n\n\n<figure class=\"wp-block-gallery has-nested-images columns-2 is-cropped wp-block-gallery-2 is-layout-flex wp-block-gallery-is-layout-flex\">\n<figure class=\"wp-block-image size-large\"><img loading=\"lazy\" decoding=\"async\" width=\"1024\" height=\"683\" data-id=\"1733\" src=\"http:\/\/vrnjackabanja.co.rs\/wp-content\/uploads\/2022\/02\/ROZANA-S-203-foto-VB-3.jpg-2-3.jpg-3-3-1024x683.jpg\" alt=\"\" class=\"wp-image-1733\" srcset=\"https:\/\/vrnjackabanja.co.rs\/wp-content\/uploads\/2022\/02\/ROZANA-S-203-foto-VB-3.jpg-2-3.jpg-3-3-1024x683.jpg 1024w, https:\/\/vrnjackabanja.co.rs\/wp-content\/uploads\/2022\/02\/ROZANA-S-203-foto-VB-3.jpg-2-3.jpg-3-3-300x200.jpg 300w, https:\/\/vrnjackabanja.co.rs\/wp-content\/uploads\/2022\/02\/ROZANA-S-203-foto-VB-3.jpg-2-3.jpg-3-3-768x512.jpg 768w, https:\/\/vrnjackabanja.co.rs\/wp-content\/uploads\/2022\/02\/ROZANA-S-203-foto-VB-3.jpg-2-3.jpg-3-3-1536x1024.jpg 1536w, https:\/\/vrnjackabanja.co.rs\/wp-content\/uploads\/2022\/02\/ROZANA-S-203-foto-VB-3.jpg-2-3.jpg-3-3-2048x1365.jpg 2048w\" sizes=\"auto, (max-width: 1024px) 100vw, 1024px\" \/><\/figure>\n\n\n\n<figure class=\"wp-block-image size-large\"><img loading=\"lazy\" decoding=\"async\" width=\"1024\" height=\"683\" data-id=\"1649\" src=\"http:\/\/vrnjackabanja.co.rs\/wp-content\/uploads\/2022\/02\/IMG_0505-1024x683.jpg\" alt=\"\" class=\"wp-image-1649\" srcset=\"https:\/\/vrnjackabanja.co.rs\/wp-content\/uploads\/2022\/02\/IMG_0505-1024x683.jpg 1024w, https:\/\/vrnjackabanja.co.rs\/wp-content\/uploads\/2022\/02\/IMG_0505-300x200.jpg 300w, https:\/\/vrnjackabanja.co.rs\/wp-content\/uploads\/2022\/02\/IMG_0505-768x512.jpg 768w, https:\/\/vrnjackabanja.co.rs\/wp-content\/uploads\/2022\/02\/IMG_0505-1536x1024.jpg 1536w, https:\/\/vrnjackabanja.co.rs\/wp-content\/uploads\/2022\/02\/IMG_0505-2048x1365.jpg 2048w\" sizes=\"auto, (max-width: 1024px) 100vw, 1024px\" \/><\/figure>\n\n\n\n<figure class=\"wp-block-image size-large\"><img loading=\"lazy\" decoding=\"async\" width=\"1024\" height=\"683\" data-id=\"8402\" src=\"http:\/\/vrnjackabanja.co.rs\/wp-content\/uploads\/2022\/08\/294180671_5177334868989054_903026091302049077_n-1024x683.jpg\" alt=\"\" class=\"wp-image-8402\" srcset=\"https:\/\/vrnjackabanja.co.rs\/wp-content\/uploads\/2022\/08\/294180671_5177334868989054_903026091302049077_n-1024x683.jpg 1024w, https:\/\/vrnjackabanja.co.rs\/wp-content\/uploads\/2022\/08\/294180671_5177334868989054_903026091302049077_n-300x200.jpg 300w, https:\/\/vrnjackabanja.co.rs\/wp-content\/uploads\/2022\/08\/294180671_5177334868989054_903026091302049077_n-768x512.jpg 768w, https:\/\/vrnjackabanja.co.rs\/wp-content\/uploads\/2022\/08\/294180671_5177334868989054_903026091302049077_n-1536x1025.jpg 1536w, https:\/\/vrnjackabanja.co.rs\/wp-content\/uploads\/2022\/08\/294180671_5177334868989054_903026091302049077_n.jpg 2048w\" sizes=\"auto, (max-width: 1024px) 100vw, 1024px\" \/><\/figure>\n<\/figure>\n\n\n\n<hr class=\"wp-block-separator has-css-opacity\"\/>\n\n\n\n<h2 class=\"wp-block-heading\" style=\"text-transform:uppercase\">LOVEFEST<\/h2>\n\n\n\n<p><\/p>\n\n\n\n<p>Lovefest ist eine einzigartige Kulturperformanz aus Vrnja\u010dka Banja, deren Ziel ist, Musik, Kunst und die urbane Kultur der jungen Leute zu popularisieren. Das Festival begann im Jahr 2007 als Love bridge Party, und ein Jahr nach seinem erfolgreichen Deb\u00fct, als eines der hei\u00dfesten Musikereignissen in Zentralserbien, wurde es zu einem Festival.<\/p>\n\n\n\n<p>Das Lovefest hat im Jahr 2012 eine Auszeichnung vom Ministerium f\u00fcr Jugend und Sport als das gr\u00f6\u00dfte Jugendfestival im Land bekommen, und zwar nur ein Jahr nachdem es vom UK Festival Avards f\u00fcr das beste Festival im Ausland nominiert wurde.<\/p>\n\n\n\n<p><\/p>\n\n\n\n<figure class=\"wp-block-image size-large\"><img loading=\"lazy\" decoding=\"async\" width=\"1024\" height=\"789\" src=\"http:\/\/vrnjackabanja.co.rs\/wp-content\/uploads\/2022\/02\/234802896_10157932882206576_1528963267818429052_n-1024x789.jpg\" alt=\"\" class=\"wp-image-1665\" srcset=\"https:\/\/vrnjackabanja.co.rs\/wp-content\/uploads\/2022\/02\/234802896_10157932882206576_1528963267818429052_n-1024x789.jpg 1024w, https:\/\/vrnjackabanja.co.rs\/wp-content\/uploads\/2022\/02\/234802896_10157932882206576_1528963267818429052_n-300x231.jpg 300w, https:\/\/vrnjackabanja.co.rs\/wp-content\/uploads\/2022\/02\/234802896_10157932882206576_1528963267818429052_n-768x591.jpg 768w, https:\/\/vrnjackabanja.co.rs\/wp-content\/uploads\/2022\/02\/234802896_10157932882206576_1528963267818429052_n.jpg 1440w\" sizes=\"auto, (max-width: 1024px) 100vw, 1024px\" \/><\/figure>\n\n\n\n<p><\/p>\n\n\n\n<p>Ein wichtiger Scheidepunkt in der Geschichte des Lovefests war die Einf\u00fchrung von neuen Programmzonen wie zum Beispiel Photo-, Kino-, Graffiti-, Chill-, Eco-, Workshop-, Streetball-, Extrem- und\u00a0 Kidszone. Das Hauptziel der Einf\u00fchrung dieser Programme und der Erweiterung der Festivalaktivit\u00e4ten war das Zeigen und die Erkennung von jungen Talenten in Zentralserbien.<\/p>\n\n\n\n<p>Die Aktivit\u00e4ten des Lovefests sind auf die Gleichbereichtigung, Solidarit\u00e4t und Toleranz zwischen den Menschen gerichtet und\u00a0 zwar mit dem Akzent auf Projekte mit einem humanit\u00e4ren, sozialen, \u00f6kologischen, bildenden und unterhaltenden Charakter. Das Lovefest nimmt auch an der humanit\u00e4ren Aktion \u201eEssen f\u00fcr alle\u201c und an der \u201eFreiwilligen Blutspendeaktion\u201c teil. Wir \u00fcberweisen auch einmalige Spenden an viele einzelne Personen im Land, die auf die Spende angewiesen sind.<\/p>\n\n\n\n<p><\/p>\n\n\n\n<figure class=\"wp-block-gallery has-nested-images columns-2 is-cropped wp-block-gallery-3 is-layout-flex wp-block-gallery-is-layout-flex\">\n<figure class=\"wp-block-image size-full\"><img loading=\"lazy\" decoding=\"async\" width=\"1000\" height=\"563\" data-id=\"1671\" src=\"http:\/\/vrnjackabanja.co.rs\/wp-content\/uploads\/2022\/02\/blog2.jpg\" alt=\"\" class=\"wp-image-1671\" srcset=\"https:\/\/vrnjackabanja.co.rs\/wp-content\/uploads\/2022\/02\/blog2.jpg 1000w, https:\/\/vrnjackabanja.co.rs\/wp-content\/uploads\/2022\/02\/blog2-300x169.jpg 300w, https:\/\/vrnjackabanja.co.rs\/wp-content\/uploads\/2022\/02\/blog2-768x432.jpg 768w\" sizes=\"auto, (max-width: 1000px) 100vw, 1000px\" \/><\/figure>\n\n\n\n<figure class=\"wp-block-image size-large\"><img loading=\"lazy\" decoding=\"async\" width=\"1024\" height=\"683\" data-id=\"1667\" src=\"http:\/\/vrnjackabanja.co.rs\/wp-content\/uploads\/2022\/02\/234548821_10157931220606576_2781798634257691347_n-1024x683.jpg\" alt=\"\" class=\"wp-image-1667\" srcset=\"https:\/\/vrnjackabanja.co.rs\/wp-content\/uploads\/2022\/02\/234548821_10157931220606576_2781798634257691347_n-1024x683.jpg 1024w, https:\/\/vrnjackabanja.co.rs\/wp-content\/uploads\/2022\/02\/234548821_10157931220606576_2781798634257691347_n-300x200.jpg 300w, https:\/\/vrnjackabanja.co.rs\/wp-content\/uploads\/2022\/02\/234548821_10157931220606576_2781798634257691347_n-768x512.jpg 768w, https:\/\/vrnjackabanja.co.rs\/wp-content\/uploads\/2022\/02\/234548821_10157931220606576_2781798634257691347_n.jpg 1365w\" sizes=\"auto, (max-width: 1024px) 100vw, 1024px\" \/><\/figure>\n\n\n\n<figure class=\"wp-block-image size-large\"><img loading=\"lazy\" decoding=\"async\" width=\"1024\" height=\"774\" data-id=\"1669\" src=\"http:\/\/vrnjackabanja.co.rs\/wp-content\/uploads\/2022\/02\/272129176_10158180258136576_7957582469355438239_n-1024x774.jpg\" alt=\"\" class=\"wp-image-1669\" srcset=\"https:\/\/vrnjackabanja.co.rs\/wp-content\/uploads\/2022\/02\/272129176_10158180258136576_7957582469355438239_n-1024x774.jpg 1024w, https:\/\/vrnjackabanja.co.rs\/wp-content\/uploads\/2022\/02\/272129176_10158180258136576_7957582469355438239_n-300x227.jpg 300w, https:\/\/vrnjackabanja.co.rs\/wp-content\/uploads\/2022\/02\/272129176_10158180258136576_7957582469355438239_n-768x580.jpg 768w, https:\/\/vrnjackabanja.co.rs\/wp-content\/uploads\/2022\/02\/272129176_10158180258136576_7957582469355438239_n.jpg 1440w\" sizes=\"auto, (max-width: 1024px) 100vw, 1024px\" \/><\/figure>\n\n\n\n<figure class=\"wp-block-image size-large\"><img loading=\"lazy\" decoding=\"async\" width=\"1024\" height=\"683\" data-id=\"1670\" src=\"http:\/\/vrnjackabanja.co.rs\/wp-content\/uploads\/2022\/02\/217750772_10157907422686576_7213048132182927098_n-1024x683.jpg\" alt=\"\" class=\"wp-image-1670\" srcset=\"https:\/\/vrnjackabanja.co.rs\/wp-content\/uploads\/2022\/02\/217750772_10157907422686576_7213048132182927098_n-1024x683.jpg 1024w, https:\/\/vrnjackabanja.co.rs\/wp-content\/uploads\/2022\/02\/217750772_10157907422686576_7213048132182927098_n-300x200.jpg 300w, https:\/\/vrnjackabanja.co.rs\/wp-content\/uploads\/2022\/02\/217750772_10157907422686576_7213048132182927098_n-768x512.jpg 768w, https:\/\/vrnjackabanja.co.rs\/wp-content\/uploads\/2022\/02\/217750772_10157907422686576_7213048132182927098_n.jpg 1440w\" sizes=\"auto, (max-width: 1024px) 100vw, 1024px\" \/><\/figure>\n\n\n\n<figure class=\"wp-block-image size-large\"><img loading=\"lazy\" decoding=\"async\" width=\"1024\" height=\"683\" data-id=\"1672\" src=\"http:\/\/vrnjackabanja.co.rs\/wp-content\/uploads\/2022\/02\/Lovefest_2019_20-1536x1024-2-1024x683.jpg\" alt=\"\" class=\"wp-image-1672\" srcset=\"https:\/\/vrnjackabanja.co.rs\/wp-content\/uploads\/2022\/02\/Lovefest_2019_20-1536x1024-2-1024x683.jpg 1024w, https:\/\/vrnjackabanja.co.rs\/wp-content\/uploads\/2022\/02\/Lovefest_2019_20-1536x1024-2-300x200.jpg 300w, https:\/\/vrnjackabanja.co.rs\/wp-content\/uploads\/2022\/02\/Lovefest_2019_20-1536x1024-2-768x512.jpg 768w, https:\/\/vrnjackabanja.co.rs\/wp-content\/uploads\/2022\/02\/Lovefest_2019_20-1536x1024-2.jpg 1536w\" sizes=\"auto, (max-width: 1024px) 100vw, 1024px\" \/><\/figure>\n<\/figure>\n\n\n\n<figure class=\"wp-block-embed is-type-wp-embed is-provider-lovefest wp-block-embed-lovefest\"><div class=\"wp-block-embed__wrapper\">\n<blockquote class=\"wp-embedded-content\" data-secret=\"BQORHd08Y0\"><a href=\"https:\/\/lovefest.rs\/\">Lovefest 2024<\/a><\/blockquote><iframe loading=\"lazy\" class=\"wp-embedded-content\" sandbox=\"allow-scripts\" security=\"restricted\" style=\"position: absolute; clip: rect(1px, 1px, 1px, 1px);\" title=\"&#8220;Lovefest 2024&#8221; &#8212; Lovefest\" src=\"https:\/\/lovefest.rs\/embed\/#?secret=j9Ony3aJHC#?secret=BQORHd08Y0\" data-secret=\"BQORHd08Y0\" width=\"500\" height=\"282\" frameborder=\"0\" marginwidth=\"0\" marginheight=\"0\" scrolling=\"no\"><\/iframe>\n<\/div><\/figure>\n\n\n\n<hr class=\"wp-block-separator has-css-opacity\"\/>\n\n\n\n<p><\/p>\n\n\n\n<h2 class=\"wp-block-heading\">VERANSTALTUNG \u201eK\u00dcSS MICH\u201d<\/h2>\n\n\n\n<p><\/p>\n\n\n\n<p>Das Motiv dieses Events ist, eine Liebesbotschaft aus Vrnja\u010dka Banja zu senden.<\/p>\n\n\n\n<p>Der Wettbewerb im l\u00e4ngsten K\u00fcssen mit dem Namen \u201c K\u00fcss mich\u201d findet seit 2007 traditionell am vierzehnten Februar auf der \u201cLiebesbr\u00fccke\u201d statt. An diesem Tag wird Vrnja\u010dka Banja im Sinne dieses Ereignis geschm\u00fcckt.<\/p>\n\n\n\n<p><\/p>\n\n\n<div class=\"wp-block-image\">\n<figure class=\"aligncenter size-full is-resized\"><img loading=\"lazy\" decoding=\"async\" src=\"http:\/\/vrnjackabanja.co.rs\/wp-content\/uploads\/2022\/02\/2677.jpg\" alt=\"\" class=\"wp-image-1683\" width=\"549\" height=\"366\" srcset=\"https:\/\/vrnjackabanja.co.rs\/wp-content\/uploads\/2022\/02\/2677.jpg 720w, https:\/\/vrnjackabanja.co.rs\/wp-content\/uploads\/2022\/02\/2677-300x200.jpg 300w\" sizes=\"auto, (max-width: 549px) 100vw, 549px\" \/><\/figure>\n<\/div>\n\n\n<p>Neben dem Hauptpreis f\u00fcr den l\u00e4ngsten Kuss, gibt es auch Preise f\u00fcr das attraktivste und f\u00fcr das \u00e4lteste Paar zu gewinnen. Der Rekord f\u00fcr den l\u00e4ngsten Kuss betr\u00e4gt 112 Minuten, und das \u00e4teste Paar war \u00fcber 77.<\/p>\n\n\n<div class=\"wp-block-image\">\n<figure class=\"aligncenter size-full is-resized\"><img loading=\"lazy\" decoding=\"async\" src=\"http:\/\/vrnjackabanja.co.rs\/wp-content\/uploads\/2022\/02\/2678.jpg\" alt=\"\" class=\"wp-image-1684\" width=\"564\" height=\"376\" srcset=\"https:\/\/vrnjackabanja.co.rs\/wp-content\/uploads\/2022\/02\/2678.jpg 720w, https:\/\/vrnjackabanja.co.rs\/wp-content\/uploads\/2022\/02\/2678-300x200.jpg 300w\" sizes=\"auto, (max-width: 564px) 100vw, 564px\" \/><\/figure>\n<\/div>\n\n\n<p>Nach den Regeln der Veranstaltung m\u00fcssen die Teilnehmer, die am Kusswettbewerb teilnehmen, nach drei\u00dfig Minuten auf einem Bein stehen.<\/p>\n\n\n\n<p>Die Tourismusorganisation organisiert diese Veranstaltung.<\/p>\n\n\n\n<hr class=\"wp-block-separator has-css-opacity\"\/>\n\n\n\n<p><\/p>\n\n\n\n<h2 class=\"wp-block-heading\"><strong>&nbsp;<\/strong>\u201eAM GEDENKTAG VON DESANKA MAKSIMOVI\u0106\u201c<\/h2>\n\n\n\n<p><\/p>\n\n\n\n<p><em>\u201eNeben meine \u201eBrankovina\u201c, liegt auch Vrnja\u010dka Banja tief in meinem Herzen, ein Ort in dem sich auf kleinem Raum viele Unterschiede sammeln. Das ist ein Ort, wo die Natur farbenpr\u00e4chtigist , als sei sie gerade einem Gem\u00e4lde entsprungen.\u201c<\/em>Das sind die Worte der bekannten Dichterin Desanka Maksimovi\u0107, die w\u00e4hrend eines Aufenthalts in Vrnja\u010dka Banja entstanden sind.<\/p>\n\n\n\n<p><\/p>\n\n\n<div class=\"wp-block-image\">\n<figure class=\"aligncenter size-full is-resized\"><img loading=\"lazy\" decoding=\"async\" src=\"http:\/\/vrnjackabanja.co.rs\/wp-content\/uploads\/2022\/02\/18222215_821340754688305_2139501921905857084_n.jpg\" alt=\"\" class=\"wp-image-1689\" width=\"588\" height=\"414\" srcset=\"https:\/\/vrnjackabanja.co.rs\/wp-content\/uploads\/2022\/02\/18222215_821340754688305_2139501921905857084_n.jpg 960w, https:\/\/vrnjackabanja.co.rs\/wp-content\/uploads\/2022\/02\/18222215_821340754688305_2139501921905857084_n-300x212.jpg 300w, https:\/\/vrnjackabanja.co.rs\/wp-content\/uploads\/2022\/02\/18222215_821340754688305_2139501921905857084_n-768x542.jpg 768w\" sizes=\"auto, (max-width: 588px) 100vw, 588px\" \/><\/figure>\n<\/div>\n\n\n<p><\/p>\n\n\n\n<p>Zu Ehren von dieser gro\u00dfen Dichterin wird jedes Jahr, am 16. Mai, am Tag ihrer Geburt die Veranstaltung \u201eAm Gedenktag von Desanka Maksimovi\u0107<a><\/a>\u201c organisiert , die viele Schriftsteller, Dichter, und nat\u00fcrlich Liebhaber ihrer Werke besuchen.<\/p>\n\n\n\n<p>Die Touristische Organisation Vrnja\u010dka Banja organisiert diese Veranstaltung traditionell auf der \u201eLiebesbr\u00fccke\u201c (\u201e Most ljubavi\u201c). Dieser Ort hat die Dichterin inspiriert, ihr bekanntes Gedicht \u201eGebet f\u00fcr die Liebe\u201c zu schreiben.<\/p>\n\n\n\n<p>Diejenigen, die ihre Werke lieben, verpassen die Gelegenheit nicht, ihr die Ehre zu erweisen und zusammen mit den Teilnehmern dieser Veranstaltung ihre Verse vorzutragen und zu singen. Falls Sie auch ein Teil dieser Veranstaltung werden m\u00f6chten, vergessen Sie nicht,f\u00fcr sich eine Unterkunft im sch\u00f6nsten Teil von Vrnja\u010dka Banja zu finden. Mit Vergn\u00fcgen werden wir Sie im angenehmen Ambiente empfangen.<\/p>\n\n\n\n<hr class=\"wp-block-separator has-css-opacity\"\/>\n\n\n\n<p><\/p>\n\n\n\n<h2 class=\"wp-block-heading\">\u201eMATHEMATIKBR\u00dcCKE\u201c<\/h2>\n\n\n\n<p><\/p>\n\n\n\n<p>Die Veranstaltung \u201eMathematikbr\u00fccke\u201c findet jedes Jahr im Fr\u00fchling, in Vrnja\u010dka Banja statt. Der Verein \u201eJunge Mathematiker\u201c und die Gemeinde Vrnja\u010dka Banja organisieren dieses Event.<\/p>\n\n\n\n<p>Das Ziel der \u201eMathematikbr\u00fccke\u201c ist die Mathematik popul\u00e4rer zu machen.<\/p>\n\n\n\n<p><\/p>\n\n\n\n<figure class=\"wp-block-image size-large\"><img loading=\"lazy\" decoding=\"async\" width=\"1024\" height=\"636\" src=\"http:\/\/vrnjackabanja.co.rs\/wp-content\/uploads\/2022\/04\/277729688_2215949605227406_1776294706172235471_n-1024x636.jpg\" alt=\"\" class=\"wp-image-2654\" srcset=\"https:\/\/vrnjackabanja.co.rs\/wp-content\/uploads\/2022\/04\/277729688_2215949605227406_1776294706172235471_n-1024x636.jpg 1024w, https:\/\/vrnjackabanja.co.rs\/wp-content\/uploads\/2022\/04\/277729688_2215949605227406_1776294706172235471_n-300x186.jpg 300w, https:\/\/vrnjackabanja.co.rs\/wp-content\/uploads\/2022\/04\/277729688_2215949605227406_1776294706172235471_n-768x477.jpg 768w, https:\/\/vrnjackabanja.co.rs\/wp-content\/uploads\/2022\/04\/277729688_2215949605227406_1776294706172235471_n.jpg 1170w\" sizes=\"auto, (max-width: 1024px) 100vw, 1024px\" \/><\/figure>\n\n\n\n<p>Eine Br\u00fccke \u00fcber den Fluss Vrnja\u010dka reka ist gerade der Mathematik gewidmet und wird die \u201eGoldene Br\u00fccke\u201c genannt. An dieser Br\u00fccke ist eine Tafel mit der mathematischen Formel des Goldenen Schnitts befestigt. Den Goldenen Schnitt lieben alle: Mathematiker, Biologen, K\u00fcnstler, Architekten, Maler\u2026<\/p>\n\n\n\n<p>http:\/\/www.mladimatematicar.org\/<\/p>\n\n\n\n<hr class=\"wp-block-separator has-css-opacity\"\/>\n\n\n\n<p><\/p>\n\n\n\n<h2 class=\"wp-block-heading\">\u201cGOLDENE F\u00c4DEN\u201d<\/h2>\n\n\n\n<p><\/p>\n\n\n\n<p>Die Messe der Erzeugnisse der volkst\u00fcmlichen Tradition \u201cPrela i posela\u201dund alter Handwerkskunst\u201eZlatne niti sa zlatnim rukama\u201c (\u201cGoldene F\u00e4den mit goldenen H\u00e4nden\u201d) findet jedes Jahr in Vrnja\u010dka Banja statt und wird von dem Frauenverein <em>\u201e<\/em>Zlatne niti\u201c (\u201cGoldene F\u00e4den\u201d) veranstaltet.<\/p>\n\n\n\n<p>Fals Sie zu denjenigen geh\u00f6ren, die Tradition und die alte Handwerkskunst lieben, verpassen Sie diese Veranstaltung nicht, die die Vereine aus dem Gebiet des ehemaligen Jugoslawiens versammelt.<\/p>\n\n\n\n<p>Das Ziel dieser Veranstaltung ist die Tradition und die Kultur des volkst\u00fcmlichen Handwerks aufzubewahren.<\/p>\n\n\n\n<p><\/p>\n\n\n\n<p><a href=\"https:\/\/sr-rs.facebook.com\/Zlatne-niti-474323919321130\/\">https:\/\/sr-rs.facebook.com\/Zlatne-niti-474323919321130\/<\/a><\/p>\n\n\n\n<hr class=\"wp-block-separator has-css-opacity\"\/>\n\n\n\n<h2 class=\"wp-block-heading\"><br>&nbsp;\u201cDIE ERINNERUNGEN AN DIE SERBISCHEN SCHAUSPIELGR\u00d6\u00dfEN&#8220;<\/h2>\n\n\n\n<p><\/p>\n\n\n\n<p>Der Monat August ist in Vrnja\u010dka Banja dem Film und den Filmemachern gewidmet, so dass jedes Jahr im Gedenkpark die Veranstaltung \u201cDie Erinnerungen an die serbischen Schauspielgr\u00f6\u00dfen\u201d stattfinden werden. Junge Schauspieler werden von ihren Kollegen erz\u00e4hlen und ein Nachbau des Busses \u201c Ko to tamo peva\u201d (\u201cWer sinngt denn da\u201d) wird neben dem \u201cGedenkpark\u201d aufgestellt\u201d<\/p>\n\n\n\n<p><\/p>\n\n\n\n<hr class=\"wp-block-separator has-css-opacity\"\/>\n\n\n\n<p><\/p>\n\n\n\n<h2 class=\"wp-block-heading\">BLUMENMESSE UND MESSE F\u00dcR ALTES HANDWERK<\/h2>\n\n\n\n<p><\/p>\n\n\n\n<p>Jetzt schon eine traditionelle Veranstaltung unter dem Namen \u201cBlumenmesse und Messe f\u00fcr altes Handwerk. Diese Messe findet dreimal im Jaht statt, und die Teilnehmer der Messe stellen ihre Ware auf den St\u00e4nden aus, die im oberen Teil der Promenade in Vrnja\u010dka Banja aufgestellt sind. An dieser traditionellen Veranstaltung nehmen mehrere Dutzend Aussteller teil.<\/p>\n\n\n\n<p><\/p>\n\n\n\n<figure class=\"wp-block-image size-full\"><img loading=\"lazy\" decoding=\"async\" width=\"1000\" height=\"750\" src=\"http:\/\/vrnjackabanja.co.rs\/wp-content\/uploads\/2022\/03\/galerija-45.jpg\" alt=\"\" class=\"wp-image-2219\" srcset=\"https:\/\/vrnjackabanja.co.rs\/wp-content\/uploads\/2022\/03\/galerija-45.jpg 1000w, https:\/\/vrnjackabanja.co.rs\/wp-content\/uploads\/2022\/03\/galerija-45-300x225.jpg 300w, https:\/\/vrnjackabanja.co.rs\/wp-content\/uploads\/2022\/03\/galerija-45-768x576.jpg 768w\" sizes=\"auto, (max-width: 1000px) 100vw, 1000px\" \/><\/figure>\n\n\n\n<hr class=\"wp-block-separator has-css-opacity\"\/>\n\n\n\n<p><\/p>\n\n\n\n<h2 class=\"wp-block-heading\">DER MEMORIAL CUP \u201eMIODRAG MIKI MARTINOVI\u0106\u201d<\/h2>\n\n\n\n<p><\/p>\n\n\n\n<p>Das Memorialturnier \u201c Miodrag Miki Martinovi\u0107\u201d wird in Erinnerung an die Legende der serbischen&nbsp; Fitness- und Bodybuilding-Szene organisiert. Miki Martinovic war einer unserererfolgreichsten Sportler. Im Jahr 1975 hat er die Serbische Meisterschaft in Powerlifting gewonnen und den immer noch geltenden nationalen Rekord aufgestellt. Der Fitness-Verein \u201cZvezda\u201d und die Touristische Organisation Vrnja\u010dka Banja organisieren dieses Tournier.<\/p>\n\n\n\n<p><\/p>\n\n\n<div class=\"wp-block-image\">\n<figure class=\"aligncenter size-full\"><img loading=\"lazy\" decoding=\"async\" width=\"457\" height=\"343\" src=\"http:\/\/vrnjackabanja.co.rs\/wp-content\/uploads\/2022\/04\/miki-edited-1.jpg\" alt=\"\" class=\"wp-image-2659\" srcset=\"https:\/\/vrnjackabanja.co.rs\/wp-content\/uploads\/2022\/04\/miki-edited-1.jpg 457w, https:\/\/vrnjackabanja.co.rs\/wp-content\/uploads\/2022\/04\/miki-edited-1-300x225.jpg 300w\" sizes=\"auto, (max-width: 457px) 100vw, 457px\" \/><\/figure>\n<\/div>\n\n\n<hr class=\"wp-block-separator has-css-opacity\"\/>\n\n\n\n<p><\/p>\n\n\n\n<h2 class=\"wp-block-heading\">3\u00d73 basketball Vrnja\u010dka Banja<\/h2>\n\n\n\n<p><\/p>\n\n\n\n<p>Jetzt schon ein traditionelles Basketball \u2013 Turnier findet am Kulturplatz statt.<\/p>\n\n\n\n<p>Die Veranstalltung zieht viele Baskettballspieler an.<\/p>\n\n\n\n<p><\/p>\n\n\n\n<figure class=\"wp-block-image size-full\"><img loading=\"lazy\" decoding=\"async\" width=\"825\" height=\"464\" src=\"http:\/\/vrnjackabanja.co.rs\/wp-content\/uploads\/2022\/04\/1626182935007_Foto_1_1.jpg\" alt=\"\" class=\"wp-image-2662\" srcset=\"https:\/\/vrnjackabanja.co.rs\/wp-content\/uploads\/2022\/04\/1626182935007_Foto_1_1.jpg 825w, https:\/\/vrnjackabanja.co.rs\/wp-content\/uploads\/2022\/04\/1626182935007_Foto_1_1-300x169.jpg 300w, https:\/\/vrnjackabanja.co.rs\/wp-content\/uploads\/2022\/04\/1626182935007_Foto_1_1-768x432.jpg 768w\" sizes=\"auto, (max-width: 825px) 100vw, 825px\" \/><\/figure>\n\n\n\n<hr class=\"wp-block-separator has-css-opacity\"\/>\n","protected":false},"excerpt":{"rendered":"<p>DER KARNEVAL VON VRNJA\u010cKA BANJA Der Karneval von Vrnja\u010dka Banja stellt geradezu die Kr\u00f6nung der touristischen Saison dar. Diese Veranstaltung versammelt \u00fcber 200 000 Besucher. Innerhalb einer Woche im Juli [&hellip;]<\/p>\n","protected":false},"author":1,"featured_media":9450,"parent":0,"menu_order":0,"comment_status":"closed","ping_status":"closed","template":"","meta":{"_acf_changed":false,"footnotes":""},"class_list":["post-3780","page","type-page","status-publish","has-post-thumbnail","hentry"],"acf":[],"_links":{"self":[{"href":"https:\/\/vrnjackabanja.co.rs\/de\/wp-json\/wp\/v2\/pages\/3780","targetHints":{"allow":["GET"]}}],"collection":[{"href":"https:\/\/vrnjackabanja.co.rs\/de\/wp-json\/wp\/v2\/pages"}],"about":[{"href":"https:\/\/vrnjackabanja.co.rs\/de\/wp-json\/wp\/v2\/types\/page"}],"author":[{"embeddable":true,"href":"https:\/\/vrnjackabanja.co.rs\/de\/wp-json\/wp\/v2\/users\/1"}],"replies":[{"embeddable":true,"href":"https:\/\/vrnjackabanja.co.rs\/de\/wp-json\/wp\/v2\/comments?post=3780"}],"version-history":[{"count":4,"href":"https:\/\/vrnjackabanja.co.rs\/de\/wp-json\/wp\/v2\/pages\/3780\/revisions"}],"predecessor-version":[{"id":9483,"href":"https:\/\/vrnjackabanja.co.rs\/de\/wp-json\/wp\/v2\/pages\/3780\/revisions\/9483"}],"wp:featuredmedia":[{"embeddable":true,"href":"https:\/\/vrnjackabanja.co.rs\/de\/wp-json\/wp\/v2\/media\/9450"}],"wp:attachment":[{"href":"https:\/\/vrnjackabanja.co.rs\/de\/wp-json\/wp\/v2\/media?parent=3780"}],"curies":[{"name":"wp","href":"https:\/\/api.w.org\/{rel}","templated":true}]}}