{"id":3633,"date":"2022-01-18T12:29:07","date_gmt":"2022-01-18T11:29:07","guid":{"rendered":"http:\/\/vrnjackabanja.co.rs\/zdravlje\/"},"modified":"2022-09-14T09:23:33","modified_gmt":"2022-09-14T07:23:33","slug":"wohlbefinden","status":"publish","type":"page","link":"https:\/\/vrnjackabanja.co.rs\/de\/wohlbefinden\/","title":{"rendered":"Wohlbefinden"},"content":{"rendered":"\n<p><\/p>\n\n\n\n<p>Die Entwicklung der Gesundheitspflege in Vrnja\u010dka Banja hat eine mehr als 150-j\u00e4hrige Tradition. Der erste Kurarzt, der seinen Patienten zur Behandlung in Vrnja\u010dka Banja riet, war Josif Pan\u010di\u0107 und der erste Patient, der auf seine Empfehlung hier behandelt wurde, war Pavle Mutavd\u017ei\u0107, der Kreisrat von Kru\u0161evac. Das war im Jahr 1860. Seit dieser Zeit wurden nat\u00fcrliche Kurbedingungen, die in Vrnja\u010dka Banja reichlich vorhanden sind, zur Behandlung von Zuckerkrankheit, Verdauungserkrankungen, Lebererkrankungen, Erkrankungen des Harnsystems, Haut-, Augen- und Nervenkrankheiten sowie zur Verbesserung der allgemeinen k\u00f6rperlichen Verfassung der Patienten stets genutzt.<\/p>\n\n\n\n<p><\/p>\n\n\n\n<figure class=\"wp-block-image size-full\"><img loading=\"lazy\" decoding=\"async\" width=\"1024\" height=\"653\" src=\"http:\/\/vrnjackabanja.co.rs\/wp-content\/uploads\/2022\/05\/slika-3.png\" alt=\"\" class=\"wp-image-5089\" srcset=\"https:\/\/vrnjackabanja.co.rs\/wp-content\/uploads\/2022\/05\/slika-3.png 1024w, https:\/\/vrnjackabanja.co.rs\/wp-content\/uploads\/2022\/05\/slika-3-300x191.png 300w, https:\/\/vrnjackabanja.co.rs\/wp-content\/uploads\/2022\/05\/slika-3-768x490.png 768w\" sizes=\"auto, (max-width: 1024px) 100vw, 1024px\" \/><\/figure>\n\n\n\n<p>Seit den 1920er Jahren, als Vrnja\u010dka Banja sein erstes denkw\u00fcrdiges Sanatorium \u201eSveti\u0110or\u0111e\u201c erhielt, und bis in die heutigen Tage entwickeln sich au\u00dfer der Nutzung des Mineralwassers zu therapeutischen Zwecken auch gro\u00dfe Zentren zur Hospitalisierung von Patienten, Laboratorien, Diagnosezentren mit modernster medizinischer Ausstattung. <\/p>\n\n\n\n<p><\/p>\n\n\n\n<figure class=\"wp-block-image size-full\"><img loading=\"lazy\" decoding=\"async\" width=\"822\" height=\"514\" src=\"http:\/\/vrnjackabanja.co.rs\/wp-content\/uploads\/2022\/05\/slika-6.png\" alt=\"\" class=\"wp-image-5101\" srcset=\"https:\/\/vrnjackabanja.co.rs\/wp-content\/uploads\/2022\/05\/slika-6.png 822w, https:\/\/vrnjackabanja.co.rs\/wp-content\/uploads\/2022\/05\/slika-6-300x188.png 300w, https:\/\/vrnjackabanja.co.rs\/wp-content\/uploads\/2022\/05\/slika-6-768x480.png 768w\" sizes=\"auto, (max-width: 822px) 100vw, 822px\" \/><\/figure>\n\n\n\n<p><\/p>\n\n\n\n<p>Au\u00dferdem besteht ebenfalls eine lange Tradition der Bade\u00e4rzte, die ihr Studium an Europas renommierten Universit\u00e4ten wie z.B.:\u00a0 Wien, Graz, Nancy, Moskau absolvierten. Heute kommen hierher Ordinarien der Medizinischen Fakult\u00e4t: Urologen, Gastroenterologen, Endokrinologen, Kardiologen, Radiologen, Fach\u00e4rzte f\u00fcr Physikalische und Rehabilitative Medizin u.a.<\/p>\n\n\n\n<p><\/p>\n\n\n\n<figure class=\"wp-block-image size-full\"><img loading=\"lazy\" decoding=\"async\" width=\"1024\" height=\"659\" src=\"http:\/\/vrnjackabanja.co.rs\/wp-content\/uploads\/2022\/05\/slika-4.png\" alt=\"\" class=\"wp-image-5093\" srcset=\"https:\/\/vrnjackabanja.co.rs\/wp-content\/uploads\/2022\/05\/slika-4.png 1024w, https:\/\/vrnjackabanja.co.rs\/wp-content\/uploads\/2022\/05\/slika-4-300x193.png 300w, https:\/\/vrnjackabanja.co.rs\/wp-content\/uploads\/2022\/05\/slika-4-768x494.png 768w\" sizes=\"auto, (max-width: 1024px) 100vw, 1024px\" \/><\/figure>\n\n\n\n<p><\/p>\n\n\n\n<p>Kurbehandlungen finden heutzutage in der Spezialklinik f\u00fcr Behandlung und Rehabilitation vn Verdauungserkrankungen und Diabetes \u201eMerkur\u201c statt.<\/p>\n\n\n\n<p><\/p>\n\n\n\n<figure class=\"wp-block-image size-full\"><img loading=\"lazy\" decoding=\"async\" width=\"1024\" height=\"660\" src=\"http:\/\/vrnjackabanja.co.rs\/wp-content\/uploads\/2022\/05\/slika-5.png\" alt=\"\" class=\"wp-image-5097\" srcset=\"https:\/\/vrnjackabanja.co.rs\/wp-content\/uploads\/2022\/05\/slika-5.png 1024w, https:\/\/vrnjackabanja.co.rs\/wp-content\/uploads\/2022\/05\/slika-5-300x193.png 300w, https:\/\/vrnjackabanja.co.rs\/wp-content\/uploads\/2022\/05\/slika-5-768x495.png 768w\" sizes=\"auto, (max-width: 1024px) 100vw, 1024px\" \/><\/figure>\n\n\n\n<p><\/p>\n\n\n\n<p>In dieser Gesundheitseinrichtung werden fachkundliche Methoden der Diagnostik, Behandlung und Rehabilitation angewandt. Es werden weiterhin fachlich-methodologisch bew\u00e4hrte Grunds\u00e4tze der pr\u00e4ventiven, diagnostischen, therapeutischen und rehabilitierenden Gesundheitsdienstleistungen unter ambulanten, poliklinischen und station\u00e4ren Bedingungen befolgt. Unter Anwendung der Methoden der modernen Balneotherapie, physikalischen und Rehabilitationsmedizin werden in dieser Einrichtung Patienten mit gastroenterologischen, endokrinologischen und Stoffwechselerkrankungen, urologischen sowie Atemwegserkrankungen wie auch mit gyn\u00e4kologischen, rheumatischen und Kreislauferkrankungen behandelt. Dar\u00fcber hinaus werden auch Heilverfahren f\u00fcr einige indizierte Kinderkrankheiten sowie Krankheitsbilder in der Sportmedizin angewandt.<\/p>\n\n\n\n<p><\/p>\n\n\n\n<p><\/p>\n\n\n\n<p><\/p>\n\n\n\n<p><\/p>\n\n\n\n<p><\/p>\n\n\n\n<p><\/p>\n\n\n\n<p><\/p>\n\n\n\n<p><\/p>\n\n\n\n<p><\/p>\n\n\n\n<p><\/p>\n\n\n\n<p><\/p>\n\n\n\n<p><\/p>\n","protected":false},"excerpt":{"rendered":"<p>Die Entwicklung der Gesundheitspflege in Vrnja\u010dka Banja hat eine mehr als 150-j\u00e4hrige Tradition. Der erste Kurarzt, der seinen Patienten zur Behandlung in Vrnja\u010dka Banja riet, war Josif Pan\u010di\u0107 und der [&hellip;]<\/p>\n","protected":false},"author":1,"featured_media":3635,"parent":0,"menu_order":0,"comment_status":"closed","ping_status":"closed","template":"","meta":{"_acf_changed":false,"footnotes":""},"class_list":["post-3633","page","type-page","status-publish","has-post-thumbnail","hentry"],"acf":[],"_links":{"self":[{"href":"https:\/\/vrnjackabanja.co.rs\/de\/wp-json\/wp\/v2\/pages\/3633","targetHints":{"allow":["GET"]}}],"collection":[{"href":"https:\/\/vrnjackabanja.co.rs\/de\/wp-json\/wp\/v2\/pages"}],"about":[{"href":"https:\/\/vrnjackabanja.co.rs\/de\/wp-json\/wp\/v2\/types\/page"}],"author":[{"embeddable":true,"href":"https:\/\/vrnjackabanja.co.rs\/de\/wp-json\/wp\/v2\/users\/1"}],"replies":[{"embeddable":true,"href":"https:\/\/vrnjackabanja.co.rs\/de\/wp-json\/wp\/v2\/comments?post=3633"}],"version-history":[{"count":4,"href":"https:\/\/vrnjackabanja.co.rs\/de\/wp-json\/wp\/v2\/pages\/3633\/revisions"}],"predecessor-version":[{"id":9487,"href":"https:\/\/vrnjackabanja.co.rs\/de\/wp-json\/wp\/v2\/pages\/3633\/revisions\/9487"}],"wp:featuredmedia":[{"embeddable":true,"href":"https:\/\/vrnjackabanja.co.rs\/de\/wp-json\/wp\/v2\/media\/3635"}],"wp:attachment":[{"href":"https:\/\/vrnjackabanja.co.rs\/de\/wp-json\/wp\/v2\/media?parent=3633"}],"curies":[{"name":"wp","href":"https:\/\/api.w.org\/{rel}","templated":true}]}}