{"id":3615,"date":"2022-01-18T12:29:24","date_gmt":"2022-01-18T11:29:24","guid":{"rendered":"http:\/\/vrnjackabanja.co.rs\/mineralni-izvori-vb\/"},"modified":"2022-09-12T11:29:01","modified_gmt":"2022-09-12T09:29:01","slug":"mineralquellen","status":"publish","type":"page","link":"https:\/\/vrnjackabanja.co.rs\/de\/mineralquellen\/","title":{"rendered":"Mineralquellen"},"content":{"rendered":"\n<p><\/p>\n\n\n\n<p>Mineralw\u00e4sser sind solche Wasser, die in einem Liter \u00fcber 1 Gramm Feststoffe, biologisch aktive Mikroelemente, freie und gel\u00f6ste Gase enthalten, die au\u00dferdem bestimmte physikalische Eigenschaften aufweisen: Temperatur \u2013 bei Thermal- und mineralisierten Thermalw\u00e4ssern, Radioaktivit\u00e4t, so dass sie zu therapeutischen Zwecken verwendet werden k\u00f6nnen.<\/p>\n\n\n\n<p><\/p>\n\n\n\n<figure class=\"wp-block-image size-full\"><img loading=\"lazy\" decoding=\"async\" width=\"960\" height=\"960\" src=\"http:\/\/vrnjackabanja.co.rs\/wp-content\/uploads\/2022\/02\/168934323_1929224330566603_2603110527378447161_n-2.jpg\" alt=\"\" class=\"wp-image-624\" srcset=\"https:\/\/vrnjackabanja.co.rs\/wp-content\/uploads\/2022\/02\/168934323_1929224330566603_2603110527378447161_n-2.jpg 960w, https:\/\/vrnjackabanja.co.rs\/wp-content\/uploads\/2022\/02\/168934323_1929224330566603_2603110527378447161_n-2-300x300.jpg 300w, https:\/\/vrnjackabanja.co.rs\/wp-content\/uploads\/2022\/02\/168934323_1929224330566603_2603110527378447161_n-2-150x150.jpg 150w, https:\/\/vrnjackabanja.co.rs\/wp-content\/uploads\/2022\/02\/168934323_1929224330566603_2603110527378447161_n-2-768x768.jpg 768w\" sizes=\"auto, (max-width: 960px) 100vw, 960px\" \/><\/figure>\n\n\n\n<p><\/p>\n\n\n\n<p><strong>Quellenstandorte<\/strong> \u2013 In Vrnja\u010dka Banja befinden sich folgende bekannte Mineralwasserquellen: <\/p>\n\n\n\n<p>Die warme Mineralquelle (auch \u201ewarmes Wasser\u201c genannt), die im Zentrum von Vrnja\u010dka Banja liegt, <\/p>\n\n\n\n<ul class=\"wp-block-list\"><li>die Quelle <strong>\u201eSne\u017enik\u201c<\/strong>, die sich in der N\u00e4he des Flusses von Vrnja\u010dka Banja befindet, <\/li><li>die Quelle <strong>\u201eSlatina\u201c<\/strong> in der N\u00e4he des Lipovac-Flusses, <\/li><li>die Quelle <strong>\u201eJezero\u201c<\/strong>, die im Park von Vrnja\u010dka Banja, auf halbem Weg&nbsp; zwischen \u201eSne\u017enik\u201c und \u201eSlatina\u201c liegt, <\/li><li>die Quelle <strong>\u201eBeli izvor\u201c<\/strong> in der N\u00e4he der M\u00fcndung des Baches von Lipovac in den Lipovac-Fluss, <\/li><li>die Quelle <strong>\u201eBorjak\u201c<\/strong>, die ca. 700 m von \u201eSne\u017enik\u201c flussaufw\u00e4rts liegt und <\/li><li>die Quelle <strong>\u201eVrnja\u010dko Vrelo\u201c<\/strong>, die sich etwa in der Mitte auf der \u00dcberlandstra\u00dfe Kraljevo \u2013 Kru\u0161evac befindet. <\/li><\/ul>\n\n\n\n<p>Von den hier genannten Quellen werden f\u00fcr die Balneotherapie folgende vier genutzt: \u201eWarmes Wasser\u201c, \u201eSne\u017enik\u201c, \u201eSlatina\u201c und \u201eJezero\u201c, w\u00e4hrend zwei davon zum Abf\u00fcllen und Vertrieb als Tafelmineralw\u00e4sser verwendet werden (\u201eVoda Vrnjci\u201c aus den Quellen \u201eWarmes Wasser\u201c und \u201eVrnja\u010dko vrelo\u201c).<\/p>\n\n\n\n<p><\/p>\n\n\n\n<p><\/p>\n\n\n\n<figure class=\"wp-block-image size-full\"><img loading=\"lazy\" decoding=\"async\" width=\"1018\" height=\"637\" src=\"http:\/\/vrnjackabanja.co.rs\/wp-content\/uploads\/2022\/05\/461_001-edited.jpg\" alt=\"\" class=\"wp-image-4713\" srcset=\"https:\/\/vrnjackabanja.co.rs\/wp-content\/uploads\/2022\/05\/461_001-edited.jpg 1018w, https:\/\/vrnjackabanja.co.rs\/wp-content\/uploads\/2022\/05\/461_001-edited-300x188.jpg 300w, https:\/\/vrnjackabanja.co.rs\/wp-content\/uploads\/2022\/05\/461_001-edited-768x481.jpg 768w\" sizes=\"auto, (max-width: 1018px) 100vw, 1018px\" \/><\/figure>\n\n\n\n<hr class=\"wp-block-separator has-css-opacity\"\/>\n\n\n\n<h2 class=\"has-text-align-center wp-block-heading\">\u201eTopla voda -Warmes Wasser\u201c<\/h2>\n\n\n\n<p><\/p>\n\n\n\n<p>\u201eWarmes Wasser\u201c ist die \u00e4lteste und bekannteste Mineralquelle, die laut zuf\u00e4lligen arch\u00e4ologischen Funden bereits in der Urgeschichte bekannt sein sollte und sp\u00e4ter auch in der R\u00f6merzeit vom 1. bis 4. Jahrhundert n. Chr. genutzt wurde. Wie der Volksmund sagt, nutzten auch die Osmanen diese Quellen. Nach ihrem Abzug aus dieser Gegend wurden die Heilquellen zugesch\u00fcttet, weil die lokale Bev\u00f6lkerung osmanischer Ausschweifungen \u00fcberdr\u00fcssig war. Die Wiederentdeckung des Mineralwassers wird in j\u00fcngerer Zeit mit der Heilung des Pferdes des Priesters Hadschi Jefimije Popovi\u0107 in Verbindung gebracht.<\/p>\n\n\n\n<p><\/p>\n\n\n<div class=\"wp-block-image\">\n<figure class=\"aligncenter size-large\"><img loading=\"lazy\" decoding=\"async\" width=\"1024\" height=\"683\" src=\"http:\/\/vrnjackabanja.co.rs\/wp-content\/uploads\/2022\/09\/0V0A7158-min-1024x683.jpg\" alt=\"\" class=\"wp-image-9003\" srcset=\"https:\/\/vrnjackabanja.co.rs\/wp-content\/uploads\/2022\/09\/0V0A7158-min-1024x683.jpg 1024w, https:\/\/vrnjackabanja.co.rs\/wp-content\/uploads\/2022\/09\/0V0A7158-min-300x200.jpg 300w, https:\/\/vrnjackabanja.co.rs\/wp-content\/uploads\/2022\/09\/0V0A7158-min-768x512.jpg 768w, https:\/\/vrnjackabanja.co.rs\/wp-content\/uploads\/2022\/09\/0V0A7158-min-1536x1024.jpg 1536w, https:\/\/vrnjackabanja.co.rs\/wp-content\/uploads\/2022\/09\/0V0A7158-min-2048x1365.jpg 2048w\" sizes=\"auto, (max-width: 1024px) 100vw, 1024px\" \/><\/figure>\n<\/div>\n\n\n<p><\/p>\n\n\n\n<p>Die erste chemische Analyse wurde von Baron Herder 1835 durchgef\u00fchrt. Mit der Gr\u00fcndung des \u201eOsnovatelno fundatorsko dru\u0161tvo kiselo vru\u0107e vode u Vrnjcima\u201c wurden auch neue Wasserentnahmen ausgef\u00fchrt. Im Jahr 1883 wird der Kursalon und 1892 das erste gemauerte Bad errichtet. Nach der Wasserentnahme von 1924 wurden der Pavillon mit der Zentralquelle und das Thermalbad erbaut. Zur Gewinnung gr\u00f6\u00dferer Wassermengen wurden zwischen 1932 und 1937 Tiefbohrungen vorgenommen. Ein neuer Brunnenauslauf wurde 1975 aufgestellt. Das Wasser z\u00e4hlt zu den alkalischen kohlens\u00e4urehaltigen gleichwarmen W\u00e4ssern mit der Temperatur von 36,5\u00b0C.<\/p>\n\n\n\n<p><\/p>\n\n\n\n<figure class=\"wp-block-image size-large\"><img loading=\"lazy\" decoding=\"async\" width=\"1024\" height=\"683\" src=\"http:\/\/vrnjackabanja.co.rs\/wp-content\/uploads\/2022\/09\/0V0A7747-min-1024x683.jpg\" alt=\"\" class=\"wp-image-9007\" srcset=\"https:\/\/vrnjackabanja.co.rs\/wp-content\/uploads\/2022\/09\/0V0A7747-min-1024x683.jpg 1024w, https:\/\/vrnjackabanja.co.rs\/wp-content\/uploads\/2022\/09\/0V0A7747-min-300x200.jpg 300w, https:\/\/vrnjackabanja.co.rs\/wp-content\/uploads\/2022\/09\/0V0A7747-min-768x512.jpg 768w, https:\/\/vrnjackabanja.co.rs\/wp-content\/uploads\/2022\/09\/0V0A7747-min-1536x1024.jpg 1536w, https:\/\/vrnjackabanja.co.rs\/wp-content\/uploads\/2022\/09\/0V0A7747-min-2048x1365.jpg 2048w\" sizes=\"auto, (max-width: 1024px) 100vw, 1024px\" \/><\/figure>\n\n\n\n<hr class=\"wp-block-separator has-css-opacity\"\/>\n\n\n\n<p><\/p>\n\n\n\n<h2 class=\"has-text-align-center wp-block-heading\">\u201eSne\u017enik\u201d<\/h2>\n\n\n\n<p><\/p>\n\n\n\n<p>Obwohl man von der Existenz der Sne\u017enik-Quellen schon Ende des 19. Jahrhunderts wusste, wurden sie bis 1916 nicht genutzt, bis der Quellbereich aus dem Interesse \u00f6sterreichisch-ungarischer Offiziere heraus ges\u00e4ubert und ein Auslauf angebracht wurde.<\/p>\n\n\n\n<p><\/p>\n\n\n\n<figure class=\"wp-block-image size-large\"><img loading=\"lazy\" decoding=\"async\" width=\"1024\" height=\"766\" src=\"http:\/\/vrnjackabanja.co.rs\/wp-content\/uploads\/2022\/05\/DSCN7857-1024x766.jpg\" alt=\"\" class=\"wp-image-3094\" srcset=\"https:\/\/vrnjackabanja.co.rs\/wp-content\/uploads\/2022\/05\/DSCN7857-1024x766.jpg 1024w, https:\/\/vrnjackabanja.co.rs\/wp-content\/uploads\/2022\/05\/DSCN7857-300x224.jpg 300w, https:\/\/vrnjackabanja.co.rs\/wp-content\/uploads\/2022\/05\/DSCN7857-768x575.jpg 768w, https:\/\/vrnjackabanja.co.rs\/wp-content\/uploads\/2022\/05\/DSCN7857-1536x1149.jpg 1536w, https:\/\/vrnjackabanja.co.rs\/wp-content\/uploads\/2022\/05\/DSCN7857-2048x1532.jpg 2048w\" sizes=\"auto, (max-width: 1024px) 100vw, 1024px\" \/><\/figure>\n\n\n\n<p><\/p>\n\n\n\n<p>Nach Ende des Ersten Weltkrieges wurde dieses Wasser zur Heilbehandlung genutzt. Aus Dankbarkeit f\u00fcr die Behandlung lie\u00df die Lehrerin Darinka \u010cavdarovi\u0107 Telebakovi\u0107 1920 die Quelle neugestalten und einen Trinkbrunnen aufbauen. Eine gr\u00f6\u00dfere Nachfrage nach diesem Wasser hat zu einer Neuerschlie\u00dfung der Quelle gef\u00fchrt. \u00dcber den Quellen wurden Gartenh\u00e4user (\u201ebiveta\u201c) mit Holzd\u00e4chern errichtet. Da die Wasserausl\u00e4ufe unter der Erdoberfl\u00e4che lagen, musste man zu der Quelle heruntersteigen oder das Wasser wurde von den daf\u00fcr zust\u00e4ndigen Frauen hochgereicht. In den Jahren 1978-1980 wurde f\u00fcr den Bedarf des neuen Gartenhauses (\u201ebiveta\u201c) die Neuerschlie\u00dfung der Quelle vorgenommen und die alten Pavillons wurden durch ein Gartenhaus (\u201ebiveta\u201c)ersetzt. Das Wasser z\u00e4hlt zu den alkalisch-erdalkalischen kohlens\u00e4urehaltigen Akratopegen.<\/p>\n\n\n\n<hr class=\"wp-block-separator has-css-opacity\"\/>\n\n\n\n<p><\/p>\n\n\n\n<h2 class=\"has-text-align-center wp-block-heading\">\u201eSlatina\u201d<\/h2>\n\n\n\n<p><\/p>\n\n\n\n<p>Das Wasser \u201eSlatina\u201c ist schon seit Ende des 19. Jahrhunderts bekannt, doch die Wasserentnahme wurde erst 1923 vorgenommen, als an der Zapfstelle ein Auslaufrohr eingebaut wurde. Im Jahr 1923 wurde die Neuerschlie\u00dfung der Quelle durchgef\u00fchrt und \u00fcber der Zapfstelle wurde ein Pavillon aufgebaut, dem Wasser aus der Quelle namens \u201eLula\u201c zugeleitet wurde, w\u00e4hrend die zweite Quelle namens \u201eZid\u201c in der Wand des Pavillons war. Von 1937 bis 1978 gab es keine Forschungsarbeiten an der Mineralwasserquelle \u201eSlatina\u201c. <\/p>\n\n\n\n<p><\/p>\n\n\n\n<figure class=\"wp-block-image size-full\"><img loading=\"lazy\" decoding=\"async\" width=\"1000\" height=\"638\" src=\"http:\/\/vrnjackabanja.co.rs\/wp-content\/uploads\/2022\/02\/slatina-1.jpg\" alt=\"\" class=\"wp-image-607\" srcset=\"https:\/\/vrnjackabanja.co.rs\/wp-content\/uploads\/2022\/02\/slatina-1.jpg 1000w, https:\/\/vrnjackabanja.co.rs\/wp-content\/uploads\/2022\/02\/slatina-1-300x191.jpg 300w, https:\/\/vrnjackabanja.co.rs\/wp-content\/uploads\/2022\/02\/slatina-1-768x490.jpg 768w\" sizes=\"auto, (max-width: 1000px) 100vw, 1000px\" \/><\/figure>\n\n\n\n<p><\/p>\n\n\n\n<p>Im Jahr 1978 wurden dann Bohrungen zu Forschungszwecken vorgenommen und die neu erschlossenen W\u00e4sser wurden 1984 \u00fcber Leitungsrohre dem alten Brunnen zugeleitet, in dem sie gemischt wurden und durch drei Ausl\u00e4ufe im neu errichteten Gartenhaus abflossen. Das Wasser z\u00e4hlt zu den alkalisch-erdalkalischen kohlens\u00e4urehaltigen Akratopegen mit der Temperatur von 14\u00b0C.<\/p>\n\n\n\n<p><\/p>\n\n\n\n<hr class=\"wp-block-separator has-css-opacity\"\/>\n\n\n\n<h2 class=\"has-text-align-center wp-block-heading\">\u201eJezero\u201d<\/h2>\n\n\n\n<p><\/p>\n\n\n\n<p>Auf der linken Seite des Flusses von Vrnja\u010dka Banja, in einem Tal zwischen \u201eSne\u017enik\u201c und \u201eSlatina\u201c und neben dem kleinen See wurde 1978 das Mineral-Thermalwasser \u201eJezero\u201c entdeckt. An der Quelle wurde zuerst ein Trinkbrunnen aufgebaut. Weitere Bauarbeiten wurden dann 1985 wieder aufgenommen, als etwa 10 Meter von der ersten entfernt auch eine zweite Bohrung gemacht wurde. <\/p>\n\n\n\n<figure class=\"wp-block-image size-large\"><img loading=\"lazy\" decoding=\"async\" width=\"1024\" height=\"683\" src=\"http:\/\/vrnjackabanja.co.rs\/wp-content\/uploads\/2021\/12\/izvor-Jezero-3-1024x683.jpg\" alt=\"\" class=\"wp-image-520\" srcset=\"https:\/\/vrnjackabanja.co.rs\/wp-content\/uploads\/2021\/12\/izvor-Jezero-3-1024x683.jpg 1024w, https:\/\/vrnjackabanja.co.rs\/wp-content\/uploads\/2021\/12\/izvor-Jezero-3-300x200.jpg 300w, https:\/\/vrnjackabanja.co.rs\/wp-content\/uploads\/2021\/12\/izvor-Jezero-3-768x512.jpg 768w, https:\/\/vrnjackabanja.co.rs\/wp-content\/uploads\/2021\/12\/izvor-Jezero-3-1536x1024.jpg 1536w, https:\/\/vrnjackabanja.co.rs\/wp-content\/uploads\/2021\/12\/izvor-Jezero-3-2048x1365.jpg 2048w\" sizes=\"auto, (max-width: 1024px) 100vw, 1024px\" \/><\/figure>\n\n\n\n<p>Der Trinkbrunnen befand sich zun\u00e4chst in einem verglasten Holzpavillon, bevor 1989 am Becken neben dem See ein neues modernes Gartenhaus (\u201ebiveta\u201c) erbaut wurde. Das Wasser z\u00e4hlt zu den alkalisch-erdalkalisch kohlens\u00e4urehaltigen gleichwarmen W\u00e4ssern mit der Temperatur von 27\u00b0C.<\/p>\n\n\n\n<hr class=\"wp-block-separator has-css-opacity\"\/>\n","protected":false},"excerpt":{"rendered":"<p>Mineralw\u00e4sser sind solche Wasser, die in einem Liter \u00fcber 1 Gramm Feststoffe, biologisch aktive Mikroelemente, freie und gel\u00f6ste Gase enthalten, die au\u00dferdem bestimmte physikalische Eigenschaften aufweisen: Temperatur \u2013 bei Thermal- [&hellip;]<\/p>\n","protected":false},"author":1,"featured_media":3618,"parent":0,"menu_order":0,"comment_status":"closed","ping_status":"closed","template":"","meta":{"_acf_changed":false,"footnotes":""},"class_list":["post-3615","page","type-page","status-publish","has-post-thumbnail","hentry"],"acf":[],"_links":{"self":[{"href":"https:\/\/vrnjackabanja.co.rs\/de\/wp-json\/wp\/v2\/pages\/3615","targetHints":{"allow":["GET"]}}],"collection":[{"href":"https:\/\/vrnjackabanja.co.rs\/de\/wp-json\/wp\/v2\/pages"}],"about":[{"href":"https:\/\/vrnjackabanja.co.rs\/de\/wp-json\/wp\/v2\/types\/page"}],"author":[{"embeddable":true,"href":"https:\/\/vrnjackabanja.co.rs\/de\/wp-json\/wp\/v2\/users\/1"}],"replies":[{"embeddable":true,"href":"https:\/\/vrnjackabanja.co.rs\/de\/wp-json\/wp\/v2\/comments?post=3615"}],"version-history":[{"count":5,"href":"https:\/\/vrnjackabanja.co.rs\/de\/wp-json\/wp\/v2\/pages\/3615\/revisions"}],"predecessor-version":[{"id":9323,"href":"https:\/\/vrnjackabanja.co.rs\/de\/wp-json\/wp\/v2\/pages\/3615\/revisions\/9323"}],"wp:featuredmedia":[{"embeddable":true,"href":"https:\/\/vrnjackabanja.co.rs\/de\/wp-json\/wp\/v2\/media\/3618"}],"wp:attachment":[{"href":"https:\/\/vrnjackabanja.co.rs\/de\/wp-json\/wp\/v2\/media?parent=3615"}],"curies":[{"name":"wp","href":"https:\/\/api.w.org\/{rel}","templated":true}]}}