{"id":3594,"date":"2022-01-18T12:29:38","date_gmt":"2022-01-18T11:29:38","guid":{"rendered":"http:\/\/vrnjackabanja.co.rs\/specijalna-bolnica\/"},"modified":"2022-06-09T13:28:48","modified_gmt":"2022-06-09T11:28:48","slug":"spezialklinik","status":"publish","type":"page","link":"https:\/\/vrnjackabanja.co.rs\/de\/spezialklinik\/","title":{"rendered":"Spezialklinik"},"content":{"rendered":"\n<figure class=\"wp-block-image size-large\"><img loading=\"lazy\" decoding=\"async\" width=\"1024\" height=\"643\" src=\"http:\/\/vrnjackabanja.co.rs\/wp-content\/uploads\/2022\/02\/t3_104241-1024x643.jpg\" alt=\"\" class=\"wp-image-1020\" srcset=\"https:\/\/vrnjackabanja.co.rs\/wp-content\/uploads\/2022\/02\/t3_104241-1024x643.jpg 1024w, https:\/\/vrnjackabanja.co.rs\/wp-content\/uploads\/2022\/02\/t3_104241-300x188.jpg 300w, https:\/\/vrnjackabanja.co.rs\/wp-content\/uploads\/2022\/02\/t3_104241-768x482.jpg 768w, https:\/\/vrnjackabanja.co.rs\/wp-content\/uploads\/2022\/02\/t3_104241.jpg 1200w\" sizes=\"auto, (max-width: 1024px) 100vw, 1024px\" \/><\/figure>\n\n\n\n<p><\/p>\n\n\n\n<p>Die Spezialklinik f\u00fcr Behandlung und Rehabilitation von Verdauungserkrankungen und Diabetes \u201eVrnja\u010dka Banja\u201d z\u00e4hlt zu den modernsten Zentren f\u00fcr Diagnostik, Vorbeugung, Behandlung und Rehabilitation von Verdauungserkrankungen und Diabetes. Die Spezialklinik verf\u00fcgt sowohl \u00fcber einen kompetenten \u00e4rztlichen Dienst mit 50 \u00c4rztinnen und \u00c4rzten, darunter 44 Fach\u00e4rzte mit verschiedener Spezialisierung, als auch \u00fcber moderne Anlagen zur Unterbringung von G\u00e4sten \u00fcber das ganze Jahr: \u201eMerkur\u201c \u2013 neu (Kategorie \u201eB\u201c), \u201eMirko Tomi\u0107\u201c, \u201eMerkur\u201c \u2013 alt, \u201eRomanija\u201c und \u201e\u0160umadija\u201c. Alle Objekte sind modern und komfortabel eingerichtet und verf\u00fcgen \u00fcber medizinischen Dienst&gt;. Die Verpflegung entspricht den Konzepten der gegenw\u00e4rtigen Di\u00e4tetik (Gesunde Ern\u00e4hrung), die unter Aufsicht eines Endokrinologen und Ern\u00e4hrungsexperten erfolgt. Neben den Di\u00e4tgrundtypen wird auch eine individuelle Abstimmung der Reduktionskost mit der jeweiligen Erkrankung und deren Behandlung vorgenommen.<\/p>\n\n\n\n<p><strong>In der Spezialklink befinden sich:<\/strong><\/p>\n\n\n\n<ul class=\"wp-block-list\"><li>ein Thermalbad mit Mineralquellen<\/li><li>ambulante Station und Poliklinik<\/li><li>R\u00f6ntgen-Abteilung<\/li><li>Bereitschaftsdienst 24\/7<\/li><li>Abteilung f\u00fcr Diabetes und Fettleibigkeit<\/li><li>Abteilung f\u00fcr Gastroenterologie<\/li><li>Abteilung f\u00fcr Physiotherapie<\/li><li>Gyn\u00e4kologische Station<\/li><li>ein Untersuchungsraum f\u00fcr Ultraschalldiagnostik<\/li><li>ein Untersuchungsraum f\u00fcr Endoskopie<\/li><li>ein Untersuchungsraum f\u00fcr Herz- und Kreislaufuntersuchungen<\/li><li>ein Untersuchungsraum f\u00fcr Augenkrankheiten und Lasertherapie<\/li><li>ein Untersuchungsraum f\u00fcr sportmedizinische Diagnostik<\/li><li>ein Untersuchungsraum f\u00fcr Urologie<\/li><li>ein Untersuchungsraum f\u00fcr Reflextherapie und Akupunktur<\/li><li>Biochemisches Laboratorium&nbsp;&nbsp;<\/li><\/ul>\n\n\n\n<figure class=\"wp-block-image size-full\"><img loading=\"lazy\" decoding=\"async\" width=\"1024\" height=\"683\" src=\"http:\/\/vrnjackabanja.co.rs\/wp-content\/uploads\/2022\/05\/slika-7.png\" alt=\"\" class=\"wp-image-5136\" srcset=\"https:\/\/vrnjackabanja.co.rs\/wp-content\/uploads\/2022\/05\/slika-7.png 1024w, https:\/\/vrnjackabanja.co.rs\/wp-content\/uploads\/2022\/05\/slika-7-300x200.png 300w, https:\/\/vrnjackabanja.co.rs\/wp-content\/uploads\/2022\/05\/slika-7-768x512.png 768w\" sizes=\"auto, (max-width: 1024px) 100vw, 1024px\" \/><\/figure>\n\n\n\n<p><strong>Heilanzeigen:<\/strong><\/p>\n\n\n\n<ul class=\"wp-block-list\"><li>Zuckerkrankheit<\/li><li>Verdauungserkrankungen<\/li><li>Postoperative Zust\u00e4nde nach Eingriffen im Verdauungstrakt<\/li><li>Chronische gyn\u00e4kologische Erkrankungen und Unfruchtbarkeit<\/li><li>Nierenbecken-, Blasen und Harnwegsinfektion<\/li><li>Harnleitersteine<\/li><li>Nicht-infekt\u00f6se D\u00fcnn- und Dickdarmerkrankungen<\/li><li>Magen- und Zw\u00f6lffingerdarmgeschw\u00fcr<\/li><li>Erkrankungen der Bauchspeicheldr\u00fcse<\/li><li>Zust\u00e4nde nach einer \u00fcberstandenen Gelbsucht<\/li><li>Gallenblasen- und Gallenwegserkrankungen<\/li><li>Funktionskrankheiten<\/li><li>Zust\u00e4nde nach der Resektion von Speiser\u00f6hre, Magen oder Darm<\/li><\/ul>\n\n\n\n<figure class=\"wp-block-image size-full\"><img loading=\"lazy\" decoding=\"async\" width=\"1024\" height=\"683\" src=\"http:\/\/vrnjackabanja.co.rs\/wp-content\/uploads\/2022\/05\/slika-8.png\" alt=\"\" class=\"wp-image-5140\" srcset=\"https:\/\/vrnjackabanja.co.rs\/wp-content\/uploads\/2022\/05\/slika-8.png 1024w, https:\/\/vrnjackabanja.co.rs\/wp-content\/uploads\/2022\/05\/slika-8-300x200.png 300w, https:\/\/vrnjackabanja.co.rs\/wp-content\/uploads\/2022\/05\/slika-8-768x512.png 768w\" sizes=\"auto, (max-width: 1024px) 100vw, 1024px\" \/><\/figure>\n\n\n\n<p><strong>Anwendungsm\u00f6glichkeiten von Mineralw\u00e4ssern:<\/strong><\/p>\n\n\n\n<ul class=\"wp-block-list\"><li>Per os (durch den Mund), dosiert auf \u00e4rztliche Anordnung<\/li><li>Gallenwegssp\u00fclung durch Sonde nach Gallenblasenoperationen<\/li><li>Inhalation durch warmes Mineralwasser<\/li><li>Baden im warmen Mineralwasser<\/li><li>Darmsp\u00fclung bei Dickdarmerkrankungen<\/li><li>Vaginalsp\u00fclung<\/li><li>Augensp\u00fclung bei chronischen Augenerkrankungen<\/li><\/ul>\n\n\n\n<p><strong>Behandlungsmethoden unter Anwendung von Mineralw\u00e4ssern:<\/strong><\/p>\n\n\n\n<ul class=\"wp-block-list\"><li>Ausgewogene Ern\u00e4hrung unter Aufsicht eines Di\u00e4tspezialisten<\/li><li>Physiotherapie \u2013 medikament\u00f6se Therapie \u2013 Fortbildung<\/li><\/ul>\n\n\n\n<figure class=\"wp-block-image size-large\"><img loading=\"lazy\" decoding=\"async\" width=\"1024\" height=\"683\" src=\"http:\/\/vrnjackabanja.co.rs\/wp-content\/uploads\/2022\/02\/77245765_10157669378446838_9183767258655096832_n-1024x683.jpg\" alt=\"\" class=\"wp-image-1023\" srcset=\"https:\/\/vrnjackabanja.co.rs\/wp-content\/uploads\/2022\/02\/77245765_10157669378446838_9183767258655096832_n-1024x683.jpg 1024w, https:\/\/vrnjackabanja.co.rs\/wp-content\/uploads\/2022\/02\/77245765_10157669378446838_9183767258655096832_n-300x200.jpg 300w, https:\/\/vrnjackabanja.co.rs\/wp-content\/uploads\/2022\/02\/77245765_10157669378446838_9183767258655096832_n-768x512.jpg 768w, https:\/\/vrnjackabanja.co.rs\/wp-content\/uploads\/2022\/02\/77245765_10157669378446838_9183767258655096832_n-1536x1024.jpg 1536w, https:\/\/vrnjackabanja.co.rs\/wp-content\/uploads\/2022\/02\/77245765_10157669378446838_9183767258655096832_n.jpg 2048w\" sizes=\"auto, (max-width: 1024px) 100vw, 1024px\" \/><\/figure>\n\n\n\n<p><a href=\"http:\/\/www.vrnjackabanjamerkur.com\/medicina.html\">http:\/\/www.vrnjackabanjamerkur.com\/medicina.html<\/a><\/p>\n\n\n\n<p><\/p>\n","protected":false},"excerpt":{"rendered":"<p>Die Spezialklinik f\u00fcr Behandlung und Rehabilitation von Verdauungserkrankungen und Diabetes \u201eVrnja\u010dka Banja\u201d z\u00e4hlt zu den modernsten Zentren f\u00fcr Diagnostik, Vorbeugung, Behandlung und Rehabilitation von Verdauungserkrankungen und Diabetes. Die Spezialklinik verf\u00fcgt [&hellip;]<\/p>\n","protected":false},"author":1,"featured_media":3596,"parent":0,"menu_order":0,"comment_status":"closed","ping_status":"closed","template":"","meta":{"_acf_changed":false,"footnotes":""},"class_list":["post-3594","page","type-page","status-publish","has-post-thumbnail","hentry"],"acf":[],"_links":{"self":[{"href":"https:\/\/vrnjackabanja.co.rs\/de\/wp-json\/wp\/v2\/pages\/3594","targetHints":{"allow":["GET"]}}],"collection":[{"href":"https:\/\/vrnjackabanja.co.rs\/de\/wp-json\/wp\/v2\/pages"}],"about":[{"href":"https:\/\/vrnjackabanja.co.rs\/de\/wp-json\/wp\/v2\/types\/page"}],"author":[{"embeddable":true,"href":"https:\/\/vrnjackabanja.co.rs\/de\/wp-json\/wp\/v2\/users\/1"}],"replies":[{"embeddable":true,"href":"https:\/\/vrnjackabanja.co.rs\/de\/wp-json\/wp\/v2\/comments?post=3594"}],"version-history":[{"count":4,"href":"https:\/\/vrnjackabanja.co.rs\/de\/wp-json\/wp\/v2\/pages\/3594\/revisions"}],"predecessor-version":[{"id":5152,"href":"https:\/\/vrnjackabanja.co.rs\/de\/wp-json\/wp\/v2\/pages\/3594\/revisions\/5152"}],"wp:featuredmedia":[{"embeddable":true,"href":"https:\/\/vrnjackabanja.co.rs\/de\/wp-json\/wp\/v2\/media\/3596"}],"wp:attachment":[{"href":"https:\/\/vrnjackabanja.co.rs\/de\/wp-json\/wp\/v2\/media?parent=3594"}],"curies":[{"name":"wp","href":"https:\/\/api.w.org\/{rel}","templated":true}]}}