{"id":3580,"date":"2022-01-18T12:31:40","date_gmt":"2022-01-18T11:31:40","guid":{"rendered":"http:\/\/vrnjackabanja.co.rs\/ski-staza\/"},"modified":"2022-07-27T13:23:09","modified_gmt":"2022-07-27T11:23:09","slug":"de-die-skipiste","status":"publish","type":"page","link":"https:\/\/vrnjackabanja.co.rs\/de\/planina-goc\/de-die-skipiste\/","title":{"rendered":"Die Skipiste"},"content":{"rendered":"\n<p><\/p>\n\n\n\n<p>Die Skipiste auf dem Berg Go\u010d, 12 Kilometer von Vrnja\u010dka Banja entfernt, ist im Winter die wichtigste touristische Attarktion.<\/p>\n\n\n\n<p>Der Berg Go\u010d ist \u00fcber einen asphaltierten Weg gut erreichbar und bietet hervorragende Voraussetzungen&nbsp; zum Skifahren und auch f\u00fcr die Organisation und Durchf\u00fchrung von Skirennen oder Gruppenveranstaltungen.<\/p>\n\n\n\n<p>Das Skigebiet wird im Winter von G\u00e4sten und den Bewohnern von Vrnja\u010dka Banja gleicherma\u00dfen besucht.<\/p>\n\n\n\n<p>In der N\u00e4he der Skipiste befinden sich Unterk\u00fcnfte\u00a0 und ein Restaurant, in dem sich die Skifahrer st\u00e4rken und erfrischen k\u00f6nnen.<\/p>\n\n\n\n<p>Vom Zentrum Vrnja\u010dka Banja aus l\u00e4sst sich ein Transfer mit einem Minibus organisieren, der sie\u00a0 direkt zur Skipiste bringt und wieder zur\u00fcck.<\/p>\n\n\n\n<figure class=\"wp-block-image size-full\"><img loading=\"lazy\" decoding=\"async\" width=\"1024\" height=\"768\" src=\"http:\/\/vrnjackabanja.co.rs\/wp-content\/uploads\/2021\/12\/ski-staza-1.jpg\" alt=\"\" class=\"wp-image-463\" srcset=\"https:\/\/vrnjackabanja.co.rs\/wp-content\/uploads\/2021\/12\/ski-staza-1.jpg 1024w, https:\/\/vrnjackabanja.co.rs\/wp-content\/uploads\/2021\/12\/ski-staza-1-300x225.jpg 300w, https:\/\/vrnjackabanja.co.rs\/wp-content\/uploads\/2021\/12\/ski-staza-1-768x576.jpg 768w\" sizes=\"auto, (max-width: 1024px) 100vw, 1024px\" \/><figcaption>Skipiste Krst<\/figcaption><\/figure>\n\n\n\n<p>Im Skigebiet gibt es zwei Skipisten, die eine 650 und die andere 700 Meter lang. Der H\u00f6heunterschied zwischen Tal- und Bergstation betr\u00e4gt 132 Meter. Der Skilift mit einer Kapazit\u00e4t von 1195 Skifahrern pro Stunde ist 470 Meter lang und wurde feierlich am 20. Dezember 2007 er\u00f6ffnet. Das Skigebiet ist perfekt geeignet f\u00fcr Kinder und Skianf\u00e4nger.<\/p>\n\n\n\n<p>F\u00fcr weitere Informationen rufen Sie uns an: +381 36 641 523<\/p>\n","protected":false},"excerpt":{"rendered":"<p>Die Skipiste auf dem Berg Go\u010d, 12 Kilometer von Vrnja\u010dka Banja entfernt, ist im Winter die wichtigste touristische Attarktion. Der Berg Go\u010d ist \u00fcber einen asphaltierten Weg gut erreichbar und [&hellip;]<\/p>\n","protected":false},"author":1,"featured_media":3581,"parent":3989,"menu_order":0,"comment_status":"closed","ping_status":"closed","template":"","meta":{"_acf_changed":false,"footnotes":""},"class_list":["post-3580","page","type-page","status-publish","has-post-thumbnail","hentry"],"acf":[],"_links":{"self":[{"href":"https:\/\/vrnjackabanja.co.rs\/de\/wp-json\/wp\/v2\/pages\/3580","targetHints":{"allow":["GET"]}}],"collection":[{"href":"https:\/\/vrnjackabanja.co.rs\/de\/wp-json\/wp\/v2\/pages"}],"about":[{"href":"https:\/\/vrnjackabanja.co.rs\/de\/wp-json\/wp\/v2\/types\/page"}],"author":[{"embeddable":true,"href":"https:\/\/vrnjackabanja.co.rs\/de\/wp-json\/wp\/v2\/users\/1"}],"replies":[{"embeddable":true,"href":"https:\/\/vrnjackabanja.co.rs\/de\/wp-json\/wp\/v2\/comments?post=3580"}],"version-history":[{"count":5,"href":"https:\/\/vrnjackabanja.co.rs\/de\/wp-json\/wp\/v2\/pages\/3580\/revisions"}],"predecessor-version":[{"id":7177,"href":"https:\/\/vrnjackabanja.co.rs\/de\/wp-json\/wp\/v2\/pages\/3580\/revisions\/7177"}],"up":[{"embeddable":true,"href":"https:\/\/vrnjackabanja.co.rs\/de\/wp-json\/wp\/v2\/pages\/3989"}],"wp:featuredmedia":[{"embeddable":true,"href":"https:\/\/vrnjackabanja.co.rs\/de\/wp-json\/wp\/v2\/media\/3581"}],"wp:attachment":[{"href":"https:\/\/vrnjackabanja.co.rs\/de\/wp-json\/wp\/v2\/media?parent=3580"}],"curies":[{"name":"wp","href":"https:\/\/api.w.org\/{rel}","templated":true}]}}