{"id":3573,"date":"2022-01-18T12:31:58","date_gmt":"2022-01-18T11:31:58","guid":{"rendered":"http:\/\/vrnjackabanja.co.rs\/otkrij-tajne-prirode\/"},"modified":"2022-09-14T09:47:08","modified_gmt":"2022-09-14T07:47:08","slug":"entdecken-sie-die-geheimnisse-der-natur","status":"publish","type":"page","link":"https:\/\/vrnjackabanja.co.rs\/de\/planina-goc\/entdecken-sie-die-geheimnisse-der-natur\/","title":{"rendered":"Entdecken Sie die Geheimnisse der Natur"},"content":{"rendered":"\n<p>Go\u010d gilt als offiziell der am meisten bewaldete Berg Serbiens. Der Berg ist seit Jahrzehnten reich an Flora und Fauna und zieht Liebhaber unber\u00fchrter Natur an. Go\u010d ist bekannt f\u00fcr die Vielfalt an Pflanzenwelt und endemischen Arten und gilt auch als einer der reichsten Berge auf der Balkanhalbinsel.<\/p>\n\n\n\n<p><\/p>\n\n\n\n<figure class=\"wp-block-image size-full is-resized\"><img loading=\"lazy\" decoding=\"async\" src=\"http:\/\/vrnjackabanja.co.rs\/wp-content\/uploads\/2022\/02\/45607175_1174723402683370_8825671757600915456_n.jpg\" alt=\"\" class=\"wp-image-1594\" width=\"821\" height=\"548\" srcset=\"https:\/\/vrnjackabanja.co.rs\/wp-content\/uploads\/2022\/02\/45607175_1174723402683370_8825671757600915456_n.jpg 1024w, https:\/\/vrnjackabanja.co.rs\/wp-content\/uploads\/2022\/02\/45607175_1174723402683370_8825671757600915456_n-300x200.jpg 300w, https:\/\/vrnjackabanja.co.rs\/wp-content\/uploads\/2022\/02\/45607175_1174723402683370_8825671757600915456_n-768x512.jpg 768w\" sizes=\"auto, (max-width: 821px) 100vw, 821px\" \/><\/figure>\n\n\n\n<p><\/p>\n\n\n\n<p class=\"has-text-align-left\">Reiche Vegetation, die jeden kleinen Teil des Berges schm\u00fcckt, Aussichtspunkte, von denen man beim sch\u00f6nen Wetter halb Serbien sehen kann. Vom Aussichtspunkt Krst (Kreuz) reicht der Blick bis nach Kopaonik, Rtanj, Gledi\u0107ke-Gebirge und Rudnik.Dieser Aussichtspunkt ist einer von denenAussichtspunkten, wo Sie viele Fotos machen m\u00f6chten, um zu versuchen, diese Sch\u00f6nheit mitzunehmen.<\/p>\n\n\n\n<p><\/p>\n\n\n<div class=\"wp-block-image\">\n<figure class=\"aligncenter size-large\"><img loading=\"lazy\" decoding=\"async\" width=\"1024\" height=\"683\" src=\"http:\/\/vrnjackabanja.co.rs\/wp-content\/uploads\/2022\/09\/0V0A8517-min-1-1024x683.jpg\" alt=\"\" class=\"wp-image-8801\" srcset=\"https:\/\/vrnjackabanja.co.rs\/wp-content\/uploads\/2022\/09\/0V0A8517-min-1-1024x683.jpg 1024w, https:\/\/vrnjackabanja.co.rs\/wp-content\/uploads\/2022\/09\/0V0A8517-min-1-300x200.jpg 300w, https:\/\/vrnjackabanja.co.rs\/wp-content\/uploads\/2022\/09\/0V0A8517-min-1-768x512.jpg 768w, https:\/\/vrnjackabanja.co.rs\/wp-content\/uploads\/2022\/09\/0V0A8517-min-1-1536x1024.jpg 1536w, https:\/\/vrnjackabanja.co.rs\/wp-content\/uploads\/2022\/09\/0V0A8517-min-1-2048x1365.jpg 2048w\" sizes=\"auto, (max-width: 1024px) 100vw, 1024px\" \/><figcaption>Vidikovac Krst<\/figcaption><\/figure>\n<\/div>\n\n\n<hr class=\"wp-block-separator has-css-opacity\"\/>\n\n\n\n<p><\/p>\n\n\n\n<h2 class=\"wp-block-heading\">See Seli\u0161te<\/h2>\n\n\n\n<p>Eines der Hauptsymbole von Go\u010d ist der k\u00fcnstliche See Seli\u0161te am Standort Gvozdac. Er wurde f\u00fcr die Bed\u00fcrfnisse der Wasserversorgung der Einwohner von Vrnja\u010dka Banja gebaut. Daher ist das Schwimmen und Angeln im See aufgrund seines charakteristischen Zwecks verboten. In den Sommermonaten ist er aber sehr beliebt f\u00fcr die Organisation von Ausfl\u00fcgen und ein beliebter Ort f\u00fcr Camper.<\/p>\n\n\n\n<p><\/p>\n\n\n<div class=\"wp-block-image\">\n<figure class=\"aligncenter size-large\"><img loading=\"lazy\" decoding=\"async\" width=\"1024\" height=\"683\" src=\"http:\/\/vrnjackabanja.co.rs\/wp-content\/uploads\/2022\/09\/0V0A8431-min-1-1024x683.jpg\" alt=\"\" class=\"wp-image-8775\" srcset=\"https:\/\/vrnjackabanja.co.rs\/wp-content\/uploads\/2022\/09\/0V0A8431-min-1-1024x683.jpg 1024w, https:\/\/vrnjackabanja.co.rs\/wp-content\/uploads\/2022\/09\/0V0A8431-min-1-300x200.jpg 300w, https:\/\/vrnjackabanja.co.rs\/wp-content\/uploads\/2022\/09\/0V0A8431-min-1-768x512.jpg 768w, https:\/\/vrnjackabanja.co.rs\/wp-content\/uploads\/2022\/09\/0V0A8431-min-1-1536x1024.jpg 1536w, https:\/\/vrnjackabanja.co.rs\/wp-content\/uploads\/2022\/09\/0V0A8431-min-1-2048x1365.jpg 2048w\" sizes=\"auto, (max-width: 1024px) 100vw, 1024px\" \/><\/figure>\n<\/div>\n\n\n<hr class=\"wp-block-separator has-css-opacity\"\/>\n\n\n\n<h2 class=\"wp-block-heading\"><strong>Die Restaurants<\/strong><\/h2>\n\n\n\n<p>Ein besonderes Erlebnis dieses ungew\u00f6hnlich sanften Berges bieten die Restaurants, in denen sich Fischteiche mit der ber\u00fchmten Forelle vonGo\u010dbefinden. Vor Ort k\u00f6nnen Sie das Essen und die Umgebung zu g\u00fcnstigen Preisen genie\u00dfen.<\/p>\n\n\n\n<p><\/p>\n\n\n<div class=\"wp-block-image\">\n<figure class=\"aligncenter size-full\"><img loading=\"lazy\" decoding=\"async\" width=\"1024\" height=\"683\" src=\"http:\/\/vrnjackabanja.co.rs\/wp-content\/uploads\/2022\/09\/salus_restoran-14-crop.jpg\" alt=\"\" class=\"wp-image-9438\" srcset=\"https:\/\/vrnjackabanja.co.rs\/wp-content\/uploads\/2022\/09\/salus_restoran-14-crop.jpg 1024w, https:\/\/vrnjackabanja.co.rs\/wp-content\/uploads\/2022\/09\/salus_restoran-14-crop-300x200.jpg 300w, https:\/\/vrnjackabanja.co.rs\/wp-content\/uploads\/2022\/09\/salus_restoran-14-crop-768x512.jpg 768w\" sizes=\"auto, (max-width: 1024px) 100vw, 1024px\" \/><\/figure>\n<\/div>\n\n\n<p>Rahm und K\u00e4se, aber auch hausgemachter \u201eGl\u00fchschnaps\u201c, Br\u00f6tchen aus dem Holzbackofen, sind nur einige der Spezialit\u00e4ten, weshalb Sie als Feinschmecker auf diesen Berg zur\u00fcckkehren m\u00f6chten.<\/p>\n\n\n\n<hr class=\"wp-block-separator has-css-opacity\"\/>\n\n\n\n<p><\/p>\n\n\n\n<h2 class=\"wp-block-heading\"><strong>Wanderwegen<\/strong><\/h2>\n\n\n\n<p><\/p>\n\n\n\n<p>Auf dem Berg Go\u010d sind 30 Wanderwege ausgeschildert. Naturliebhaber haben die M\u00f6glichkeit, Go\u010d auf eine neue und noch einfachere Weise zu erleben.<\/p>\n\n\n\n<h4 class=\"wp-block-heading\">1. Gipfel Krst (Kreuz) &#8211; L\u00e4nge: 1.35 km<\/h4>\n\n\n\n<p>H\u00f6hengewinn (elevation gain): 102.3 m<\/p>\n\n\n\n<p>Ben\u00f6tigte Zeit f\u00fcr die Wanderung (ungef\u00e4hr f\u00fcr Erholungssuchende): 45 Minute-1 Stunde<\/p>\n\n\n\n<p>Wanderweg bis zum Gipfel Krst (Kreuz), geeignet f\u00fcr Spazierg\u00e4nge f\u00fcr Sportler und Erholungssuchende sowie ganze Familien.<\/p>\n\n\n\n<p><\/p>\n\n\n<div class=\"wp-block-image\">\n<figure class=\"aligncenter size-large\"><img loading=\"lazy\" decoding=\"async\" width=\"1024\" height=\"768\" src=\"http:\/\/vrnjackabanja.co.rs\/wp-content\/uploads\/2022\/07\/IMG_7160-1024x768.jpeg\" alt=\"\" class=\"wp-image-7021\" srcset=\"https:\/\/vrnjackabanja.co.rs\/wp-content\/uploads\/2022\/07\/IMG_7160-1024x768.jpeg 1024w, https:\/\/vrnjackabanja.co.rs\/wp-content\/uploads\/2022\/07\/IMG_7160-300x225.jpeg 300w, https:\/\/vrnjackabanja.co.rs\/wp-content\/uploads\/2022\/07\/IMG_7160-768x576.jpeg 768w, https:\/\/vrnjackabanja.co.rs\/wp-content\/uploads\/2022\/07\/IMG_7160-1536x1152.jpeg 1536w, https:\/\/vrnjackabanja.co.rs\/wp-content\/uploads\/2022\/07\/IMG_7160-2048x1536.jpeg 2048w\" sizes=\"auto, (max-width: 1024px) 100vw, 1024px\" \/><\/figure>\n<\/div>\n\n\n<p><\/p>\n\n\n\n<h4 class=\"wp-block-heading\">2. Zentrum vom Berg Go\u010d \u2013 See Seli\u0161te \u2013 L\u00e4nge: 6.28 km<\/h4>\n\n\n\n<p>H\u00f6hengewinn (elevation gaim): 147.0 m<\/p>\n\n\n\n<p>Ben\u00f6tigte Zeit f\u00fcr die Wanderung (ungef\u00e4hr f\u00fcr Erholungssuchende): 1Stunde 30 Minuten -2 Stunden<\/p>\n\n\n\n<p>Rundwanderweg zum See Seli\u0161te auf Go\u010d, geeignet f\u00fcr Spazierg\u00e4nge f\u00fcr Sportler und Erholungssuchende sowie f\u00fcr ganze Familien<\/p>\n\n\n\n<h4 class=\"wp-block-heading\">3. See Seli\u0161te Mala \u2013 L\u00e4nge: 2.35 km<\/h4>\n\n\n\n<p>H\u00f6hengewinn (elevation gain): 70.0 m<\/p>\n\n\n\n<p>Ben\u00f6tigte Zeit f\u00fcr die Wanderung (ungef\u00e4hr f\u00fcr Erholungssuchende): 45 Minuten -1 Stunde<\/p>\n\n\n\n<p>Wanderweg Jezero MALA, Rundweg um den See Seli\u0161te, ideal f\u00fcr einen Familienspaziergang oder einen Spaziergang f\u00fcr Erholungssuchende, die den See aus allen Blickwinkeln sehen und fotografieren m\u00f6chten.<\/p>\n\n\n\n<h4 class=\"wp-block-heading\">4. Jezero Seli\u0161te Velika \u2013 L\u00e4nge: 5.15 km<\/h4>\n\n\n\n<p>H\u00f6hengewinn (elevation gain): 142.6 m<\/p>\n\n\n\n<p>Ben\u00f6tigte Zeit f\u00fcr die Wanderung (ungef\u00e4hr f\u00fcr Erholungssuchende): 1h-1h30min<\/p>\n\n\n\n<p>Wanderweg und Rundweg um den See <a>Seli\u0161te<\/a>, ideal f\u00fcr Bergwandern f\u00fcr etwas mehr vorbereitete und erfahrene Sportler und Erholungssuchende. Der Wanderweg f\u00fchrt entlang des Sees Seli\u0161te, aber auch durch die wundersch\u00f6ne, waldreiche Umgebung des Berges Go\u010d.<\/p>\n\n\n\n<p><\/p>\n\n\n\n<hr class=\"wp-block-separator has-css-opacity\"\/>\n\n\n\n<p><\/p>\n\n\n\n<h2 class=\"wp-block-heading\"><strong>Crkva Uspenija Presvete Bogorodice\u00a0 (KircheMari\u00e4 Himmelfahrt)<\/strong><\/h2>\n\n\n\n<p><\/p>\n\n\n\n<p>Die Kirche Himmelfahrt der Allerheiligsten Muttergottes befindet sich im Ort Stani\u0161incaauf Go\u010d. Versteckt auf diesem wundersch\u00f6nen Berg ist die Kirche ein kleines Paradies.<\/p>\n\n\n\n<p><\/p>\n\n\n\n<figure class=\"wp-block-image size-full is-resized\"><img loading=\"lazy\" decoding=\"async\" src=\"http:\/\/vrnjackabanja.co.rs\/wp-content\/uploads\/2022\/03\/2714.jpg\" alt=\"\" class=\"wp-image-2048\" width=\"820\" height=\"546\" srcset=\"https:\/\/vrnjackabanja.co.rs\/wp-content\/uploads\/2022\/03\/2714.jpg 720w, https:\/\/vrnjackabanja.co.rs\/wp-content\/uploads\/2022\/03\/2714-300x200.jpg 300w\" sizes=\"auto, (max-width: 820px) 100vw, 820px\" \/><\/figure>\n\n\n\n<hr class=\"wp-block-separator has-css-opacity\"\/>\n\n\n\n<h2 class=\"wp-block-heading\"><strong>Manastir Svetih vra\u010deva Kozme i Damjana (Kloster der Schutzheiligen Kosmas und Damian )<\/strong><\/h2>\n\n\n\n<p><\/p>\n\n\n\n<p>Das Kloster der Schutzheiligen Kosmas und Damian befindet sich im Oberlauf der Rasina, in der N\u00e4he des Dorfes Ple\u0161, in der H\u00f6he von 922 Metern \u00fcber dem Meeresspiegel. Es wird angenommen, dass das Kloster der Schutzheiligen (\u00c4rzte) Kosmas und Damian im Dorf Ple\u0161 um 1420 aufgebaut wurde. Sein Bau ist mit Radi\u010d Postupovi\u0107, verbunden, mit dem Herrscher, der eine mittelalterliche Stadt errichtete &#8211; eine Festung namens Koznik in der N\u00e4he des Klosters.<\/p>\n\n\n\n<p><\/p>\n\n\n\n<figure class=\"wp-block-image size-full is-resized\"><img loading=\"lazy\" decoding=\"async\" src=\"http:\/\/vrnjackabanja.co.rs\/wp-content\/uploads\/2022\/03\/2718.jpg\" alt=\"\" class=\"wp-image-2050\" width=\"832\" height=\"555\" srcset=\"https:\/\/vrnjackabanja.co.rs\/wp-content\/uploads\/2022\/03\/2718.jpg 720w, https:\/\/vrnjackabanja.co.rs\/wp-content\/uploads\/2022\/03\/2718-300x200.jpg 300w\" sizes=\"auto, (max-width: 832px) 100vw, 832px\" \/><\/figure>\n\n\n\n<hr class=\"wp-block-separator has-css-opacity\"\/>\n\n\n\n<p><\/p>\n\n\n\n<h2 class=\"wp-block-heading\">Koznik<\/h2>\n\n\n\n<p><\/p>\n\n\n\n<p>Weniger als eine Stunde Fahrt von Vrnja\u010dka Banja nach Aleksandrovac, auf der Landesstra\u00dfe, die \u00fcberGo\u010df\u00fchrt, ist der historische Schatz Serbiens, Koznik, heutzutage teilweise erhalten und unter dem Schutz der Republik als Kulturdenkmal von gro\u00dfer Bedeutung. Koznik liegt auf einem H\u00fcgel oberhalb des Flusses Rasina und als solche dominiert die Festung die Umgebung. Historische Daten verbinden Koznik mit Radi\u010d Postupovi\u0107, dem Adligen des Despoten Stefan Lazarevi\u0107.<\/p>\n\n\n\n<p><\/p>\n\n\n<div class=\"wp-block-image\">\n<figure class=\"aligncenter size-full\"><img loading=\"lazy\" decoding=\"async\" width=\"1000\" height=\"666\" src=\"http:\/\/vrnjackabanja.co.rs\/wp-content\/uploads\/2022\/03\/GLAVNA3.jpg\" alt=\"\" class=\"wp-image-2058\" srcset=\"https:\/\/vrnjackabanja.co.rs\/wp-content\/uploads\/2022\/03\/GLAVNA3.jpg 1000w, https:\/\/vrnjackabanja.co.rs\/wp-content\/uploads\/2022\/03\/GLAVNA3-300x200.jpg 300w, https:\/\/vrnjackabanja.co.rs\/wp-content\/uploads\/2022\/03\/GLAVNA3-768x511.jpg 768w\" sizes=\"auto, (max-width: 1000px) 100vw, 1000px\" \/><\/figure>\n<\/div>\n\n\n<p><\/p>\n\n\n\n<p>Der H\u00fcgel, auf dem Koznik aufgebaut wurde, ist an drei Seiten von scharfen Felsen umgeben, was ihn extrem unzug\u00e4nglich macht. Die Festung selbst hat eine unregelm\u00e4\u00dfige Form und folgt der Konfiguration des Gel\u00e4ndes. Sie besteht aus acht vierseitigen quadratischen T\u00fcrmen, die sich in ungef\u00e4hr gleichem Abstand befinden. Die Bauspuren im m\u00e4hrischen Stil zeigen, dass Koznik h\u00f6chstwahrscheinlich w\u00e4hrend der Herrschaft des F\u00fcrsten Lazar Hrebeljanovi\u0107 (1371-1389) aufgebaut wurde.<\/p>\n\n\n\n<hr class=\"wp-block-separator has-css-opacity\"\/>\n","protected":false},"excerpt":{"rendered":"<p>Go\u010d gilt als offiziell der am meisten bewaldete Berg Serbiens. Der Berg ist seit Jahrzehnten reich an Flora und Fauna und zieht Liebhaber unber\u00fchrter Natur an. Go\u010d ist bekannt f\u00fcr [&hellip;]<\/p>\n","protected":false},"author":1,"featured_media":3575,"parent":3989,"menu_order":0,"comment_status":"closed","ping_status":"closed","template":"","meta":{"_acf_changed":false,"footnotes":""},"class_list":["post-3573","page","type-page","status-publish","has-post-thumbnail","hentry"],"acf":[],"_links":{"self":[{"href":"https:\/\/vrnjackabanja.co.rs\/de\/wp-json\/wp\/v2\/pages\/3573","targetHints":{"allow":["GET"]}}],"collection":[{"href":"https:\/\/vrnjackabanja.co.rs\/de\/wp-json\/wp\/v2\/pages"}],"about":[{"href":"https:\/\/vrnjackabanja.co.rs\/de\/wp-json\/wp\/v2\/types\/page"}],"author":[{"embeddable":true,"href":"https:\/\/vrnjackabanja.co.rs\/de\/wp-json\/wp\/v2\/users\/1"}],"replies":[{"embeddable":true,"href":"https:\/\/vrnjackabanja.co.rs\/de\/wp-json\/wp\/v2\/comments?post=3573"}],"version-history":[{"count":3,"href":"https:\/\/vrnjackabanja.co.rs\/de\/wp-json\/wp\/v2\/pages\/3573\/revisions"}],"predecessor-version":[{"id":9489,"href":"https:\/\/vrnjackabanja.co.rs\/de\/wp-json\/wp\/v2\/pages\/3573\/revisions\/9489"}],"up":[{"embeddable":true,"href":"https:\/\/vrnjackabanja.co.rs\/de\/wp-json\/wp\/v2\/pages\/3989"}],"wp:featuredmedia":[{"embeddable":true,"href":"https:\/\/vrnjackabanja.co.rs\/de\/wp-json\/wp\/v2\/media\/3575"}],"wp:attachment":[{"href":"https:\/\/vrnjackabanja.co.rs\/de\/wp-json\/wp\/v2\/media?parent=3573"}],"curies":[{"name":"wp","href":"https:\/\/api.w.org\/{rel}","templated":true}]}}