{"id":3542,"date":"2022-01-18T12:32:16","date_gmt":"2022-01-18T11:32:16","guid":{"rendered":"http:\/\/vrnjackabanja.co.rs\/rajska-planina\/"},"modified":"2022-06-09T13:28:25","modified_gmt":"2022-06-09T11:28:25","slug":"bergparadies","status":"publish","type":"page","link":"https:\/\/vrnjackabanja.co.rs\/de\/planina-goc\/bergparadies\/","title":{"rendered":"Bergparadies"},"content":{"rendered":"\n<p><\/p>\n\n\n\n<p>Das Bergparadies Go\u010d ist Teil eines Projektes, das verschiedene Bereiche umschlie\u00dft, um insgesamt die Attraktivit\u00e4t der Region um Vrnjacka Banja zu steigern. Dazu geh\u00f6ren der Bau eines Adrenalinparks, einer Seilrutsche, mehrere Sportpl\u00e4tze und landestypischer H\u00e4uschen.<\/p>\n\n\n\n<figure class=\"wp-block-image size-large\"><img loading=\"lazy\" decoding=\"async\" width=\"1024\" height=\"1024\" src=\"http:\/\/vrnjackabanja.co.rs\/wp-content\/uploads\/2022\/04\/thumbnail-1024x1024.jpg\" alt=\"\" class=\"wp-image-2844\" srcset=\"https:\/\/vrnjackabanja.co.rs\/wp-content\/uploads\/2022\/04\/thumbnail-1024x1024.jpg 1024w, https:\/\/vrnjackabanja.co.rs\/wp-content\/uploads\/2022\/04\/thumbnail-300x300.jpg 300w, https:\/\/vrnjackabanja.co.rs\/wp-content\/uploads\/2022\/04\/thumbnail-150x150.jpg 150w, https:\/\/vrnjackabanja.co.rs\/wp-content\/uploads\/2022\/04\/thumbnail-768x768.jpg 768w, https:\/\/vrnjackabanja.co.rs\/wp-content\/uploads\/2022\/04\/thumbnail.jpg 1080w\" sizes=\"auto, (max-width: 1024px) 100vw, 1024px\" \/><\/figure>\n","protected":false},"excerpt":{"rendered":"<p>Das Bergparadies Go\u010d ist Teil eines Projektes, das verschiedene Bereiche umschlie\u00dft, um insgesamt die Attraktivit\u00e4t der Region um Vrnjacka Banja zu steigern. Dazu geh\u00f6ren der Bau eines Adrenalinparks, einer Seilrutsche, [&hellip;]<\/p>\n","protected":false},"author":1,"featured_media":3543,"parent":3989,"menu_order":0,"comment_status":"closed","ping_status":"closed","template":"","meta":{"_acf_changed":false,"footnotes":""},"class_list":["post-3542","page","type-page","status-publish","has-post-thumbnail","hentry"],"acf":[],"_links":{"self":[{"href":"https:\/\/vrnjackabanja.co.rs\/de\/wp-json\/wp\/v2\/pages\/3542","targetHints":{"allow":["GET"]}}],"collection":[{"href":"https:\/\/vrnjackabanja.co.rs\/de\/wp-json\/wp\/v2\/pages"}],"about":[{"href":"https:\/\/vrnjackabanja.co.rs\/de\/wp-json\/wp\/v2\/types\/page"}],"author":[{"embeddable":true,"href":"https:\/\/vrnjackabanja.co.rs\/de\/wp-json\/wp\/v2\/users\/1"}],"replies":[{"embeddable":true,"href":"https:\/\/vrnjackabanja.co.rs\/de\/wp-json\/wp\/v2\/comments?post=3542"}],"version-history":[{"count":2,"href":"https:\/\/vrnjackabanja.co.rs\/de\/wp-json\/wp\/v2\/pages\/3542\/revisions"}],"predecessor-version":[{"id":5324,"href":"https:\/\/vrnjackabanja.co.rs\/de\/wp-json\/wp\/v2\/pages\/3542\/revisions\/5324"}],"up":[{"embeddable":true,"href":"https:\/\/vrnjackabanja.co.rs\/de\/wp-json\/wp\/v2\/pages\/3989"}],"wp:featuredmedia":[{"embeddable":true,"href":"https:\/\/vrnjackabanja.co.rs\/de\/wp-json\/wp\/v2\/media\/3543"}],"wp:attachment":[{"href":"https:\/\/vrnjackabanja.co.rs\/de\/wp-json\/wp\/v2\/media?parent=3542"}],"curies":[{"name":"wp","href":"https:\/\/api.w.org\/{rel}","templated":true}]}}