{"id":3534,"date":"2022-01-18T12:32:57","date_gmt":"2022-01-18T11:32:57","guid":{"rendered":"http:\/\/vrnjackabanja.co.rs\/sportski-turizam\/"},"modified":"2022-06-09T13:06:38","modified_gmt":"2022-06-09T11:06:38","slug":"sporttourismus","status":"publish","type":"page","link":"https:\/\/vrnjackabanja.co.rs\/de\/sporttourismus\/","title":{"rendered":"Sporttourismus"},"content":{"rendered":"\n<p><\/p>\n\n\n\n<p>In den letzten Jahren hat sich Vrnja\u010dka Banja in seiner Entwicklung vermehrt dem Sporttourismus ge\u00f6ffnet. Es kommen immer mehr Touristen, die sich f\u00fcr einen Aktivurlaub interessieren, oder um an Spielen, Trainingslagern oder Wettk\u00e4mpfen teilzunehmen.<\/p>\n\n\n\n<p>In Erg\u00e4nzung zum Sporttourismus hat sich gleicherma\u00dfen die Sportmedizin entwickelt. So kommen nicht nur Sportler und Trainer nach Vrnja\u010dka Banja, sondern ebenfalls Personen die auf dem Gebiet der Sportheilbehandlungen sowie der Sporttherapie t\u00e4tig sind. Sie finden hier die besten Voraussetzungen f\u00fcr Balneo- und Klimatherapien \u2013 W\u00e4lder, Parks und Gel\u00e4ndeparks; Mineralw\u00e4sser und gesundes Essen sowie ein Physiotherapiezentrum mit Fach\u00e4rzten f\u00fcr Sportmedizin und medizinisch geschultem Fachpersonal, die mit verschiedenen Lehrstuhlinhabern f\u00fcr Sportmedizin und Funktionstherapie zusammenarbeiten. F\u00fcr die Veranstaltung von Trainingslagern stehen einer gro\u00dfen Zahl von Sportlern, Sportgruppen und Vereinen, neben hochwertigen Sportpl\u00e4tzen, auch komfortable Unterk\u00fcnfte mit entsprechender Gastronomie zur Verf\u00fcgung.<\/p>\n","protected":false},"excerpt":{"rendered":"<p>In den letzten Jahren hat sich Vrnja\u010dka Banja in seiner Entwicklung vermehrt dem Sporttourismus ge\u00f6ffnet. Es kommen immer mehr Touristen, die sich f\u00fcr einen Aktivurlaub interessieren, oder um an Spielen, [&hellip;]<\/p>\n","protected":false},"author":1,"featured_media":3536,"parent":0,"menu_order":0,"comment_status":"closed","ping_status":"closed","template":"","meta":{"_acf_changed":false,"footnotes":""},"class_list":["post-3534","page","type-page","status-publish","has-post-thumbnail","hentry"],"acf":[],"_links":{"self":[{"href":"https:\/\/vrnjackabanja.co.rs\/de\/wp-json\/wp\/v2\/pages\/3534","targetHints":{"allow":["GET"]}}],"collection":[{"href":"https:\/\/vrnjackabanja.co.rs\/de\/wp-json\/wp\/v2\/pages"}],"about":[{"href":"https:\/\/vrnjackabanja.co.rs\/de\/wp-json\/wp\/v2\/types\/page"}],"author":[{"embeddable":true,"href":"https:\/\/vrnjackabanja.co.rs\/de\/wp-json\/wp\/v2\/users\/1"}],"replies":[{"embeddable":true,"href":"https:\/\/vrnjackabanja.co.rs\/de\/wp-json\/wp\/v2\/comments?post=3534"}],"version-history":[{"count":1,"href":"https:\/\/vrnjackabanja.co.rs\/de\/wp-json\/wp\/v2\/pages\/3534\/revisions"}],"predecessor-version":[{"id":5637,"href":"https:\/\/vrnjackabanja.co.rs\/de\/wp-json\/wp\/v2\/pages\/3534\/revisions\/5637"}],"wp:featuredmedia":[{"embeddable":true,"href":"https:\/\/vrnjackabanja.co.rs\/de\/wp-json\/wp\/v2\/media\/3536"}],"wp:attachment":[{"href":"https:\/\/vrnjackabanja.co.rs\/de\/wp-json\/wp\/v2\/media?parent=3534"}],"curies":[{"name":"wp","href":"https:\/\/api.w.org\/{rel}","templated":true}]}}