{"id":3513,"date":"2022-01-18T12:33:13","date_gmt":"2022-01-18T11:33:13","guid":{"rendered":"http:\/\/vrnjackabanja.co.rs\/sportski-tereni\/"},"modified":"2022-09-12T09:15:06","modified_gmt":"2022-09-12T07:15:06","slug":"sportplaetze","status":"publish","type":"page","link":"https:\/\/vrnjackabanja.co.rs\/de\/sportplaetze\/","title":{"rendered":"SPORTPL\u00c4TZE"},"content":{"rendered":"\n<p><\/p>\n\n\n\n<p>Das Sportzentrum ist eine Einrichtung, die alle wichtigsten Sportanlagen in Vrnja\u010dka Banja, dem ber\u00fchmtesten Kurort Serbiens, verwaltet. Neben dieser T\u00e4tigkeit besch\u00e4ftigt sich das Sportzentrum auch mit der Organisation von Sportveranstaltungen sowie der professionellen Arbeit im Sportbereich in der Gemeinde Vrnja\u010dka Banja.<\/p>\n\n\n\n<p><\/p>\n\n\n\n<p><a href=\"http:\/\/www.scvrnjackabanja.rs\/informacije\/cenovnici-usluga\">http:\/\/www.scvrnjackabanja.rs\/informacije\/cenovnici-usluga<\/a><\/p>\n\n\n\n<hr class=\"wp-block-separator has-css-opacity\"\/>\n\n\n\n<p><\/p>\n\n\n\n<h2 class=\"wp-block-heading\"><strong>Spezialisierte Trainingshalle \u201ePiskavac\u201d<\/strong><\/h2>\n\n\n\n<p><\/p>\n\n\n\n<p>Spezialisierte Trainingshalle \u201ePiskavac\u201d f\u00fcr Volleyball und Basketball befindet sich in der N\u00e4he des Dorfes Raj.<\/p>\n\n\n\n<hr class=\"wp-block-separator has-css-opacity\"\/>\n\n\n\n<p><\/p>\n\n\n\n<h2 class=\"wp-block-heading\"><strong>Sporthalle \u201eVrnja\u010dka Banja\u201d<\/strong><\/h2>\n\n\n\n<p><\/p>\n\n\n\n<p>Die Sporthalle in Vrnja\u010dka Banja befindet sich in der N\u00e4he des zentralen Busbahnhofs. Sie wurde im Mai 2008 offiziell er\u00f6ffnet und ist die neueste Sportanlage in Vrnja\u010dka Banja, die darauf abzielt, das touristische und sportliche Angebot dieses Reiseziels zu vervollst\u00e4ndigen und die T\u00fcren von Vrnja\u010dka Banja f\u00fcr den Sporttourismus zu \u00f6ffnen.<\/p>\n\n\n\n<p>Die Halle ist eine multifunktionale Einrichtung, die f\u00fcr die Organisation von Sportveranstaltungen, Spielen, Vorbereitungstrainings, Trainings und Camps sowie f\u00fcr verschiedene Kultur- und Unterhaltungsveranstaltungen geeignet ist.<\/p>\n\n\n\n<p><\/p>\n\n\n\n<figure class=\"wp-block-gallery has-nested-images columns-default is-cropped wp-block-gallery-1 is-layout-flex wp-block-gallery-is-layout-flex\">\n<figure class=\"wp-block-image size-full\"><img loading=\"lazy\" decoding=\"async\" width=\"1000\" height=\"579\" data-id=\"2140\" src=\"http:\/\/vrnjackabanja.co.rs\/wp-content\/uploads\/2022\/03\/sportska-hala.jpg\" alt=\"\" class=\"wp-image-2140\" srcset=\"https:\/\/vrnjackabanja.co.rs\/wp-content\/uploads\/2022\/03\/sportska-hala.jpg 1000w, https:\/\/vrnjackabanja.co.rs\/wp-content\/uploads\/2022\/03\/sportska-hala-300x174.jpg 300w, https:\/\/vrnjackabanja.co.rs\/wp-content\/uploads\/2022\/03\/sportska-hala-768x445.jpg 768w\" sizes=\"auto, (max-width: 1000px) 100vw, 1000px\" \/><\/figure>\n<\/figure>\n\n\n\n<p><\/p>\n\n\n\n<p>Sie besteht aus einer gro\u00dfen Halle in der Fl\u00e4che von 1400 m<sup>2<\/sup>, einer kleinen Halle f\u00fcr Kampfsport, Fitnessstudios, Ambulanzen sowie vier gro\u00dfen und vier kleinen Umkleider\u00e4umen, einem Umkleideraum f\u00fcr Schiedsrichter und Delegierte. Alle Sportger\u00e4te sind professionelle \u201eSchelde\u201c-Ger\u00e4te. Au\u00dferdem verf\u00fcgt die Halle \u00fcber \u201eDonic\u201c-Ausr\u00fcstung f\u00fcr Tischtennis. Die Kapazit\u00e4t der Halle betr\u00e4gt 1300 Sitzpl\u00e4tze. In der Halle gibt es ein Buffet zur Erfrischung der Besucher\/innen.<\/p>\n\n\n\n<p>In der Sporthalle \u201eVrnja\u010dka Banja\u201c fanden zahlreiche sportliche und kulturelle Unterhaltungsveranstaltungen statt, denen Live-TV-\u00dcbertragungen folgten.<\/p>\n\n\n\n<hr class=\"wp-block-separator has-css-opacity\"\/>\n\n\n\n<p><\/p>\n\n\n\n<h2 class=\"wp-block-heading\"><strong>Spezialisierte Trainingshalle \u201eVrnjci\u201d<\/strong><\/h2>\n\n\n\n<p><\/p>\n\n\n\n<p>Spezialisierte Trainingshalle \u201eVrnjci\u201d befindet sich am Eingang in Vrnja\u010dka Banja. Das Trainingszentrum des Handballverbandes Serbien mit einzigartigem GERFLOR-Belag, der auch f\u00fcr Futsal geeignet ist.<\/p>\n\n\n\n<hr class=\"wp-block-separator has-css-opacity\"\/>\n\n\n\n<p><\/p>\n\n\n\n<h2 class=\"wp-block-heading\"><strong>Stadion f\u00fcr Hallensport\u201eKocka\u201d<\/strong><\/h2>\n\n\n\n<p><\/p>\n\n\n\n<p>Dieser Pl\u00e4tze sind einer der \u00e4ltesten Sportpl\u00e4tze in Vrnja\u010dka Banja. Sie wurden in den 50er Jahren des 20. Jahrhunderts als Schlackenfeld f\u00fcr Handball und Basketball errichtet und in den folgenden Jahrzehnten gepflastert. Sie befinden sich im Zentrum von Vrnja\u010dka Banja, direkt am Beginn der Promenade, in der N\u00e4he des Spezialkrankenhauses \u201eMerkur\u201c. Diese Pl\u00e4tze nehmen in der Geschichte des Kursports einen Kultplatz ein. Der Basketballverein \u201eGo\u010d\u201c sowie der Handballverein \u201eGo\u010d\u201c wurden auf diesen Pl\u00e4tzen gegr\u00fcndet. In den Jahren zuvor kamen Trib\u00fcnen hinzu, sowie Umkleidekabinen und ein Restaurant f\u00fcr Sportler. Das Gel\u00e4nde wird mit den Reflektoren beleuchtet.<\/p>\n\n\n\n<p><\/p>\n\n\n<div class=\"wp-block-image\">\n<figure class=\"aligncenter size-large\"><img loading=\"lazy\" decoding=\"async\" width=\"1620\" height=\"1080\" src=\"http:\/\/vrnjackabanja.co.rs\/wp-content\/uploads\/2022\/05\/cover-fotografija-edited.jpg\" alt=\"\" class=\"wp-image-2979\" srcset=\"https:\/\/vrnjackabanja.co.rs\/wp-content\/uploads\/2022\/05\/cover-fotografija-edited.jpg 1620w, https:\/\/vrnjackabanja.co.rs\/wp-content\/uploads\/2022\/05\/cover-fotografija-edited-300x200.jpg 300w, https:\/\/vrnjackabanja.co.rs\/wp-content\/uploads\/2022\/05\/cover-fotografija-edited-1024x683.jpg 1024w, https:\/\/vrnjackabanja.co.rs\/wp-content\/uploads\/2022\/05\/cover-fotografija-edited-768x512.jpg 768w, https:\/\/vrnjackabanja.co.rs\/wp-content\/uploads\/2022\/05\/cover-fotografija-edited-1536x1024.jpg 1536w\" sizes=\"auto, (max-width: 1620px) 100vw, 1620px\" \/><\/figure>\n<\/div>\n\n\n<p><\/p>\n\n\n\n<p>In der popul\u00e4ren \u201eKocka\u201c wurden Handballturniere abgehalten, von denen das ber\u00fchmteste die \u201eTroph\u00e4e von Jugoslawien\u201c war, an dem unsere und drei ausl\u00e4ndische Nationalmannschaften teilnahmen. Heute sind diese Pl\u00e4tze f\u00fcr die Organisation von Arbeitersportspielengeeignet. Im Winter 2009 wurde auf diesen Pl\u00e4tzen eine vorgefertigte Eisbahn errichtet.<\/p>\n\n\n\n<p>Im September 2015 bekam Kocka ein neues Aussehen, komplett renovierte Spielpl\u00e4tze mit TARTAN-Belag<\/p>\n\n\n\n<hr class=\"wp-block-separator has-css-opacity\"\/>\n\n\n\n<p><\/p>\n\n\n\n<h2 class=\"wp-block-heading\"><strong>Fu\u00dfballplatz in Vrnjci<\/strong><\/h2>\n\n\n\n<p><\/p>\n\n\n\n<p>Der Fu\u00dfballplatz in Vrnjci, der sich am Eingang in Vrnja\u010dka Banja befindet, ist nur 2 km vom Zentrum entfernt und steht unter der Zust\u00e4ndigkeit der Einrichtung Sportzentrum Vrnja\u010dka Banja. Er ist mit der modernsten Oberfl\u00e4che nach europ\u00e4ischen Standards ausgestattet und seine Abmessungen sind 110&#215;69 m.<\/p>\n\n\n<div class=\"wp-block-image\">\n<figure class=\"aligncenter size-full is-resized\"><img loading=\"lazy\" decoding=\"async\" src=\"http:\/\/vrnjackabanja.co.rs\/wp-content\/uploads\/2021\/12\/terenvrnjci.jpg\" alt=\"\" class=\"wp-image-473\" width=\"836\" height=\"469\" srcset=\"https:\/\/vrnjackabanja.co.rs\/wp-content\/uploads\/2021\/12\/terenvrnjci.jpg 960w, https:\/\/vrnjackabanja.co.rs\/wp-content\/uploads\/2021\/12\/terenvrnjci-300x169.jpg 300w, https:\/\/vrnjackabanja.co.rs\/wp-content\/uploads\/2021\/12\/terenvrnjci-768x432.jpg 768w\" sizes=\"auto, (max-width: 836px) 100vw, 836px\" \/><\/figure>\n<\/div>\n\n\n<p><\/p>\n\n\n\n<p>Dieser moderne Fu\u00dfballplatz wird die Entwicklung sowohl des Fu\u00dfball- als auch des Sporttourismus in Vrnja\u010dka Banja weiter verbessern und ist f\u00fcr die Bed\u00fcrfnisse der anspruchsvollsten Vereine bestimmt.<\/p>\n\n\n\n<hr class=\"wp-block-separator has-css-opacity\"\/>\n\n\n\n<p><\/p>\n\n\n\n<h2 class=\"wp-block-heading\"><strong>Sportzentrum \u201eKarovi\u0107\u201d<\/strong><\/h2>\n\n\n\n<p>Tennispl\u00e4tze AS NS<\/p>\n\n\n\n<p><\/p>\n\n\n\n<p>Das Sportzentrum \u201eKarovi\u0107\u201d befindet sich in einer wundersch\u00f6nen, neu gebauten Sportanlage, die 2 km von Vrnja\u010dka Banja entfernt ist.Alle Pl\u00e4tze sind nach dem FIFA 2-Standard gebaut (Abmessungen 36 x 18 m, und die H\u00f6he der Halle betr\u00e4gt 9 m).<\/p>\n\n\n\n<p><\/p>\n\n\n<div class=\"wp-block-image\">\n<figure class=\"aligncenter size-full\"><img loading=\"lazy\" decoding=\"async\" width=\"937\" height=\"622\" src=\"http:\/\/vrnjackabanja.co.rs\/wp-content\/uploads\/2022\/05\/tereni-karovic-2-23.jpg\" alt=\"\" class=\"wp-image-2981\" srcset=\"https:\/\/vrnjackabanja.co.rs\/wp-content\/uploads\/2022\/05\/tereni-karovic-2-23.jpg 937w, https:\/\/vrnjackabanja.co.rs\/wp-content\/uploads\/2022\/05\/tereni-karovic-2-23-300x199.jpg 300w, https:\/\/vrnjackabanja.co.rs\/wp-content\/uploads\/2022\/05\/tereni-karovic-2-23-768x510.jpg 768w\" sizes=\"auto, (max-width: 937px) 100vw, 937px\" \/><\/figure>\n<\/div>\n\n\n<p>Innerhalb des Zentrums gibt es Umkleider\u00e4ume, Badezimmer, Vita-Bar und Parkpl\u00e4tze. Das Sportzentrum \u201eKarovi\u0107\u201c verf\u00fcgt \u00fcber vier Tennispl\u00e4tze (Sandplatz)im Freien, einen Kunstrasenplatz f\u00fcr Fu\u00dfball im Freien und einen Kunstrasenplatz f\u00fcr Tennis und Fu\u00dfballim Innenbereich. Es ist m\u00f6glich, Pl\u00e4tze f\u00fcr Tennis- und Fu\u00dfballschulen zu mieten.<\/p>\n\n\n\n<figure class=\"wp-block-image size-large\"><img loading=\"lazy\" decoding=\"async\" width=\"1600\" height=\"900\" src=\"http:\/\/vrnjackabanja.co.rs\/wp-content\/uploads\/2022\/05\/tereni-karovic-12-edited.jpg\" alt=\"\" class=\"wp-image-2988\" srcset=\"https:\/\/vrnjackabanja.co.rs\/wp-content\/uploads\/2022\/05\/tereni-karovic-12-edited.jpg 1600w, https:\/\/vrnjackabanja.co.rs\/wp-content\/uploads\/2022\/05\/tereni-karovic-12-edited-300x169.jpg 300w, https:\/\/vrnjackabanja.co.rs\/wp-content\/uploads\/2022\/05\/tereni-karovic-12-edited-1024x576.jpg 1024w, https:\/\/vrnjackabanja.co.rs\/wp-content\/uploads\/2022\/05\/tereni-karovic-12-edited-768x432.jpg 768w, https:\/\/vrnjackabanja.co.rs\/wp-content\/uploads\/2022\/05\/tereni-karovic-12-edited-1536x864.jpg 1536w\" sizes=\"auto, (max-width: 1600px) 100vw, 1600px\" \/><\/figure>\n\n\n\n<p><a href=\"https:\/\/www.facebook.com\/tennisvb\/\">https:\/\/www.facebook.com\/tennisvb\/<\/a><\/p>\n\n\n\n<p><\/p>\n\n\n\n<hr class=\"wp-block-separator has-css-opacity\"\/>\n\n\n\n<h2 class=\"wp-block-heading\"><strong>Tennispl\u00e4tze A.T.O.S. <\/strong><\/h2>\n\n\n\n<p><\/p>\n\n\n<div class=\"wp-block-image\">\n<figure class=\"aligncenter size-large\"><img loading=\"lazy\" decoding=\"async\" width=\"1421\" height=\"1066\" src=\"http:\/\/vrnjackabanja.co.rs\/wp-content\/uploads\/2022\/05\/227386489_958639894929616_6870499672810222037_n-edited.jpg\" alt=\"\" class=\"wp-image-2983\" srcset=\"https:\/\/vrnjackabanja.co.rs\/wp-content\/uploads\/2022\/05\/227386489_958639894929616_6870499672810222037_n-edited.jpg 1421w, https:\/\/vrnjackabanja.co.rs\/wp-content\/uploads\/2022\/05\/227386489_958639894929616_6870499672810222037_n-edited-300x225.jpg 300w, https:\/\/vrnjackabanja.co.rs\/wp-content\/uploads\/2022\/05\/227386489_958639894929616_6870499672810222037_n-edited-1024x768.jpg 1024w, https:\/\/vrnjackabanja.co.rs\/wp-content\/uploads\/2022\/05\/227386489_958639894929616_6870499672810222037_n-edited-768x576.jpg 768w\" sizes=\"auto, (max-width: 1421px) 100vw, 1421px\" \/><\/figure>\n<\/div>\n\n\n<p>Tennispl\u00e4tze A.T.O.S. befinden sich im Kurpark neben dem Japanischen Garten.<\/p>\n\n\n\n<p><a href=\"https:\/\/www.facebook.com\/pg\/Teniski-Klub-ATOS-Vrnjacka-banja-169856823807931\/posts\/\">https:\/\/www.facebook.com\/pg\/Teniski-Klub-ATOS-Vrnjacka-banja-169856823807931\/posts\/<\/a><\/p>\n\n\n\n<hr class=\"wp-block-separator has-css-opacity\"\/>\n","protected":false},"excerpt":{"rendered":"<p>Das Sportzentrum ist eine Einrichtung, die alle wichtigsten Sportanlagen in Vrnja\u010dka Banja, dem ber\u00fchmtesten Kurort Serbiens, verwaltet. Neben dieser T\u00e4tigkeit besch\u00e4ftigt sich das Sportzentrum auch mit der Organisation von Sportveranstaltungen [&hellip;]<\/p>\n","protected":false},"author":1,"featured_media":3392,"parent":0,"menu_order":0,"comment_status":"closed","ping_status":"closed","template":"","meta":{"_acf_changed":false,"footnotes":""},"class_list":["post-3513","page","type-page","status-publish","has-post-thumbnail","hentry"],"acf":[],"_links":{"self":[{"href":"https:\/\/vrnjackabanja.co.rs\/de\/wp-json\/wp\/v2\/pages\/3513","targetHints":{"allow":["GET"]}}],"collection":[{"href":"https:\/\/vrnjackabanja.co.rs\/de\/wp-json\/wp\/v2\/pages"}],"about":[{"href":"https:\/\/vrnjackabanja.co.rs\/de\/wp-json\/wp\/v2\/types\/page"}],"author":[{"embeddable":true,"href":"https:\/\/vrnjackabanja.co.rs\/de\/wp-json\/wp\/v2\/users\/1"}],"replies":[{"embeddable":true,"href":"https:\/\/vrnjackabanja.co.rs\/de\/wp-json\/wp\/v2\/comments?post=3513"}],"version-history":[{"count":5,"href":"https:\/\/vrnjackabanja.co.rs\/de\/wp-json\/wp\/v2\/pages\/3513\/revisions"}],"predecessor-version":[{"id":9308,"href":"https:\/\/vrnjackabanja.co.rs\/de\/wp-json\/wp\/v2\/pages\/3513\/revisions\/9308"}],"wp:featuredmedia":[{"embeddable":true,"href":"https:\/\/vrnjackabanja.co.rs\/de\/wp-json\/wp\/v2\/media\/3392"}],"wp:attachment":[{"href":"https:\/\/vrnjackabanja.co.rs\/de\/wp-json\/wp\/v2\/media?parent=3513"}],"curies":[{"name":"wp","href":"https:\/\/api.w.org\/{rel}","templated":true}]}}