{"id":3499,"date":"2022-01-18T12:33:32","date_gmt":"2022-01-18T11:33:32","guid":{"rendered":"http:\/\/vrnjackabanja.co.rs\/avanturisticki-centar\/"},"modified":"2022-12-20T13:03:42","modified_gmt":"2022-12-20T12:03:42","slug":"abenteuerzentrum","status":"publish","type":"page","link":"https:\/\/vrnjackabanja.co.rs\/de\/abenteuerzentrum\/","title":{"rendered":"Familienabenteuer"},"content":{"rendered":"\n<h2 class=\"wp-block-heading\" id=\"o-nama\"><\/h2>\n\n\n\n<p>Das Familienabenteuer breites Spektrum an Rekreations- und Abenteueraktivit\u00e4ten \u00fcberall in Serbien anbietet und die innerhalb k\u00fcrzester Zeit durch ihre gute Arbeit zu einer der bekanntesten Organisationen dieses Typs, in der Region geworden ist.<\/p>\n\n\n\n<p><\/p>\n\n\n\n<figure class=\"wp-block-image size-large\"><img loading=\"lazy\" decoding=\"async\" width=\"1024\" height=\"683\" src=\"https:\/\/vrnjackabanja.co.rs\/wp-content\/uploads\/2022\/02\/DSC_8005-58-scaled-1-1024x683.jpg\" alt=\"\" class=\"wp-image-1047\" srcset=\"https:\/\/vrnjackabanja.co.rs\/wp-content\/uploads\/2022\/02\/DSC_8005-58-scaled-1-1024x683.jpg 1024w, https:\/\/vrnjackabanja.co.rs\/wp-content\/uploads\/2022\/02\/DSC_8005-58-scaled-1-300x200.jpg 300w, https:\/\/vrnjackabanja.co.rs\/wp-content\/uploads\/2022\/02\/DSC_8005-58-scaled-1-768x513.jpg 768w, https:\/\/vrnjackabanja.co.rs\/wp-content\/uploads\/2022\/02\/DSC_8005-58-scaled-1-1536x1025.jpg 1536w, https:\/\/vrnjackabanja.co.rs\/wp-content\/uploads\/2022\/02\/DSC_8005-58-scaled-1.jpg 1798w\" sizes=\"auto, (max-width: 1024px) 100vw, 1024px\" \/><\/figure>\n\n\n\n<p>Zus\u00e4tzlich zum einzigartigen Angebot des kooperativen Tourismus verbinden wir Erholung mit Bildungsangeboten und neuen Ausbildungsarten in einer v\u00f6llig neuen Umgebung. Wir bieten unseren G\u00e4sten eine unvergessliche Erfahrung, die sie lange in Erinnerung behalten werden und deren Erholungseffekte sie auch sp\u00e4ter im Arbeitsumfeld sp\u00fcren werden.<\/p>\n\n\n\n<p>Das Familienabenteuer besch\u00e4ftigt Fachkr\u00e4fte auf diesem Gebiet, sowohl Sportlehrer als auch G\u00e4stef\u00fchrer, die die Natur, in der Sie sich bewegen, bestens kennen. Wir sind da, um Ihnen zu helfen, sich auf richtige Art und Weise zu erholen, \u00fcber die Natur und mit atemberaubenden Aktivit\u00e4ten wieder zu sich selbst zu finden, sich vom Stress zu befreien sowie neue Erfahrungen, Abenteuer und unvergessliche Erinnerungen zu sammeln.<\/p>\n\n\n\n<p>Unser Team besteht aus Leuten, die speziell f\u00fcr extreme Sportarten, Rekreation und Aktivit\u00e4ten in der Natur ausgebildet sind.<\/p>\n\n\n\n<p>Aktivit\u00e4ten:<\/p>\n\n\n\n<h2 class=\"wp-block-heading\"><strong><strong>Quad-Touren<\/strong><\/strong><\/h2>\n\n\n\n<p><\/p>\n\n\n\n<figure class=\"wp-block-image size-large\"><img loading=\"lazy\" decoding=\"async\" width=\"1024\" height=\"485\" src=\"https:\/\/vrnjackabanja.co.rs\/wp-content\/uploads\/2022\/02\/IMG-b4a83c4a867a770075592cc9e0ed5e05-V-1-1024x485.jpg\" alt=\"\" class=\"wp-image-1717\" srcset=\"https:\/\/vrnjackabanja.co.rs\/wp-content\/uploads\/2022\/02\/IMG-b4a83c4a867a770075592cc9e0ed5e05-V-1-1024x485.jpg 1024w, https:\/\/vrnjackabanja.co.rs\/wp-content\/uploads\/2022\/02\/IMG-b4a83c4a867a770075592cc9e0ed5e05-V-1-300x142.jpg 300w, https:\/\/vrnjackabanja.co.rs\/wp-content\/uploads\/2022\/02\/IMG-b4a83c4a867a770075592cc9e0ed5e05-V-1-768x364.jpg 768w, https:\/\/vrnjackabanja.co.rs\/wp-content\/uploads\/2022\/02\/IMG-b4a83c4a867a770075592cc9e0ed5e05-V-1-1536x728.jpg 1536w, https:\/\/vrnjackabanja.co.rs\/wp-content\/uploads\/2022\/02\/IMG-b4a83c4a867a770075592cc9e0ed5e05-V-1.jpg 1600w\" sizes=\"auto, (max-width: 1024px) 100vw, 1024px\" \/><\/figure>\n\n\n\n<p><\/p>\n\n\n\n<p>Erleben sie ein unvergessliches Abenteuer einer Adrenalinfahrt mit Vierr\u00e4dern, ATV- Fahrzeugen, auf den Waldwegen des Berges Go\u010d. An der Bergluft werden Sie die Fahrt sowohl durch die Nadel- und Laubbaumw\u00e4lder als auch neben den unwiderstehlichen Blaubeer- und Wald-Erdbeerfeldern genie\u00dfen, und das alles mit einer sch\u00f6nen Aussicht auf atemberaubende Landschaften der unber\u00fchrten Natur.<\/p>\n\n\n\n<p>Unsere Quad-Touren umfassen die Besichtigung aller touristischen Attraktionen des Berges Go\u010d, den h\u00f6chsten Gipfel \u2013 Krst (Kreuz) (1123 m), den See \u201cSeliste\u201c, die Bergfl\u00fcsse und einige Aussichtspunkte, von denen sie einen herrlichen Blick auf Vrnja\u010dka Banja und die Umgebung haben. Die Fahrten werden von ausgebildeten G\u00e4stef\u00fchrern durchgef\u00fchrt, die Ihnen eine kurze Einf\u00fchrung geben, wie sie mit den Quads fahren sollen, falls sie es n\u00f6tig haben. Die Quads sind leicht zu fahren (Automatik) und sind f\u00fcr eine angenehme Fahrt zu zweit vorgesehen.&nbsp;<\/p>\n\n\n\n<hr class=\"wp-block-separator has-css-opacity\"\/>\n\n\n\n<p><strong>Zu den Quad-Touren kann auch ein Picknick organisiert werden.<\/strong><\/p>\n\n\n\n<p>Das Picknick beinhaltet folgendes: HausgemachtenTee mit Bergkr\u00e4utern, t\u00fcrkischen Kaffee, hausgemachte S\u00e4fte (Saft aus verschiedenen Fr\u00fcchten, Holunderbl\u00fctensaft\u2026), Walnuss \u2013 Schnaps, Snacks (Kleine Sandwiches, Canapes, Serbische Pita), hausgemachte Kuchen, saisonale Waldfr\u00fcchte vom Berg Goc (Walderdbeeren und -brombeeren.)<\/p>\n\n\n\n<h2 class=\"wp-block-heading\"><strong><strong>Bogenschie\u00dfen<\/strong><\/strong><\/h2>\n\n\n\n<p><\/p>\n\n\n\n<figure class=\"wp-block-image size-large\"><img loading=\"lazy\" decoding=\"async\" width=\"1024\" height=\"684\" src=\"https:\/\/vrnjackabanja.co.rs\/wp-content\/uploads\/2022\/02\/IMG-c37449d171893d021f996cf4ed51dce0-V-2-1024x684.jpg\" alt=\"\" class=\"wp-image-1718\" srcset=\"https:\/\/vrnjackabanja.co.rs\/wp-content\/uploads\/2022\/02\/IMG-c37449d171893d021f996cf4ed51dce0-V-2-1024x684.jpg 1024w, https:\/\/vrnjackabanja.co.rs\/wp-content\/uploads\/2022\/02\/IMG-c37449d171893d021f996cf4ed51dce0-V-2-300x200.jpg 300w, https:\/\/vrnjackabanja.co.rs\/wp-content\/uploads\/2022\/02\/IMG-c37449d171893d021f996cf4ed51dce0-V-2-768x513.jpg 768w, https:\/\/vrnjackabanja.co.rs\/wp-content\/uploads\/2022\/02\/IMG-c37449d171893d021f996cf4ed51dce0-V-2-1536x1025.jpg 1536w, https:\/\/vrnjackabanja.co.rs\/wp-content\/uploads\/2022\/02\/IMG-c37449d171893d021f996cf4ed51dce0-V-2.jpg 1600w\" sizes=\"auto, (max-width: 1024px) 100vw, 1024px\" \/><\/figure>\n\n\n\n<p><\/p>\n\n\n\n<p>Falls Sie einen k\u00e4mpferischen Geist besitzen, und ihre eigenen Grenzen austesten m\u00f6chten, Spa\u00df haben und neue Talente entdecken wollen, dann ist das Bogenschie\u00dfen die richtige Aktivit\u00e4t f\u00fcr Sie.<\/p>\n\n\n\n<p>Bogenschie\u00dfen ist eine Sportart f\u00fcr alle Generationen, die Ihnen unvergessliche Momente, die Sie mit der Familie und lieben Menschen in der Natur verbringen, garantiert.<\/p>\n\n\n\n<p>Testen sie sich selbst und Ihre Fertigkeit Bogenschie\u00dfen mit Hilfe unserer Instruktoren f\u00fcr Bogenschie\u00dfen, und zwar an der Kurortluft und in der Sonne, umgeben von der herrlichen Natur! Der \u00dcbungsplatz befindet sich im Park, neben dem Musikpavillon.<\/p>\n\n\n\n<p><\/p>\n\n\n\n<h2 class=\"wp-block-heading\"><strong>Rent a bike<\/strong><\/h2>\n\n\n\n<p><\/p>\n\n\n\n<figure class=\"wp-block-image size-large\"><img loading=\"lazy\" decoding=\"async\" width=\"1024\" height=\"768\" src=\"https:\/\/vrnjackabanja.co.rs\/wp-content\/uploads\/2022\/02\/IMG-e1725659a616c7cd6037643dd774758b-V-1024x768.jpg\" alt=\"\" class=\"wp-image-1719\" srcset=\"https:\/\/vrnjackabanja.co.rs\/wp-content\/uploads\/2022\/02\/IMG-e1725659a616c7cd6037643dd774758b-V-1024x768.jpg 1024w, https:\/\/vrnjackabanja.co.rs\/wp-content\/uploads\/2022\/02\/IMG-e1725659a616c7cd6037643dd774758b-V-300x225.jpg 300w, https:\/\/vrnjackabanja.co.rs\/wp-content\/uploads\/2022\/02\/IMG-e1725659a616c7cd6037643dd774758b-V-768x576.jpg 768w, https:\/\/vrnjackabanja.co.rs\/wp-content\/uploads\/2022\/02\/IMG-e1725659a616c7cd6037643dd774758b-V-1536x1152.jpg 1536w, https:\/\/vrnjackabanja.co.rs\/wp-content\/uploads\/2022\/02\/IMG-e1725659a616c7cd6037643dd774758b-V.jpg 1600w\" sizes=\"auto, (max-width: 1024px) 100vw, 1024px\" \/><\/figure>\n\n\n\n<p><\/p>\n\n\n\n<p>Radfahren durch den Kurort garantiert Ihnen ein genussvolles Radfahren, weil Sie aktiv sind, die Natur genie\u00dfen und sehr leicht alle Sehensw\u00fcrdigkeiten des Kurortes erreichen k\u00f6nnen. Unser Angebot besteht aus unterschiedlichen Fahrradtypen (Kinderfahrr\u00e4der, Junior-Fahrr\u00e4der, Citybikes, Trekkingr\u00e4der, Mountainbikes, Quadricycles, Kinderrikscha).<\/p>\n\n\n\n<p>Wir sind ein stolzer Partner der Firma \u201cDoo Capriolo\u201d, die von Jahr zu Jahr ihre Standards erh\u00f6ht und mit ihrer Qualit\u00e4t, auch die W\u00fcnsche der anspruchsvollsten Kunden erf\u00fcllt.<\/p>\n\n\n\n<p>Die Stelle, wo man die Fahrr\u00e4der ausleihen kann, befindet sich am Anfang der Spazierzone.<\/p>\n\n\n\n<p><\/p>\n\n\n\n<h2 class=\"wp-block-heading\"><strong><strong>Erkundungen zu Fu\u00df<\/strong><\/strong><\/h2>\n\n\n\n<p><\/p>\n\n\n\n<figure class=\"wp-block-image size-large\"><img loading=\"lazy\" decoding=\"async\" width=\"1024\" height=\"768\" src=\"https:\/\/vrnjackabanja.co.rs\/wp-content\/uploads\/2022\/02\/20190816_120128-scaled-1-1024x768.jpg\" alt=\"\" class=\"wp-image-1720\" srcset=\"https:\/\/vrnjackabanja.co.rs\/wp-content\/uploads\/2022\/02\/20190816_120128-scaled-1-1024x768.jpg 1024w, https:\/\/vrnjackabanja.co.rs\/wp-content\/uploads\/2022\/02\/20190816_120128-scaled-1-300x225.jpg 300w, https:\/\/vrnjackabanja.co.rs\/wp-content\/uploads\/2022\/02\/20190816_120128-scaled-1-768x576.jpg 768w, https:\/\/vrnjackabanja.co.rs\/wp-content\/uploads\/2022\/02\/20190816_120128-scaled-1-1536x1152.jpg 1536w, https:\/\/vrnjackabanja.co.rs\/wp-content\/uploads\/2022\/02\/20190816_120128-scaled-1.jpg 1600w\" sizes=\"auto, (max-width: 1024px) 100vw, 1024px\" \/><\/figure>\n\n\n\n<p><\/p>\n\n\n\n<p>Vrnjacka Banja ist einer der am meisten besuchten und bekanntesten Kurorte Serbiens, der mit seinem reichen touristischen Angebot und der atemberaubenden Natur, immer mehr G\u00e4ste aus dem In- und Ausland begeistert. Neben einer langen Behandlungstradition bietet Vrnjacka Banja allen G\u00e4sten, die sich nach Abenteuern und einem unvergesslichen Urlaub sehnen, auch einen spannenden und aktiven Urlaub.<\/p>\n\n\n\n<p>Auf unseren gef\u00fchrten Spazierg\u00e4ngen werden alle Sehensw\u00fcrdigkeiten von Vrnja\u010dka Banja besichtigt (die Liebesbr\u00fccke, die Statue des bekannten serbischen Schauspielers Dragan Nikoli\u0107, das Kulturschloss, die Mineralwasserquellen, das Amphitheater \u201cDanilo Bata Stojkovi\u0107\u201d,\u2026.).<\/p>\n\n\n\n<p>Neben unserem Programm \u201c Mit dem Fahrrad durch den Kurort\u201d und dem Orientierungslauf veranstalten wir auch Erkundungen zu Fu\u00df.<\/p>\n\n\n\n<p>Der G\u00e4stef\u00fchrer wartet&nbsp; auf die Teilnehmer vor dem Hotel \/ Apartment, wo die Erkundung zu Fu\u00df beginnt. R\u00fcckkehr ins Hotel. Wir organisieren auch Wanderungen auf den Berg Go\u010d, der sich in der unmittelbaren N\u00e4he von Vrnja\u010dka Banja befindet.<\/p>\n\n\n\n<p>W\u00e4hrend der Wanderung werden Attraktionen des Berges Go\u010d, wie z. B. der See \u201cSeli\u0161te\u201c und der sch\u00f6nste Aussichtspunkt, von dem Sie einen herrlichen Blick auf Vrnja\u010dka Banja und einige Berge (Rtanj, Jastrebac, Stolovi\u2026) haben, besucht. Diese Wandertour ist 10km lang.<\/p>\n\n\n\n<p><\/p>\n\n\n\n<h2 class=\"wp-block-heading\"><strong><strong>Das Programm \u201c Mit dem Fahrrad durch Vrnja\u010dka Banja\u201d<\/strong><\/strong><\/h2>\n\n\n\n<p><\/p>\n\n\n\n<figure class=\"wp-block-image size-large\"><img loading=\"lazy\" decoding=\"async\" width=\"1024\" height=\"684\" src=\"https:\/\/vrnjackabanja.co.rs\/wp-content\/uploads\/2022\/02\/IMG-3122119bd03f553e7261e109278ce642-V-1024x684.jpg\" alt=\"\" class=\"wp-image-1721\" srcset=\"https:\/\/vrnjackabanja.co.rs\/wp-content\/uploads\/2022\/02\/IMG-3122119bd03f553e7261e109278ce642-V-1024x684.jpg 1024w, https:\/\/vrnjackabanja.co.rs\/wp-content\/uploads\/2022\/02\/IMG-3122119bd03f553e7261e109278ce642-V-300x200.jpg 300w, https:\/\/vrnjackabanja.co.rs\/wp-content\/uploads\/2022\/02\/IMG-3122119bd03f553e7261e109278ce642-V-768x513.jpg 768w, https:\/\/vrnjackabanja.co.rs\/wp-content\/uploads\/2022\/02\/IMG-3122119bd03f553e7261e109278ce642-V-1536x1025.jpg 1536w, https:\/\/vrnjackabanja.co.rs\/wp-content\/uploads\/2022\/02\/IMG-3122119bd03f553e7261e109278ce642-V.jpg 1600w\" sizes=\"auto, (max-width: 1024px) 100vw, 1024px\" \/><\/figure>\n\n\n\n<p><\/p>\n\n\n\n<p>Neben der Erkundung zu Fu\u00df und dem Orientierungslauf, haben Sie die M\u00f6glichkeit Vrnja\u010dka Banja auf eine andere, interessantere Art und Weise, mit dem Fahrrad kennen zu lernen.<\/p>\n\n\n\n<p>Wir beginnen an der <strong>Rent A Bike-<\/strong>Stelle. Der G\u00e4stef\u00fchrer wartet vor dem Hotel \/ Apartment auf die Teilnehmer&nbsp; und bringt sie zur Stelle, wo die Erkundung mit dem Fahrrad beginnt,<br>R\u00fcckkehr ins Hotel.<\/p>\n\n\n\n<p><\/p>\n\n\n\n<figure class=\"wp-block-image size-large\"><img loading=\"lazy\" decoding=\"async\" width=\"1024\" height=\"684\" src=\"https:\/\/vrnjackabanja.co.rs\/wp-content\/uploads\/2022\/02\/IMG-45c3ceef1c1ec6bec5a2a382622e1367-V-1024x684.jpg\" alt=\"\" class=\"wp-image-1724\" srcset=\"https:\/\/vrnjackabanja.co.rs\/wp-content\/uploads\/2022\/02\/IMG-45c3ceef1c1ec6bec5a2a382622e1367-V-1024x684.jpg 1024w, https:\/\/vrnjackabanja.co.rs\/wp-content\/uploads\/2022\/02\/IMG-45c3ceef1c1ec6bec5a2a382622e1367-V-300x200.jpg 300w, https:\/\/vrnjackabanja.co.rs\/wp-content\/uploads\/2022\/02\/IMG-45c3ceef1c1ec6bec5a2a382622e1367-V-768x513.jpg 768w, https:\/\/vrnjackabanja.co.rs\/wp-content\/uploads\/2022\/02\/IMG-45c3ceef1c1ec6bec5a2a382622e1367-V-1536x1025.jpg 1536w, https:\/\/vrnjackabanja.co.rs\/wp-content\/uploads\/2022\/02\/IMG-45c3ceef1c1ec6bec5a2a382622e1367-V.jpg 1600w\" sizes=\"auto, (max-width: 1024px) 100vw, 1024px\" \/><\/figure>\n\n\n\n<p><\/p>\n\n\n\n<h2 class=\"wp-block-heading\"><strong><strong>Orientierungslauf<\/strong><\/strong><\/h2>\n\n\n\n<p><\/p>\n\n\n\n<figure class=\"wp-block-image size-large\"><img loading=\"lazy\" decoding=\"async\" width=\"1024\" height=\"768\" src=\"https:\/\/vrnjackabanja.co.rs\/wp-content\/uploads\/2022\/02\/IMG-e125a7aded8706be8e32e98c7b41e3e9-V-1024x768.jpg\" alt=\"\" class=\"wp-image-1722\" srcset=\"https:\/\/vrnjackabanja.co.rs\/wp-content\/uploads\/2022\/02\/IMG-e125a7aded8706be8e32e98c7b41e3e9-V-1024x768.jpg 1024w, https:\/\/vrnjackabanja.co.rs\/wp-content\/uploads\/2022\/02\/IMG-e125a7aded8706be8e32e98c7b41e3e9-V-300x225.jpg 300w, https:\/\/vrnjackabanja.co.rs\/wp-content\/uploads\/2022\/02\/IMG-e125a7aded8706be8e32e98c7b41e3e9-V-768x576.jpg 768w, https:\/\/vrnjackabanja.co.rs\/wp-content\/uploads\/2022\/02\/IMG-e125a7aded8706be8e32e98c7b41e3e9-V-1536x1152.jpg 1536w, https:\/\/vrnjackabanja.co.rs\/wp-content\/uploads\/2022\/02\/IMG-e125a7aded8706be8e32e98c7b41e3e9-V.jpg 1600w\" sizes=\"auto, (max-width: 1024px) 100vw, 1024px\" \/><\/figure>\n\n\n\n<p><\/p>\n\n\n\n<p>F\u00fcr alle G\u00e4ste, die Herausforderungen lieben, einen k\u00e4mpferischen Geist besitzen und ihre Orientierungsf\u00e4higkeiten in der Natur \u00fcberpr\u00fcfen wollen, ist Orientierungslauf wie geschaffen.<\/p>\n\n\n\n<p>Indem man interessante Aufgaben l\u00f6st, werden die Sehensw\u00fcrdigkeiten von Vrnja\u010dka Banja erkundet.<\/p>\n\n\n\n<p><\/p>\n\n\n\n<h2 class=\"wp-block-heading\"><strong><strong>Picknick\/Mittagessen in der Natur<\/strong><\/strong><\/h2>\n\n\n\n<p><\/p>\n\n\n\n<figure class=\"wp-block-image size-large\"><img loading=\"lazy\" decoding=\"async\" width=\"1024\" height=\"683\" src=\"https:\/\/vrnjackabanja.co.rs\/wp-content\/uploads\/2022\/02\/viber_image_2021-06-19_18-33-08-1024x683.jpg\" alt=\"\" class=\"wp-image-1723\" srcset=\"https:\/\/vrnjackabanja.co.rs\/wp-content\/uploads\/2022\/02\/viber_image_2021-06-19_18-33-08-1024x683.jpg 1024w, https:\/\/vrnjackabanja.co.rs\/wp-content\/uploads\/2022\/02\/viber_image_2021-06-19_18-33-08-300x200.jpg 300w, https:\/\/vrnjackabanja.co.rs\/wp-content\/uploads\/2022\/02\/viber_image_2021-06-19_18-33-08-768x512.jpg 768w, https:\/\/vrnjackabanja.co.rs\/wp-content\/uploads\/2022\/02\/viber_image_2021-06-19_18-33-08-1536x1024.jpg 1536w, https:\/\/vrnjackabanja.co.rs\/wp-content\/uploads\/2022\/02\/viber_image_2021-06-19_18-33-08.jpg 1600w\" sizes=\"auto, (max-width: 1024px) 100vw, 1024px\" \/><\/figure>\n\n\n\n<p><\/p>\n\n\n\n<p>In Kombination mit sportlichen Aktivit\u00e4ten und Rekreation k\u00f6nnen sich unsere G\u00e4ste auf dem Berg Go\u010d, in der Natur entspannen und zwar indem sie auf den Liegest\u00fchlen liegen, oder auf einem Sitzsack entspannt sitzen und dabei Musik zum Chillen h\u00f6ren und das Essen ihrer Wahl genie\u00dfen.<\/p>\n\n\n\n<p class=\"has-small-font-size\"><strong><strong>PICKNICK AM SEE<\/strong><\/strong><\/p>\n\n\n\n<p>Am See werden Picknicksorganisiert (hausgemachter Tee mit Bergkr\u00e4utern, t\u00fcrkischer Kaffee, hausgemachte S\u00e4fte (Saft aus verschiedenen Fr\u00fcchten, Holunderbl\u00fctensaft\u2026), Walnuss \u2013 Schnaps, Snacks (Kleine Sandwiches, Canapes, Serbische Pita\u2026), hausgemachte Kuchen, saisonale Waldfr\u00fcchte vom Berg Go\u010d (Walderdbeeren und -brombeeren.)<\/p>\n\n\n\n<figure class=\"wp-block-image size-large\"><img loading=\"lazy\" decoding=\"async\" width=\"1024\" height=\"768\" src=\"https:\/\/vrnjackabanja.co.rs\/wp-content\/uploads\/2022\/02\/viber_image_2021-06-19_17-51-56-048-1024x768.jpg\" alt=\"\" class=\"wp-image-1053\" srcset=\"https:\/\/vrnjackabanja.co.rs\/wp-content\/uploads\/2022\/02\/viber_image_2021-06-19_17-51-56-048-1024x768.jpg 1024w, https:\/\/vrnjackabanja.co.rs\/wp-content\/uploads\/2022\/02\/viber_image_2021-06-19_17-51-56-048-300x225.jpg 300w, https:\/\/vrnjackabanja.co.rs\/wp-content\/uploads\/2022\/02\/viber_image_2021-06-19_17-51-56-048-768x576.jpg 768w, https:\/\/vrnjackabanja.co.rs\/wp-content\/uploads\/2022\/02\/viber_image_2021-06-19_17-51-56-048-1536x1152.jpg 1536w, https:\/\/vrnjackabanja.co.rs\/wp-content\/uploads\/2022\/02\/viber_image_2021-06-19_17-51-56-048.jpg 1600w\" sizes=\"auto, (max-width: 1024px) 100vw, 1024px\" \/><\/figure>\n\n\n\n<p><strong>MITTAGESSEN IN DER NATUR<\/strong><\/p>\n\n\n\n<p>Am See wird auch das Mittagessen organisiert (Hausgemachter Tee mit Bergkr\u00e4utern, t\u00fcrkischer Kaffee, hausgemachte S\u00e4fte (Saft aus verschiedenen Fr\u00fcchten, Holunderbl\u00fctensaft\u2026), Walnuss \u2013 Schnaps, Mittagessen (Fleisch vom Grill, Krautsalat, Brot), hausgemachte Kuchen, saisonale Waldfr\u00fcchte vom Berg Go\u010d (Walderdbeeren und -brombeeren).<\/p>\n\n\n\n<p>Das Essen in der Natur ist ein Bestandteil der Teambildungs-Aktivit\u00e4ten. Es wird aber auch f\u00fcr kleinere Gruppen (min. 6 Personen) organisiert. Man kann sich dabei f\u00fcr eine oder mehrere sportliche Aktivit\u00e4ten auf dem Berg Go\u010d entscheiden (Wanderung, Bogenschie\u00dfen, Quad \u2013 Tour).<\/p>\n\n\n\n<p><\/p>\n\n\n\n<h2 class=\"wp-block-heading\"><strong><strong>Abenteuerpark<\/strong><\/strong><\/h2>\n\n\n\n<p><\/p>\n\n\n\n<figure class=\"wp-block-image size-full\"><img loading=\"lazy\" decoding=\"async\" width=\"960\" height=\"641\" src=\"https:\/\/vrnjackabanja.co.rs\/wp-content\/uploads\/2022\/02\/218545125_340533311038621_844333002732885745_n.jpg\" alt=\"\" class=\"wp-image-1046\" srcset=\"https:\/\/vrnjackabanja.co.rs\/wp-content\/uploads\/2022\/02\/218545125_340533311038621_844333002732885745_n.jpg 960w, https:\/\/vrnjackabanja.co.rs\/wp-content\/uploads\/2022\/02\/218545125_340533311038621_844333002732885745_n-300x200.jpg 300w, https:\/\/vrnjackabanja.co.rs\/wp-content\/uploads\/2022\/02\/218545125_340533311038621_844333002732885745_n-768x513.jpg 768w\" sizes=\"auto, (max-width: 960px) 100vw, 960px\" \/><\/figure>\n\n\n\n<p><\/p>\n\n\n\n<p>Erleben Sie unvergessliches Abenteuer in unserem Abenteuerpark, der sich im Park, neben dem Musikpavillon befindet. Der Abenteuerpark ist mit 9 interessanten Hindernissen ausgestattet, die Ihren K\u00f6rper aktivieren und Ihre Konzentration st\u00e4rken werden. Sie werden dabei auch Spa\u00df haben. Ihnen stehen auch professionelle Sicherheitsausr\u00fcstung&nbsp; und zertifizierte Guides zur Verf\u00fcgung, damit Sie die Zeit in unserem Abenteuerpark genie\u00dfen und dabei auch sicher sind.<\/p>\n\n\n\n<p>Den Abenteuerpark kann jeder, der Lust dazu hat, besuchen und auch Kinder ab einer K\u00f6rpergr\u00f6\u00dfe von 115 cm. F\u00fcr Kinder, die kleiner sind, ist die immer popul\u00e4r werdendeSeilrutsche da.<br><\/p>\n\n\n\n<figure class=\"wp-block-image size-full\"><img loading=\"lazy\" decoding=\"async\" width=\"960\" height=\"641\" src=\"https:\/\/vrnjackabanja.co.rs\/wp-content\/uploads\/2022\/02\/218264561_340534051038547_2836552487844268639_n.jpg\" alt=\"\" class=\"wp-image-1049\" srcset=\"https:\/\/vrnjackabanja.co.rs\/wp-content\/uploads\/2022\/02\/218264561_340534051038547_2836552487844268639_n.jpg 960w, https:\/\/vrnjackabanja.co.rs\/wp-content\/uploads\/2022\/02\/218264561_340534051038547_2836552487844268639_n-300x200.jpg 300w, https:\/\/vrnjackabanja.co.rs\/wp-content\/uploads\/2022\/02\/218264561_340534051038547_2836552487844268639_n-768x513.jpg 768w\" sizes=\"auto, (max-width: 960px) 100vw, 960px\" \/><\/figure>\n\n\n\n<p><\/p>\n\n\n\n<figure class=\"wp-block-embed is-type-wp-embed is-provider-avanturisticki-centar wp-block-embed-avanturisticki-centar\"><div class=\"wp-block-embed__wrapper\">\n<blockquote class=\"wp-embedded-content\" data-secret=\"l0lRtdD2ek\"><a href=\"https:\/\/www.avanturistickicentar.com\/\">Naslovna<\/a><\/blockquote><iframe loading=\"lazy\" class=\"wp-embedded-content\" sandbox=\"allow-scripts\" security=\"restricted\" style=\"position: absolute; clip: rect(1px, 1px, 1px, 1px);\" title=\"&#8220;Naslovna&#8221; &#8212; Family adventure\" src=\"https:\/\/www.avanturistickicentar.com\/embed\/#?secret=iQrnmAV5UM#?secret=l0lRtdD2ek\" data-secret=\"l0lRtdD2ek\" width=\"500\" height=\"282\" frameborder=\"0\" marginwidth=\"0\" marginheight=\"0\" scrolling=\"no\"><\/iframe>\n<\/div><\/figure>\n","protected":false},"excerpt":{"rendered":"<p>Das Familienabenteuer breites Spektrum an Rekreations- und Abenteueraktivit\u00e4ten \u00fcberall in Serbien anbietet und die innerhalb k\u00fcrzester Zeit durch ihre gute Arbeit zu einer der bekanntesten Organisationen dieses Typs, in der [&hellip;]<\/p>\n","protected":false},"author":1,"featured_media":9138,"parent":0,"menu_order":0,"comment_status":"closed","ping_status":"closed","template":"","meta":{"_acf_changed":false,"footnotes":""},"class_list":["post-3499","page","type-page","status-publish","has-post-thumbnail","hentry"],"acf":[],"_links":{"self":[{"href":"https:\/\/vrnjackabanja.co.rs\/de\/wp-json\/wp\/v2\/pages\/3499","targetHints":{"allow":["GET"]}}],"collection":[{"href":"https:\/\/vrnjackabanja.co.rs\/de\/wp-json\/wp\/v2\/pages"}],"about":[{"href":"https:\/\/vrnjackabanja.co.rs\/de\/wp-json\/wp\/v2\/types\/page"}],"author":[{"embeddable":true,"href":"https:\/\/vrnjackabanja.co.rs\/de\/wp-json\/wp\/v2\/users\/1"}],"replies":[{"embeddable":true,"href":"https:\/\/vrnjackabanja.co.rs\/de\/wp-json\/wp\/v2\/comments?post=3499"}],"version-history":[{"count":5,"href":"https:\/\/vrnjackabanja.co.rs\/de\/wp-json\/wp\/v2\/pages\/3499\/revisions"}],"predecessor-version":[{"id":9962,"href":"https:\/\/vrnjackabanja.co.rs\/de\/wp-json\/wp\/v2\/pages\/3499\/revisions\/9962"}],"wp:featuredmedia":[{"embeddable":true,"href":"https:\/\/vrnjackabanja.co.rs\/de\/wp-json\/wp\/v2\/media\/9138"}],"wp:attachment":[{"href":"https:\/\/vrnjackabanja.co.rs\/de\/wp-json\/wp\/v2\/media?parent=3499"}],"curies":[{"name":"wp","href":"https:\/\/api.w.org\/{rel}","templated":true}]}}