{"id":3479,"date":"2022-01-18T12:35:08","date_gmt":"2022-01-18T11:35:08","guid":{"rendered":"http:\/\/vrnjackabanja.co.rs\/zatvoreni-bazeni\/"},"modified":"2022-06-09T13:27:42","modified_gmt":"2022-06-09T11:27:42","slug":"hallenbader","status":"publish","type":"page","link":"https:\/\/vrnjackabanja.co.rs\/de\/hallenbader\/","title":{"rendered":"Hallenb\u00e4der"},"content":{"rendered":"\n<p>Die Hallenb\u00e4der in den Hotels von Vrnja\u010dka banja bieten das ganze Jahr die M\u00f6glichkeit zum Schwimmen. In der Sommersaison sind viele Freib\u00e4der ein Ort, an dem sich Kinder, Jugendliche und G\u00e4ste von Vrnja\u010dka Banja am liebsten versammeln.<\/p>\n\n\n\n<h1 class=\"has-text-align-center has-medium-font-size wp-block-heading\"><strong>Schwimmbad im Hotel Breza<\/strong><\/h1>\n\n\n\n<p><\/p>\n\n\n\n<p>Das Schwimmbad ist f\u00fcr Hotelg\u00e4ste und Kinder bis 7 Jahre kostenlos, andere k\u00f6nnen es gegen Geb\u00fchr genie\u00dfen.<\/p>\n\n\n\n<figure class=\"wp-block-image size-large\"><img loading=\"lazy\" decoding=\"async\" width=\"1024\" height=\"576\" src=\"http:\/\/vrnjackabanja.co.rs\/wp-content\/uploads\/2022\/02\/maxresdefault-1-1024x576.jpg\" alt=\"\" class=\"wp-image-1745\" srcset=\"https:\/\/vrnjackabanja.co.rs\/wp-content\/uploads\/2022\/02\/maxresdefault-1-1024x576.jpg 1024w, https:\/\/vrnjackabanja.co.rs\/wp-content\/uploads\/2022\/02\/maxresdefault-1-300x169.jpg 300w, https:\/\/vrnjackabanja.co.rs\/wp-content\/uploads\/2022\/02\/maxresdefault-1-768x432.jpg 768w, https:\/\/vrnjackabanja.co.rs\/wp-content\/uploads\/2022\/02\/maxresdefault-1.jpg 1280w\" sizes=\"auto, (max-width: 1024px) 100vw, 1024px\" \/><\/figure>\n\n\n\n<p><\/p>\n\n\n\n<p><\/p>\n\n\n\n<p>Telefonnummer: +381 36 602 144 <\/p>\n\n\n\n<p>Webseite: <a href=\"http:\/\/www.hotelbreza.mod.gov.rs\/sr\/informacije\/bazen#.YgTM0_xdfIV\">http:\/\/www.hotelbreza.mod.gov.rs\/sr\/informacije\/bazen#.YgTM0_xdfIV<\/a><\/p>\n\n\n\n<hr class=\"wp-block-separator has-css-opacity\"\/>\n\n\n\n<p><\/p>\n\n\n\n<h1 class=\"has-text-align-center has-medium-font-size wp-block-heading\" id=\"akva-centar-waterfall\"><strong>SPA-Zentrum\u00a0 \u201cWaterfall\u201d<\/strong><\/h1>\n\n\n\n<p><\/p>\n\n\n\n<p>Die gr\u00f6\u00dfte Freizeit-Spa-Anlage mit Mineralwasser in Vrnja\u010dka Banja<\/p>\n\n\n\n<p>Sp\u00fcren Sie die Auswirkungen aktiver Erholung, Entspannung und Schwimmen im Mineralwasser!<\/p>\n\n\n\n<p>Das SPA-Zentrum ist ein Entspannungs- und Wellnesszentrum in der Hotelanlage<a><\/a>Novi Merkurund umfasst ein gro\u00dfes Schwimmbad mit Thermomineralwasser mit einer Temperatur von 28 \u00b0C, Wellnesseinrichtungen, ein Fitnesszentrum und ein Massagezentrum. Es ist mit den Wohneinheiten durch eine warme Verbindung verbunden, die es den G\u00e4sten erm\u00f6glicht, direkt vom Zimmer aus im Bademanteldiese Wasseroase zu betreten.<\/p>\n\n\n\n<p>\u00fcr die J\u00fcngsten.<\/p>\n\n\n\n<figure class=\"wp-block-image size-large\"><img loading=\"lazy\" decoding=\"async\" width=\"1024\" height=\"683\" src=\"http:\/\/vrnjackabanja.co.rs\/wp-content\/uploads\/2022\/02\/242514033_10159442859036838_920767782071545893_n-1024x683.jpg\" alt=\"\" class=\"wp-image-1238\" srcset=\"https:\/\/vrnjackabanja.co.rs\/wp-content\/uploads\/2022\/02\/242514033_10159442859036838_920767782071545893_n-1024x683.jpg 1024w, https:\/\/vrnjackabanja.co.rs\/wp-content\/uploads\/2022\/02\/242514033_10159442859036838_920767782071545893_n-300x200.jpg 300w, https:\/\/vrnjackabanja.co.rs\/wp-content\/uploads\/2022\/02\/242514033_10159442859036838_920767782071545893_n-768x512.jpg 768w, https:\/\/vrnjackabanja.co.rs\/wp-content\/uploads\/2022\/02\/242514033_10159442859036838_920767782071545893_n-1536x1025.jpg 1536w, https:\/\/vrnjackabanja.co.rs\/wp-content\/uploads\/2022\/02\/242514033_10159442859036838_920767782071545893_n.jpg 1547w\" sizes=\"auto, (max-width: 1024px) 100vw, 1024px\" \/><\/figure>\n\n\n\n<p>Erholung und Entspannung im Mineralwasser<\/p>\n\n\n\n<p>Das Schwimmbeckenim SPA-Zentrum ist das gr\u00f6\u00dfte Schwimmbeckenmit Mineralwasser in Vrnja\u010dka Banja. Es bietet Bade- und Erholungsm\u00f6glichkeiten mit reichhaltigen Zusatzeinrichtungen. Es ist f\u00fcr alle Altersgruppen geeignet und es gibt einen flachen Teil f<\/p>\n\n\n\n<figure class=\"wp-block-gallery has-nested-images columns-default is-cropped wp-block-gallery-1 is-layout-flex wp-block-gallery-is-layout-flex\">\n<figure class=\"wp-block-image size-large\"><img loading=\"lazy\" decoding=\"async\" width=\"1024\" height=\"576\" data-id=\"1235\" src=\"http:\/\/vrnjackabanja.co.rs\/wp-content\/uploads\/2022\/02\/73342449_10157577518936838_285382855784136704_n-1024x576.jpg\" alt=\"\" class=\"wp-image-1235\" srcset=\"https:\/\/vrnjackabanja.co.rs\/wp-content\/uploads\/2022\/02\/73342449_10157577518936838_285382855784136704_n-1024x576.jpg 1024w, https:\/\/vrnjackabanja.co.rs\/wp-content\/uploads\/2022\/02\/73342449_10157577518936838_285382855784136704_n-300x169.jpg 300w, https:\/\/vrnjackabanja.co.rs\/wp-content\/uploads\/2022\/02\/73342449_10157577518936838_285382855784136704_n-768x432.jpg 768w, https:\/\/vrnjackabanja.co.rs\/wp-content\/uploads\/2022\/02\/73342449_10157577518936838_285382855784136704_n.jpg 1280w\" sizes=\"auto, (max-width: 1024px) 100vw, 1024px\" \/><\/figure>\n\n\n\n<figure class=\"wp-block-image size-large\"><img loading=\"lazy\" decoding=\"async\" width=\"1024\" height=\"489\" data-id=\"1236\" src=\"http:\/\/vrnjackabanja.co.rs\/wp-content\/uploads\/2022\/02\/175930786_10159127984836838_8108333342456029081_n-1-1024x489.jpg\" alt=\"\" class=\"wp-image-1236\" srcset=\"https:\/\/vrnjackabanja.co.rs\/wp-content\/uploads\/2022\/02\/175930786_10159127984836838_8108333342456029081_n-1-1024x489.jpg 1024w, https:\/\/vrnjackabanja.co.rs\/wp-content\/uploads\/2022\/02\/175930786_10159127984836838_8108333342456029081_n-1-300x143.jpg 300w, https:\/\/vrnjackabanja.co.rs\/wp-content\/uploads\/2022\/02\/175930786_10159127984836838_8108333342456029081_n-1-768x367.jpg 768w, https:\/\/vrnjackabanja.co.rs\/wp-content\/uploads\/2022\/02\/175930786_10159127984836838_8108333342456029081_n-1-1536x734.jpg 1536w, https:\/\/vrnjackabanja.co.rs\/wp-content\/uploads\/2022\/02\/175930786_10159127984836838_8108333342456029081_n-1.jpg 1860w\" sizes=\"auto, (max-width: 1024px) 100vw, 1024px\" \/><\/figure>\n<\/figure>\n\n\n\n<ul class=\"wp-block-list\"><li>Gro\u00dfes Schwimmbad<\/li><li>Kleines Schwimmbad \u2013 Whirlpool<\/li><li>Unterwassermassage<\/li><li>Geysir<\/li><li>Wasserf\u00e4lle<\/li><li>K\u00f6rperd\u00fcsen<\/li><\/ul>\n\n\n\n<figure class=\"wp-block-gallery has-nested-images columns-default is-cropped wp-block-gallery-2 is-layout-flex wp-block-gallery-is-layout-flex\">\n<figure class=\"wp-block-image size-large\"><img loading=\"lazy\" decoding=\"async\" width=\"1024\" height=\"576\" data-id=\"1232\" src=\"http:\/\/vrnjackabanja.co.rs\/wp-content\/uploads\/2022\/02\/77128580_10157675390716838_7645032728793972736_n-1024x576.jpg\" alt=\"\" class=\"wp-image-1232\" srcset=\"https:\/\/vrnjackabanja.co.rs\/wp-content\/uploads\/2022\/02\/77128580_10157675390716838_7645032728793972736_n-1024x576.jpg 1024w, https:\/\/vrnjackabanja.co.rs\/wp-content\/uploads\/2022\/02\/77128580_10157675390716838_7645032728793972736_n-300x169.jpg 300w, https:\/\/vrnjackabanja.co.rs\/wp-content\/uploads\/2022\/02\/77128580_10157675390716838_7645032728793972736_n-768x432.jpg 768w, https:\/\/vrnjackabanja.co.rs\/wp-content\/uploads\/2022\/02\/77128580_10157675390716838_7645032728793972736_n-1536x864.jpg 1536w, https:\/\/vrnjackabanja.co.rs\/wp-content\/uploads\/2022\/02\/77128580_10157675390716838_7645032728793972736_n.jpg 2048w\" sizes=\"auto, (max-width: 1024px) 100vw, 1024px\" \/><\/figure>\n\n\n\n<figure class=\"wp-block-image size-large\"><img loading=\"lazy\" decoding=\"async\" width=\"1024\" height=\"683\" data-id=\"1233\" src=\"http:\/\/vrnjackabanja.co.rs\/wp-content\/uploads\/2022\/02\/96852305_10158215604051838_5335517513952264192_n-1024x683.jpg\" alt=\"\" class=\"wp-image-1233\" srcset=\"https:\/\/vrnjackabanja.co.rs\/wp-content\/uploads\/2022\/02\/96852305_10158215604051838_5335517513952264192_n-1024x683.jpg 1024w, https:\/\/vrnjackabanja.co.rs\/wp-content\/uploads\/2022\/02\/96852305_10158215604051838_5335517513952264192_n-300x200.jpg 300w, https:\/\/vrnjackabanja.co.rs\/wp-content\/uploads\/2022\/02\/96852305_10158215604051838_5335517513952264192_n-768x512.jpg 768w, https:\/\/vrnjackabanja.co.rs\/wp-content\/uploads\/2022\/02\/96852305_10158215604051838_5335517513952264192_n-1536x1024.jpg 1536w, https:\/\/vrnjackabanja.co.rs\/wp-content\/uploads\/2022\/02\/96852305_10158215604051838_5335517513952264192_n.jpg 2048w\" sizes=\"auto, (max-width: 1024px) 100vw, 1024px\" \/><\/figure>\n<\/figure>\n\n\n\n<p>Telefonnummer: +381 36 51 55 141<\/p>\n\n\n\n<p>Webseite: <a href=\"https:\/\/www.vrnjackabanjamerkur.com\/aqua-centar.html\">https:\/\/www.vrnjackabanjamerkur.com\/aqua-centar.html<\/a><\/p>\n","protected":false},"excerpt":{"rendered":"<p>Die Hallenb\u00e4der in den Hotels von Vrnja\u010dka banja bieten das ganze Jahr die M\u00f6glichkeit zum Schwimmen. In der Sommersaison sind viele Freib\u00e4der ein Ort, an dem sich Kinder, Jugendliche und [&hellip;]<\/p>\n","protected":false},"author":1,"featured_media":3407,"parent":0,"menu_order":0,"comment_status":"closed","ping_status":"closed","template":"","meta":{"_acf_changed":false,"footnotes":""},"class_list":["post-3479","page","type-page","status-publish","has-post-thumbnail","hentry"],"acf":[],"_links":{"self":[{"href":"https:\/\/vrnjackabanja.co.rs\/de\/wp-json\/wp\/v2\/pages\/3479","targetHints":{"allow":["GET"]}}],"collection":[{"href":"https:\/\/vrnjackabanja.co.rs\/de\/wp-json\/wp\/v2\/pages"}],"about":[{"href":"https:\/\/vrnjackabanja.co.rs\/de\/wp-json\/wp\/v2\/types\/page"}],"author":[{"embeddable":true,"href":"https:\/\/vrnjackabanja.co.rs\/de\/wp-json\/wp\/v2\/users\/1"}],"replies":[{"embeddable":true,"href":"https:\/\/vrnjackabanja.co.rs\/de\/wp-json\/wp\/v2\/comments?post=3479"}],"version-history":[{"count":2,"href":"https:\/\/vrnjackabanja.co.rs\/de\/wp-json\/wp\/v2\/pages\/3479\/revisions"}],"predecessor-version":[{"id":5790,"href":"https:\/\/vrnjackabanja.co.rs\/de\/wp-json\/wp\/v2\/pages\/3479\/revisions\/5790"}],"wp:featuredmedia":[{"embeddable":true,"href":"https:\/\/vrnjackabanja.co.rs\/de\/wp-json\/wp\/v2\/media\/3407"}],"wp:attachment":[{"href":"https:\/\/vrnjackabanja.co.rs\/de\/wp-json\/wp\/v2\/media?parent=3479"}],"curies":[{"name":"wp","href":"https:\/\/api.w.org\/{rel}","templated":true}]}}