{"id":3448,"date":"2022-01-18T12:40:29","date_gmt":"2022-01-18T11:40:29","guid":{"rendered":"http:\/\/vrnjackabanja.co.rs\/vauceri-smestaj\/"},"modified":"2024-01-10T08:41:01","modified_gmt":"2024-01-10T07:41:01","slug":"vauceri-smestaj","status":"publish","type":"page","link":"https:\/\/vrnjackabanja.co.rs\/de\/vauceri-smestaj\/","title":{"rendered":"Vau\u010deri sme\u0161taj"},"content":{"rendered":"\n<p>Projekat podsticanja razvoja doma\u0107eg turizma od strane Ministarstva trgovine, turizma i telekomunikacija putem vau\u010dera dao je izvanredne rezltate prethodnih godina.<\/p>\n\n<p>Vrnja\u010dka Banja, kao ozbiljna turisti\u010dka destinacija, nudi svojim posetiocima niz sme\u0161tajnih objekata koji primaju vau\u010dere vlade Republike Srbije. Iskoristi vau\u010dere mogu\u0107e je kako u privatnom apartmanskom sme\u0161taju tako i u pojedinim hotelima u Vrnja\u010dkoj Banji.<\/p>\n\n<p>Vrednost vau\u010dera podlo\u017ena je promeni i trenutno iznosi 10.000,00 din i navedeni iznos predstavlja maksimalni iznos sredstava koji korisnik mo\u017ee jednom iskoristiti pri subvencionisanom kori\u0161\u0107enju usluga sme\u0161taja u ugostiteljskim objektima, bez obzira kolika je vrednost izvr\u0161ene usluge sme\u0161taja.<\/p>\n\n<p><strong>Za vi\u0161e informacija i listu ugostitelja sledite ovaj<\/strong> <a href=\"https:\/\/mto.gov.rs\/tekst\/93\/vauceri-za-odmor-u-srbiji.php\" target=\"_blank\" rel=\"noreferrer noopener\">LINK<\/a>.<\/p>\n","protected":false},"excerpt":{"rendered":"<p>Projekat podsticanja razvoja doma\u0107eg turizma od strane Ministarstva trgovine, turizma i telekomunikacija putem vau\u010dera dao je izvanredne rezltate prethodnih godina. Vrnja\u010dka Banja, kao ozbiljna turisti\u010dka destinacija, nudi svojim posetiocima niz [&hellip;]<\/p>\n","protected":false},"author":1,"featured_media":3449,"parent":0,"menu_order":0,"comment_status":"closed","ping_status":"closed","template":"templates\/apartmani.php","meta":{"_acf_changed":false,"footnotes":""},"class_list":["post-3448","page","type-page","status-publish","has-post-thumbnail","hentry"],"acf":[],"_links":{"self":[{"href":"https:\/\/vrnjackabanja.co.rs\/de\/wp-json\/wp\/v2\/pages\/3448","targetHints":{"allow":["GET"]}}],"collection":[{"href":"https:\/\/vrnjackabanja.co.rs\/de\/wp-json\/wp\/v2\/pages"}],"about":[{"href":"https:\/\/vrnjackabanja.co.rs\/de\/wp-json\/wp\/v2\/types\/page"}],"author":[{"embeddable":true,"href":"https:\/\/vrnjackabanja.co.rs\/de\/wp-json\/wp\/v2\/users\/1"}],"replies":[{"embeddable":true,"href":"https:\/\/vrnjackabanja.co.rs\/de\/wp-json\/wp\/v2\/comments?post=3448"}],"version-history":[{"count":5,"href":"https:\/\/vrnjackabanja.co.rs\/de\/wp-json\/wp\/v2\/pages\/3448\/revisions"}],"predecessor-version":[{"id":10680,"href":"https:\/\/vrnjackabanja.co.rs\/de\/wp-json\/wp\/v2\/pages\/3448\/revisions\/10680"}],"wp:featuredmedia":[{"embeddable":true,"href":"https:\/\/vrnjackabanja.co.rs\/de\/wp-json\/wp\/v2\/media\/3449"}],"wp:attachment":[{"href":"https:\/\/vrnjackabanja.co.rs\/de\/wp-json\/wp\/v2\/media?parent=3448"}],"curies":[{"name":"wp","href":"https:\/\/api.w.org\/{rel}","templated":true}]}}