{"id":3428,"date":"2022-01-21T16:14:11","date_gmt":"2022-01-21T15:14:11","guid":{"rendered":"http:\/\/vrnjackabanja.co.rs\/zamak-kulture\/"},"modified":"2022-09-14T08:38:34","modified_gmt":"2022-09-14T06:38:34","slug":"das-schloss-belimarkovic","status":"publish","type":"page","link":"https:\/\/vrnjackabanja.co.rs\/de\/das-schloss-belimarkovic\/","title":{"rendered":"Das Schloss Belimarkovi\u0107"},"content":{"rendered":"\n<p><strong>Das Schloss Belimarkovi\u0107<\/strong> ist neben der Kirche das \u00e4lteste Geb\u00e4ude in Vrnja\u010dka Banja. Es wurde am Steilhang oberhalb der Mineralquelle \u201cTopla voda\u201d, \u00e4hnlich wie die Schl\u00f6sser in Italien und Polen, gebaut. Der Neffe des Generals, der Bauengineur Pavle Deni\u0107 erstellte den Entwurf f\u00fcr das Schloss.<\/p>\n\n\n\n<p><\/p>\n\n\n\n<figure class=\"wp-block-image size-large\"><img loading=\"lazy\" decoding=\"async\" width=\"1024\" height=\"893\" src=\"http:\/\/vrnjackabanja.co.rs\/wp-content\/uploads\/2022\/02\/002-1024x893.jpg\" alt=\"\" class=\"wp-image-918\" srcset=\"https:\/\/vrnjackabanja.co.rs\/wp-content\/uploads\/2022\/02\/002-1024x893.jpg 1024w, https:\/\/vrnjackabanja.co.rs\/wp-content\/uploads\/2022\/02\/002-300x262.jpg 300w, https:\/\/vrnjackabanja.co.rs\/wp-content\/uploads\/2022\/02\/002-768x670.jpg 768w, https:\/\/vrnjackabanja.co.rs\/wp-content\/uploads\/2022\/02\/002-1536x1340.jpg 1536w, https:\/\/vrnjackabanja.co.rs\/wp-content\/uploads\/2022\/02\/002-2048x1787.jpg 2048w\" sizes=\"auto, (max-width: 1024px) 100vw, 1024px\" \/><\/figure>\n\n\n\n<p><\/p>\n\n\n\n<p>Die Bauarbeiten hat der \u00f6sterreichnische Bauengineur Franz Winter im Zeitraum von 1888 bis 1894 beaufsichtigt. Der meiste Teil der Bauarbeiten wurde schon im Jahr 1889 durchgef\u00fchrt. Bis in den siebziger Jahren des letzten Jahrhunderts haben dort die Erben des Generals Belivukovi\u0107 gelebt, bzw. bis das Schloss f\u00fcr kulturelle Zwecke abgekauft wurde. Jetzt ist das \u201cKulturzentrum Vrnja\u010dka banja\u201d zust\u00e4ndig f\u00fcr dieses Kulturgut.<\/p>\n\n\n\n<p><\/p>\n\n\n<div class=\"wp-block-image\">\n<figure class=\"aligncenter size-full\"><img loading=\"lazy\" decoding=\"async\" width=\"901\" height=\"569\" src=\"http:\/\/vrnjackabanja.co.rs\/wp-content\/uploads\/2022\/02\/zamakkk.jpg\" alt=\"\" class=\"wp-image-919\" srcset=\"https:\/\/vrnjackabanja.co.rs\/wp-content\/uploads\/2022\/02\/zamakkk.jpg 901w, https:\/\/vrnjackabanja.co.rs\/wp-content\/uploads\/2022\/02\/zamakkk-300x189.jpg 300w, https:\/\/vrnjackabanja.co.rs\/wp-content\/uploads\/2022\/02\/zamakkk-768x485.jpg 768w\" sizes=\"auto, (max-width: 901px) 100vw, 901px\" \/><\/figure>\n<\/div>\n\n\n<figure class=\"wp-block-image size-large\"><img loading=\"lazy\" decoding=\"async\" width=\"1024\" height=\"746\" src=\"http:\/\/vrnjackabanja.co.rs\/wp-content\/uploads\/2022\/05\/CamScanner-11-19-2020-09.01_1-1024x746.jpg\" alt=\"\" class=\"wp-image-3124\" srcset=\"https:\/\/vrnjackabanja.co.rs\/wp-content\/uploads\/2022\/05\/CamScanner-11-19-2020-09.01_1-1024x746.jpg 1024w, https:\/\/vrnjackabanja.co.rs\/wp-content\/uploads\/2022\/05\/CamScanner-11-19-2020-09.01_1-300x218.jpg 300w, https:\/\/vrnjackabanja.co.rs\/wp-content\/uploads\/2022\/05\/CamScanner-11-19-2020-09.01_1-768x559.jpg 768w, https:\/\/vrnjackabanja.co.rs\/wp-content\/uploads\/2022\/05\/CamScanner-11-19-2020-09.01_1-1536x1119.jpg 1536w, https:\/\/vrnjackabanja.co.rs\/wp-content\/uploads\/2022\/05\/CamScanner-11-19-2020-09.01_1-2048x1492.jpg 2048w\" sizes=\"auto, (max-width: 1024px) 100vw, 1024px\" \/><\/figure>\n\n\n\n<p><\/p>\n\n\n\n<p>Heute befindet sich da das Heimatmuseum. Das Museum ist vielseitig und bezieht sich auf das Gebiet Vrnj\u010dka Banja und Umgebung. Es verf\u00fcgt \u00fcber eine arch\u00e4ologische, ethnologische, historische Sammlung (die Sammlung der grafisch \u2013 touristischen Propaganda, die Samlung des Bauerben, die Sammlung alter Ansichtskarten, die fotographische Sammlung, die Sammlung alter Fotonegative auf Glas), eine Kunstsammlung (Skulpuren, Bilder, Grafiken\u2026) und das Zimmer von \u201cGeneral Belimarkovi\u0107\u201d. Die st\u00e4ndige Sammlung des Museums besteht aus drei Ausstellungen: <\/p>\n\n\n\n<ul class=\"wp-block-list\"><li>\u201cLadariste \u2013 die Urgeschichte von Vrnjci\u201d, <\/li><\/ul>\n\n\n\n<ul class=\"wp-block-list\"><li> \u201eEthnografisches Erbe von Vrnja\u010dka Banja&#8220;, <\/li><\/ul>\n\n\n\n<ul class=\"wp-block-list\"><li>\u201eGedenkzimmer des Generals Belimarkovi\u0107&#8220;.<\/li><li><\/li><\/ul>\n\n\n\n<figure class=\"wp-block-image size-full\"><img loading=\"lazy\" decoding=\"async\" width=\"819\" height=\"614\" src=\"http:\/\/vrnjackabanja.co.rs\/wp-content\/uploads\/2022\/02\/Zavicajni-Muzej-V.Banje_.jpg\" alt=\"\" class=\"wp-image-768\" srcset=\"https:\/\/vrnjackabanja.co.rs\/wp-content\/uploads\/2022\/02\/Zavicajni-Muzej-V.Banje_.jpg 819w, https:\/\/vrnjackabanja.co.rs\/wp-content\/uploads\/2022\/02\/Zavicajni-Muzej-V.Banje_-300x225.jpg 300w, https:\/\/vrnjackabanja.co.rs\/wp-content\/uploads\/2022\/02\/Zavicajni-Muzej-V.Banje_-768x576.jpg 768w\" sizes=\"auto, (max-width: 819px) 100vw, 819px\" \/><\/figure>\n","protected":false},"excerpt":{"rendered":"<p>Das Schloss Belimarkovi\u0107 ist neben der Kirche das \u00e4lteste Geb\u00e4ude in Vrnja\u010dka Banja. Es wurde am Steilhang oberhalb der Mineralquelle \u201cTopla voda\u201d, \u00e4hnlich wie die Schl\u00f6sser in Italien und Polen, [&hellip;]<\/p>\n","protected":false},"author":1,"featured_media":3429,"parent":0,"menu_order":0,"comment_status":"closed","ping_status":"closed","template":"","meta":{"_acf_changed":false,"footnotes":""},"class_list":["post-3428","page","type-page","status-publish","has-post-thumbnail","hentry"],"acf":[],"_links":{"self":[{"href":"https:\/\/vrnjackabanja.co.rs\/de\/wp-json\/wp\/v2\/pages\/3428","targetHints":{"allow":["GET"]}}],"collection":[{"href":"https:\/\/vrnjackabanja.co.rs\/de\/wp-json\/wp\/v2\/pages"}],"about":[{"href":"https:\/\/vrnjackabanja.co.rs\/de\/wp-json\/wp\/v2\/types\/page"}],"author":[{"embeddable":true,"href":"https:\/\/vrnjackabanja.co.rs\/de\/wp-json\/wp\/v2\/users\/1"}],"replies":[{"embeddable":true,"href":"https:\/\/vrnjackabanja.co.rs\/de\/wp-json\/wp\/v2\/comments?post=3428"}],"version-history":[{"count":5,"href":"https:\/\/vrnjackabanja.co.rs\/de\/wp-json\/wp\/v2\/pages\/3428\/revisions"}],"predecessor-version":[{"id":9477,"href":"https:\/\/vrnjackabanja.co.rs\/de\/wp-json\/wp\/v2\/pages\/3428\/revisions\/9477"}],"wp:featuredmedia":[{"embeddable":true,"href":"https:\/\/vrnjackabanja.co.rs\/de\/wp-json\/wp\/v2\/media\/3429"}],"wp:attachment":[{"href":"https:\/\/vrnjackabanja.co.rs\/de\/wp-json\/wp\/v2\/media?parent=3428"}],"curies":[{"name":"wp","href":"https:\/\/api.w.org\/{rel}","templated":true}]}}