{"id":3412,"date":"2022-01-21T16:19:32","date_gmt":"2022-01-21T15:19:32","guid":{"rendered":"http:\/\/vrnjackabanja.co.rs\/jezero-seliste\/"},"modified":"2022-07-27T13:22:29","modified_gmt":"2022-07-27T11:22:29","slug":"de-der-see-seliste","status":"publish","type":"page","link":"https:\/\/vrnjackabanja.co.rs\/de\/planina-goc\/de-der-see-seliste\/","title":{"rendered":"Der See Seli\u0161te"},"content":{"rendered":"\n<p>Eines der Hauptsymbole von Go\u010d ist der k\u00fcnstliche See Seli\u0161te am Standort Gvozdac. Er wurde f\u00fcr die Bed\u00fcrfnisse der Wasserversorgung der Einwohner von Vrnja\u010dka Banja gebaut. <\/p>\n\n\n\n<figure class=\"wp-block-image\"><img decoding=\"async\" src=\"http:\/\/vrnjackabanja.co.rs\/wp-content\/uploads\/2022\/03\/vrnjacka-banja-promo-1024x462.jpg\" alt=\"This image has an empty alt attribute; its file name is vrnjacka-banja-promo-1024x462.jpg\"\/><\/figure>\n\n\n\n<p>Daher ist das Schwimmen und Angeln im See aufgrund seines charakteristischen Zwecks verboten. In den Sommermonaten ist er aber sehr beliebt f\u00fcr die Organisation von Ausfl\u00fcgen und ein beliebter Ort f\u00fcr Camper.<\/p>\n","protected":false},"excerpt":{"rendered":"<p>Eines der Hauptsymbole von Go\u010d ist der k\u00fcnstliche See Seli\u0161te am Standort Gvozdac. Er wurde f\u00fcr die Bed\u00fcrfnisse der Wasserversorgung der Einwohner von Vrnja\u010dka Banja gebaut. Daher ist das Schwimmen [&hellip;]<\/p>\n","protected":false},"author":1,"featured_media":8760,"parent":3989,"menu_order":0,"comment_status":"closed","ping_status":"closed","template":"","meta":{"_acf_changed":false,"footnotes":""},"class_list":["post-3412","page","type-page","status-publish","has-post-thumbnail","hentry"],"acf":[],"_links":{"self":[{"href":"https:\/\/vrnjackabanja.co.rs\/de\/wp-json\/wp\/v2\/pages\/3412","targetHints":{"allow":["GET"]}}],"collection":[{"href":"https:\/\/vrnjackabanja.co.rs\/de\/wp-json\/wp\/v2\/pages"}],"about":[{"href":"https:\/\/vrnjackabanja.co.rs\/de\/wp-json\/wp\/v2\/types\/page"}],"author":[{"embeddable":true,"href":"https:\/\/vrnjackabanja.co.rs\/de\/wp-json\/wp\/v2\/users\/1"}],"replies":[{"embeddable":true,"href":"https:\/\/vrnjackabanja.co.rs\/de\/wp-json\/wp\/v2\/comments?post=3412"}],"version-history":[{"count":3,"href":"https:\/\/vrnjackabanja.co.rs\/de\/wp-json\/wp\/v2\/pages\/3412\/revisions"}],"predecessor-version":[{"id":7173,"href":"https:\/\/vrnjackabanja.co.rs\/de\/wp-json\/wp\/v2\/pages\/3412\/revisions\/7173"}],"up":[{"embeddable":true,"href":"https:\/\/vrnjackabanja.co.rs\/de\/wp-json\/wp\/v2\/pages\/3989"}],"wp:featuredmedia":[{"embeddable":true,"href":"https:\/\/vrnjackabanja.co.rs\/de\/wp-json\/wp\/v2\/media\/8760"}],"wp:attachment":[{"href":"https:\/\/vrnjackabanja.co.rs\/de\/wp-json\/wp\/v2\/media?parent=3412"}],"curies":[{"name":"wp","href":"https:\/\/api.w.org\/{rel}","templated":true}]}}