{"id":3405,"date":"2022-01-21T16:23:33","date_gmt":"2022-01-21T15:23:33","guid":{"rendered":"http:\/\/vrnjackabanja.co.rs\/olimpijski-bazen\/"},"modified":"2022-06-09T13:26:47","modified_gmt":"2022-06-09T11:26:47","slug":"das-olympia-schwimmbad","status":"publish","type":"page","link":"https:\/\/vrnjackabanja.co.rs\/de\/das-olympia-schwimmbad\/","title":{"rendered":"Das Olympia-Schwimmbad"},"content":{"rendered":"\n<p>In der Sommersaison ist das im Jahr 1960 gebaute Olympia-Schwimmbad in unmittelbarer N\u00e4he der Mineralquelle \u201eSne\u017enik\u201c die besondere Touristenattraktion von Vrnja\u010dka Banja.<\/p>\n\n\n\n<p><\/p>\n\n\n\n<figure class=\"wp-block-image\"><img decoding=\"async\" src=\"http:\/\/vrnjackabanja.co.rs\/wp-content\/uploads\/2022\/02\/Vrnjacka-Banja-1963olimpijski-bazen_slika_O_25906393-1024x695.jpg\" alt=\"This image has an empty alt attribute; its file name is Vrnjacka-Banja-1963olimpijski-bazen_slika_O_25906393-1024x695.jpg\"\/><\/figure>\n\n\n\n<p class=\"has-text-align-left\"> <\/p>\n\n\n\n<p>W\u00e4hrend der Sommermonate ist es ein beliebter Treffpunkt f\u00fcr junge Leute, die an hei\u00dfen Tagen eine Erfrischung suchen. Neben dem gro\u00dfen Schwimmbecken, das mit 25 x 50 m und einer Wassertiefe von 120 bis 2,20 m die Olympianorm erf\u00fcllt, gibt es auch ein Kinderbecken.<\/p>\n\n\n\n<p>Neben den Schwimmbecken befinden sich die Umkleidekabinen, ein Rettungsdienst mit Ambulanz sowie ein Verwaltungstrakt. Und in einem Servicebereich k\u00f6nnen sich die G\u00e4ste mit Erfrischungsgetr\u00e4nken versorgen.<\/p>\n\n\n\n<figure class=\"wp-block-gallery aligncenter has-nested-images columns-default is-cropped wp-block-gallery-1 is-layout-flex wp-block-gallery-is-layout-flex\">\n<figure class=\"wp-block-image size-full\"><img loading=\"lazy\" decoding=\"async\" width=\"1440\" height=\"960\" data-id=\"1670\" src=\"http:\/\/vrnjackabanja.co.rs\/wp-content\/uploads\/2022\/02\/217750772_10157907422686576_7213048132182927098_n.jpg\" alt=\"\" class=\"wp-image-1670\" srcset=\"https:\/\/vrnjackabanja.co.rs\/wp-content\/uploads\/2022\/02\/217750772_10157907422686576_7213048132182927098_n.jpg 1440w, https:\/\/vrnjackabanja.co.rs\/wp-content\/uploads\/2022\/02\/217750772_10157907422686576_7213048132182927098_n-300x200.jpg 300w, https:\/\/vrnjackabanja.co.rs\/wp-content\/uploads\/2022\/02\/217750772_10157907422686576_7213048132182927098_n-1024x683.jpg 1024w, https:\/\/vrnjackabanja.co.rs\/wp-content\/uploads\/2022\/02\/217750772_10157907422686576_7213048132182927098_n-768x512.jpg 768w\" sizes=\"auto, (max-width: 1440px) 100vw, 1440px\" \/><\/figure>\n\n\n\n<figure class=\"wp-block-image size-full\"><img loading=\"lazy\" decoding=\"async\" width=\"800\" height=\"600\" data-id=\"1765\" src=\"http:\/\/vrnjackabanja.co.rs\/wp-content\/uploads\/2022\/02\/1-2.jpg\" alt=\"\" class=\"wp-image-1765\" srcset=\"https:\/\/vrnjackabanja.co.rs\/wp-content\/uploads\/2022\/02\/1-2.jpg 800w, https:\/\/vrnjackabanja.co.rs\/wp-content\/uploads\/2022\/02\/1-2-300x225.jpg 300w, https:\/\/vrnjackabanja.co.rs\/wp-content\/uploads\/2022\/02\/1-2-768x576.jpg 768w\" sizes=\"auto, (max-width: 800px) 100vw, 800px\" \/><\/figure>\n<\/figure>\n","protected":false},"excerpt":{"rendered":"<p>In der Sommersaison ist das im Jahr 1960 gebaute Olympia-Schwimmbad in unmittelbarer N\u00e4he der Mineralquelle \u201eSne\u017enik\u201c die besondere Touristenattraktion von Vrnja\u010dka Banja. W\u00e4hrend der Sommermonate ist es ein beliebter Treffpunkt [&hellip;]<\/p>\n","protected":false},"author":1,"featured_media":3407,"parent":0,"menu_order":0,"comment_status":"closed","ping_status":"closed","template":"","meta":{"_acf_changed":false,"footnotes":""},"class_list":["post-3405","page","type-page","status-publish","has-post-thumbnail","hentry"],"acf":[],"_links":{"self":[{"href":"https:\/\/vrnjackabanja.co.rs\/de\/wp-json\/wp\/v2\/pages\/3405","targetHints":{"allow":["GET"]}}],"collection":[{"href":"https:\/\/vrnjackabanja.co.rs\/de\/wp-json\/wp\/v2\/pages"}],"about":[{"href":"https:\/\/vrnjackabanja.co.rs\/de\/wp-json\/wp\/v2\/types\/page"}],"author":[{"embeddable":true,"href":"https:\/\/vrnjackabanja.co.rs\/de\/wp-json\/wp\/v2\/users\/1"}],"replies":[{"embeddable":true,"href":"https:\/\/vrnjackabanja.co.rs\/de\/wp-json\/wp\/v2\/comments?post=3405"}],"version-history":[{"count":1,"href":"https:\/\/vrnjackabanja.co.rs\/de\/wp-json\/wp\/v2\/pages\/3405\/revisions"}],"predecessor-version":[{"id":5469,"href":"https:\/\/vrnjackabanja.co.rs\/de\/wp-json\/wp\/v2\/pages\/3405\/revisions\/5469"}],"wp:featuredmedia":[{"embeddable":true,"href":"https:\/\/vrnjackabanja.co.rs\/de\/wp-json\/wp\/v2\/media\/3407"}],"wp:attachment":[{"href":"https:\/\/vrnjackabanja.co.rs\/de\/wp-json\/wp\/v2\/media?parent=3405"}],"curies":[{"name":"wp","href":"https:\/\/api.w.org\/{rel}","templated":true}]}}