{"id":3390,"date":"2022-01-21T16:23:59","date_gmt":"2022-01-21T15:23:59","guid":{"rendered":"http:\/\/vrnjackabanja.co.rs\/sportska-hala-vlade-divac\/"},"modified":"2022-06-09T13:28:50","modified_gmt":"2022-06-09T11:28:50","slug":"sporthalle-vrnjacka-banja","status":"publish","type":"page","link":"https:\/\/vrnjackabanja.co.rs\/de\/sporthalle-vrnjacka-banja\/","title":{"rendered":"Sporthalle \u201eVrnja\u010dka Banja\u201d"},"content":{"rendered":"\n<p><\/p>\n\n\n\n<p>Die Sporthalle in Vrnja\u010dka Banja befindet sich in der N\u00e4he des zentralen Busbahnhofs. Sie wurde im Mai 2008 offiziell er\u00f6ffnet und ist die neueste Sportanlage in Vrnja\u010dka Banja, die darauf abzielt, das touristische und sportliche Angebot dieses Reiseziels zu vervollst\u00e4ndigen und die T\u00fcren von Vrnja\u010dka Banja f\u00fcr den Sporttourismus zu \u00f6ffnen.<\/p>\n\n\n\n<p>Die Halle ist eine multifunktionale Einrichtung, die f\u00fcr die Organisation von Sportveranstaltungen, Spielen, Vorbereitungstrainings, Trainings und Camps sowie f\u00fcr verschiedene Kultur- und Unterhaltungsveranstaltungen geeignet ist.<\/p>\n\n\n<div class=\"wp-block-image\">\n<figure class=\"aligncenter size-full\"><img loading=\"lazy\" decoding=\"async\" width=\"1000\" height=\"579\" src=\"http:\/\/vrnjackabanja.co.rs\/wp-content\/uploads\/2022\/03\/sportska-hala.jpg\" alt=\"\" class=\"wp-image-2140\" srcset=\"https:\/\/vrnjackabanja.co.rs\/wp-content\/uploads\/2022\/03\/sportska-hala.jpg 1000w, https:\/\/vrnjackabanja.co.rs\/wp-content\/uploads\/2022\/03\/sportska-hala-300x174.jpg 300w, https:\/\/vrnjackabanja.co.rs\/wp-content\/uploads\/2022\/03\/sportska-hala-768x445.jpg 768w\" sizes=\"auto, (max-width: 1000px) 100vw, 1000px\" \/><\/figure>\n<\/div>\n\n\n<p>Sie besteht aus einer gro\u00dfen Halle in der Fl\u00e4che von 1400 m<sup>2<\/sup>, einer kleinen Halle f\u00fcr Kampfsport, Fitnessstudios, Ambulanzen sowie vier gro\u00dfen und vier kleinen Umkleider\u00e4umen, einem Umkleideraum f\u00fcr Schiedsrichter und Delegierte. Alle Sportger\u00e4te sind professionelle \u201eSchelde\u201c-Ger\u00e4te. Au\u00dferdem verf\u00fcgt die Halle \u00fcber \u201eDonic\u201c-Ausr\u00fcstung f\u00fcr Tischtennis. Die Kapazit\u00e4t der Halle betr\u00e4gt 1300 Sitzpl\u00e4tze. In der Halle gibt es ein Buffet zur Erfrischung der Besucher\/innen.<\/p>\n\n\n\n<p>In der Sporthalle \u201eVrnja\u010dka Banja\u201c fanden zahlreiche sportliche und kulturelle Unterhaltungsveranstaltungen statt, denen Live-TV-\u00dcbertragungen folgten.<\/p>\n","protected":false},"excerpt":{"rendered":"<p>Die Sporthalle in Vrnja\u010dka Banja befindet sich in der N\u00e4he des zentralen Busbahnhofs. Sie wurde im Mai 2008 offiziell er\u00f6ffnet und ist die neueste Sportanlage in Vrnja\u010dka Banja, die darauf [&hellip;]<\/p>\n","protected":false},"author":1,"featured_media":3392,"parent":0,"menu_order":0,"comment_status":"closed","ping_status":"closed","template":"","meta":{"_acf_changed":false,"footnotes":""},"class_list":["post-3390","page","type-page","status-publish","has-post-thumbnail","hentry"],"acf":[],"_links":{"self":[{"href":"https:\/\/vrnjackabanja.co.rs\/de\/wp-json\/wp\/v2\/pages\/3390","targetHints":{"allow":["GET"]}}],"collection":[{"href":"https:\/\/vrnjackabanja.co.rs\/de\/wp-json\/wp\/v2\/pages"}],"about":[{"href":"https:\/\/vrnjackabanja.co.rs\/de\/wp-json\/wp\/v2\/types\/page"}],"author":[{"embeddable":true,"href":"https:\/\/vrnjackabanja.co.rs\/de\/wp-json\/wp\/v2\/users\/1"}],"replies":[{"embeddable":true,"href":"https:\/\/vrnjackabanja.co.rs\/de\/wp-json\/wp\/v2\/comments?post=3390"}],"version-history":[{"count":2,"href":"https:\/\/vrnjackabanja.co.rs\/de\/wp-json\/wp\/v2\/pages\/3390\/revisions"}],"predecessor-version":[{"id":5613,"href":"https:\/\/vrnjackabanja.co.rs\/de\/wp-json\/wp\/v2\/pages\/3390\/revisions\/5613"}],"wp:featuredmedia":[{"embeddable":true,"href":"https:\/\/vrnjackabanja.co.rs\/de\/wp-json\/wp\/v2\/media\/3392"}],"wp:attachment":[{"href":"https:\/\/vrnjackabanja.co.rs\/de\/wp-json\/wp\/v2\/media?parent=3390"}],"curies":[{"name":"wp","href":"https:\/\/api.w.org\/{rel}","templated":true}]}}