{"id":3381,"date":"2022-01-27T13:43:37","date_gmt":"2022-01-27T12:43:37","guid":{"rendered":"http:\/\/vrnjackabanja.co.rs\/zoo-vrt-vrnjci-2\/"},"modified":"2022-09-14T12:05:18","modified_gmt":"2022-09-14T10:05:18","slug":"zoologisher-garten-vrnjci","status":"publish","type":"page","link":"https:\/\/vrnjackabanja.co.rs\/de\/zoologisher-garten-vrnjci\/","title":{"rendered":"Zoologisher Garten\u00a0Vrnjci"},"content":{"rendered":"\n<p><\/p>\n\n\n\n<p>Zoologischer Garten Vrnjci wurde auf festen Grundlagen erbaut und mit gro\u00dfer Menge Liebe, Aufwand und Entbehrung gemacht. Im Jahre 2006 beginnt die Mission, die heute den stolzen Namen \u201cZoologischer Garten Vrnjci\u201d tr\u00e4gt. Dragan Sre\u0107kovi\u0107, passionierter Vogelliebhaber hat angefangen V\u00f6gel f\u00fcr seine Privatsammlung zu z\u00fcchten und anzuschaffen. Als sich die Vogelsammlung mit Jahren vergr\u00f6\u00dferte, meldeten sich viele Menschen, die die Welt der schon damals zahlreichen Vogelarten, die in Vrnci, unweit vom Zentrum des Kurortes Vrnja\u010dka Banja lebten, kennenlernen wollten.<\/p>\n\n\n\n<p><\/p>\n\n\n\n<figure class=\"wp-block-image size-large\"><img loading=\"lazy\" decoding=\"async\" width=\"819\" height=\"1024\" src=\"http:\/\/vrnjackabanja.co.rs\/wp-content\/uploads\/2022\/09\/260437832_219612663628154_54314662602102619_n-819x1024.jpg\" alt=\"\" class=\"wp-image-9526\" srcset=\"https:\/\/vrnjackabanja.co.rs\/wp-content\/uploads\/2022\/09\/260437832_219612663628154_54314662602102619_n-819x1024.jpg 819w, https:\/\/vrnjackabanja.co.rs\/wp-content\/uploads\/2022\/09\/260437832_219612663628154_54314662602102619_n-240x300.jpg 240w, https:\/\/vrnjackabanja.co.rs\/wp-content\/uploads\/2022\/09\/260437832_219612663628154_54314662602102619_n-768x960.jpg 768w, https:\/\/vrnjackabanja.co.rs\/wp-content\/uploads\/2022\/09\/260437832_219612663628154_54314662602102619_n-1229x1536.jpg 1229w, https:\/\/vrnjackabanja.co.rs\/wp-content\/uploads\/2022\/09\/260437832_219612663628154_54314662602102619_n.jpg 1440w\" sizes=\"auto, (max-width: 819px) 100vw, 819px\" \/><\/figure>\n\n\n\n<p><\/p>\n\n\n\n<p>So wurde die Idee geboren, einen Zoologischen Garten zu gr\u00fcnden. Am Anfang sah der Zoo nicht ann\u00e4hernd so aus, wie er jetzt aussieht. Der Zoo war den Bed\u00fcrfnissen der V\u00f6gel angepasst, aber nicht den der Besucher. Jahrelang hat man gebaut und in die Gestaltung des Parks investiert, so dass der Park zu dem geworden ist, was er jetzt ist. Grundst\u00fccke wurden zugekauft, neue Volieren wurden gebaut und alte rekonstruiert. St\u00e4lle wurden gebaut, Gr\u00fcnfl\u00e4chen und Seen gestaltet, die Gartenwege gepflastert\u2026<\/p>\n\n\n\n<p><\/p>\n\n\n\n<figure class=\"wp-block-image size-large\"><img loading=\"lazy\" decoding=\"async\" width=\"857\" height=\"1024\" src=\"http:\/\/vrnjackabanja.co.rs\/wp-content\/uploads\/2022\/02\/zoo-vrt-vrnjci-mapa-1714x2048-1-857x1024.jpg\" alt=\"\" class=\"wp-image-936\" srcset=\"https:\/\/vrnjackabanja.co.rs\/wp-content\/uploads\/2022\/02\/zoo-vrt-vrnjci-mapa-1714x2048-1-857x1024.jpg 857w, https:\/\/vrnjackabanja.co.rs\/wp-content\/uploads\/2022\/02\/zoo-vrt-vrnjci-mapa-1714x2048-1-251x300.jpg 251w, https:\/\/vrnjackabanja.co.rs\/wp-content\/uploads\/2022\/02\/zoo-vrt-vrnjci-mapa-1714x2048-1-768x918.jpg 768w, https:\/\/vrnjackabanja.co.rs\/wp-content\/uploads\/2022\/02\/zoo-vrt-vrnjci-mapa-1714x2048-1-1286x1536.jpg 1286w, https:\/\/vrnjackabanja.co.rs\/wp-content\/uploads\/2022\/02\/zoo-vrt-vrnjci-mapa-1714x2048-1.jpg 1714w\" sizes=\"auto, (max-width: 857px) 100vw, 857px\" \/><\/figure>\n\n\n\n<p><\/p>\n\n\n\n<p>Nach viel Arbeit und Aufwand bekommt der Garten 2019 den Status des Zoologischen Gartens. Ab diesem Moment bis heute, arbeitet der Zoologische Garten mit dem Ziel der Erhaltung der Biodiversit\u00e4t. Man arbeitet auch aktiv an der Schulung der G\u00e4ste und zwar mit einem speziell daf\u00fcr ausgedachten Programm. Es werden verschiedene Veranstaltungen organisiert, wie z.B. Workshops, Kunstkolonien, Kindergeburtstage, u. \u00c4. Dank guter Zusammenarbeit mit den Zoologischen G\u00e4rten in ganz Serbien, haben wir viele Tiere geschenkt bekommen.<\/p>\n\n\n\n<p><\/p>\n\n\n\n<figure class=\"wp-block-image size-large\"><img loading=\"lazy\" decoding=\"async\" width=\"819\" height=\"1024\" src=\"http:\/\/vrnjackabanja.co.rs\/wp-content\/uploads\/2022\/09\/256452846_212322561023831_1629691459936786716_n-1-819x1024.jpg\" alt=\"\" class=\"wp-image-9557\" srcset=\"https:\/\/vrnjackabanja.co.rs\/wp-content\/uploads\/2022\/09\/256452846_212322561023831_1629691459936786716_n-1-819x1024.jpg 819w, https:\/\/vrnjackabanja.co.rs\/wp-content\/uploads\/2022\/09\/256452846_212322561023831_1629691459936786716_n-1-240x300.jpg 240w, https:\/\/vrnjackabanja.co.rs\/wp-content\/uploads\/2022\/09\/256452846_212322561023831_1629691459936786716_n-1-768x960.jpg 768w, https:\/\/vrnjackabanja.co.rs\/wp-content\/uploads\/2022\/09\/256452846_212322561023831_1629691459936786716_n-1.jpg 1080w\" sizes=\"auto, (max-width: 819px) 100vw, 819px\" \/><\/figure>\n\n\n\n<p><\/p>\n\n\n\n<p>Heute erstreckt sich der Zoologische Garten Vrnjci auf einer Fl\u00e4che von 3,5 Hektar und hat \u00fcber 120 Tierarten, aus fast allen Teilen der Welt. Der gesamte Zoologische Garten ist wie ein Park gestaltet und besitzt einen Souvenirladen, einen Kinderspielplatz, Sitzb\u00e4nke, zwei Seen und Spazierwege. In Bau sind eine Spielhalle mit Vergn\u00fcgungscenter, ein Restaurant mit Herberge, ein Klassenzimmer im Freien f\u00fcr Kinder. In Planung ist auch die Er\u00f6ffnung einer Reitschule.<\/p>\n\n\n\n<p><\/p>\n\n\n\n<figure class=\"wp-block-image size-large\"><img loading=\"lazy\" decoding=\"async\" width=\"819\" height=\"1024\" src=\"http:\/\/vrnjackabanja.co.rs\/wp-content\/uploads\/2022\/09\/258729280_216078667314887_4247164489342216740_n-819x1024.jpg\" alt=\"\" class=\"wp-image-9549\" srcset=\"https:\/\/vrnjackabanja.co.rs\/wp-content\/uploads\/2022\/09\/258729280_216078667314887_4247164489342216740_n-819x1024.jpg 819w, https:\/\/vrnjackabanja.co.rs\/wp-content\/uploads\/2022\/09\/258729280_216078667314887_4247164489342216740_n-240x300.jpg 240w, https:\/\/vrnjackabanja.co.rs\/wp-content\/uploads\/2022\/09\/258729280_216078667314887_4247164489342216740_n-768x960.jpg 768w, https:\/\/vrnjackabanja.co.rs\/wp-content\/uploads\/2022\/09\/258729280_216078667314887_4247164489342216740_n-1229x1536.jpg 1229w, https:\/\/vrnjackabanja.co.rs\/wp-content\/uploads\/2022\/09\/258729280_216078667314887_4247164489342216740_n.jpg 1440w\" sizes=\"auto, (max-width: 819px) 100vw, 819px\" \/><\/figure>\n\n\n\n<p>Zorka Sre\u0107kov\u0107, die Direktorin des Zoologischen Gartens und ihr Ehemann sind die Initiatoren dieser gesammten Geschiche mit dem Zoologischen Garten und sie arbeiten flei\u00dfig an der Erweiterung des Gartens und an der Einhaltung der Standards f\u00fcr Tierwohl. Ihnen ist aber auch das Wohl der Besucher wichtig. Neben ihnen sind auch etwa zehn Mitarbeiter besch\u00e4ftigt, die f\u00fcr mehrere Arbeitsbereiche wie z. B. Pferdepflege, Schulungen, Marketing usw. zust\u00e4ndig sind. Das was allen gemeinsam ist, und was jeden Mitarbeiter motiviert, ist die Liebe zu den Tieren, die im Zoologischen Garten leben.<\/p>\n\n\n\n<p><\/p>\n\n\n\n<figure class=\"wp-block-image size-full\"><img loading=\"lazy\" decoding=\"async\" width=\"1024\" height=\"1024\" src=\"http:\/\/vrnjackabanja.co.rs\/wp-content\/uploads\/2022\/09\/slika-3.png\" alt=\"\" class=\"wp-image-9553\" srcset=\"https:\/\/vrnjackabanja.co.rs\/wp-content\/uploads\/2022\/09\/slika-3.png 1024w, https:\/\/vrnjackabanja.co.rs\/wp-content\/uploads\/2022\/09\/slika-3-300x300.png 300w, https:\/\/vrnjackabanja.co.rs\/wp-content\/uploads\/2022\/09\/slika-3-150x150.png 150w, https:\/\/vrnjackabanja.co.rs\/wp-content\/uploads\/2022\/09\/slika-3-768x768.png 768w\" sizes=\"auto, (max-width: 1024px) 100vw, 1024px\" \/><\/figure>\n\n\n\n<p><\/p>\n\n\n\n<p>Unsere Zoo-Familie ist da, um allen Besuchern einen Mini-Urlaub und eine Flucht aus dem Alltag, in die Arme der Mutter Natur zu bieten.<\/p>\n\n\n\n<p><\/p>\n\n\n\n<p><a href=\"http:\/\/zoovrtvrnjci.com\/\" target=\"_blank\" rel=\"noreferrer noopener\">http:\/\/zoovrtvrnjci.com\/<\/a><img loading=\"lazy\" decoding=\"async\" width=\"150\" height=\"79\" class=\"wp-image-939\" style=\"width: 150px;\" src=\"http:\/\/vrnjackabanja.co.rs\/wp-content\/uploads\/2022\/02\/199488688_121551106767644_8458219492465989710_n.jpg\" alt=\"\" srcset=\"https:\/\/vrnjackabanja.co.rs\/wp-content\/uploads\/2022\/02\/199488688_121551106767644_8458219492465989710_n.jpg 1200w, https:\/\/vrnjackabanja.co.rs\/wp-content\/uploads\/2022\/02\/199488688_121551106767644_8458219492465989710_n-300x157.jpg 300w, https:\/\/vrnjackabanja.co.rs\/wp-content\/uploads\/2022\/02\/199488688_121551106767644_8458219492465989710_n-1024x536.jpg 1024w, https:\/\/vrnjackabanja.co.rs\/wp-content\/uploads\/2022\/02\/199488688_121551106767644_8458219492465989710_n-768x402.jpg 768w\" sizes=\"auto, (max-width: 150px) 100vw, 150px\" \/><\/p>\n\n\n\n<p><\/p>\n\n\n\n<p><\/p>\n\n\n\n<p><\/p>\n","protected":false},"excerpt":{"rendered":"<p>Zoologischer Garten Vrnjci wurde auf festen Grundlagen erbaut und mit gro\u00dfer Menge Liebe, Aufwand und Entbehrung gemacht. Im Jahre 2006 beginnt die Mission, die heute den stolzen Namen \u201cZoologischer Garten [&hellip;]<\/p>\n","protected":false},"author":1,"featured_media":9538,"parent":0,"menu_order":0,"comment_status":"closed","ping_status":"closed","template":"","meta":{"_acf_changed":false,"footnotes":""},"class_list":["post-3381","page","type-page","status-publish","has-post-thumbnail","hentry"],"acf":[],"_links":{"self":[{"href":"https:\/\/vrnjackabanja.co.rs\/de\/wp-json\/wp\/v2\/pages\/3381","targetHints":{"allow":["GET"]}}],"collection":[{"href":"https:\/\/vrnjackabanja.co.rs\/de\/wp-json\/wp\/v2\/pages"}],"about":[{"href":"https:\/\/vrnjackabanja.co.rs\/de\/wp-json\/wp\/v2\/types\/page"}],"author":[{"embeddable":true,"href":"https:\/\/vrnjackabanja.co.rs\/de\/wp-json\/wp\/v2\/users\/1"}],"replies":[{"embeddable":true,"href":"https:\/\/vrnjackabanja.co.rs\/de\/wp-json\/wp\/v2\/comments?post=3381"}],"version-history":[{"count":5,"href":"https:\/\/vrnjackabanja.co.rs\/de\/wp-json\/wp\/v2\/pages\/3381\/revisions"}],"predecessor-version":[{"id":9561,"href":"https:\/\/vrnjackabanja.co.rs\/de\/wp-json\/wp\/v2\/pages\/3381\/revisions\/9561"}],"wp:featuredmedia":[{"embeddable":true,"href":"https:\/\/vrnjackabanja.co.rs\/de\/wp-json\/wp\/v2\/media\/9538"}],"wp:attachment":[{"href":"https:\/\/vrnjackabanja.co.rs\/de\/wp-json\/wp\/v2\/media?parent=3381"}],"curies":[{"name":"wp","href":"https:\/\/api.w.org\/{rel}","templated":true}]}}