{"id":3369,"date":"2022-01-27T13:45:02","date_gmt":"2022-01-27T12:45:02","guid":{"rendered":"http:\/\/vrnjackabanja.co.rs\/ranc-debeljak-2\/"},"modified":"2022-06-09T13:28:37","modified_gmt":"2022-06-09T11:28:37","slug":"ranch-debeljak","status":"publish","type":"page","link":"https:\/\/vrnjackabanja.co.rs\/de\/ranch-debeljak\/","title":{"rendered":"Ranch Debeljak"},"content":{"rendered":"\n<p><\/p>\n\n\n\n<p>Die Ranch Debeljak, eine Ruheoase unweit vom Zentrum des Kurortes Vrnja\u010dka Banja, erstreckt sich \u00fcber eine Fl\u00e4che von 3 ha, und ist seit mehr als hundert Jahren ein Traditionsh\u00fcter. Auf der Ranch gibt es vieles, was sehenswert ist, wie z. B. die Eisenschmiede des Opas Petar, die eine Erinnerung an das anstrengende und fr\u00fcher notwendige Handwerk aufbewahrt, ein altert\u00fcmliches Zimmer, \u201cKa\u010dara\u201d bzw. ein altes Holzhaus, wo fr\u00fcher meistens F\u00e4sser aufbewahrt wurden, \u201cKa\u0161ilo\u201d, einen Obstgarten, ein Gew\u00e4chshaus und Sportpl\u00e4tze. Die gesamte Geschichte vervollst\u00e4ndigt die solide Sammlung eines kleinen Etno Museums. Jeder Gegenstand, au\u00dfer des Kronleuchters aus Muranoglas, ist aus ihrem Hausstand. <\/p>\n\n\n\n<p><\/p>\n\n\n<div class=\"wp-block-image\">\n<figure class=\"aligncenter size-large\"><img loading=\"lazy\" decoding=\"async\" width=\"762\" height=\"1024\" src=\"http:\/\/vrnjackabanja.co.rs\/wp-content\/uploads\/2022\/02\/65848706_107562977214346_2109655779375054848_n-762x1024.jpg\" alt=\"\" class=\"wp-image-910\" srcset=\"https:\/\/vrnjackabanja.co.rs\/wp-content\/uploads\/2022\/02\/65848706_107562977214346_2109655779375054848_n-762x1024.jpg 762w, https:\/\/vrnjackabanja.co.rs\/wp-content\/uploads\/2022\/02\/65848706_107562977214346_2109655779375054848_n-223x300.jpg 223w, https:\/\/vrnjackabanja.co.rs\/wp-content\/uploads\/2022\/02\/65848706_107562977214346_2109655779375054848_n-768x1032.jpg 768w, https:\/\/vrnjackabanja.co.rs\/wp-content\/uploads\/2022\/02\/65848706_107562977214346_2109655779375054848_n.jpg 1072w\" sizes=\"auto, (max-width: 762px) 100vw, 762px\" \/><\/figure>\n<\/div>\n\n\n<p>Motiviert mit Liebe und Erinnerung an ihren Vater und aus Wunsch die Tradition aufzubewahren haben Andjelka und ihre Schwester Milica mit der Arbeit begonnen. Auf der Ranch arbeiten drei Generationen der Familie Pavlovi\u0107 Debeljak. Die Besucher der Ranch und insbesondere die kleinsten Besucher ziehen die lebende Einwohner der Ranch an: die Zwergziegen, die Schafe, die Ponys und andere Haustiere. Da gibt es auch einen Fischteich, wo sie ihre Angel auswerfen k\u00f6nnen, Fische zu fangen versuchen, oder doch nur mit dem Blick Fische, die ab und zu aus dem Teich springen, fangen. Nach dem Spaziergang durch den Obstgarten und auf der Ranch, werden einige den Wunsch sp\u00fcren, dem Ball hinterherzulaufen, aber wir raten Ihnen sich unbedingt mit hausgemachten S\u00e4ften, die nach den Rezepten der Oma gemacht wurden, zu erfrischen.<\/p>\n\n\n<div class=\"wp-block-image\">\n<figure class=\"alignleft size-full is-resized\"><img loading=\"lazy\" decoding=\"async\" src=\"http:\/\/vrnjackabanja.co.rs\/wp-content\/uploads\/2022\/02\/66175758_107554597215184_1406224678426509312_n.jpg\" alt=\"\" class=\"wp-image-911\" width=\"364\" height=\"361\" srcset=\"https:\/\/vrnjackabanja.co.rs\/wp-content\/uploads\/2022\/02\/66175758_107554597215184_1406224678426509312_n.jpg 726w, https:\/\/vrnjackabanja.co.rs\/wp-content\/uploads\/2022\/02\/66175758_107554597215184_1406224678426509312_n-300x298.jpg 300w, https:\/\/vrnjackabanja.co.rs\/wp-content\/uploads\/2022\/02\/66175758_107554597215184_1406224678426509312_n-150x150.jpg 150w\" sizes=\"auto, (max-width: 364px) 100vw, 364px\" \/><\/figure>\n<\/div>\n\n\n<p>Die Ranch wurde im Jahr 2020 registriert, vor allem als Hauswirtschaft zur Erziehung der Kinder und von Jugendlichen. Das Familienerbe pflegend, tragen sie zum gro\u00dfen Teil der Entwicklung des l\u00e4ndlichen Tourismus, im Raum Vrnja\u010dka Banja, bei. Sie planen auch den Bau von Unterkunftsobjekten, was das Angebot dieser Hauswirtschaft erg\u00e4nzen w\u00fcrde.<\/p>\n\n\n\n<p><\/p>\n\n\n\n<p><\/p>\n\n\n\n<p><\/p>\n\n\n\n<p><\/p>\n\n\n\n<p><a href=\"https:\/\/sr-rs.facebook.com\/domacinstvo.debeljak.5\">https:\/\/sr-rs.facebook.com\/domacinstvo.debeljak.5<\/a><\/p>\n","protected":false},"excerpt":{"rendered":"<p>Die Ranch Debeljak, eine Ruheoase unweit vom Zentrum des Kurortes Vrnja\u010dka Banja, erstreckt sich \u00fcber eine Fl\u00e4che von 3 ha, und ist seit mehr als hundert Jahren ein Traditionsh\u00fcter. Auf [&hellip;]<\/p>\n","protected":false},"author":1,"featured_media":3371,"parent":0,"menu_order":0,"comment_status":"closed","ping_status":"closed","template":"","meta":{"_acf_changed":false,"footnotes":""},"class_list":["post-3369","page","type-page","status-publish","has-post-thumbnail","hentry"],"acf":[],"_links":{"self":[{"href":"https:\/\/vrnjackabanja.co.rs\/de\/wp-json\/wp\/v2\/pages\/3369","targetHints":{"allow":["GET"]}}],"collection":[{"href":"https:\/\/vrnjackabanja.co.rs\/de\/wp-json\/wp\/v2\/pages"}],"about":[{"href":"https:\/\/vrnjackabanja.co.rs\/de\/wp-json\/wp\/v2\/types\/page"}],"author":[{"embeddable":true,"href":"https:\/\/vrnjackabanja.co.rs\/de\/wp-json\/wp\/v2\/users\/1"}],"replies":[{"embeddable":true,"href":"https:\/\/vrnjackabanja.co.rs\/de\/wp-json\/wp\/v2\/comments?post=3369"}],"version-history":[{"count":1,"href":"https:\/\/vrnjackabanja.co.rs\/de\/wp-json\/wp\/v2\/pages\/3369\/revisions"}],"predecessor-version":[{"id":4735,"href":"https:\/\/vrnjackabanja.co.rs\/de\/wp-json\/wp\/v2\/pages\/3369\/revisions\/4735"}],"wp:featuredmedia":[{"embeddable":true,"href":"https:\/\/vrnjackabanja.co.rs\/de\/wp-json\/wp\/v2\/media\/3371"}],"wp:attachment":[{"href":"https:\/\/vrnjackabanja.co.rs\/de\/wp-json\/wp\/v2\/media?parent=3369"}],"curies":[{"name":"wp","href":"https:\/\/api.w.org\/{rel}","templated":true}]}}