{"id":3363,"date":"2022-01-27T13:45:40","date_gmt":"2022-01-27T12:45:40","guid":{"rendered":"http:\/\/vrnjackabanja.co.rs\/vinarija-grabak\/"},"modified":"2022-06-09T13:29:32","modified_gmt":"2022-06-09T11:29:32","slug":"weinkellerei-grabak","status":"publish","type":"page","link":"https:\/\/vrnjackabanja.co.rs\/de\/weinkellerei-grabak\/","title":{"rendered":"Weinkellerei Grabak"},"content":{"rendered":"\n<h4 class=\"wp-block-heading\"><strong>Unsere traumhaften H\u00fcgel<\/strong><\/h4>\n\n\n\n<p>Die Weinkellerei befindet sich auf den sonnigen H\u00fcgeln von Vrnja\u010dka Banja und ist vom Zentrum nur 700 m entfernt. Das Weinkellerei \u2013 Komplex erstreckt sich auf einer Fl\u00e4che von zwei Hektar, wo auch ein Weinberg, mit 2.400 Rebst\u00f6cken der roten Rebsorten Prokupac, Cabernet sauvignon, Merlot, bzw. der wei\u00dfen Rebsorten Tamjanika, Sauvignon blanc und Risling, steht. Das Komplex umfast auch einen kleinen Hainbuchenwald, und danach wurde die Weinkellerei benannt.<\/p>\n\n\n\n<figure class=\"wp-block-image size-large\"><img loading=\"lazy\" decoding=\"async\" width=\"1024\" height=\"485\" src=\"http:\/\/vrnjackabanja.co.rs\/wp-content\/uploads\/2022\/02\/122032527_2733674900234019_3343069127239596689_n-1024x485.jpg\" alt=\"\" class=\"wp-image-933\" srcset=\"https:\/\/vrnjackabanja.co.rs\/wp-content\/uploads\/2022\/02\/122032527_2733674900234019_3343069127239596689_n-1024x485.jpg 1024w, https:\/\/vrnjackabanja.co.rs\/wp-content\/uploads\/2022\/02\/122032527_2733674900234019_3343069127239596689_n-300x142.jpg 300w, https:\/\/vrnjackabanja.co.rs\/wp-content\/uploads\/2022\/02\/122032527_2733674900234019_3343069127239596689_n-768x364.jpg 768w, https:\/\/vrnjackabanja.co.rs\/wp-content\/uploads\/2022\/02\/122032527_2733674900234019_3343069127239596689_n.jpg 1352w\" sizes=\"auto, (max-width: 1024px) 100vw, 1024px\" \/><\/figure>\n\n\n\n<p><strong>Unsere Geschichte<\/strong><\/p>\n\n\n\n<p>Liste der Anerkennungen f\u00fcr unsere Arbeit<\/p>\n\n\n\n<p>Vrnja\u010dka Banja war fr\u00fcher von Weinbergen und Haushalten, die gute Weine hergestellt haben, die in Restaurants in Vrnja\u010dka Banja getrunken wurden, umgeben. Mit der Zeit sind die Weinberge verwarlost, und man hat praktisch aufgeh\u00f6rt Wein herzustellen. Wir versuchen jetzt diese Tradition der Weinherstellung wiederzubelben und Vrnja\u010dka Banja auf die Weinkarte Serbiens wieder zu setzen. Damit das passiert, haben wir viel Aufwand, Arbeit, Enthusiasmuas, und kreative Energie eingebracht, um ein verwarlostes Gebiet, das vom Geb\u00fcsch und anderem Gew\u00e4chs \u00fcberwuchert wurde, wieder so in den Zustand zur\u00fcckzubringen, dass es wieder seinen alten Zweck erf\u00fcllt. Im Teil, wo jetzt die Weinberge stehen, standen alte Weinreben, aus denen man guten Wein, \u00fcber den die Mitmenschen auch heute noch sprechen, hergestellt hat.<\/p>\n\n\n\n<figure class=\"wp-block-image size-full\"><img loading=\"lazy\" decoding=\"async\" width=\"1024\" height=\"575\" src=\"http:\/\/vrnjackabanja.co.rs\/wp-content\/uploads\/2022\/05\/slika-2.png\" alt=\"\" class=\"wp-image-4797\" srcset=\"https:\/\/vrnjackabanja.co.rs\/wp-content\/uploads\/2022\/05\/slika-2.png 1024w, https:\/\/vrnjackabanja.co.rs\/wp-content\/uploads\/2022\/05\/slika-2-300x168.png 300w, https:\/\/vrnjackabanja.co.rs\/wp-content\/uploads\/2022\/05\/slika-2-768x431.png 768w\" sizes=\"auto, (max-width: 1024px) 100vw, 1024px\" \/><\/figure>\n\n\n\n<p>Wir hoffen, dass wir die Qualit\u00e4t wieder erreichen werden, und sie sogar \u00fcberbieten, indem wir das Wissen, das wir von italienischen Spitzenweinexperten, \u00d6nologen und Weintechnologen vermittelt bekommen haben, nutzen. Die sind alle ein Teil unserer Geschichte. Aufgrund der Erfahrungen, die wir mehr als zwanzig Jahre in Toscana, in der bekanntesten Weinregion Italiens gesammelt haben, werden wir uns bem\u00fchen neben der Weinqualitat, auch den Geist von Toscana in diesen Teil Serbiens zu \u00fcbermitteln, so dass unser Gast nicht nur Weine von guter Qualit\u00e4t genie\u00dft, sondern auch das Ambiente des Weinkellerei &#8211; Komplexes und all das, was dieses Komplex bietet, und zwar bequeme und komfortable Unterkunft, Relaxen in den Pools und verschiedenen Sportpl\u00e4tzen, Entspannen im Schatten unseres Eichen- und Heinbuchenwaldes, der unser Komplex umgibt. Willkommen!<\/p>\n\n\n\n<figure class=\"wp-block-image size-full\"><img loading=\"lazy\" decoding=\"async\" width=\"960\" height=\"720\" src=\"http:\/\/vrnjackabanja.co.rs\/wp-content\/uploads\/2022\/02\/19959286_1912612225673628_5711100218709615990_n.jpg\" alt=\"\" class=\"wp-image-929\" srcset=\"https:\/\/vrnjackabanja.co.rs\/wp-content\/uploads\/2022\/02\/19959286_1912612225673628_5711100218709615990_n.jpg 960w, https:\/\/vrnjackabanja.co.rs\/wp-content\/uploads\/2022\/02\/19959286_1912612225673628_5711100218709615990_n-300x225.jpg 300w, https:\/\/vrnjackabanja.co.rs\/wp-content\/uploads\/2022\/02\/19959286_1912612225673628_5711100218709615990_n-768x576.jpg 768w\" sizes=\"auto, (max-width: 960px) 100vw, 960px\" \/><\/figure>\n\n\n\n<figure class=\"wp-block-image size-large\"><img loading=\"lazy\" decoding=\"async\" width=\"1024\" height=\"485\" src=\"http:\/\/vrnjackabanja.co.rs\/wp-content\/uploads\/2022\/02\/104376088_2628187977449379_3400850093966916923_n-1024x485.jpg\" alt=\"\" class=\"wp-image-932\" srcset=\"https:\/\/vrnjackabanja.co.rs\/wp-content\/uploads\/2022\/02\/104376088_2628187977449379_3400850093966916923_n-1024x485.jpg 1024w, https:\/\/vrnjackabanja.co.rs\/wp-content\/uploads\/2022\/02\/104376088_2628187977449379_3400850093966916923_n-300x142.jpg 300w, https:\/\/vrnjackabanja.co.rs\/wp-content\/uploads\/2022\/02\/104376088_2628187977449379_3400850093966916923_n-768x364.jpg 768w, https:\/\/vrnjackabanja.co.rs\/wp-content\/uploads\/2022\/02\/104376088_2628187977449379_3400850093966916923_n.jpg 1352w\" sizes=\"auto, (max-width: 1024px) 100vw, 1024px\" \/><\/figure>\n","protected":false},"excerpt":{"rendered":"<p>Unsere traumhaften H\u00fcgel Die Weinkellerei befindet sich auf den sonnigen H\u00fcgeln von Vrnja\u010dka Banja und ist vom Zentrum nur 700 m entfernt. Das Weinkellerei \u2013 Komplex erstreckt sich auf einer [&hellip;]<\/p>\n","protected":false},"author":1,"featured_media":3365,"parent":0,"menu_order":0,"comment_status":"closed","ping_status":"closed","template":"","meta":{"_acf_changed":false,"footnotes":""},"class_list":["post-3363","page","type-page","status-publish","has-post-thumbnail","hentry"],"acf":[],"_links":{"self":[{"href":"https:\/\/vrnjackabanja.co.rs\/de\/wp-json\/wp\/v2\/pages\/3363","targetHints":{"allow":["GET"]}}],"collection":[{"href":"https:\/\/vrnjackabanja.co.rs\/de\/wp-json\/wp\/v2\/pages"}],"about":[{"href":"https:\/\/vrnjackabanja.co.rs\/de\/wp-json\/wp\/v2\/types\/page"}],"author":[{"embeddable":true,"href":"https:\/\/vrnjackabanja.co.rs\/de\/wp-json\/wp\/v2\/users\/1"}],"replies":[{"embeddable":true,"href":"https:\/\/vrnjackabanja.co.rs\/de\/wp-json\/wp\/v2\/comments?post=3363"}],"version-history":[{"count":5,"href":"https:\/\/vrnjackabanja.co.rs\/de\/wp-json\/wp\/v2\/pages\/3363\/revisions"}],"predecessor-version":[{"id":4815,"href":"https:\/\/vrnjackabanja.co.rs\/de\/wp-json\/wp\/v2\/pages\/3363\/revisions\/4815"}],"wp:featuredmedia":[{"embeddable":true,"href":"https:\/\/vrnjackabanja.co.rs\/de\/wp-json\/wp\/v2\/media\/3365"}],"wp:attachment":[{"href":"https:\/\/vrnjackabanja.co.rs\/de\/wp-json\/wp\/v2\/media?parent=3363"}],"curies":[{"name":"wp","href":"https:\/\/api.w.org\/{rel}","templated":true}]}}