{"id":3354,"date":"2022-01-27T13:46:10","date_gmt":"2022-01-27T12:46:10","guid":{"rendered":"http:\/\/vrnjackabanja.co.rs\/destilerija-dana\/"},"modified":"2022-06-09T13:27:15","modified_gmt":"2022-06-09T11:27:15","slug":"die-destillerie-dana","status":"publish","type":"page","link":"https:\/\/vrnjackabanja.co.rs\/de\/die-destillerie-dana\/","title":{"rendered":"Die Destillerie Dana"},"content":{"rendered":"\n<p>Der Schnaps des Tages wird in Vrnja\u010dka Banja, im Viertel Lipova hergestellt. Die Produktionsstelle befindet sich zwischen den Birnenb\u00e4umen, auf einem Hof, der eine Fl\u00e4che von 15000m\u00b2 umfasst. <\/p>\n\n\n\n<p>Besuchen Sie unseren neuen Verkostungsraum!<\/p>\n\n\n\n<figure class=\"wp-block-image size-full\"><img loading=\"lazy\" decoding=\"async\" width=\"1000\" height=\"666\" src=\"http:\/\/vrnjackabanja.co.rs\/wp-content\/uploads\/2022\/02\/rakija-dana-004-1.jpg\" alt=\"\" class=\"wp-image-696\" srcset=\"https:\/\/vrnjackabanja.co.rs\/wp-content\/uploads\/2022\/02\/rakija-dana-004-1.jpg 1000w, https:\/\/vrnjackabanja.co.rs\/wp-content\/uploads\/2022\/02\/rakija-dana-004-1-300x200.jpg 300w, https:\/\/vrnjackabanja.co.rs\/wp-content\/uploads\/2022\/02\/rakija-dana-004-1-768x511.jpg 768w\" sizes=\"auto, (max-width: 1000px) 100vw, 1000px\" \/><\/figure>\n\n\n\n<p>Dana Trm\u010di\u0107 stellt nicht nur Schaps her, sondern ist auch Mutter von drei Kindern und Gro\u00dfmutter von f\u00fcnf Enkelkindern. Nach erfolgreich abgeschlossenem Kurs an der Lanwitschaftlichen Fakult\u00e4t in Belgrad, hat sie, in Erinnerung an ihren Vater, begonnen, Schaps so herzustellen, wie er fr\u00fcher den Schaps gebrannt hat.<\/p>\n\n\n\n<figure class=\"wp-block-image size-full\"><img loading=\"lazy\" decoding=\"async\" width=\"1000\" height=\"666\" src=\"http:\/\/vrnjackabanja.co.rs\/wp-content\/uploads\/2022\/02\/rakija-dana-011-1.jpg\" alt=\"\" class=\"wp-image-692\" srcset=\"https:\/\/vrnjackabanja.co.rs\/wp-content\/uploads\/2022\/02\/rakija-dana-011-1.jpg 1000w, https:\/\/vrnjackabanja.co.rs\/wp-content\/uploads\/2022\/02\/rakija-dana-011-1-300x200.jpg 300w, https:\/\/vrnjackabanja.co.rs\/wp-content\/uploads\/2022\/02\/rakija-dana-011-1-768x511.jpg 768w\" sizes=\"auto, (max-width: 1000px) 100vw, 1000px\" \/><\/figure>\n\n\n\n<p>Besuchen Sie unseren neuen Verkostungsraum!<\/p>\n\n\n<div class=\"wp-block-image\">\n<figure class=\"aligncenter size-full is-resized\"><img decoding=\"async\" src=\"http:\/\/vrnjackabanja.co.rs\/wp-content\/uploads\/2022\/02\/Rakija-Dana-Viljamovka-1-edited.jpg\" alt=\"\" class=\"wp-image-697\" width=\"290\" srcset=\"https:\/\/vrnjackabanja.co.rs\/wp-content\/uploads\/2022\/02\/Rakija-Dana-Viljamovka-1-edited.jpg 327w, https:\/\/vrnjackabanja.co.rs\/wp-content\/uploads\/2022\/02\/Rakija-Dana-Viljamovka-1-edited-169x300.jpg 169w\" sizes=\"(max-width: 327px) 100vw, 327px\" \/><\/figure>\n<\/div>\n\n\n<p><a href=\"https:\/\/rakijadana.rs\/\">https:\/\/rakijadana.rs\/<\/a><\/p>\n","protected":false},"excerpt":{"rendered":"<p>Der Schnaps des Tages wird in Vrnja\u010dka Banja, im Viertel Lipova hergestellt. Die Produktionsstelle befindet sich zwischen den Birnenb\u00e4umen, auf einem Hof, der eine Fl\u00e4che von 15000m\u00b2 umfasst. Besuchen Sie [&hellip;]<\/p>\n","protected":false},"author":1,"featured_media":3356,"parent":0,"menu_order":0,"comment_status":"closed","ping_status":"closed","template":"","meta":{"_acf_changed":false,"footnotes":""},"class_list":["post-3354","page","type-page","status-publish","has-post-thumbnail","hentry"],"acf":[],"_links":{"self":[{"href":"https:\/\/vrnjackabanja.co.rs\/de\/wp-json\/wp\/v2\/pages\/3354","targetHints":{"allow":["GET"]}}],"collection":[{"href":"https:\/\/vrnjackabanja.co.rs\/de\/wp-json\/wp\/v2\/pages"}],"about":[{"href":"https:\/\/vrnjackabanja.co.rs\/de\/wp-json\/wp\/v2\/types\/page"}],"author":[{"embeddable":true,"href":"https:\/\/vrnjackabanja.co.rs\/de\/wp-json\/wp\/v2\/users\/1"}],"replies":[{"embeddable":true,"href":"https:\/\/vrnjackabanja.co.rs\/de\/wp-json\/wp\/v2\/comments?post=3354"}],"version-history":[{"count":5,"href":"https:\/\/vrnjackabanja.co.rs\/de\/wp-json\/wp\/v2\/pages\/3354\/revisions"}],"predecessor-version":[{"id":4813,"href":"https:\/\/vrnjackabanja.co.rs\/de\/wp-json\/wp\/v2\/pages\/3354\/revisions\/4813"}],"wp:featuredmedia":[{"embeddable":true,"href":"https:\/\/vrnjackabanja.co.rs\/de\/wp-json\/wp\/v2\/media\/3356"}],"wp:attachment":[{"href":"https:\/\/vrnjackabanja.co.rs\/de\/wp-json\/wp\/v2\/media?parent=3354"}],"curies":[{"name":"wp","href":"https:\/\/api.w.org\/{rel}","templated":true}]}}