{"id":3333,"date":"2022-01-27T13:47:03","date_gmt":"2022-01-27T12:47:03","guid":{"rendered":"http:\/\/vrnjackabanja.co.rs\/aero-klub-trstenik-2\/"},"modified":"2022-08-24T11:44:23","modified_gmt":"2022-08-24T09:44:23","slug":"aero-klub-trstenik-2","status":"publish","type":"page","link":"https:\/\/vrnjackabanja.co.rs\/de\/aero-klub-trstenik-2\/","title":{"rendered":"Aeroclub Trstenik"},"content":{"rendered":"\n<h2 class=\"wp-block-heading\"><\/h2>\n\n\n\n<p>Dank dem Aeroclub Trstenik k\u00f6nnen unsere G\u00e4ste eine Panoramabesichtigung der Umgebung genie\u00dfen, eine Flugschule besuchen oder Fallschirmspringen und Segelfliegen ausprobieren<\/p>\n\n\n\n<p>Der Aeroclub ist 2 km von Trstenik und 10 km von Vrnja\u010dka Banja entfernt.<\/p>\n\n\n\n<p>Falls Sie sich jemals gefragt haben, wie ein Fallschirmsprung aus dem Flugzeug und ein freier Fall bis zum Moment der Schirm\u00f6ffnung aussehen, haben Sie hier die M\u00f6glichkeit die Antworten auf diese Fragen zu bekommen. Der Himmel \u00fcber Vrnja\u010dka Banja wartet auf die Mutigsten.<\/p>\n\n\n\n<p><\/p>\n\n\n\n<figure class=\"wp-block-image size-large\"><img loading=\"lazy\" decoding=\"async\" width=\"1024\" height=\"576\" src=\"http:\/\/vrnjackabanja.co.rs\/wp-content\/uploads\/2022\/02\/103177659_1662906487198390_2415761361327532109_n-1024x576.jpg\" alt=\"\" class=\"wp-image-562\" srcset=\"https:\/\/vrnjackabanja.co.rs\/wp-content\/uploads\/2022\/02\/103177659_1662906487198390_2415761361327532109_n-1024x576.jpg 1024w, https:\/\/vrnjackabanja.co.rs\/wp-content\/uploads\/2022\/02\/103177659_1662906487198390_2415761361327532109_n-300x169.jpg 300w, https:\/\/vrnjackabanja.co.rs\/wp-content\/uploads\/2022\/02\/103177659_1662906487198390_2415761361327532109_n-768x432.jpg 768w, https:\/\/vrnjackabanja.co.rs\/wp-content\/uploads\/2022\/02\/103177659_1662906487198390_2415761361327532109_n-1536x864.jpg 1536w, https:\/\/vrnjackabanja.co.rs\/wp-content\/uploads\/2022\/02\/103177659_1662906487198390_2415761361327532109_n.jpg 2048w\" sizes=\"auto, (max-width: 1024px) 100vw, 1024px\" \/><\/figure>\n\n\n\n<p>F\u00fcr die Liebhaber von ruhigeren \u201cFahrten\u201d, kann man die Piper Flugzeuge mit 3 (+ 1) Sitzen, auch f\u00fcr die Panoramafahrten mit dem Flugzeug, benutzen. Die Dauer und die H\u00f6he des Fluges h\u00e4ngt von den Wetterbedingungen ab. Der Flug dauert im Durchschnitt zwischem 30 und 45 Minuten, auf einer H\u00f6he zwischen 700 und 2000 Metern. Da haben Sie die Moglichkeit in einem kleinen Sportflugzeug \u00fcber Zentralserbien zu fliegen und zwar auf einer ausreichenden H\u00f6he, dass Sie auch das Gef\u00fchl haben, Ihre Fl\u00fcgel ausgebreitet zu haben, ohne dass Ihnen die Wolken die Sicht versperren.<\/p>\n\n\n<div class=\"wp-block-image\">\n<figure class=\"aligncenter size-full is-resized\"><img loading=\"lazy\" decoding=\"async\" src=\"http:\/\/vrnjackabanja.co.rs\/wp-content\/uploads\/2022\/04\/236118853_4445114582178174_8915563135330006356_n-1024x575-1.jpg\" alt=\"\" class=\"wp-image-2852\" width=\"843\" height=\"471\"\/><\/figure>\n<\/div>\n\n\n<p><a href=\"https:\/\/sr-rs.facebook.com\/AeroklubTrstenik\/\">https:\/\/sr-rs.facebook.com\/AeroklubTrstenik\/<\/a><\/p>\n","protected":false},"excerpt":{"rendered":"<p>Dank dem Aeroclub Trstenik k\u00f6nnen unsere G\u00e4ste eine Panoramabesichtigung der Umgebung genie\u00dfen, eine Flugschule besuchen oder Fallschirmspringen und Segelfliegen ausprobieren Der Aeroclub ist 2 km von Trstenik und 10 km [&hellip;]<\/p>\n","protected":false},"author":1,"featured_media":3335,"parent":0,"menu_order":0,"comment_status":"closed","ping_status":"closed","template":"","meta":{"_acf_changed":false,"footnotes":""},"class_list":["post-3333","page","type-page","status-publish","has-post-thumbnail","hentry"],"acf":[],"_links":{"self":[{"href":"https:\/\/vrnjackabanja.co.rs\/de\/wp-json\/wp\/v2\/pages\/3333","targetHints":{"allow":["GET"]}}],"collection":[{"href":"https:\/\/vrnjackabanja.co.rs\/de\/wp-json\/wp\/v2\/pages"}],"about":[{"href":"https:\/\/vrnjackabanja.co.rs\/de\/wp-json\/wp\/v2\/types\/page"}],"author":[{"embeddable":true,"href":"https:\/\/vrnjackabanja.co.rs\/de\/wp-json\/wp\/v2\/users\/1"}],"replies":[{"embeddable":true,"href":"https:\/\/vrnjackabanja.co.rs\/de\/wp-json\/wp\/v2\/comments?post=3333"}],"version-history":[{"count":2,"href":"https:\/\/vrnjackabanja.co.rs\/de\/wp-json\/wp\/v2\/pages\/3333\/revisions"}],"predecessor-version":[{"id":6157,"href":"https:\/\/vrnjackabanja.co.rs\/de\/wp-json\/wp\/v2\/pages\/3333\/revisions\/6157"}],"wp:featuredmedia":[{"embeddable":true,"href":"https:\/\/vrnjackabanja.co.rs\/de\/wp-json\/wp\/v2\/media\/3335"}],"wp:attachment":[{"href":"https:\/\/vrnjackabanja.co.rs\/de\/wp-json\/wp\/v2\/media?parent=3333"}],"curies":[{"name":"wp","href":"https:\/\/api.w.org\/{rel}","templated":true}]}}