{"id":3324,"date":"2022-02-08T12:57:06","date_gmt":"2022-02-08T11:57:06","guid":{"rendered":"http:\/\/vrnjackabanja.co.rs\/crkveno-brdo\/"},"modified":"2022-10-28T12:32:19","modified_gmt":"2022-10-28T10:32:19","slug":"kirchhugel","status":"publish","type":"page","link":"https:\/\/vrnjackabanja.co.rs\/de\/kirchhugel\/","title":{"rendered":"KIRCHH\u00dcGEL"},"content":{"rendered":"\n<p><\/p>\n\n\n\n<p>Kirchh\u00fcgel oder H\u00fcgel von \u010cajka ist ein vulkanisches Gesteinim Zentrum des Kurortes, das dank seinervegetativen Assoziationen und geomorphologischen Formenzu einem r\u00e4umlich-kulturell-historischen Anwesen erkl\u00e4rt wurde. Es wird jedoch eine Geschichte \u00fcber diesen wundersch\u00f6nen H\u00fcgel im Zentrum des Kurortes erz\u00e4hlt, der Epochen gepr\u00e4gt hat und dessen Namen stets ge\u00e4ndert wurde, von Kr\u0161 (Karst), Stena (Gestein), H\u00fcgel von Aleksandar und letztendlich H\u00fcgel von \u010cajka. <\/p>\n\n\n\n<p><\/p>\n\n\n\n<figure class=\"wp-block-image size-full\"><img loading=\"lazy\" decoding=\"async\" width=\"1024\" height=\"663\" src=\"http:\/\/vrnjackabanja.co.rs\/wp-content\/uploads\/2022\/04\/Izvor-vruce-vode-1-1024x663-1.jpg\" alt=\"\" class=\"wp-image-2651\" srcset=\"https:\/\/vrnjackabanja.co.rs\/wp-content\/uploads\/2022\/04\/Izvor-vruce-vode-1-1024x663-1.jpg 1024w, https:\/\/vrnjackabanja.co.rs\/wp-content\/uploads\/2022\/04\/Izvor-vruce-vode-1-1024x663-1-300x194.jpg 300w, https:\/\/vrnjackabanja.co.rs\/wp-content\/uploads\/2022\/04\/Izvor-vruce-vode-1-1024x663-1-768x497.jpg 768w\" sizes=\"auto, (max-width: 1024px) 100vw, 1024px\" \/><\/figure>\n\n\n\n<p><\/p>\n\n\n\n<p>Da der Hauptsitz seit 1929 bis zur Ver\u00f6ffentlichung der ersten Zeitung \u201eKurorte und Tourismus\u201chier war, kamen auch Touristenvertreter aus anderen \u00e4hnlichen Orten hierher. Als die Touristenvertretermit dem damaligen Oberb\u00fcrgermeister und den Touristenarbeitern herumliefen und den Kurort besichtigten, standen sie vor dem H\u00fcgel, erstaunt \u00fcber die Sch\u00f6nheit und kommentierten: \u201eIhr, die Einwohner dieses Kurortes werdet alles tun, um die G\u00e4ste anzulocken und anzuziehen. Ihr habt sogar den H\u00fcgel hergeschafft\u201c Sie haben gemeint, dass der H\u00fcgel zwecks unserer Werbung aufgebaut wurde. <\/p>\n\n\n\n<p><\/p>\n\n\n<div class=\"wp-block-image\">\n<figure class=\"aligncenter size-full is-resized\"><img loading=\"lazy\" decoding=\"async\" src=\"http:\/\/vrnjackabanja.co.rs\/wp-content\/uploads\/2022\/03\/4-stena.jpg\" alt=\"\" class=\"wp-image-1886\" width=\"834\" height=\"643\" srcset=\"https:\/\/vrnjackabanja.co.rs\/wp-content\/uploads\/2022\/03\/4-stena.jpg 887w, https:\/\/vrnjackabanja.co.rs\/wp-content\/uploads\/2022\/03\/4-stena-300x232.jpg 300w, https:\/\/vrnjackabanja.co.rs\/wp-content\/uploads\/2022\/03\/4-stena-768x593.jpg 768w\" sizes=\"auto, (max-width: 834px) 100vw, 834px\" \/><\/figure>\n<\/div>\n\n\n<hr class=\"wp-block-separator has-css-opacity\"\/>\n\n\n\n<p>Die Sommerb\u00fchne wurde im Jahr 2017 renoviert und hat insgesamt 1500 Sitzpl\u00e4tze. Die Einwohner von Vrnja\u010dka Banja setzen viel auf Kultur und gerade die Sommerb\u00fchne ist ein Ort, der viele G\u00e4ste aus nah und fern, anzieht<\/p>\n\n\n\n<p> <\/p>\n\n\n\n<p><\/p>\n\n\n<div class=\"wp-block-image\">\n<figure class=\"aligncenter size-full\"><img loading=\"lazy\" decoding=\"async\" width=\"1024\" height=\"683\" src=\"http:\/\/vrnjackabanja.co.rs\/wp-content\/uploads\/2022\/09\/letnja-crop.jpg\" alt=\"\" class=\"wp-image-9175\" srcset=\"https:\/\/vrnjackabanja.co.rs\/wp-content\/uploads\/2022\/09\/letnja-crop.jpg 1024w, https:\/\/vrnjackabanja.co.rs\/wp-content\/uploads\/2022\/09\/letnja-crop-300x200.jpg 300w, https:\/\/vrnjackabanja.co.rs\/wp-content\/uploads\/2022\/09\/letnja-crop-768x512.jpg 768w\" sizes=\"auto, (max-width: 1024px) 100vw, 1024px\" \/><\/figure>\n<\/div>\n\n\n<p><\/p>\n\n\n\n<p>In Erinnerung an den gro\u00dfen serbischen Schauspieler Danilo Bata Stojkovi\u0107 wurde sein <strong>Gedenkzimmer <\/strong>im Amphitheater er\u00f6ffnet, das seit 2010 nach ihm benannt ist. Dadurch wurde der wertvollste Teil seines pers\u00f6nlichen Besitzes f\u00fcr die \u00d6ffentlichkeit zug\u00e4nglich gemacht. Das Gedenkzimmer auf der Sommerb\u00fchne von Vrnja\u010dkaBanjasymbolisiert die Verbindungen zwischen dem legend\u00e4ren Schauspieler und dem ber\u00fchmtesten serbischen Kurort. Der gro\u00dfartige Schauspieler, dessen Erscheinung dieses Heilbad erf\u00fcllte, lebt noch f\u00fcr die Einwohner vonVrnja\u010dkaBanja. Sie sehen ihn noch immer in diesem Zimmer voller B\u00fccher und pers\u00f6nlicher Gegenst\u00e4nde.<\/p>\n\n\n\n<p><\/p>\n\n\n<div class=\"wp-block-image\">\n<figure class=\"aligncenter size-full\"><img loading=\"lazy\" decoding=\"async\" width=\"906\" height=\"513\" src=\"http:\/\/vrnjackabanja.co.rs\/wp-content\/uploads\/2022\/04\/205648_vrnjacka-banja-spomen-soba-danila-bate-stojkovica-u-vrnjackoj-banji-04-1603-2022-foto-goran-sljivic_f.jpg\" alt=\"\" class=\"wp-image-2578\" srcset=\"https:\/\/vrnjackabanja.co.rs\/wp-content\/uploads\/2022\/04\/205648_vrnjacka-banja-spomen-soba-danila-bate-stojkovica-u-vrnjackoj-banji-04-1603-2022-foto-goran-sljivic_f.jpg 906w, https:\/\/vrnjackabanja.co.rs\/wp-content\/uploads\/2022\/04\/205648_vrnjacka-banja-spomen-soba-danila-bate-stojkovica-u-vrnjackoj-banji-04-1603-2022-foto-goran-sljivic_f-300x170.jpg 300w, https:\/\/vrnjackabanja.co.rs\/wp-content\/uploads\/2022\/04\/205648_vrnjacka-banja-spomen-soba-danila-bate-stojkovica-u-vrnjackoj-banji-04-1603-2022-foto-goran-sljivic_f-768x435.jpg 768w\" sizes=\"auto, (max-width: 906px) 100vw, 906px\" \/><\/figure>\n<\/div>\n\n\n<p><\/p>\n\n\n\n<p>In diesem Zimmer k\u00f6nnen die Besucher und die Anh\u00e4nger von Batas Pers\u00f6nlichkeit und Werk seine pers\u00f6nlichen Gegenst\u00e4nde sehen \u2013 Anzug, Krawatte,Mundst\u00fcck und Pfeife, Aschenbecher aus dem Theater Atelier 212, Regenschirm, Spazierstock, Linien f\u00fcr legend\u00e4re Rollen, B\u00fccher, die er gerne gelesen hat, Lieblingssessel, Zeitungsausschnitte, Fotografien von Dreharbeiten und Theaterauff\u00fchrungen, einige der vielen bedeutenden Auszeichnungen und Anerkennungen.<\/p>\n\n\n\n<p><\/p>\n\n\n\n<figure class=\"wp-block-gallery has-nested-images columns-default is-cropped wp-block-gallery-1 is-layout-flex wp-block-gallery-is-layout-flex\">\n<figure class=\"wp-block-image size-full\"><img loading=\"lazy\" decoding=\"async\" width=\"663\" height=\"390\" data-id=\"2752\" src=\"http:\/\/vrnjackabanja.co.rs\/wp-content\/uploads\/2022\/04\/516023_sara-i-natasa-1_f.jpg\" alt=\"\" class=\"wp-image-2752\" srcset=\"https:\/\/vrnjackabanja.co.rs\/wp-content\/uploads\/2022\/04\/516023_sara-i-natasa-1_f.jpg 663w, https:\/\/vrnjackabanja.co.rs\/wp-content\/uploads\/2022\/04\/516023_sara-i-natasa-1_f-300x176.jpg 300w\" sizes=\"auto, (max-width: 663px) 100vw, 663px\" \/><\/figure>\n\n\n\n<figure class=\"wp-block-image size-full\"><img loading=\"lazy\" decoding=\"async\" width=\"677\" height=\"509\" data-id=\"2753\" src=\"http:\/\/vrnjackabanja.co.rs\/wp-content\/uploads\/2022\/04\/516017_viber-image-2022-01-10-10-32-38-083-copy_orig-edited.jpg\" alt=\"\" class=\"wp-image-2753\" srcset=\"https:\/\/vrnjackabanja.co.rs\/wp-content\/uploads\/2022\/04\/516017_viber-image-2022-01-10-10-32-38-083-copy_orig-edited.jpg 677w, https:\/\/vrnjackabanja.co.rs\/wp-content\/uploads\/2022\/04\/516017_viber-image-2022-01-10-10-32-38-083-copy_orig-edited-300x226.jpg 300w\" sizes=\"auto, (max-width: 677px) 100vw, 677px\" \/><\/figure>\n<\/figure>\n\n\n\n<hr class=\"wp-block-separator has-css-opacity\"\/>\n\n\n\n<p><\/p>\n\n\n\n<p>Kirchh\u00fcgel hat eine Fl\u00e4che von 24 Hektar. Seine reiche Vegetation besteht aus 173 Pflanzenarten. Den gr\u00f6\u00dften Reichtum stellen die Gattungen der Eichen und der Zerreichen um die Badkirche mit den Exemplaren, die mehr als 100 Jahre alt sind, dar. Es gibt 49 Geb\u00e4ude auf dem H\u00fcgel von \u010cajka, die als kulturelle und historische Denkm\u00e4ler gesch\u00fctzt sind. Die meisten dieser Geb\u00e4ude sind Villen. Daneben gibt es ein Pfarrhaus, ein Amphitheater und die Kirche der Geburt des Allerheiligsten Muttergottes, die das \u00e4lteste architektonische Geb\u00e4ude im Kurort ist&#8230;<\/p>\n\n\n\n<p><\/p>\n\n\n<div class=\"wp-block-image\">\n<figure class=\"aligncenter size-large\"><img loading=\"lazy\" decoding=\"async\" width=\"1024\" height=\"576\" src=\"http:\/\/vrnjackabanja.co.rs\/wp-content\/uploads\/2022\/03\/DSC04547.jpg.29240c1f5574571aac9eb30679a317e5-1024x576.jpg\" alt=\"\" class=\"wp-image-1961\" srcset=\"https:\/\/vrnjackabanja.co.rs\/wp-content\/uploads\/2022\/03\/DSC04547.jpg.29240c1f5574571aac9eb30679a317e5-1024x576.jpg 1024w, https:\/\/vrnjackabanja.co.rs\/wp-content\/uploads\/2022\/03\/DSC04547.jpg.29240c1f5574571aac9eb30679a317e5-300x169.jpg 300w, https:\/\/vrnjackabanja.co.rs\/wp-content\/uploads\/2022\/03\/DSC04547.jpg.29240c1f5574571aac9eb30679a317e5-768x432.jpg 768w, https:\/\/vrnjackabanja.co.rs\/wp-content\/uploads\/2022\/03\/DSC04547.jpg.29240c1f5574571aac9eb30679a317e5-1536x864.jpg 1536w, https:\/\/vrnjackabanja.co.rs\/wp-content\/uploads\/2022\/03\/DSC04547.jpg.29240c1f5574571aac9eb30679a317e5.jpg 1920w\" sizes=\"auto, (max-width: 1024px) 100vw, 1024px\" \/><\/figure>\n<\/div>\n\n<div class=\"wp-block-image\">\n<figure class=\"aligncenter size-large\"><img loading=\"lazy\" decoding=\"async\" width=\"714\" height=\"1024\" src=\"http:\/\/vrnjackabanja.co.rs\/wp-content\/uploads\/2022\/03\/121190586_1779704732185231_6483080990576027509_n-714x1024.jpg\" alt=\"\" class=\"wp-image-1923\" srcset=\"https:\/\/vrnjackabanja.co.rs\/wp-content\/uploads\/2022\/03\/121190586_1779704732185231_6483080990576027509_n-714x1024.jpg 714w, https:\/\/vrnjackabanja.co.rs\/wp-content\/uploads\/2022\/03\/121190586_1779704732185231_6483080990576027509_n-209x300.jpg 209w, https:\/\/vrnjackabanja.co.rs\/wp-content\/uploads\/2022\/03\/121190586_1779704732185231_6483080990576027509_n-768x1101.jpg 768w, https:\/\/vrnjackabanja.co.rs\/wp-content\/uploads\/2022\/03\/121190586_1779704732185231_6483080990576027509_n.jpg 1000w\" sizes=\"auto, (max-width: 714px) 100vw, 714px\" \/><\/figure>\n<\/div>\n\n\n<hr class=\"wp-block-separator has-css-opacity\"\/>\n\n\n\n<p><\/p>\n\n\n\n<p>Der unterirdische Tunnel aus dem Zweiten Weltkrieg wird nach fast 80 Jahren f\u00fcr Besucher ge\u00f6ffnet. Es ist ein Tunnel, der sich unter der ber\u00fchmten Sommerb\u00fchne befindet.<\/p>\n\n\n\n<p>Die neue touristische Attraktion ist 130 m lang und mit den Inhalten aus der Geschichte dieses Kurortes angereichert. Nach dem Umbau werden die Besucher in der Lage sein, dank der ausgestellten Modelle und Objekteeine klare \u00dcbersicht \u00fcber die Entwicklung des Kurortes von der R\u00f6merzeit \u00fcber die t\u00fcrkische und deutsche Besatzung bis zu den heutigen Tagen zu bekommen. In den Ausstellungsr\u00e4umen werden zahlreiche Waffen, Kanonen, Gewehre, Armbr\u00fcste, Werkzeuge, R\u00fcstungen, K\u00f6rperpanzer, Uniformen der deutschen Soldaten und der Partisanen sowie verschiedene bei den arch\u00e4ologischen Ausgrabungen gefundenen Gegenst\u00e4nde ausgestellt.&nbsp;<\/p>\n\n\n\n<p>Der Tunnel wird nach den Vorgaben des Instituts f\u00fcr Denkmalpflege seine Authentizit\u00e4t bewahren. Bestimmte Teile werden wegen der Sicherheit der Besucher umgebaut.<\/p>\n\n\n\n<p><\/p>\n\n\n\n<figure class=\"wp-block-image size-full\"><img loading=\"lazy\" decoding=\"async\" width=\"1024\" height=\"576\" src=\"http:\/\/vrnjackabanja.co.rs\/wp-content\/uploads\/2022\/03\/1622126501-IMG-14cac8103db9a1fb75e4fe3fc41f1153-V-1024x576-1.jpg\" alt=\"\" class=\"wp-image-1890\" srcset=\"https:\/\/vrnjackabanja.co.rs\/wp-content\/uploads\/2022\/03\/1622126501-IMG-14cac8103db9a1fb75e4fe3fc41f1153-V-1024x576-1.jpg 1024w, https:\/\/vrnjackabanja.co.rs\/wp-content\/uploads\/2022\/03\/1622126501-IMG-14cac8103db9a1fb75e4fe3fc41f1153-V-1024x576-1-300x169.jpg 300w, https:\/\/vrnjackabanja.co.rs\/wp-content\/uploads\/2022\/03\/1622126501-IMG-14cac8103db9a1fb75e4fe3fc41f1153-V-1024x576-1-768x432.jpg 768w\" sizes=\"auto, (max-width: 1024px) 100vw, 1024px\" \/><\/figure>\n\n\n\n<p><\/p>\n\n\n\n<p>Der Tunnel wurde als Unterschlupf f\u00fcr den deutschen Generalstab f\u00fcr S\u00fcdosteuropa vorgeplant. Die Ausgrabungen begannen im Jahre 1942 und wurden von General Alexander Lehr geleitet, des Kommandanten der deutschen Truppen auf dem Balkan und in S\u00fcdosteuropa und des Anf\u00fchrers der Drvar \u2013 Landung, des Unternehmens\u201eR\u00f6sselsprung\u201c sowie des Luftangriffs auf Belgrad am 06. April. Interessanterweise wurde der Tunnel erst im Jahre 1944 aufgebrochen, nach anderthalb Jahren, als sich zwei Teams in der Mitte des Kirchh\u00fcgels trafen, die gleichzeitig auf beiden Seiten gruben. Der zweite begonnene Abzweig des Tunnels in Richtung des Marktes auf der einen Seite und von der Villa \u201ePe\u0107\u201c auf der anderen Seite wurde nicht fertiggestellt.<\/p>\n\n\n\n<p>Die Villa \u201eTurkulovi\u0107\u201c, deren Name nach dem Zweiten Weltkrieg ge\u00e4ndert wurde und die heute Villa \u201ePartizanka\u201c hei\u00dft, ist durch einen Tunnel mit Kirchh\u00fcgelund dem ehemaligen deutschen Hauptquartier verbunden. Die Villa \u201eTurkulovi\u0107\u201c ist daf\u00fcr bekannt, dadas Unternehmen\u201eR\u00f6sselsprung\u201c bzw.Drvar \u2013 Landung in ihr geplant wurde. Der ber\u00fchmte Otto Skorzeny leitete aus dieser Villa dieses Unternehmen.<\/p>\n\n\n\n<hr class=\"wp-block-separator has-css-opacity\"\/>\n\n\n\n<p><\/p>\n\n\n\n<figure class=\"wp-block-image size-full\"><img decoding=\"async\" src=\"http:\/\/vrnjackabanja.co.rs\/wp-content\/uploads\/2022\/09\/0V0A8822-min-1-scaled.jpg\" alt=\"\" class=\"wp-image-8914\"\/><\/figure>\n\n\n\n<p><\/p>\n\n\n\n<p>Das Denkmal \u201eMuse mit Ph\u00f6nix\u201c wurde im Jahre 1984 nach der Idee von Bo\u0161ko Ru\u0111i\u010danin von dem Bildhauer Draga\u0161a Obradovi\u0107 gebaut. Das Denkmal wurde auf dem Kirchh\u00fcgel oberhalb des Hauptplatzes des Kurortesgebaut, auf dem schon 19 Jahre lang die \u201eGro\u00dfe Rallye der Poesie\u201c mit der Beteiligung von etwa zwanzig Dichtern stattfindet. Im Jahre 1988 wurde die Bronzefigurstilisiert und stellt ein M\u00e4dchen in einem Schritt nach vorne mit einem Vogel in der Hand \u2013 mit einem Ph\u00f6nix dar. Es symbolisiert Euterpe, die Muse der Poesie.<\/p>\n\n\n\n<hr class=\"wp-block-separator has-css-opacity\"\/>\n\n\n\n<p><\/p>\n\n\n\n<figure class=\"wp-block-image size-large\"><img loading=\"lazy\" decoding=\"async\" width=\"1024\" height=\"683\" src=\"http:\/\/vrnjackabanja.co.rs\/wp-content\/uploads\/2022\/09\/0V0A6987-min-1024x683.jpg\" alt=\"\" class=\"wp-image-8894\" srcset=\"https:\/\/vrnjackabanja.co.rs\/wp-content\/uploads\/2022\/09\/0V0A6987-min-1024x683.jpg 1024w, https:\/\/vrnjackabanja.co.rs\/wp-content\/uploads\/2022\/09\/0V0A6987-min-300x200.jpg 300w, https:\/\/vrnjackabanja.co.rs\/wp-content\/uploads\/2022\/09\/0V0A6987-min-768x512.jpg 768w, https:\/\/vrnjackabanja.co.rs\/wp-content\/uploads\/2022\/09\/0V0A6987-min-1536x1024.jpg 1536w, https:\/\/vrnjackabanja.co.rs\/wp-content\/uploads\/2022\/09\/0V0A6987-min-2048x1365.jpg 2048w\" sizes=\"auto, (max-width: 1024px) 100vw, 1024px\" \/><\/figure>\n\n\n\n<p> <\/p>\n\n\n\n<p>Ein unvermeidlicher Ort zum Fotografieren, aber auch der Ausgangspunkt des Bo\u0161ko Ru\u0111i\u010danin-Pfads, der zum Amphitheater \u201eDanilo Bate Stojkovi\u0107\u201c f\u00fchrt. Bo\u0161ko Ru\u0111i\u010danin war ein Ehrenb\u00fcrger von Vrnja\u010dka Banja, Dichter und langj\u00e4hriger Leiter des Kulturzentrums in Vrnja\u010dka Banja, Gr\u00fcnder des Filmdrehbuchfestivals und Herausgeber der Zeitschrift Zamak kulture (Schloss der Kultur).<\/p>\n\n\n\n<p><\/p>\n\n\n\n<figure class=\"wp-block-image size-large\"><img loading=\"lazy\" decoding=\"async\" width=\"1024\" height=\"768\" src=\"http:\/\/vrnjackabanja.co.rs\/wp-content\/uploads\/2022\/10\/xz-vzxv-1024x768.jpg\" alt=\"\" class=\"wp-image-9878\" srcset=\"https:\/\/vrnjackabanja.co.rs\/wp-content\/uploads\/2022\/10\/xz-vzxv-1024x768.jpg 1024w, https:\/\/vrnjackabanja.co.rs\/wp-content\/uploads\/2022\/10\/xz-vzxv-300x225.jpg 300w, https:\/\/vrnjackabanja.co.rs\/wp-content\/uploads\/2022\/10\/xz-vzxv-768x576.jpg 768w, https:\/\/vrnjackabanja.co.rs\/wp-content\/uploads\/2022\/10\/xz-vzxv.jpg 1080w\" sizes=\"auto, (max-width: 1024px) 100vw, 1024px\" \/><\/figure>\n\n\n\n<p>Auf dem Kirchh\u00fcgel gibt es einen vollst\u00e4ndig eingerichteten 3 km langen Fu\u00dfg\u00e4ngerweg, der nach Patriarch Pavle benannt ist. Die Parkanlagemit der reichen Pflanzenkultur wurde neulich restauriert<\/p>\n\n\n\n<p><\/p>\n\n\n<div class=\"wp-block-image\">\n<figure class=\"aligncenter size-large\"><img loading=\"lazy\" decoding=\"async\" width=\"1024\" height=\"683\" src=\"http:\/\/vrnjackabanja.co.rs\/wp-content\/uploads\/2022\/09\/0V0A8782-min-1024x683.jpg\" alt=\"\" class=\"wp-image-8898\" srcset=\"https:\/\/vrnjackabanja.co.rs\/wp-content\/uploads\/2022\/09\/0V0A8782-min-1024x683.jpg 1024w, https:\/\/vrnjackabanja.co.rs\/wp-content\/uploads\/2022\/09\/0V0A8782-min-300x200.jpg 300w, https:\/\/vrnjackabanja.co.rs\/wp-content\/uploads\/2022\/09\/0V0A8782-min-768x512.jpg 768w, https:\/\/vrnjackabanja.co.rs\/wp-content\/uploads\/2022\/09\/0V0A8782-min-1536x1024.jpg 1536w, https:\/\/vrnjackabanja.co.rs\/wp-content\/uploads\/2022\/09\/0V0A8782-min-2048x1365.jpg 2048w\" sizes=\"auto, (max-width: 1024px) 100vw, 1024px\" \/><\/figure>\n<\/div>\n\n\n<p><\/p>\n","protected":false},"excerpt":{"rendered":"<p>Kirchh\u00fcgel oder H\u00fcgel von \u010cajka ist ein vulkanisches Gesteinim Zentrum des Kurortes, das dank seinervegetativen Assoziationen und geomorphologischen Formenzu einem r\u00e4umlich-kulturell-historischen Anwesen erkl\u00e4rt wurde. Es wird jedoch eine Geschichte \u00fcber [&hellip;]<\/p>\n","protected":false},"author":1,"featured_media":8807,"parent":0,"menu_order":0,"comment_status":"closed","ping_status":"closed","template":"","meta":{"_acf_changed":false,"footnotes":""},"class_list":["post-3324","page","type-page","status-publish","has-post-thumbnail","hentry"],"acf":[],"_links":{"self":[{"href":"https:\/\/vrnjackabanja.co.rs\/de\/wp-json\/wp\/v2\/pages\/3324","targetHints":{"allow":["GET"]}}],"collection":[{"href":"https:\/\/vrnjackabanja.co.rs\/de\/wp-json\/wp\/v2\/pages"}],"about":[{"href":"https:\/\/vrnjackabanja.co.rs\/de\/wp-json\/wp\/v2\/types\/page"}],"author":[{"embeddable":true,"href":"https:\/\/vrnjackabanja.co.rs\/de\/wp-json\/wp\/v2\/users\/1"}],"replies":[{"embeddable":true,"href":"https:\/\/vrnjackabanja.co.rs\/de\/wp-json\/wp\/v2\/comments?post=3324"}],"version-history":[{"count":5,"href":"https:\/\/vrnjackabanja.co.rs\/de\/wp-json\/wp\/v2\/pages\/3324\/revisions"}],"predecessor-version":[{"id":9886,"href":"https:\/\/vrnjackabanja.co.rs\/de\/wp-json\/wp\/v2\/pages\/3324\/revisions\/9886"}],"wp:featuredmedia":[{"embeddable":true,"href":"https:\/\/vrnjackabanja.co.rs\/de\/wp-json\/wp\/v2\/media\/8807"}],"wp:attachment":[{"href":"https:\/\/vrnjackabanja.co.rs\/de\/wp-json\/wp\/v2\/media?parent=3324"}],"curies":[{"name":"wp","href":"https:\/\/api.w.org\/{rel}","templated":true}]}}