{"id":3313,"date":"2022-03-17T10:51:30","date_gmt":"2022-03-17T09:51:30","guid":{"rendered":"http:\/\/vrnjackabanja.co.rs\/love-fest\/"},"modified":"2022-06-09T13:28:14","modified_gmt":"2022-06-09T11:28:14","slug":"lovefest","status":"publish","type":"page","link":"https:\/\/vrnjackabanja.co.rs\/de\/lovefest\/","title":{"rendered":"Lovefest"},"content":{"rendered":"\n<p>Lovefest ist eine einzigartige Kulturperformanz aus Vrnja\u010dka Banja, deren Ziel ist, Musik, Kunst und die urbane Kultur der jungen Leute zu popularisieren. Das Festival begann im Jahr 2007 als Love bridge Party, und ein Jahr nach seinem erfolgreichen Deb\u00fct, als eines der hei\u00dfesten Musikereignissen in Zentralserbien, wurde es zu einem Festival.<\/p>\n\n\n\n<p><\/p>\n\n\n\n<figure class=\"wp-block-image size-large\"><img loading=\"lazy\" decoding=\"async\" width=\"1024\" height=\"683\" src=\"http:\/\/vrnjackabanja.co.rs\/wp-content\/uploads\/2022\/02\/Lovefest-2018_3-1536x1024-1-1024x683.jpg\" alt=\"\" class=\"wp-image-1668\" srcset=\"https:\/\/vrnjackabanja.co.rs\/wp-content\/uploads\/2022\/02\/Lovefest-2018_3-1536x1024-1-1024x683.jpg 1024w, https:\/\/vrnjackabanja.co.rs\/wp-content\/uploads\/2022\/02\/Lovefest-2018_3-1536x1024-1-300x200.jpg 300w, https:\/\/vrnjackabanja.co.rs\/wp-content\/uploads\/2022\/02\/Lovefest-2018_3-1536x1024-1-768x512.jpg 768w, https:\/\/vrnjackabanja.co.rs\/wp-content\/uploads\/2022\/02\/Lovefest-2018_3-1536x1024-1.jpg 1536w\" sizes=\"auto, (max-width: 1024px) 100vw, 1024px\" \/><\/figure>\n\n\n\n<p><\/p>\n\n\n\n<p>Das Lovefest hat im Jahr 2012 eine Auszeichnung vom Ministerium f\u00fcr Jugend und Sport als das gr\u00f6\u00dfte Jugendfestival im Land bekommen, und zwar nur ein Jahr nachdem es vom UK Festival Avards f\u00fcr das beste Festival im Ausland nominiert wurde.<\/p>\n\n\n\n<p>Ein wichtiger Scheidepunkt in der Geschichte des Lovefests war die Einf\u00fchrung von neuen Programmzonen wie zum Beispiel Photo-, Kino-, Graffiti-, Chill-, Eco-, Workshop-, Streetball-, Extrem- und Kidszone. Das Hauptziel der Einf\u00fchrung dieser Programme und der Erweiterung der Festivalaktivit\u00e4ten war das Zeigen und die Erkennung von jungen Talenten in Zentralserbien.<\/p>\n\n\n\n<p><\/p>\n\n\n\n<figure class=\"wp-block-image size-large\"><img loading=\"lazy\" decoding=\"async\" width=\"1024\" height=\"789\" src=\"http:\/\/vrnjackabanja.co.rs\/wp-content\/uploads\/2022\/02\/234802896_10157932882206576_1528963267818429052_n-1024x789.jpg\" alt=\"\" class=\"wp-image-1665\" srcset=\"https:\/\/vrnjackabanja.co.rs\/wp-content\/uploads\/2022\/02\/234802896_10157932882206576_1528963267818429052_n-1024x789.jpg 1024w, https:\/\/vrnjackabanja.co.rs\/wp-content\/uploads\/2022\/02\/234802896_10157932882206576_1528963267818429052_n-300x231.jpg 300w, https:\/\/vrnjackabanja.co.rs\/wp-content\/uploads\/2022\/02\/234802896_10157932882206576_1528963267818429052_n-768x591.jpg 768w, https:\/\/vrnjackabanja.co.rs\/wp-content\/uploads\/2022\/02\/234802896_10157932882206576_1528963267818429052_n.jpg 1440w\" sizes=\"auto, (max-width: 1024px) 100vw, 1024px\" \/><\/figure>\n\n\n\n<p><\/p>\n\n\n\n<p>Die Aktivit\u00e4ten des Lovefests sind auf die Gleichbereichtigung, Solidarit\u00e4t und Toleranz zwischen den Menschen gerichtet und zwar mit dem Akzent auf Projekte mit einem humanit\u00e4ren, sozialen, \u00f6kologischen, bildenden und unterhaltenden Charakter. Das Lovefest nimmt auch an der humanit\u00e4ren Aktion \u201eEssen f\u00fcr alle\u201c und an der \u201eFreiwilligen Blutspendeaktion\u201c teil. Wir \u00fcberweisen auch einmalige Spenden an viele einzelne Personen im Land, die auf die Spende angewiesen sind.<\/p>\n\n\n\n<p><\/p>\n\n\n\n<p><\/p>\n\n\n\n<figure class=\"wp-block-embed is-type-wp-embed is-provider-lovefest wp-block-embed-lovefest\"><div class=\"wp-block-embed__wrapper\">\n<blockquote class=\"wp-embedded-content\" data-secret=\"qn9tZ3Lxk0\"><a href=\"https:\/\/lovefest.rs\/\">Lovefest 2024<\/a><\/blockquote><iframe loading=\"lazy\" class=\"wp-embedded-content\" sandbox=\"allow-scripts\" security=\"restricted\" style=\"position: absolute; clip: rect(1px, 1px, 1px, 1px);\" title=\"&#8220;Lovefest 2024&#8221; &#8212; Lovefest\" src=\"https:\/\/lovefest.rs\/embed\/#?secret=1AlSinIa1s#?secret=qn9tZ3Lxk0\" data-secret=\"qn9tZ3Lxk0\" width=\"500\" height=\"282\" frameborder=\"0\" marginwidth=\"0\" marginheight=\"0\" scrolling=\"no\"><\/iframe>\n<\/div><\/figure>\n","protected":false},"excerpt":{"rendered":"<p>Lovefest ist eine einzigartige Kulturperformanz aus Vrnja\u010dka Banja, deren Ziel ist, Musik, Kunst und die urbane Kultur der jungen Leute zu popularisieren. Das Festival begann im Jahr 2007 als Love [&hellip;]<\/p>\n","protected":false},"author":1,"featured_media":3314,"parent":0,"menu_order":0,"comment_status":"closed","ping_status":"closed","template":"","meta":{"_acf_changed":false,"footnotes":""},"class_list":["post-3313","page","type-page","status-publish","has-post-thumbnail","hentry"],"acf":[],"_links":{"self":[{"href":"https:\/\/vrnjackabanja.co.rs\/de\/wp-json\/wp\/v2\/pages\/3313","targetHints":{"allow":["GET"]}}],"collection":[{"href":"https:\/\/vrnjackabanja.co.rs\/de\/wp-json\/wp\/v2\/pages"}],"about":[{"href":"https:\/\/vrnjackabanja.co.rs\/de\/wp-json\/wp\/v2\/types\/page"}],"author":[{"embeddable":true,"href":"https:\/\/vrnjackabanja.co.rs\/de\/wp-json\/wp\/v2\/users\/1"}],"replies":[{"embeddable":true,"href":"https:\/\/vrnjackabanja.co.rs\/de\/wp-json\/wp\/v2\/comments?post=3313"}],"version-history":[{"count":2,"href":"https:\/\/vrnjackabanja.co.rs\/de\/wp-json\/wp\/v2\/pages\/3313\/revisions"}],"predecessor-version":[{"id":5333,"href":"https:\/\/vrnjackabanja.co.rs\/de\/wp-json\/wp\/v2\/pages\/3313\/revisions\/5333"}],"wp:featuredmedia":[{"embeddable":true,"href":"https:\/\/vrnjackabanja.co.rs\/de\/wp-json\/wp\/v2\/media\/3314"}],"wp:attachment":[{"href":"https:\/\/vrnjackabanja.co.rs\/de\/wp-json\/wp\/v2\/media?parent=3313"}],"curies":[{"name":"wp","href":"https:\/\/api.w.org\/{rel}","templated":true}]}}