{"id":3302,"date":"2022-03-17T10:52:59","date_gmt":"2022-03-17T09:52:59","guid":{"rendered":"http:\/\/vrnjackabanja.co.rs\/panoramski-tocak\/"},"modified":"2022-06-09T13:28:42","modified_gmt":"2022-06-09T11:28:42","slug":"riesenrad","status":"publish","type":"page","link":"https:\/\/vrnjackabanja.co.rs\/de\/riesenrad\/","title":{"rendered":"Riesenrad"},"content":{"rendered":"\n<p>Die neue Attraktion im Park von Vrnja\u010dka Banja wird das gr\u00f6\u00dfte Riesenrad des gesamten<\/p>\n\n\n\n<p>Balkans, das zu unterschiedlichen Themen entsprechend beleuchtet werden kann. Es besticht<\/p>\n\n\n\n<p>durch seine beeindruckende H\u00f6he von 58 Metern und 32 klimatisierten Kabinen mit get\u00f6nten<\/p>\n\n\n\n<p>Scheiben.<\/p>\n","protected":false},"excerpt":{"rendered":"<p>Die neue Attraktion im Park von Vrnja\u010dka Banja wird das gr\u00f6\u00dfte Riesenrad des gesamten Balkans, das zu unterschiedlichen Themen entsprechend beleuchtet werden kann. Es besticht durch seine beeindruckende H\u00f6he von [&hellip;]<\/p>\n","protected":false},"author":1,"featured_media":11693,"parent":0,"menu_order":0,"comment_status":"closed","ping_status":"closed","template":"","meta":{"_acf_changed":false,"footnotes":""},"class_list":["post-3302","page","type-page","status-publish","has-post-thumbnail","hentry"],"acf":[],"_links":{"self":[{"href":"https:\/\/vrnjackabanja.co.rs\/de\/wp-json\/wp\/v2\/pages\/3302","targetHints":{"allow":["GET"]}}],"collection":[{"href":"https:\/\/vrnjackabanja.co.rs\/de\/wp-json\/wp\/v2\/pages"}],"about":[{"href":"https:\/\/vrnjackabanja.co.rs\/de\/wp-json\/wp\/v2\/types\/page"}],"author":[{"embeddable":true,"href":"https:\/\/vrnjackabanja.co.rs\/de\/wp-json\/wp\/v2\/users\/1"}],"replies":[{"embeddable":true,"href":"https:\/\/vrnjackabanja.co.rs\/de\/wp-json\/wp\/v2\/comments?post=3302"}],"version-history":[{"count":4,"href":"https:\/\/vrnjackabanja.co.rs\/de\/wp-json\/wp\/v2\/pages\/3302\/revisions"}],"predecessor-version":[{"id":6226,"href":"https:\/\/vrnjackabanja.co.rs\/de\/wp-json\/wp\/v2\/pages\/3302\/revisions\/6226"}],"wp:featuredmedia":[{"embeddable":true,"href":"https:\/\/vrnjackabanja.co.rs\/de\/wp-json\/wp\/v2\/media\/11693"}],"wp:attachment":[{"href":"https:\/\/vrnjackabanja.co.rs\/de\/wp-json\/wp\/v2\/media?parent=3302"}],"curies":[{"name":"wp","href":"https:\/\/api.w.org\/{rel}","templated":true}]}}