{"id":3294,"date":"2022-03-17T10:54:09","date_gmt":"2022-03-17T09:54:09","guid":{"rendered":"http:\/\/vrnjackabanja.co.rs\/aqua-park-raj\/"},"modified":"2022-09-12T09:37:33","modified_gmt":"2022-09-12T07:37:33","slug":"aqua-park-raj","status":"publish","type":"page","link":"https:\/\/vrnjackabanja.co.rs\/de\/aqua-park-raj\/","title":{"rendered":"Aquapark \u201eRaj\u201c"},"content":{"rendered":"\n<h2 class=\"wp-block-heading\">Der Aquapark \u201eRaj\u201c (dt. Paradies) ist ein Publikumserfolg.<\/h2>\n\n\n\n<h2 class=\"wp-block-heading\">Der gr\u00f6\u00dfte Aquapark Vrnja\u010dka Banjas bietet den Kleinsten ein unvergessliches Sommervergn\u00fcgen und Entspannung f\u00fcr die Erwachsenen.<\/h2>\n\n\n\n<p><\/p>\n\n\n\n<figure class=\"wp-block-image size-large\"><img loading=\"lazy\" decoding=\"async\" width=\"1024\" height=\"618\" src=\"http:\/\/vrnjackabanja.co.rs\/wp-content\/uploads\/2022\/08\/Photo-1024x618.jpg\" alt=\"\" class=\"wp-image-8576\" srcset=\"https:\/\/vrnjackabanja.co.rs\/wp-content\/uploads\/2022\/08\/Photo-1024x618.jpg 1024w, https:\/\/vrnjackabanja.co.rs\/wp-content\/uploads\/2022\/08\/Photo-300x181.jpg 300w, https:\/\/vrnjackabanja.co.rs\/wp-content\/uploads\/2022\/08\/Photo-768x464.jpg 768w, https:\/\/vrnjackabanja.co.rs\/wp-content\/uploads\/2022\/08\/Photo-1536x927.jpg 1536w, https:\/\/vrnjackabanja.co.rs\/wp-content\/uploads\/2022\/08\/Photo.jpg 1584w\" sizes=\"auto, (max-width: 1024px) 100vw, 1024px\" \/><\/figure>\n\n\n\n<p>Der Aquapark Raj wird voraussichtlich in dieser Saison er\u00f6ffnet und hat auf einer Fl\u00e4che von 3,5<\/p>\n\n\n\n<p>Hektar f\u00fcr jede Altersgruppe viel zu bieten: unterschiedliche Schwimmbecken, Restaurants und<\/p>\n\n\n\n<p>Bars.<\/p>\n\n\n\n<figure class=\"wp-block-image size-large\"><img loading=\"lazy\" decoding=\"async\" width=\"1024\" height=\"475\" src=\"http:\/\/vrnjackabanja.co.rs\/wp-content\/uploads\/2022\/08\/Pena-1024x475.png\" alt=\"\" class=\"wp-image-8610\" srcset=\"https:\/\/vrnjackabanja.co.rs\/wp-content\/uploads\/2022\/08\/Pena-1024x475.png 1024w, https:\/\/vrnjackabanja.co.rs\/wp-content\/uploads\/2022\/08\/Pena-300x139.png 300w, https:\/\/vrnjackabanja.co.rs\/wp-content\/uploads\/2022\/08\/Pena-768x356.png 768w, https:\/\/vrnjackabanja.co.rs\/wp-content\/uploads\/2022\/08\/Pena-1536x712.png 1536w, https:\/\/vrnjackabanja.co.rs\/wp-content\/uploads\/2022\/08\/Pena.png 1689w\" sizes=\"auto, (max-width: 1024px) 100vw, 1024px\" \/><\/figure>\n\n\n\n<p><\/p>\n\n\n\n<p><strong>Entdecken Sie unseren Aquapark!<\/strong><\/p>\n\n\n\n<figure class=\"wp-block-image size-large\"><img loading=\"lazy\" decoding=\"async\" width=\"1024\" height=\"745\" src=\"http:\/\/vrnjackabanja.co.rs\/wp-content\/uploads\/2022\/04\/mapaAkvapark-1-1024x745.png\" alt=\"\" class=\"wp-image-2611\" srcset=\"https:\/\/vrnjackabanja.co.rs\/wp-content\/uploads\/2022\/04\/mapaAkvapark-1-1024x745.png 1024w, https:\/\/vrnjackabanja.co.rs\/wp-content\/uploads\/2022\/04\/mapaAkvapark-1-300x218.png 300w, https:\/\/vrnjackabanja.co.rs\/wp-content\/uploads\/2022\/04\/mapaAkvapark-1-768x559.png 768w, https:\/\/vrnjackabanja.co.rs\/wp-content\/uploads\/2022\/04\/mapaAkvapark-1.png 1200w\" sizes=\"auto, (max-width: 1024px) 100vw, 1024px\" \/><\/figure>\n\n\n\n<ul class=\"wp-block-list\"><li>Wellenbad<\/li><li>WetDeck<\/li><li>Schwimmbecken mit Piratenschiff<\/li><li>Fauler Fluss (Str\u00f6mungsbad)<\/li><li>Poolbar<\/li><li>Rutschen<\/li><li>Imbiss und Erfrischungen<\/li><\/ul>\n\n\n\n<p><\/p>\n\n\n\n<p><\/p>\n\n\n\n<figure class=\"wp-block-embed is-type-wp-embed is-provider-aqua-park-raj wp-block-embed-aqua-park-raj\"><div class=\"wp-block-embed__wrapper\">\nhttps:\/\/aquaparkraj.rs\/\n<\/div><\/figure>\n","protected":false},"excerpt":{"rendered":"<p>Der Aquapark \u201eRaj\u201c (dt. Paradies) ist ein Publikumserfolg. Der gr\u00f6\u00dfte Aquapark Vrnja\u010dka Banjas bietet den Kleinsten ein unvergessliches Sommervergn\u00fcgen und Entspannung f\u00fcr die Erwachsenen. Der Aquapark Raj wird voraussichtlich in [&hellip;]<\/p>\n","protected":false},"author":1,"featured_media":11729,"parent":0,"menu_order":0,"comment_status":"closed","ping_status":"closed","template":"","meta":{"_acf_changed":false,"footnotes":""},"class_list":["post-3294","page","type-page","status-publish","has-post-thumbnail","hentry"],"acf":[],"_links":{"self":[{"href":"https:\/\/vrnjackabanja.co.rs\/de\/wp-json\/wp\/v2\/pages\/3294","targetHints":{"allow":["GET"]}}],"collection":[{"href":"https:\/\/vrnjackabanja.co.rs\/de\/wp-json\/wp\/v2\/pages"}],"about":[{"href":"https:\/\/vrnjackabanja.co.rs\/de\/wp-json\/wp\/v2\/types\/page"}],"author":[{"embeddable":true,"href":"https:\/\/vrnjackabanja.co.rs\/de\/wp-json\/wp\/v2\/users\/1"}],"replies":[{"embeddable":true,"href":"https:\/\/vrnjackabanja.co.rs\/de\/wp-json\/wp\/v2\/comments?post=3294"}],"version-history":[{"count":4,"href":"https:\/\/vrnjackabanja.co.rs\/de\/wp-json\/wp\/v2\/pages\/3294\/revisions"}],"predecessor-version":[{"id":9315,"href":"https:\/\/vrnjackabanja.co.rs\/de\/wp-json\/wp\/v2\/pages\/3294\/revisions\/9315"}],"wp:featuredmedia":[{"embeddable":true,"href":"https:\/\/vrnjackabanja.co.rs\/de\/wp-json\/wp\/v2\/media\/11729"}],"wp:attachment":[{"href":"https:\/\/vrnjackabanja.co.rs\/de\/wp-json\/wp\/v2\/media?parent=3294"}],"curies":[{"name":"wp","href":"https:\/\/api.w.org\/{rel}","templated":true}]}}